{"id":149,"date":"2025-04-25T15:52:25","date_gmt":"2025-04-25T15:52:25","guid":{"rendered":"https:\/\/click.ma\/valleetech\/?post_type=product&#038;p=149"},"modified":"2025-04-25T16:23:10","modified_gmt":"2025-04-25T16:23:10","slug":"developpeur-full-stack-casablanca","status":"publish","type":"product","link":"https:\/\/click.ma\/valleetech\/job\/developpeur-full-stack-casablanca\/","title":{"rendered":"D\u00e9veloppeur Full Stack &#8211; Casablanca"},"content":{"rendered":"<h2 id=\"jobDescriptionTitle\" class=\"jobsearch-JobDescriptionSection-jobDescriptionTitle icl-u-xs-my--md\">Description compl\u00e8te du poste<\/h2>\n<p>Notre client est \u00e0 la recherche D\u00e9veloppeur Full Stack pour se joindre \u00e0 notre \u00e9quipe de programmation, pour la livraison et l\u2019am\u00e9lioration continue d\u2019un ERP.<\/p>\n<p>Ce d\u00e9veloppeur aidera aussi \u00e0 am\u00e9liorer les produits de marketing web, les logiciels qui sont utilis\u00e9s pour le processus de vente et au sein d\u2019une organisation.<\/p>\n<ul>\n<li>35h \/ semaine<\/li>\n<li>T\u00e9l\u00e9travail ou hybride<\/li>\n<li>Un milieu de travail jeune et stimulant, qui priorise ses employ\u00e9s avant tout<\/li>\n<li>Travailler dans une entreprise en pleine expansion qui double de taille chaque ann\u00e9e<\/li>\n<li>La possibilit\u00e9 de participer \u00e0 l\u2019expansion fulgurante de l\u2019organisation.<\/li>\n<\/ul>\n<h2 id=\"tw-target-text\" class=\"tw-data-text tw-text-large tw-ta\" dir=\"ltr\" data-placeholder=\"Traduction\"><span class=\"Y2IQFc\" lang=\"fr\">Requis<\/span><\/h2>\n<ul>\n<li>Minimum 1 \u00e0 3 ans d\u2019exp\u00e9rience combin\u00e9 en d\u00e9veloppement front end et back end<\/li>\n<li>Dipl\u00f4me d\u2019\u00e9tude universitaire<\/li>\n<li>Exp\u00e9rience avec Php (7-8) orient\u00e9 objet, Base de Donn\u00e9es SQL, HTML, CSS, Frame Work Laraval ou Symphony<\/li>\n<li>Fran\u00e7ais parl\u00e9 et \u00e9crit; avanc\u00e9<\/li>\n<li>Anglais parl\u00e9 et \u00e9crit; interm\u00e9diaire<\/li>\n<li>D\u00e9veloppement frontal d\u2019une application<\/li>\n<li>D\u00e9velopper les fonctions utiles aux employ\u00e9s, \u00e0 la direction.<\/li>\n<li>Int\u00e9grer d\u2019autres interfaces<\/li>\n<li>Faire la maintenance des fonctions d\u00e9velopp\u00e9es.<\/li>\n<li>M\u00e9thode Agile<\/li>\n<li>Participer aux\u00a0<i>brainstorms<\/i>, aux sprints d\u00e9mo et au\u00a0<i>touch base<\/i>\u00a0quotidien<\/li>\n<li>D\u00e9finir les besoins des utilisateurs internes<\/li>\n<li>Livrer des fonctions front-end compl\u00e8tes attribuer dans un sprint ou un kamban<\/li>\n<li>D\u00e9finir ses propres t\u00e2ches \u00e0 partir des histoires des utilisateurs distribu\u00e9es par le propri\u00e9taire de produit.<\/li>\n<li>Prendre des d\u00e9cisions qui refl\u00e8tent les valeurs agiles de l\u2019entreprise<\/li>\n<\/ul>\n<h2 id=\"tw-target-text\" class=\"tw-data-text tw-text-large tw-ta\" dir=\"ltr\" data-placeholder=\"Traduction\"><span class=\"Y2IQFc\" lang=\"fr\">Exigences linguistiques flexibles\u00a0:<\/span><\/h2>\n<ul>\n<li class=\"tw-data-text tw-text-large tw-ta\" dir=\"ltr\" data-placeholder=\"Traduction\"><span class=\"Y2IQFc\" lang=\"fr\">Anglais\u00a0 non requis<\/span><\/li>\n<li class=\"tw-data-text tw-text-large tw-ta\" dir=\"ltr\" data-placeholder=\"Traduction\">Fran\u00e7ais requis<\/li>\n<\/ul>\n<h2>Formation:<\/h2>\n<ul>\n<li>Baccalaur\u00e9at (Souhait\u00e9)<\/li>\n<\/ul>\n","protected":false},"excerpt":{"rendered":"<p>Notre client est \u00e0 la recherche D\u00e9veloppeur Full Stack pour se joindre \u00e0 notre \u00e9quipe de programmation, pour la livraison et l\u2019am\u00e9lioration continue d\u2019un ERP.<\/p>\n","protected":false},"featured_media":0,"comment_status":"open","ping_status":"closed","template":"","meta":[],"product_brand":[],"product_cat":[33],"product_tag":[],"class_list":{"0":"post-149","1":"product","2":"type-product","3":"status-publish","5":"product_cat-it","7":"first","8":"instock","9":"shipping-taxable","10":"product-type-simple"},"_links":{"self":[{"href":"https:\/\/click.ma\/valleetech\/wp-json\/wp\/v2\/product\/149","targetHints":{"allow":["GET"]}}],"collection":[{"href":"https:\/\/click.ma\/valleetech\/wp-json\/wp\/v2\/product"}],"about":[{"href":"https:\/\/click.ma\/valleetech\/wp-json\/wp\/v2\/types\/product"}],"replies":[{"embeddable":true,"href":"https:\/\/click.ma\/valleetech\/wp-json\/wp\/v2\/comments?post=149"}],"wp:attachment":[{"href":"https:\/\/click.ma\/valleetech\/wp-json\/wp\/v2\/media?parent=149"}],"wp:term":[{"taxonomy":"product_brand","embeddable":true,"href":"https:\/\/click.ma\/valleetech\/wp-json\/wp\/v2\/product_brand?post=149"},{"taxonomy":"product_cat","embeddable":true,"href":"https:\/\/click.ma\/valleetech\/wp-json\/wp\/v2\/product_cat?post=149"},{"taxonomy":"product_tag","embeddable":true,"href":"https:\/\/click.ma\/valleetech\/wp-json\/wp\/v2\/product_tag?post=149"}],"curies":[{"name":"wp","href":"https:\/\/api.w.org\/{rel}","templated":true}]}}