{"id":66,"date":"2025-04-24T10:29:23","date_gmt":"2025-04-24T10:29:23","guid":{"rendered":"https:\/\/click.ma\/valleetech\/?page_id=66"},"modified":"2025-04-24T12:58:30","modified_gmt":"2025-04-24T12:58:30","slug":"a-propos","status":"publish","type":"page","link":"https:\/\/click.ma\/valleetech\/a-propos\/","title":{"rendered":"\u00c0 propos"},"content":{"rendered":"<div class=\"wpb-content-wrapper\"><p>[vc_row content_placement=\u00a0\u00bbmiddle\u00a0\u00bb woodmart_css_id=\u00a0\u00bb680a3567f1d19&Prime; responsive_spacing=\u00a0\u00bbeyJwYXJhbV90eXBlIjoid29vZG1hcnRfcmVzcG9uc2l2ZV9zcGFjaW5nIiwic2VsZWN0b3JfaWQiOiI2ODBhMzU2N2YxZDE5Iiwic2hvcnRjb2RlIjoidmNfcm93IiwiZGF0YSI6eyJ0YWJsZXQiOnt9LCJtb2JpbGUiOnt9fX0=\u00a0\u00bb mobile_bg_img_hidden=\u00a0\u00bbno\u00a0\u00bb tablet_bg_img_hidden=\u00a0\u00bbno\u00a0\u00bb woodmart_parallax=\u00a0\u00bb0&Prime; woodmart_gradient_switch=\u00a0\u00bbno\u00a0\u00bb woodmart_box_shadow=\u00a0\u00bbno\u00a0\u00bb wd_z_index=\u00a0\u00bbno\u00a0\u00bb woodmart_disable_overflow=\u00a0\u00bb0&Prime; row_reverse_mobile=\u00a0\u00bb0&Prime; row_reverse_tablet=\u00a0\u00bb0&Prime;][vc_column width=\u00a0\u00bb1\/2&Prime;]\t\t<div id=\"wd-68068d916522a\" class=\"wd-image wd-wpb wd-rs-68068d916522a text-left \">\n\t\t\t\n\t\t\t<img loading=\"lazy\" decoding=\"async\" width=\"550\" height=\"550\" src=\"https:\/\/click.ma\/valleetech\/wp-content\/uploads\/2025\/04\/payroll1.jpg\" class=\"attachment-full size-full\" alt=\"\" srcset=\"https:\/\/click.ma\/valleetech\/wp-content\/uploads\/2025\/04\/payroll1.jpg 550w, https:\/\/click.ma\/valleetech\/wp-content\/uploads\/2025\/04\/payroll1-300x300.jpg 300w, https:\/\/click.ma\/valleetech\/wp-content\/uploads\/2025\/04\/payroll1-150x150.jpg 150w\" sizes=\"auto, (max-width: 550px) 100vw, 550px\" \/>\n\t\t\t\t\t<\/div>\n\t\t[\/vc_column][vc_column width=\u00a0\u00bb1\/2&Prime;]\n\t\t<div id=\"wd-68068d69d90da\" class=\"title-wrapper wd-wpb wd-set-mb reset-last-child  wd-rs-68068d69d90da wd-title-color-default wd-title-style-default text-left  wd-underline-colored\">\n\t\t\t\n\t\t\t<div class=\"liner-continer\">\n\t\t\t\t<h2 class=\"woodmart-title-container title  wd-font-weight- wd-fontsize-l\" >Vall\u00e9eTech Solution Inc<\/h2>\n\t\t\t\t\t\t\t<\/div>\n\t\t\t\n\t\t\t\t\t\t\t<div class=\"title-after_title reset-last-child  wd-fontsize-xs\">Votre partenaire strat\u00e9gique en technologie d'entreprise.<\/div>\n\t\t\t\n\t\t\t\n\t\t<\/div>\n\t\t\n\t\t\t\t<div id=\"wd-68068db93d77f\" class=\"wd-text-block wd-wpb reset-last-child wd-rs-68068db93d77f text-left \">\n\t\t\t<p>Bas\u00e9e au Canada avec une pr\u00e9sence au Maroc, Vall\u00e9eTech Solution Inc. est un cabinet sp\u00e9cialis\u00e9 en consulting SAP et en sourcing TI.<\/p>\n<p>Nous accompagnons les organisations dans la r\u00e9ussite de leurs projets technologiques gr\u00e2ce \u00e0 une expertise pointue, une approche personnalis\u00e9e et un r\u00e9seau solide de talents certifi\u00e9s.<\/p>\n\t\t<\/div>\n\t\t\n\t\t<ul class=\" wd-rs-68068c0f9c80b wd-list wd-wpb color-scheme- wd-fontsize-s wd-type-icon wd-style-default text-left \" id=\"wd-68068c0f9c80b\">\n\t\t\t\t\t\t\t\t\t\t\t<li>\n\t\t\t\t\t<span class=\"wd-icon list-icon fa fa-regular fa-circle-check\"><\/span>\n\t\t\t\t\t<span class=\"wd-list-content list-content\">Double pr\u00e9sence Canada \/ Maroc<\/span>\n\t\t\t\t\t\t\t\t\t<\/li>\n\t\t\t\t\t\t\t\t\t\t\t<li>\n\t\t\t\t\t<span class=\"wd-icon list-icon fa fa-regular fa-circle-check\"><\/span>\n\t\t\t\t\t<span class=\"wd-list-content list-content\">Sp\u00e9cialisation SAP reconnue\n<\/span>\n\t\t\t\t\t\t\t\t\t<\/li>\n\t\t\t\t\t\t\t\t\t\t\t<li>\n\t\t\t\t\t<span class=\"wd-icon list-icon fa fa-regular fa-circle-check\"><\/span>\n\t\t\t\t\t<span class=\"wd-list-content list-content\">S\u00e9lection rigoureuse des talents<\/span>\n\t\t\t\t\t\t\t\t\t<\/li>\n\t\t\t\t\t\t\t\t\t\t\t<li>\n\t\t\t\t\t<span class=\"wd-icon list-icon fa fa-regular fa-circle-check\"><\/span>\n\t\t\t\t\t<span class=\"wd-list-content list-content\">Approche sur mesure<\/span>\n\t\t\t\t\t\t\t\t\t<\/li>\n\t\t\t\t\t<\/ul>\n\t\t[\/vc_column][\/vc_row]<\/p>\n<\/div>","protected":false},"excerpt":{"rendered":"<p>[vc_row content_placement=\u00a0\u00bbmiddle\u00a0\u00bb woodmart_css_id=\u00a0\u00bb680a3567f1d19&Prime; responsive_spacing=\u00a0\u00bbeyJwYXJhbV90eXBlIjoid29vZG1hcnRfcmVzcG9uc2l2ZV9zcGFjaW5nIiwic2VsZWN0b3JfaWQiOiI2ODBhMzU2N2YxZDE5Iiwic2hvcnRjb2RlIjoidmNfcm93IiwiZGF0YSI6eyJ0YWJsZXQiOnt9LCJtb2JpbGUiOnt9fX0=\u00a0\u00bb mobile_bg_img_hidden=\u00a0\u00bbno\u00a0\u00bb tablet_bg_img_hidden=\u00a0\u00bbno\u00a0\u00bb woodmart_parallax=\u00a0\u00bb0&Prime; woodmart_gradient_switch=\u00a0\u00bbno\u00a0\u00bb woodmart_box_shadow=\u00a0\u00bbno\u00a0\u00bb wd_z_index=\u00a0\u00bbno\u00a0\u00bb woodmart_disable_overflow=\u00a0\u00bb0&Prime; row_reverse_mobile=\u00a0\u00bb0&Prime; row_reverse_tablet=\u00a0\u00bb0&Prime;][vc_column width=\u00a0\u00bb1\/2&Prime;][\/vc_column][vc_column width=\u00a0\u00bb1\/2&Prime;][\/vc_column][\/vc_row]<\/p>\n","protected":false},"author":1,"featured_media":0,"parent":0,"menu_order":0,"comment_status":"closed","ping_status":"closed","template":"","meta":{"footnotes":""},"class_list":["post-66","page","type-page","status-publish","hentry"],"_links":{"self":[{"href":"https:\/\/click.ma\/valleetech\/wp-json\/wp\/v2\/pages\/66","targetHints":{"allow":["GET"]}}],"collection":[{"href":"https:\/\/click.ma\/valleetech\/wp-json\/wp\/v2\/pages"}],"about":[{"href":"https:\/\/click.ma\/valleetech\/wp-json\/wp\/v2\/types\/page"}],"author":[{"embeddable":true,"href":"https:\/\/click.ma\/valleetech\/wp-json\/wp\/v2\/users\/1"}],"replies":[{"embeddable":true,"href":"https:\/\/click.ma\/valleetech\/wp-json\/wp\/v2\/comments?post=66"}],"version-history":[{"count":3,"href":"https:\/\/click.ma\/valleetech\/wp-json\/wp\/v2\/pages\/66\/revisions"}],"predecessor-version":[{"id":84,"href":"https:\/\/click.ma\/valleetech\/wp-json\/wp\/v2\/pages\/66\/revisions\/84"}],"wp:attachment":[{"href":"https:\/\/click.ma\/valleetech\/wp-json\/wp\/v2\/media?parent=66"}],"curies":[{"name":"wp","href":"https:\/\/api.w.org\/{rel}","templated":true}]}}