{"id":187,"date":"2025-05-02T15:29:10","date_gmt":"2025-05-02T15:29:10","guid":{"rendered":"https:\/\/click.ma\/valleetech\/?page_id=187"},"modified":"2025-05-06T20:17:45","modified_gmt":"2025-05-06T20:17:45","slug":"formation-sap","status":"publish","type":"page","link":"https:\/\/click.ma\/valleetech\/formation-sap\/","title":{"rendered":"Formation SAP"},"content":{"rendered":"<div class=\"wpb-content-wrapper\"><p>[vc_row full_height=\u00a0\u00bbyes\u00a0\u00bb woodmart_css_id=\u00a0\u00bb6808c39a5fc67&Prime; responsive_spacing=\u00a0\u00bbeyJwYXJhbV90eXBlIjoid29vZG1hcnRfcmVzcG9uc2l2ZV9zcGFjaW5nIiwic2VsZWN0b3JfaWQiOiI2ODA4YzM5YTVmYzY3Iiwic2hvcnRjb2RlIjoidmNfcm93IiwiZGF0YSI6eyJ0YWJsZXQiOnt9LCJtb2JpbGUiOnt9fX0=\u00a0\u00bb mobile_bg_img_hidden=\u00a0\u00bbno\u00a0\u00bb tablet_bg_img_hidden=\u00a0\u00bbno\u00a0\u00bb woodmart_parallax=\u00a0\u00bb0&Prime; woodmart_gradient_switch=\u00a0\u00bbno\u00a0\u00bb woodmart_box_shadow=\u00a0\u00bbno\u00a0\u00bb wd_z_index=\u00a0\u00bbno\u00a0\u00bb woodmart_disable_overflow=\u00a0\u00bb0&Prime; row_reverse_mobile=\u00a0\u00bb0&Prime; row_reverse_tablet=\u00a0\u00bb0&Prime;][vc_column width=\u00a0\u00bb1\/2&Prime; woodmart_css_id=\u00a0\u00bb68066f3c66c35&Prime; parallax_scroll=\u00a0\u00bbno\u00a0\u00bb woodmart_sticky_column=\u00a0\u00bbfalse\u00a0\u00bb wd_collapsible_content_switcher=\u00a0\u00bbno\u00a0\u00bb wd_column_role_offcanvas_desktop=\u00a0\u00bbno\u00a0\u00bb wd_column_role_offcanvas_tablet=\u00a0\u00bbno\u00a0\u00bb wd_column_role_offcanvas_mobile=\u00a0\u00bbno\u00a0\u00bb wd_column_role_content_desktop=\u00a0\u00bbno\u00a0\u00bb wd_column_role_content_tablet=\u00a0\u00bbno\u00a0\u00bb wd_column_role_content_mobile=\u00a0\u00bbno\u00a0\u00bb mobile_bg_img_hidden=\u00a0\u00bbno\u00a0\u00bb tablet_bg_img_hidden=\u00a0\u00bbno\u00a0\u00bb woodmart_parallax=\u00a0\u00bb0&Prime; woodmart_box_shadow=\u00a0\u00bbno\u00a0\u00bb responsive_spacing=\u00a0\u00bbeyJwYXJhbV90eXBlIjoid29vZG1hcnRfcmVzcG9uc2l2ZV9zcGFjaW5nIiwic2VsZWN0b3JfaWQiOiI2ODA2NmYzYzY2YzM1Iiwic2hvcnRjb2RlIjoidmNfY29sdW1uIiwiZGF0YSI6eyJ0YWJsZXQiOnt9LCJtb2JpbGUiOnt9fX0=\u00a0\u00bb mobile_reset_margin=\u00a0\u00bbno\u00a0\u00bb tablet_reset_margin=\u00a0\u00bbno\u00a0\u00bb wd_z_index=\u00a0\u00bbno\u00a0\u00bb]\n\t\t<div id=\"wd-6814e34d27b27\" class=\"title-wrapper wd-wpb wd-set-mb reset-last-child  wd-rs-6814e34d27b27 wd-title-color-default wd-title-style-default text-left  wd-underline-colored\">\n\t\t\t\n\t\t\t<div class=\"liner-continer\">\n\t\t\t\t<h1 class=\"woodmart-title-container title  wd-font-weight- wd-fontsize-l\" >D\u00e9veloppez les comp\u00e9tences de vos utilisateurs et consultants<\/h1>\n\t\t\t\t\t\t\t<\/div>\n\t\t\t\n\t\t\t\n\t\t\t\n\t\t<\/div>\n\t\t\n\t\t\t\t<div id=\"wd-6814e36238f54\" class=\"wd-text-block wd-wpb reset-last-child wd-rs-6814e36238f54 text-left wd-width-enabled wd-fontsize-m \" style=\"--wd-max-width: 90%;\">\n\t\t\t<p>Vall\u00e9eTech Solution Inc. propose des formations SAP adapt\u00e9es aux entreprises et aux consultants. Que vous souhaitiez former vos utilisateurs finaux ou des consultants sp\u00e9cialis\u00e9s sur les modules SAP, nous concevons des programmes p\u00e9dagogiques sur mesure, anim\u00e9s par des experts certifi\u00e9s.<\/p>\n\t\t<\/div>\n\t\t<div id=\"wd-6814e28023f9a\" class=\" wd-rs-6814e28023f9a  wd-button-wrapper text-center inline-element\"><a href=\"https:\/\/click.ma\/valleetech\/contact\/\" title=\"\u00c0 propos\" class=\"btn btn-color-primary btn-style-default btn-shape-semi-round btn-size-large\">Contactez-nous<\/a><\/div>[\/vc_column][vc_column width=\u00a0\u00bb1\/2&Prime;]\t\t<div id=\"wd-681a6e3032f1b\" class=\"wd-image wd-wpb wd-rs-681a6e3032f1b text-center \">\n\t\t\t\n\t\t\t<img loading=\"lazy\" decoding=\"async\" width=\"790\" height=\"550\" src=\"https:\/\/click.ma\/valleetech\/wp-content\/uploads\/2025\/05\/Formation-SAP.webp\" class=\"attachment-full size-full\" alt=\"\" srcset=\"https:\/\/click.ma\/valleetech\/wp-content\/uploads\/2025\/05\/Formation-SAP.webp 790w, https:\/\/click.ma\/valleetech\/wp-content\/uploads\/2025\/05\/Formation-SAP-300x209.webp 300w, https:\/\/click.ma\/valleetech\/wp-content\/uploads\/2025\/05\/Formation-SAP-768x535.webp 768w, https:\/\/click.ma\/valleetech\/wp-content\/uploads\/2025\/05\/Formation-SAP-600x418.webp 600w, https:\/\/click.ma\/valleetech\/wp-content\/uploads\/2025\/05\/Formation-SAP-150x104.webp 150w\" sizes=\"auto, (max-width: 790px) 100vw, 790px\" \/>\n\t\t\t\t\t<\/div>\n\t\t[\/vc_column][\/vc_row][vc_row full_width=\u00a0\u00bbstretch_row\u00a0\u00bb css=\u00a0\u00bb.vc_custom_1745258251548{margin-top: 30px !important;border-top-width: 1px !important;border-bottom-width: 1px !important;padding-top: 50px !important;padding-bottom: 50px !important;background-color: #FAFAFA !important;border-top-style: solid !important;border-bottom-style: solid !important;border-color: #F0F0F2 !important;}\u00a0\u00bb woodmart_css_id=\u00a0\u00bb68068701d8fbc\u00a0\u00bb responsive_spacing=\u00a0\u00bbeyJwYXJhbV90eXBlIjoid29vZG1hcnRfcmVzcG9uc2l2ZV9zcGFjaW5nIiwic2VsZWN0b3JfaWQiOiI2ODA2ODcwMWQ4ZmJjIiwic2hvcnRjb2RlIjoidmNfcm93IiwiZGF0YSI6eyJ0YWJsZXQiOnt9LCJtb2JpbGUiOnt9fX0=\u00a0\u00bb mobile_bg_img_hidden=\u00a0\u00bbno\u00a0\u00bb tablet_bg_img_hidden=\u00a0\u00bbno\u00a0\u00bb woodmart_parallax=\u00a0\u00bb0&Prime; woodmart_gradient_switch=\u00a0\u00bbno\u00a0\u00bb woodmart_box_shadow=\u00a0\u00bbno\u00a0\u00bb wd_z_index=\u00a0\u00bbno\u00a0\u00bb woodmart_disable_overflow=\u00a0\u00bb0&Prime; row_reverse_mobile=\u00a0\u00bb0&Prime; row_reverse_tablet=\u00a0\u00bb0&Prime;][vc_column]\n\t\t<div id=\"wd-6814e3798cd6d\" class=\"title-wrapper wd-wpb wd-set-mb reset-last-child  wd-rs-6814e3798cd6d wd-title-color-default wd-title-style-default text-left  wd-width-enabled wd-underline-colored\" style=\"--wd-max-width: 80%;\">\n\t\t\t\n\t\t\t<div class=\"liner-continer\">\n\t\t\t\t<h2 class=\"woodmart-title-container title  wd-font-weight- wd-fontsize-l\" >Formations pour entreprises<\/h2>\n\t\t\t\t\t\t\t<\/div>\n\t\t\t\n\t\t\t\n\t\t\t\n\t\t<\/div>\n\t\t\n\t\t[vc_row_inner el_id=\u00a0\u00bbinfo-section\u00a0\u00bb woodmart_css_id=\u00a0\u00bb6814cd5a90d2d\u00a0\u00bb responsive_spacing=\u00a0\u00bbeyJwYXJhbV90eXBlIjoid29vZG1hcnRfcmVzcG9uc2l2ZV9zcGFjaW5nIiwic2VsZWN0b3JfaWQiOiI2ODE0Y2Q1YTkwZDJkIiwic2hvcnRjb2RlIjoidmNfcm93X2lubmVyIiwiZGF0YSI6eyJ0YWJsZXQiOnt9LCJtb2JpbGUiOnt9fX0=\u00a0\u00bb mobile_bg_img_hidden=\u00a0\u00bbno\u00a0\u00bb tablet_bg_img_hidden=\u00a0\u00bbno\u00a0\u00bb woodmart_parallax=\u00a0\u00bb0&Prime; woodmart_gradient_switch=\u00a0\u00bbno\u00a0\u00bb woodmart_box_shadow=\u00a0\u00bbno\u00a0\u00bb wd_z_index=\u00a0\u00bbno\u00a0\u00bb woodmart_disable_overflow=\u00a0\u00bb0&Prime; row_reverse_mobile=\u00a0\u00bb0&Prime; row_reverse_tablet=\u00a0\u00bb0&Prime; css=\u00a0\u00bb.vc_custom_1746193765221{margin-top: 50px !important;}\u00a0\u00bb][vc_column_inner width=\u00a0\u00bb1\/3&Prime;]\t\t\t<div class=\"info-box-wrapper\">\n\t\t\t\t<div id=\"wd-6814e3b175ee2\" class=\" wd-rs-6814e3b175ee2 wd-info-box wd-wpb text-left box-icon-align-top box-style- color-scheme- wd-bg-none \">\n\t\t\t\t\t\t\t\t\t\t<div class=\"info-box-content\">\n\t\t\t\t\t\t<h4 class=\"info-box-title title box-title-style-default wd-fontsize-xl\">Formations utilisateurs SAP<\/h4>\t\t\t\t\t\t<div class=\"info-box-inner reset-last-child\"><p>Sessions pratiques pour accompagner la prise en main des modules cl\u00e9s (SD, MM, FI, CO\u2026) par vos \u00e9quipes internes.<\/p>\n<\/div>\n\n\t\t\t\t\t\t\t\t\t\t\t<\/div>\n\n\t\t\t\t\t\n\t\t\t\t\t\t\t\t\t<\/div>\n\t\t\t<\/div>\n\t\t[\/vc_column_inner][vc_column_inner width=\u00a0\u00bb1\/3&Prime;]\t\t\t<div class=\"info-box-wrapper\">\n\t\t\t\t<div id=\"wd-6814e3d4add05\" class=\" wd-rs-6814e3d4add05 wd-info-box wd-wpb text-left box-icon-align-top box-style- color-scheme- wd-bg-none \">\n\t\t\t\t\t\t\t\t\t\t<div class=\"info-box-content\">\n\t\t\t\t\t\t<h4 class=\"info-box-title title box-title-style-default wd-fontsize-m\">Formations m\u00e9tiers<\/h4>\t\t\t\t\t\t<div class=\"info-box-inner reset-last-child\"><p>Ateliers adapt\u00e9s \u00e0 vos processus sp\u00e9cifiques, centr\u00e9s sur les cas d\u2019usage r\u00e9els de votre organisation<\/p>\n<\/div>\n\n\t\t\t\t\t\t\t\t\t\t\t<\/div>\n\n\t\t\t\t\t\n\t\t\t\t\t\t\t\t\t<\/div>\n\t\t\t<\/div>\n\t\t[\/vc_column_inner][vc_column_inner width=\u00a0\u00bb1\/3&Prime;][\/vc_column_inner][\/vc_row_inner]\n\t\t<div id=\"wd-6814e4f43a8bb\" class=\"title-wrapper wd-wpb wd-set-mb reset-last-child  wd-rs-6814e4f43a8bb wd-title-color-default wd-title-style-default text-left vc_custom_1746199811573 wd-width-enabled wd-underline-colored\" style=\"--wd-max-width: 80%;\">\n\t\t\t\n\t\t\t<div class=\"liner-continer\">\n\t\t\t\t<h2 class=\"woodmart-title-container title  wd-font-weight- wd-fontsize-l\" >Formations pour consultants SAP<\/h2>\n\t\t\t\t\t\t\t<\/div>\n\t\t\t\n\t\t\t\n\t\t\t\n\t\t<\/div>\n\t\t\n\t\t[vc_row_inner el_id=\u00a0\u00bbinfo-section\u00a0\u00bb woodmart_css_id=\u00a0\u00bb6814cd5a90d2d\u00a0\u00bb responsive_spacing=\u00a0\u00bbeyJwYXJhbV90eXBlIjoid29vZG1hcnRfcmVzcG9uc2l2ZV9zcGFjaW5nIiwic2VsZWN0b3JfaWQiOiI2ODE0Y2Q1YTkwZDJkIiwic2hvcnRjb2RlIjoidmNfcm93X2lubmVyIiwiZGF0YSI6eyJ0YWJsZXQiOnt9LCJtb2JpbGUiOnt9fX0=\u00a0\u00bb mobile_bg_img_hidden=\u00a0\u00bbno\u00a0\u00bb tablet_bg_img_hidden=\u00a0\u00bbno\u00a0\u00bb woodmart_parallax=\u00a0\u00bb0&Prime; woodmart_gradient_switch=\u00a0\u00bbno\u00a0\u00bb woodmart_box_shadow=\u00a0\u00bbno\u00a0\u00bb wd_z_index=\u00a0\u00bbno\u00a0\u00bb woodmart_disable_overflow=\u00a0\u00bb0&Prime; row_reverse_mobile=\u00a0\u00bb0&Prime; row_reverse_tablet=\u00a0\u00bb0&Prime; css=\u00a0\u00bb.vc_custom_1746193765221{margin-top: 50px !important;}\u00a0\u00bb][vc_column_inner width=\u00a0\u00bb1\/3&Prime;]\t\t\t<div class=\"info-box-wrapper\">\n\t\t\t\t<div id=\"wd-6814e4224eca6\" class=\" wd-rs-6814e4224eca6 wd-info-box wd-wpb text-left box-icon-align-top box-style- color-scheme- wd-bg-none \">\n\t\t\t\t\t\t\t\t\t\t<div class=\"info-box-content\">\n\t\t\t\t\t\t<h4 class=\"info-box-title title box-title-style-default wd-fontsize-xl\">Formations modules fonctionnels<\/h4>\t\t\t\t\t\t<div class=\"info-box-inner reset-last-child\"><p>Programmes approfondis sur SD, MM, FI\/CO, PP, EWM\u2026<\/p>\n<\/div>\n\n\t\t\t\t\t\t\t\t\t\t\t<\/div>\n\n\t\t\t\t\t\n\t\t\t\t\t\t\t\t\t<\/div>\n\t\t\t<\/div>\n\t\t[\/vc_column_inner][vc_column_inner width=\u00a0\u00bb1\/3&Prime;]\t\t\t<div class=\"info-box-wrapper\">\n\t\t\t\t<div id=\"wd-6814e4400f5e9\" class=\" wd-rs-6814e4400f5e9 wd-info-box wd-wpb text-left box-icon-align-top box-style- color-scheme- wd-bg-none \">\n\t\t\t\t\t\t\t\t\t\t<div class=\"info-box-content\">\n\t\t\t\t\t\t<h4 class=\"info-box-title title box-title-style-default wd-fontsize-m\">Formations modules techniques<\/h4>\t\t\t\t\t\t<div class=\"info-box-inner reset-last-child\"><p>Cours sp\u00e9cialis\u00e9s en ABAP, Fiori\/UI5, SAP BTP, int\u00e9gration et d\u00e9veloppement.<\/p>\n<\/div>\n\n\t\t\t\t\t\t\t\t\t\t\t<\/div>\n\n\t\t\t\t\t\n\t\t\t\t\t\t\t\t\t<\/div>\n\t\t\t<\/div>\n\t\t[\/vc_column_inner][vc_column_inner width=\u00a0\u00bb1\/3&Prime;]\t\t\t<div class=\"info-box-wrapper\">\n\t\t\t\t<div id=\"wd-6814e45e9deb4\" class=\" wd-rs-6814e45e9deb4 wd-info-box wd-wpb text-left box-icon-align-top box-style- color-scheme- wd-bg-none \">\n\t\t\t\t\t\t\t\t\t\t<div class=\"info-box-content\">\n\t\t\t\t\t\t<h4 class=\"info-box-title title box-title-style-default wd-fontsize-m\">Pr\u00e9paration certification SAP<\/h4>\t\t\t\t\t\t<div class=\"info-box-inner reset-last-child\"><p>Sessions sp\u00e9cifiques pour pr\u00e9parer les examens de certification SAP.<\/p>\n<\/div>\n\n\t\t\t\t\t\t\t\t\t\t\t<\/div>\n\n\t\t\t\t\t\n\t\t\t\t\t\t\t\t\t<\/div>\n\t\t\t<\/div>\n\t\t[\/vc_column_inner][\/vc_row_inner][\/vc_column][\/vc_row][vc_row content_placement=\u00a0\u00bbmiddle\u00a0\u00bb responsive_tabs_advanced=\u00a0\u00bbmobile\u00a0\u00bb css=\u00a0\u00bb.vc_custom_1746193300800{margin-top: 70px !important;}\u00a0\u00bb woodmart_css_id=\u00a0\u00bb6814cb7fc13d6&Prime; responsive_spacing=\u00a0\u00bbeyJwYXJhbV90eXBlIjoid29vZG1hcnRfcmVzcG9uc2l2ZV9zcGFjaW5nIiwic2VsZWN0b3JfaWQiOiI2ODE0Y2I3ZmMxM2Q2Iiwic2hvcnRjb2RlIjoidmNfcm93IiwiZGF0YSI6eyJ0YWJsZXQiOnt9LCJtb2JpbGUiOnt9fX0=\u00a0\u00bb mobile_bg_img_hidden=\u00a0\u00bbno\u00a0\u00bb tablet_bg_img_hidden=\u00a0\u00bbno\u00a0\u00bb woodmart_parallax=\u00a0\u00bb0&Prime; woodmart_gradient_switch=\u00a0\u00bbno\u00a0\u00bb woodmart_box_shadow=\u00a0\u00bbno\u00a0\u00bb wd_z_index=\u00a0\u00bbno\u00a0\u00bb woodmart_disable_overflow=\u00a0\u00bb0&Prime; row_reverse_mobile=\u00a0\u00bb1&Prime; row_reverse_tablet=\u00a0\u00bb0&Prime;][vc_column width=\u00a0\u00bb1\/2&Prime;]\n\t\t<div id=\"wd-6814e47a0b53a\" class=\"title-wrapper wd-wpb wd-set-mb reset-last-child  wd-rs-6814e47a0b53a wd-title-color-default wd-title-style-default text-left  wd-width-enabled wd-underline-colored\" style=\"--wd-max-width: 90%;\">\n\t\t\t\n\t\t\t<div class=\"liner-continer\">\n\t\t\t\t<h2 class=\"woodmart-title-container title  wd-font-weight- wd-fontsize-l\" >Pourquoi choisir Vall\u00e9eTech pour vos formations SAP ?<\/h2>\n\t\t\t\t\t\t\t<\/div>\n\t\t\t\n\t\t\t\n\t\t\t\n\t\t<\/div>\n\t\t\n\t\t\n\t\t<ul class=\" wd-rs-6814e489dffab wd-list wd-wpb color-scheme- wd-fontsize-s wd-type-icon wd-style-default text-left \" id=\"wd-6814e489dffab\">\n\t\t\t\t\t\t\t\t\t\t\t<li>\n\t\t\t\t\t<span class=\"wd-icon list-icon fa fa-regular fa-circle-check\"><\/span>\n\t\t\t\t\t<span class=\"wd-list-content list-content\">Formateurs certifi\u00e9s et exp\u00e9riment\u00e9s<\/span>\n\t\t\t\t\t\t\t\t\t<\/li>\n\t\t\t\t\t\t\t\t\t\t\t<li>\n\t\t\t\t\t<span class=\"wd-icon list-icon fa fa-regular fa-circle-check\"><\/span>\n\t\t\t\t\t<span class=\"wd-list-content list-content\">Programmes adapt\u00e9s \u00e0 votre contexte m\u00e9tier<\/span>\n\t\t\t\t\t\t\t\t\t<\/li>\n\t\t\t\t\t\t\t\t\t\t\t<li>\n\t\t\t\t\t<span class=\"wd-icon list-icon fa fa-regular fa-circle-check\"><\/span>\n\t\t\t\t\t<span class=\"wd-list-content list-content\">Modalit\u00e9s flexibles : en pr\u00e9sentiel, \u00e0 distance ou hybride<\/span>\n\t\t\t\t\t\t\t\t\t<\/li>\n\t\t\t\t\t\t\t\t\t\t\t<li>\n\t\t\t\t\t<span class=\"wd-icon list-icon fa fa-regular fa-circle-check\"><\/span>\n\t\t\t\t\t<span class=\"wd-list-content list-content\">Supports p\u00e9dagogiques actualis\u00e9s et exercices pratiques<\/span>\n\t\t\t\t\t\t\t\t\t<\/li>\n\t\t\t\t\t<\/ul>\n\t\t<div id=\"wd-6814e7d1d6861\" class=\" wd-rs-6814e7d1d6861  wd-button-wrapper text-center inline-element\"><a href=\"https:\/\/click.ma\/valleetech\/contact\/\" title=\"\u00c0 propos\" class=\"btn btn-color-primary btn-style-default btn-shape-semi-round btn-size-large\">Contactez-nous<\/a><\/div>[\/vc_column][vc_column width=\u00a0\u00bb1\/2&Prime;]\t\t<div id=\"wd-6814cedfe2a9d\" class=\"wd-image wd-wpb wd-rs-6814cedfe2a9d text-left \">\n\t\t\t\n\t\t\t<img loading=\"lazy\" decoding=\"async\" width=\"1312\" height=\"880\" src=\"https:\/\/click.ma\/valleetech\/wp-content\/uploads\/2025\/05\/Desktop-next-steps-img3-Finops.avif\" class=\"attachment-full size-full\" alt=\"\" srcset=\"https:\/\/click.ma\/valleetech\/wp-content\/uploads\/2025\/05\/Desktop-next-steps-img3-Finops.avif 1312w, https:\/\/click.ma\/valleetech\/wp-content\/uploads\/2025\/05\/Desktop-next-steps-img3-Finops-300x201.avif 300w, https:\/\/click.ma\/valleetech\/wp-content\/uploads\/2025\/05\/Desktop-next-steps-img3-Finops-1024x687.avif 1024w, https:\/\/click.ma\/valleetech\/wp-content\/uploads\/2025\/05\/Desktop-next-steps-img3-Finops-768x515.avif 768w, https:\/\/click.ma\/valleetech\/wp-content\/uploads\/2025\/05\/Desktop-next-steps-img3-Finops-600x402.avif 600w, https:\/\/click.ma\/valleetech\/wp-content\/uploads\/2025\/05\/Desktop-next-steps-img3-Finops-150x101.avif 150w\" sizes=\"auto, (max-width: 1312px) 100vw, 1312px\" \/>\n\t\t\t\t\t<\/div>\n\t\t[\/vc_column][\/vc_row]<\/p>\n<\/div>","protected":false},"excerpt":{"rendered":"<p>[vc_row full_height=\u00a0\u00bbyes\u00a0\u00bb woodmart_css_id=\u00a0\u00bb6808c39a5fc67&Prime; responsive_spacing=\u00a0\u00bbeyJwYXJhbV90eXBlIjoid29vZG1hcnRfcmVzcG9uc2l2ZV9zcGFjaW5nIiwic2VsZWN0b3JfaWQiOiI2ODA4YzM5YTVmYzY3Iiwic2hvcnRjb2RlIjoidmNfcm93IiwiZGF0YSI6eyJ0YWJsZXQiOnt9LCJtb2JpbGUiOnt9fX0=\u00a0\u00bb mobile_bg_img_hidden=\u00a0\u00bbno\u00a0\u00bb tablet_bg_img_hidden=\u00a0\u00bbno\u00a0\u00bb woodmart_parallax=\u00a0\u00bb0&Prime; woodmart_gradient_switch=\u00a0\u00bbno\u00a0\u00bb woodmart_box_shadow=\u00a0\u00bbno\u00a0\u00bb wd_z_index=\u00a0\u00bbno\u00a0\u00bb woodmart_disable_overflow=\u00a0\u00bb0&Prime; row_reverse_mobile=\u00a0\u00bb0&Prime; row_reverse_tablet=\u00a0\u00bb0&Prime;][vc_column width=\u00a0\u00bb1\/2&Prime; woodmart_css_id=\u00a0\u00bb68066f3c66c35&Prime; parallax_scroll=\u00a0\u00bbno\u00a0\u00bb woodmart_sticky_column=\u00a0\u00bbfalse\u00a0\u00bb wd_collapsible_content_switcher=\u00a0\u00bbno\u00a0\u00bb wd_column_role_offcanvas_desktop=\u00a0\u00bbno\u00a0\u00bb wd_column_role_offcanvas_tablet=\u00a0\u00bbno\u00a0\u00bb<\/p>\n","protected":false},"author":1,"featured_media":0,"parent":0,"menu_order":0,"comment_status":"closed","ping_status":"closed","template":"","meta":{"footnotes":""},"class_list":["post-187","page","type-page","status-publish","hentry"],"_links":{"self":[{"href":"https:\/\/click.ma\/valleetech\/wp-json\/wp\/v2\/pages\/187","targetHints":{"allow":["GET"]}}],"collection":[{"href":"https:\/\/click.ma\/valleetech\/wp-json\/wp\/v2\/pages"}],"about":[{"href":"https:\/\/click.ma\/valleetech\/wp-json\/wp\/v2\/types\/page"}],"author":[{"embeddable":true,"href":"https:\/\/click.ma\/valleetech\/wp-json\/wp\/v2\/users\/1"}],"replies":[{"embeddable":true,"href":"https:\/\/click.ma\/valleetech\/wp-json\/wp\/v2\/comments?post=187"}],"version-history":[{"count":5,"href":"https:\/\/click.ma\/valleetech\/wp-json\/wp\/v2\/pages\/187\/revisions"}],"predecessor-version":[{"id":286,"href":"https:\/\/click.ma\/valleetech\/wp-json\/wp\/v2\/pages\/187\/revisions\/286"}],"wp:attachment":[{"href":"https:\/\/click.ma\/valleetech\/wp-json\/wp\/v2\/media?parent=187"}],"curies":[{"name":"wp","href":"https:\/\/api.w.org\/{rel}","templated":true}]}}