{"id":183,"date":"2025-05-02T15:15:43","date_gmt":"2025-05-02T15:15:43","guid":{"rendered":"https:\/\/click.ma\/valleetech\/?page_id=183"},"modified":"2025-05-06T20:14:09","modified_gmt":"2025-05-06T20:14:09","slug":"accompagnement-personnalise","status":"publish","type":"page","link":"https:\/\/click.ma\/valleetech\/accompagnement-personnalise\/","title":{"rendered":"Accompagnement personnalis\u00e9"},"content":{"rendered":"<div class=\"wpb-content-wrapper\"><p>[vc_row full_height=\u00a0\u00bbyes\u00a0\u00bb woodmart_css_id=\u00a0\u00bb6808c39a5fc67&Prime; responsive_spacing=\u00a0\u00bbeyJwYXJhbV90eXBlIjoid29vZG1hcnRfcmVzcG9uc2l2ZV9zcGFjaW5nIiwic2VsZWN0b3JfaWQiOiI2ODA4YzM5YTVmYzY3Iiwic2hvcnRjb2RlIjoidmNfcm93IiwiZGF0YSI6eyJ0YWJsZXQiOnt9LCJtb2JpbGUiOnt9fX0=\u00a0\u00bb mobile_bg_img_hidden=\u00a0\u00bbno\u00a0\u00bb tablet_bg_img_hidden=\u00a0\u00bbno\u00a0\u00bb woodmart_parallax=\u00a0\u00bb0&Prime; woodmart_gradient_switch=\u00a0\u00bbno\u00a0\u00bb woodmart_box_shadow=\u00a0\u00bbno\u00a0\u00bb wd_z_index=\u00a0\u00bbno\u00a0\u00bb woodmart_disable_overflow=\u00a0\u00bb0&Prime; row_reverse_mobile=\u00a0\u00bb0&Prime; row_reverse_tablet=\u00a0\u00bb0&Prime;][vc_column width=\u00a0\u00bb1\/2&Prime; woodmart_css_id=\u00a0\u00bb68066f3c66c35&Prime; parallax_scroll=\u00a0\u00bbno\u00a0\u00bb woodmart_sticky_column=\u00a0\u00bbfalse\u00a0\u00bb wd_collapsible_content_switcher=\u00a0\u00bbno\u00a0\u00bb wd_column_role_offcanvas_desktop=\u00a0\u00bbno\u00a0\u00bb wd_column_role_offcanvas_tablet=\u00a0\u00bbno\u00a0\u00bb wd_column_role_offcanvas_mobile=\u00a0\u00bbno\u00a0\u00bb wd_column_role_content_desktop=\u00a0\u00bbno\u00a0\u00bb wd_column_role_content_tablet=\u00a0\u00bbno\u00a0\u00bb wd_column_role_content_mobile=\u00a0\u00bbno\u00a0\u00bb mobile_bg_img_hidden=\u00a0\u00bbno\u00a0\u00bb tablet_bg_img_hidden=\u00a0\u00bbno\u00a0\u00bb woodmart_parallax=\u00a0\u00bb0&Prime; woodmart_box_shadow=\u00a0\u00bbno\u00a0\u00bb responsive_spacing=\u00a0\u00bbeyJwYXJhbV90eXBlIjoid29vZG1hcnRfcmVzcG9uc2l2ZV9zcGFjaW5nIiwic2VsZWN0b3JfaWQiOiI2ODA2NmYzYzY2YzM1Iiwic2hvcnRjb2RlIjoidmNfY29sdW1uIiwiZGF0YSI6eyJ0YWJsZXQiOnt9LCJtb2JpbGUiOnt9fX0=\u00a0\u00bb mobile_reset_margin=\u00a0\u00bbno\u00a0\u00bb tablet_reset_margin=\u00a0\u00bbno\u00a0\u00bb wd_z_index=\u00a0\u00bbno\u00a0\u00bb]\n\t\t<div id=\"wd-6814e26f72d6e\" class=\"title-wrapper wd-wpb wd-set-mb reset-last-child  wd-rs-6814e26f72d6e wd-title-color-default wd-title-style-default text-left  wd-underline-colored\">\n\t\t\t\n\t\t\t<div class=\"liner-continer\">\n\t\t\t\t<h1 class=\"woodmart-title-container title  wd-font-weight- wd-fontsize-l\" >S\u00e9curisez vos projets TI avec une approche sur mesure<\/h1>\n\t\t\t\t\t\t\t<\/div>\n\t\t\t\n\t\t\t\n\t\t\t\n\t\t<\/div>\n\t\t\n\t\t\t\t<div id=\"wd-6814e0859ff1f\" class=\"wd-text-block wd-wpb reset-last-child wd-rs-6814e0859ff1f text-left wd-width-enabled wd-fontsize-m \" style=\"--wd-max-width: 90%;\">\n\t\t\t<p>Nous proposons un accompagnement strat\u00e9gique et op\u00e9rationnel pour aider les organisations \u00e0 structurer leurs \u00e9quipes TI, int\u00e9grer les bons talents et assurer le suivi de performance. Vall\u00e9eTech s\u2019adapte \u00e0 vos besoins sp\u00e9cifiques et \u00e0 vos enjeux m\u00e9tiers.<\/p>\n\t\t<\/div>\n\t\t<div id=\"wd-6814e28023f9a\" class=\" wd-rs-6814e28023f9a  wd-button-wrapper text-center inline-element\"><a href=\"https:\/\/click.ma\/valleetech\/contact\/\" title=\"\u00c0 propos\" class=\"btn btn-color-primary btn-style-default btn-shape-semi-round btn-size-large\">Contactez-nous<\/a><\/div>[\/vc_column][vc_column width=\u00a0\u00bb1\/2&Prime;]\t\t<div id=\"wd-681a6d75957eb\" class=\"wd-image wd-wpb wd-rs-681a6d75957eb text-center \">\n\t\t\t\n\t\t\t<img loading=\"lazy\" decoding=\"async\" width=\"790\" height=\"550\" src=\"https:\/\/click.ma\/valleetech\/wp-content\/uploads\/2025\/05\/Accompagnement-personnalise.webp\" class=\"attachment-full size-full\" alt=\"\" srcset=\"https:\/\/click.ma\/valleetech\/wp-content\/uploads\/2025\/05\/Accompagnement-personnalise.webp 790w, https:\/\/click.ma\/valleetech\/wp-content\/uploads\/2025\/05\/Accompagnement-personnalise-300x209.webp 300w, https:\/\/click.ma\/valleetech\/wp-content\/uploads\/2025\/05\/Accompagnement-personnalise-768x535.webp 768w, https:\/\/click.ma\/valleetech\/wp-content\/uploads\/2025\/05\/Accompagnement-personnalise-600x418.webp 600w, https:\/\/click.ma\/valleetech\/wp-content\/uploads\/2025\/05\/Accompagnement-personnalise-150x104.webp 150w\" sizes=\"auto, (max-width: 790px) 100vw, 790px\" \/>\n\t\t\t\t\t<\/div>\n\t\t[\/vc_column][\/vc_row][vc_row full_width=\u00a0\u00bbstretch_row\u00a0\u00bb css=\u00a0\u00bb.vc_custom_1745258251548{margin-top: 30px !important;border-top-width: 1px !important;border-bottom-width: 1px !important;padding-top: 50px !important;padding-bottom: 50px !important;background-color: #FAFAFA !important;border-top-style: solid !important;border-bottom-style: solid !important;border-color: #F0F0F2 !important;}\u00a0\u00bb woodmart_css_id=\u00a0\u00bb68068701d8fbc\u00a0\u00bb responsive_spacing=\u00a0\u00bbeyJwYXJhbV90eXBlIjoid29vZG1hcnRfcmVzcG9uc2l2ZV9zcGFjaW5nIiwic2VsZWN0b3JfaWQiOiI2ODA2ODcwMWQ4ZmJjIiwic2hvcnRjb2RlIjoidmNfcm93IiwiZGF0YSI6eyJ0YWJsZXQiOnt9LCJtb2JpbGUiOnt9fX0=\u00a0\u00bb mobile_bg_img_hidden=\u00a0\u00bbno\u00a0\u00bb tablet_bg_img_hidden=\u00a0\u00bbno\u00a0\u00bb woodmart_parallax=\u00a0\u00bb0&Prime; woodmart_gradient_switch=\u00a0\u00bbno\u00a0\u00bb woodmart_box_shadow=\u00a0\u00bbno\u00a0\u00bb wd_z_index=\u00a0\u00bbno\u00a0\u00bb woodmart_disable_overflow=\u00a0\u00bb0&Prime; row_reverse_mobile=\u00a0\u00bb0&Prime; row_reverse_tablet=\u00a0\u00bb0&Prime;][vc_column]\n\t\t<div id=\"wd-6814e09471e37\" class=\"title-wrapper wd-wpb wd-set-mb reset-last-child  wd-rs-6814e09471e37 wd-title-color-default wd-title-style-default text-left  wd-width-enabled wd-underline-colored\" style=\"--wd-max-width: 80%;\">\n\t\t\t\n\t\t\t<div class=\"liner-continer\">\n\t\t\t\t<h2 class=\"woodmart-title-container title  wd-font-weight- wd-fontsize-l\" >Nos prestations<\/h2>\n\t\t\t\t\t\t\t<\/div>\n\t\t\t\n\t\t\t\n\t\t\t\n\t\t<\/div>\n\t\t\n\t\t[vc_row_inner el_id=\u00a0\u00bbinfo-section\u00a0\u00bb woodmart_css_id=\u00a0\u00bb6814cd5a90d2d\u00a0\u00bb responsive_spacing=\u00a0\u00bbeyJwYXJhbV90eXBlIjoid29vZG1hcnRfcmVzcG9uc2l2ZV9zcGFjaW5nIiwic2VsZWN0b3JfaWQiOiI2ODE0Y2Q1YTkwZDJkIiwic2hvcnRjb2RlIjoidmNfcm93X2lubmVyIiwiZGF0YSI6eyJ0YWJsZXQiOnt9LCJtb2JpbGUiOnt9fX0=\u00a0\u00bb mobile_bg_img_hidden=\u00a0\u00bbno\u00a0\u00bb tablet_bg_img_hidden=\u00a0\u00bbno\u00a0\u00bb woodmart_parallax=\u00a0\u00bb0&Prime; woodmart_gradient_switch=\u00a0\u00bbno\u00a0\u00bb woodmart_box_shadow=\u00a0\u00bbno\u00a0\u00bb wd_z_index=\u00a0\u00bbno\u00a0\u00bb woodmart_disable_overflow=\u00a0\u00bb0&Prime; row_reverse_mobile=\u00a0\u00bb0&Prime; row_reverse_tablet=\u00a0\u00bb0&Prime; css=\u00a0\u00bb.vc_custom_1746193765221{margin-top: 50px !important;}\u00a0\u00bb][vc_column_inner width=\u00a0\u00bb1\/3&Prime;]\t\t\t<div class=\"info-box-wrapper\">\n\t\t\t\t<div id=\"wd-6814e0e254336\" class=\" wd-rs-6814e0e254336 wd-info-box wd-wpb text-left box-icon-align-top box-style- color-scheme- wd-bg-none \">\n\t\t\t\t\t\t\t\t\t\t<div class=\"info-box-content\">\n\t\t\t\t\t\t<h4 class=\"info-box-title title box-title-style-default wd-fontsize-xl\">\u00c9valuation des besoins TI<\/h4>\t\t\t\t\t\t<div class=\"info-box-inner reset-last-child\"><p>Analyse de votre organisation et de vos projets pour identifier les comp\u00e9tences n\u00e9cessaires.<\/p>\n<\/div>\n\n\t\t\t\t\t\t\t\t\t\t\t<\/div>\n\n\t\t\t\t\t\n\t\t\t\t\t\t\t\t\t<\/div>\n\t\t\t<\/div>\n\t\t[\/vc_column_inner][vc_column_inner width=\u00a0\u00bb1\/3&Prime;]\t\t\t<div class=\"info-box-wrapper\">\n\t\t\t\t<div id=\"wd-6814e10a9d5d2\" class=\" wd-rs-6814e10a9d5d2 wd-info-box wd-wpb text-left box-icon-align-top box-style- color-scheme- wd-bg-none \">\n\t\t\t\t\t\t\t\t\t\t<div class=\"info-box-content\">\n\t\t\t\t\t\t<h4 class=\"info-box-title title box-title-style-default wd-fontsize-m\">Strat\u00e9gie d\u2019int\u00e9gration des talents<\/h4>\t\t\t\t\t\t<div class=\"info-box-inner reset-last-child\"><p>Planification et int\u00e9gration des ressources dans vos \u00e9quipes existantes.<\/p>\n<\/div>\n\n\t\t\t\t\t\t\t\t\t\t\t<\/div>\n\n\t\t\t\t\t\n\t\t\t\t\t\t\t\t\t<\/div>\n\t\t\t<\/div>\n\t\t[\/vc_column_inner][vc_column_inner width=\u00a0\u00bb1\/3&Prime;]\t\t\t<div class=\"info-box-wrapper\">\n\t\t\t\t<div id=\"wd-6814e127aca51\" class=\" wd-rs-6814e127aca51 wd-info-box wd-wpb text-left box-icon-align-top box-style- color-scheme- wd-bg-none \">\n\t\t\t\t\t\t\t\t\t\t<div class=\"info-box-content\">\n\t\t\t\t\t\t<h4 class=\"info-box-title title box-title-style-default wd-fontsize-m\">Suivi qualit\u00e9 et performance<\/h4>\t\t\t\t\t\t<div class=\"info-box-inner reset-last-child\"><p>\u00c9valuation r\u00e9guli\u00e8re des performances et ajustement des ressources.<\/p>\n<\/div>\n\n\t\t\t\t\t\t\t\t\t\t\t<\/div>\n\n\t\t\t\t\t\n\t\t\t\t\t\t\t\t\t<\/div>\n\t\t\t<\/div>\n\t\t[\/vc_column_inner][\/vc_row_inner][\/vc_column][\/vc_row][vc_row content_placement=\u00a0\u00bbmiddle\u00a0\u00bb responsive_tabs_advanced=\u00a0\u00bbmobile\u00a0\u00bb css=\u00a0\u00bb.vc_custom_1746193300800{margin-top: 70px !important;}\u00a0\u00bb woodmart_css_id=\u00a0\u00bb6814cb7fc13d6&Prime; responsive_spacing=\u00a0\u00bbeyJwYXJhbV90eXBlIjoid29vZG1hcnRfcmVzcG9uc2l2ZV9zcGFjaW5nIiwic2VsZWN0b3JfaWQiOiI2ODE0Y2I3ZmMxM2Q2Iiwic2hvcnRjb2RlIjoidmNfcm93IiwiZGF0YSI6eyJ0YWJsZXQiOnt9LCJtb2JpbGUiOnt9fX0=\u00a0\u00bb mobile_bg_img_hidden=\u00a0\u00bbno\u00a0\u00bb tablet_bg_img_hidden=\u00a0\u00bbno\u00a0\u00bb woodmart_parallax=\u00a0\u00bb0&Prime; woodmart_gradient_switch=\u00a0\u00bbno\u00a0\u00bb woodmart_box_shadow=\u00a0\u00bbno\u00a0\u00bb wd_z_index=\u00a0\u00bbno\u00a0\u00bb woodmart_disable_overflow=\u00a0\u00bb0&Prime; row_reverse_mobile=\u00a0\u00bb1&Prime; row_reverse_tablet=\u00a0\u00bb0&Prime;][vc_column width=\u00a0\u00bb1\/2&Prime;]\n\t\t<div id=\"wd-6814e159b16f5\" class=\"title-wrapper wd-wpb wd-set-mb reset-last-child  wd-rs-6814e159b16f5 wd-title-color-default wd-title-style-default text-left  wd-width-enabled wd-underline-colored\" style=\"--wd-max-width: 90%;\">\n\t\t\t\n\t\t\t<div class=\"liner-continer\">\n\t\t\t\t<h2 class=\"woodmart-title-container title  wd-font-weight- wd-fontsize-l\" >Pourquoi nous confier votre accompagnement ?<\/h2>\n\t\t\t\t\t\t\t<\/div>\n\t\t\t\n\t\t\t\n\t\t\t\n\t\t<\/div>\n\t\t\n\t\t\n\t\t<ul class=\" wd-rs-6814e16e186d0 wd-list wd-wpb color-scheme- wd-fontsize-s wd-type-icon wd-style-default text-left \" id=\"wd-6814e16e186d0\">\n\t\t\t\t\t\t\t\t\t\t\t<li>\n\t\t\t\t\t<span class=\"wd-icon list-icon fa fa-regular fa-circle-check\"><\/span>\n\t\t\t\t\t<span class=\"wd-list-content list-content\">Approche centr\u00e9e sur vos objectifs business<\/span>\n\t\t\t\t\t\t\t\t\t<\/li>\n\t\t\t\t\t\t\t\t\t\t\t<li>\n\t\t\t\t\t<span class=\"wd-icon list-icon fa fa-regular fa-circle-check\"><\/span>\n\t\t\t\t\t<span class=\"wd-list-content list-content\">Pilotage agile et flexible<\/span>\n\t\t\t\t\t\t\t\t\t<\/li>\n\t\t\t\t\t\t\t\t\t\t\t<li>\n\t\t\t\t\t<span class=\"wd-icon list-icon fa fa-regular fa-circle-check\"><\/span>\n\t\t\t\t\t<span class=\"wd-list-content list-content\">Suivi qualit\u00e9 et indicateurs de performance<\/span>\n\t\t\t\t\t\t\t\t\t<\/li>\n\t\t\t\t\t<\/ul>\n\t\t<div id=\"wd-6814e28023f9a\" class=\" wd-rs-6814e28023f9a  wd-button-wrapper text-center inline-element\"><a href=\"https:\/\/click.ma\/valleetech\/contact\/\" title=\"\u00c0 propos\" class=\"btn btn-color-primary btn-style-default btn-shape-semi-round btn-size-large\">Contactez-nous<\/a><\/div>[\/vc_column][vc_column width=\u00a0\u00bb1\/2&Prime;]\t\t<div id=\"wd-6814cedfe2a9d\" class=\"wd-image wd-wpb wd-rs-6814cedfe2a9d text-left \">\n\t\t\t\n\t\t\t<img loading=\"lazy\" decoding=\"async\" width=\"1312\" height=\"880\" src=\"https:\/\/click.ma\/valleetech\/wp-content\/uploads\/2025\/05\/Desktop-next-steps-img3-Finops.avif\" class=\"attachment-full size-full\" alt=\"\" srcset=\"https:\/\/click.ma\/valleetech\/wp-content\/uploads\/2025\/05\/Desktop-next-steps-img3-Finops.avif 1312w, https:\/\/click.ma\/valleetech\/wp-content\/uploads\/2025\/05\/Desktop-next-steps-img3-Finops-300x201.avif 300w, https:\/\/click.ma\/valleetech\/wp-content\/uploads\/2025\/05\/Desktop-next-steps-img3-Finops-1024x687.avif 1024w, https:\/\/click.ma\/valleetech\/wp-content\/uploads\/2025\/05\/Desktop-next-steps-img3-Finops-768x515.avif 768w, https:\/\/click.ma\/valleetech\/wp-content\/uploads\/2025\/05\/Desktop-next-steps-img3-Finops-600x402.avif 600w, https:\/\/click.ma\/valleetech\/wp-content\/uploads\/2025\/05\/Desktop-next-steps-img3-Finops-150x101.avif 150w\" sizes=\"auto, (max-width: 1312px) 100vw, 1312px\" \/>\n\t\t\t\t\t<\/div>\n\t\t[\/vc_column][\/vc_row]<\/p>\n<\/div>","protected":false},"excerpt":{"rendered":"<p>[vc_row full_height=\u00a0\u00bbyes\u00a0\u00bb woodmart_css_id=\u00a0\u00bb6808c39a5fc67&Prime; responsive_spacing=\u00a0\u00bbeyJwYXJhbV90eXBlIjoid29vZG1hcnRfcmVzcG9uc2l2ZV9zcGFjaW5nIiwic2VsZWN0b3JfaWQiOiI2ODA4YzM5YTVmYzY3Iiwic2hvcnRjb2RlIjoidmNfcm93IiwiZGF0YSI6eyJ0YWJsZXQiOnt9LCJtb2JpbGUiOnt9fX0=\u00a0\u00bb mobile_bg_img_hidden=\u00a0\u00bbno\u00a0\u00bb tablet_bg_img_hidden=\u00a0\u00bbno\u00a0\u00bb woodmart_parallax=\u00a0\u00bb0&Prime; woodmart_gradient_switch=\u00a0\u00bbno\u00a0\u00bb woodmart_box_shadow=\u00a0\u00bbno\u00a0\u00bb wd_z_index=\u00a0\u00bbno\u00a0\u00bb woodmart_disable_overflow=\u00a0\u00bb0&Prime; row_reverse_mobile=\u00a0\u00bb0&Prime; row_reverse_tablet=\u00a0\u00bb0&Prime;][vc_column width=\u00a0\u00bb1\/2&Prime; woodmart_css_id=\u00a0\u00bb68066f3c66c35&Prime; parallax_scroll=\u00a0\u00bbno\u00a0\u00bb woodmart_sticky_column=\u00a0\u00bbfalse\u00a0\u00bb wd_collapsible_content_switcher=\u00a0\u00bbno\u00a0\u00bb wd_column_role_offcanvas_desktop=\u00a0\u00bbno\u00a0\u00bb wd_column_role_offcanvas_tablet=\u00a0\u00bbno\u00a0\u00bb<\/p>\n","protected":false},"author":1,"featured_media":0,"parent":0,"menu_order":0,"comment_status":"closed","ping_status":"closed","template":"","meta":{"footnotes":""},"class_list":["post-183","page","type-page","status-publish","hentry"],"_links":{"self":[{"href":"https:\/\/click.ma\/valleetech\/wp-json\/wp\/v2\/pages\/183","targetHints":{"allow":["GET"]}}],"collection":[{"href":"https:\/\/click.ma\/valleetech\/wp-json\/wp\/v2\/pages"}],"about":[{"href":"https:\/\/click.ma\/valleetech\/wp-json\/wp\/v2\/types\/page"}],"author":[{"embeddable":true,"href":"https:\/\/click.ma\/valleetech\/wp-json\/wp\/v2\/users\/1"}],"replies":[{"embeddable":true,"href":"https:\/\/click.ma\/valleetech\/wp-json\/wp\/v2\/comments?post=183"}],"version-history":[{"count":3,"href":"https:\/\/click.ma\/valleetech\/wp-json\/wp\/v2\/pages\/183\/revisions"}],"predecessor-version":[{"id":281,"href":"https:\/\/click.ma\/valleetech\/wp-json\/wp\/v2\/pages\/183\/revisions\/281"}],"wp:attachment":[{"href":"https:\/\/click.ma\/valleetech\/wp-json\/wp\/v2\/media?parent=183"}],"curies":[{"name":"wp","href":"https:\/\/api.w.org\/{rel}","templated":true}]}}