{"id":661,"date":"2025-12-13T18:27:49","date_gmt":"2025-12-13T18:27:49","guid":{"rendered":"https:\/\/click.ma\/tecas\/?post_type=product&#038;p=661"},"modified":"2026-03-06T11:20:25","modified_gmt":"2026-03-06T11:20:25","slug":"panneau-solaire-jinko-575w","status":"publish","type":"product","link":"https:\/\/click.ma\/tecas\/produit\/panneau-solaire-jinko-575w\/","title":{"rendered":"Panneau Solaire Jinko 575W"},"content":{"rendered":"<p>\u00c0 Tecas \u00c9nergie Solaire, nous avons en stock une gamme vari\u00e9e de panneaux solaires Jinko offrant des capacit\u00e9s allant de 400W \u00e0 630W. Vous pouvez vous attendre \u00e0 une livraison rapide, g\u00e9n\u00e9ralement dans un d\u00e9lai de 2 \u00e0 3 jours.<\/p>\n<h2>Consultation gratuite<\/h2>\n<p>Profitez d\u00e8s maintenant d\u2019une consultation gratuite avec nos experts ! Obtenez des r\u00e9ponses \u00e0 toutes vos questions et d\u00e9couvrez comment maximiser votre efficacit\u00e9 \u00e9nerg\u00e9tique. Contactez-nous d\u00e8s aujourd\u2019hui pour r\u00e9server votre consultation gratuite.<\/p>\n<h2>Panneau solaire jinko tiger pro 575W<\/h2>\n<ul>\n<li>Type Silicium\u00a0<strong>monocristallin<\/strong><\/li>\n<li>Type de borne de sortie Connecteur multicontact Type 4<\/li>\n<li>Calibre du c\u00e2ble de sortie 12 AWG<\/li>\n<li>Type de fil de c\u00e2ble de sortie Fil PV<\/li>\n<li>Longueur du c\u00e2ble de sortie 1 400mm (55,1in)<\/li>\n<li>Couleur du cadre Transparent<\/li>\n<li>Couleur de la feuille arri\u00e8re Transparent<\/li>\n<li>Longueur 2 008mm (79,1in)<\/li>\n<li>Largeur 1 002mm (39,4in)<\/li>\n<li>Profondeur 40mm (1,6in)<\/li>\n<li><strong>Poids 22,5kg<\/strong>\u00a0(49,6lb)<\/li>\n<li>M\u00e9thode d\u2019installation Montage en rack<\/li>\n<\/ul>\n<h2><strong>Qu&rsquo;est-ce que le Panneau Solaire Jinko Tiger Pro 575W ?<\/strong><\/h2>\n<p>Le Jinko Tiger Pro 575W est un panneau solaire de haute performance de la marque de renomm\u00e9e mondiale, Jinko Solar. Utilisant la technologie de cellules monocristallines PERC (Passivated Emitter and Rear Cell), ce module offre une efficacit\u00e9 exceptionnelle et une fiabilit\u00e9 \u00e0 toute \u00e9preuve, tout en optimisant l&rsquo;espace disponible.<\/p>\n<h3><strong>Performance et Efficacit\u00e9<\/strong><\/h3>\n<p>Le Jinko Tiger Pro 575W brille par sa performance. Sa capacit\u00e9 de 575W est parmi les plus \u00e9lev\u00e9es disponibles sur le march\u00e9, ce qui signifie qu&rsquo;il peut produire plus d&rsquo;\u00e9nergie par m\u00e8tre carr\u00e9 que la plupart des autres panneaux solaires. Sa technologie de cellules PERC optimise l&rsquo;absorption de la lumi\u00e8re et am\u00e9liore l&rsquo;efficacit\u00e9, permettant au panneau de produire une quantit\u00e9 significative d&rsquo;\u00e9nergie, m\u00eame dans des conditions de faible luminosit\u00e9.<\/p>\n<h3><strong>Durabilit\u00e9 et Fiabilit\u00e9<\/strong><\/h3>\n<p>La durabilit\u00e9 et la fiabilit\u00e9 sont des caract\u00e9ristiques cl\u00e9s du Jinko Tiger Pro 575W. Il est con\u00e7u pour r\u00e9sister \u00e0 diverses conditions environnementales, y compris le vent, la pluie et la gr\u00eale. De plus, ses qualit\u00e9s anti-PID (Potential Induced Degradation) et sa r\u00e9sistance \u00e0 la corrosion par l&rsquo;ammoniac et la brume saline lui assurent une longue dur\u00e9e de vie.<\/p>\n<h3><strong>Facilit\u00e9 d&rsquo;installation<\/strong><\/h3>\n<p>Malgr\u00e9 sa haute performance, le Jinko Tiger Pro 575W est relativement facile \u00e0 installer. Il est compatible avec diff\u00e9rents syst\u00e8mes de montage, ce qui le rend adaptable \u00e0 diverses configurations de toit. Sa conception l\u00e9g\u00e8re et son cadre robuste facilitent \u00e9galement le processus d&rsquo;installation.<\/p>\n<p>En somme, le Panneau Solaire Jinko Tiger Pro 575W est une solution d&rsquo;\u00e9nergie solaire d&rsquo;excellence. Il offre une performance exceptionnelle, une grande fiabilit\u00e9 et une facilit\u00e9 d&rsquo;installation. Si vous envisagez de passer \u00e0 l&rsquo;\u00e9nergie solaire ou si vous souhaitez am\u00e9liorer votre syst\u00e8me existant, le Jinko Tiger Pro 575W est un choix \u00e0 consid\u00e9rer s\u00e9rieusement. Il s&rsquo;agit d&rsquo;un investissement qui vous permettra non seulement de r\u00e9duire vos factures d&rsquo;\u00e9lectricit\u00e9, mais aussi de contribuer \u00e0 un avenir plus durable.<\/p>\n","protected":false},"excerpt":{"rendered":"<p>\u00c0 Tecas \u00c9nergie Solaire, nous avons en stock une gamme vari\u00e9e de panneaux solaires Jinko offrant des capacit\u00e9s allant de<\/p>\n","protected":false},"featured_media":673,"comment_status":"open","ping_status":"closed","template":"","meta":[],"product_brand":[],"product_cat":[34],"product_tag":[],"class_list":{"0":"post-661","1":"product","2":"type-product","3":"status-publish","4":"has-post-thumbnail","6":"product_cat-jinko","8":"first","9":"instock","10":"shipping-taxable","11":"product-type-simple"},"_links":{"self":[{"href":"https:\/\/click.ma\/tecas\/wp-json\/wp\/v2\/product\/661","targetHints":{"allow":["GET"]}}],"collection":[{"href":"https:\/\/click.ma\/tecas\/wp-json\/wp\/v2\/product"}],"about":[{"href":"https:\/\/click.ma\/tecas\/wp-json\/wp\/v2\/types\/product"}],"replies":[{"embeddable":true,"href":"https:\/\/click.ma\/tecas\/wp-json\/wp\/v2\/comments?post=661"}],"wp:featuredmedia":[{"embeddable":true,"href":"https:\/\/click.ma\/tecas\/wp-json\/wp\/v2\/media\/673"}],"wp:attachment":[{"href":"https:\/\/click.ma\/tecas\/wp-json\/wp\/v2\/media?parent=661"}],"wp:term":[{"taxonomy":"product_brand","embeddable":true,"href":"https:\/\/click.ma\/tecas\/wp-json\/wp\/v2\/product_brand?post=661"},{"taxonomy":"product_cat","embeddable":true,"href":"https:\/\/click.ma\/tecas\/wp-json\/wp\/v2\/product_cat?post=661"},{"taxonomy":"product_tag","embeddable":true,"href":"https:\/\/click.ma\/tecas\/wp-json\/wp\/v2\/product_tag?post=661"}],"curies":[{"name":"wp","href":"https:\/\/api.w.org\/{rel}","templated":true}]}}