{"id":655,"date":"2025-12-13T18:27:49","date_gmt":"2025-12-13T18:27:49","guid":{"rendered":"https:\/\/click.ma\/tecas\/?post_type=product&#038;p=655"},"modified":"2026-03-06T11:20:25","modified_gmt":"2026-03-06T11:20:25","slug":"panneau-solaire-trina-510w","status":"publish","type":"product","link":"https:\/\/click.ma\/tecas\/produit\/panneau-solaire-trina-510w\/","title":{"rendered":"Panneau Solaire Trina 510W"},"content":{"rendered":"<p>Chez tecas \u00e9nergie solaire nous disposons des panneaux solaires Trina d\u2019une capactit\u00e9 de : 400W \u2013 425W \u2013 505W \u2013 550W \u2013 570W \u2013 655W -660W<\/p>\n<p>La dur\u00e9e de livraison varie entre 2 \u00e0 3 jours<\/p>\n<h2><b>Panneau solaire TRINA Vertex 510W<\/b><\/h2>\n<p>Type: Silicium monocristallin<\/p>\n<p><strong>Puissance: 510W<\/strong><\/p>\n<p>Type de borne de sortie: Connecteur multicontact Type 4<\/p>\n<p>Calibre du c\u00e2ble de sortie: 12 AWG<\/p>\n<p>Type de c\u00e2ble de sortie: PV<\/p>\n<p>Longueur du c\u00e2ble de sortie : 11 pouces (280 mm)<\/p>\n<p>Couleur du cadre: Transparent<\/p>\n<p>Couleur de la feuille arri\u00e8re: blanche<\/p>\n<p>Longueur: 85.7in (2,176mm)<\/p>\n<p>Largeur: 1 092 mm (43 pouces)<\/p>\n<p>Profondeur: 35 mm (1,4 pouces)<\/p>\n<p><strong>Poids: 26,3 kg (58 lb)\u00a0<\/strong><\/p>\n<p>M\u00e9thode d\u2019installation: Montage en rack<\/p>\n<h3><strong>Trina Vertex<\/strong><\/h3>\n<p>Depuis sa cr\u00e9ation en 1997, Trina Solar est l\u2019un des principaux fournisseurs mondiaux de solutions d\u2019\u00e9nergie solaire. Ce qui distingue Trina Solar, c\u2019est son engagement in\u00e9branlable en faveur de l\u2019innovation et de la fiabilit\u00e9 dans la fourniture de produits solaires de pointe.<\/p>\n<p>Les panneaux solaires monocristallins de Trina Solar sont l\u2019un des principaux produits de la soci\u00e9t\u00e9, connus pour leur fiabilit\u00e9 et leur rentabilit\u00e9, en particulier lorsqu\u2019ils sont utilis\u00e9s dans des installations importantes. La marque Vertex, avec le mod\u00e8le Vertex 505W, repr\u00e9sente une avanc\u00e9e technologique significative. Cette conception avanc\u00e9e r\u00e9pond \u00e0 toutes les exigences n\u00e9cessaires pour les applications en toiture, telles que la puissance, l\u2019efficacit\u00e9, la taille, le poids, l\u2019apparence et la charge m\u00e9canique.<\/p>\n<p>Le module Vertex 505W est un choix remarquable pour les installations sur toiture car il offre un excellent \u00e9quilibre entre puissance, taille et poids.<\/p>\n<h3>Consultation gratuite<\/h3>\n<p>Profitez d\u00e8s maintenant d\u2019une consultation gratuite avec nos experts ! Obtenez des r\u00e9ponses \u00e0 toutes vos questions et d\u00e9couvrez comment maximiser votre efficacit\u00e9 \u00e9nerg\u00e9tique. Contactez-nous d\u00e8s aujourd\u2019hui pour r\u00e9server votre consultation gratuite.<\/p>\n<p><strong><span class=\"text-o-color-1\"><u>Trina Solar :<\/u><\/span><\/strong><\/p>\n<p><strong>Trina Solar<\/strong>\u00a0a \u00e9t\u00e9 fond\u00e9e en 1997 par Ga Jifan. Jusqu&rsquo;en 2000, la Chine \u00e9tait \u00e0 la tra\u00eene en mati\u00e8re de cellules photovolta\u00efques tandis que le Japon, les \u00c9tats-Unis et l&rsquo;Europe dominaient le march\u00e9. En tant que pionnier du secteur de l&rsquo;\u00e9nergie solaire, Trina Solar a contribu\u00e9 \u00e0 corriger cette tendance, devenant tr\u00e8s rapidement le leader mondial de la technologie solaire, mais aussi le plus grand fabricant de panneaux photovolta\u00efques (PV) au monde.<\/p>\n<p>L&rsquo;ann\u00e9e 2006 a constitu\u00e9 une \u00e9tape importante pour Trina Solar, qui est entr\u00e9e \u00e0 la bourse de New York (NYSE TSL) pour la premi\u00e8re fois.<\/p>\n","protected":false},"excerpt":{"rendered":"<p>Chez tecas \u00e9nergie solaire nous disposons des panneaux solaires Trina d\u2019une capactit\u00e9 de : 400W \u2013 425W \u2013 505W \u2013<\/p>\n","protected":false},"featured_media":652,"comment_status":"open","ping_status":"closed","template":"","meta":[],"product_brand":[],"product_cat":[21,35],"product_tag":[],"class_list":{"0":"post-655","1":"product","2":"type-product","3":"status-publish","4":"has-post-thumbnail","6":"product_cat-panneaux-solaires","7":"product_cat-trina","9":"first","10":"instock","11":"shipping-taxable","12":"product-type-simple"},"_links":{"self":[{"href":"https:\/\/click.ma\/tecas\/wp-json\/wp\/v2\/product\/655","targetHints":{"allow":["GET"]}}],"collection":[{"href":"https:\/\/click.ma\/tecas\/wp-json\/wp\/v2\/product"}],"about":[{"href":"https:\/\/click.ma\/tecas\/wp-json\/wp\/v2\/types\/product"}],"replies":[{"embeddable":true,"href":"https:\/\/click.ma\/tecas\/wp-json\/wp\/v2\/comments?post=655"}],"wp:featuredmedia":[{"embeddable":true,"href":"https:\/\/click.ma\/tecas\/wp-json\/wp\/v2\/media\/652"}],"wp:attachment":[{"href":"https:\/\/click.ma\/tecas\/wp-json\/wp\/v2\/media?parent=655"}],"wp:term":[{"taxonomy":"product_brand","embeddable":true,"href":"https:\/\/click.ma\/tecas\/wp-json\/wp\/v2\/product_brand?post=655"},{"taxonomy":"product_cat","embeddable":true,"href":"https:\/\/click.ma\/tecas\/wp-json\/wp\/v2\/product_cat?post=655"},{"taxonomy":"product_tag","embeddable":true,"href":"https:\/\/click.ma\/tecas\/wp-json\/wp\/v2\/product_tag?post=655"}],"curies":[{"name":"wp","href":"https:\/\/api.w.org\/{rel}","templated":true}]}}