{"id":638,"date":"2025-12-13T18:27:40","date_gmt":"2025-12-13T18:27:40","guid":{"rendered":"https:\/\/click.ma\/tecas\/?post_type=product&#038;p=638"},"modified":"2026-03-06T11:20:24","modified_gmt":"2026-03-06T11:20:24","slug":"panneau-solaire-longi-550w","status":"publish","type":"product","link":"https:\/\/click.ma\/tecas\/produit\/panneau-solaire-longi-550w\/","title":{"rendered":"Panneau Solaire Longi 550W"},"content":{"rendered":"<h2><span class=\"text-o-color-1\"><u>Int\u00e9gration Verticale de la cha\u00eene de Valeur du solaire Photovolta\u00efque :<\/u><\/span><\/h2>\n<p><span class=\"text-o-color-5\"><strong>LONGi<\/strong><\/span><strong>\u00a0en mati\u00e8re de fabrication de plaquettes, de cellules et de modules solaires, t\u00e9moigne de notre engagement \u00e0 contribuer \u00e0 acc\u00e9l\u00e9rer la transition vers une \u00e9nergie propre. Nous proposons des produits et syst\u00e8mes fiables et de haute qualit\u00e9 pour fournir des solutions globales pour l&rsquo;industrie solaire et des \u00e9nergies renouvelables.<\/strong><\/p>\n<h2><span class=\"text-o-color-1\"><u>Solutions Photovolta\u00efque LONGi :<\/u><\/span><\/h2>\n<p><strong><span class=\"text-o-color-5\">LONGi\u00a0<\/span>est un leader mondial de la transition vers l&rsquo;\u00e9nergie propre. Nous proposons une gamme compl\u00e8te de solutions solaires photovolta\u00efques capables d&rsquo;optimiser un large \u00e9ventail d&rsquo;applications de projets.<\/strong><\/p>\n<h3><span class=\"text-o-color-1\"><u>Qualit\u00e9 du cycle de vie LONGi :<\/u><\/span><\/h3>\n<p><strong>La valeur client est au c\u0153ur de la philosophie de<\/strong><strong>\u00a0<span class=\"text-o-color-5\">LONGi<\/span>\u00a0<span class=\"text-o-color-5\">\u200b<\/span><\/strong><strong>, et notre approche de la qualit\u00e9 du cycle de vie se refl\u00e8te dans chaque maillon de la cha\u00eene de production et de l&rsquo;application du produit, de la conception des composants \u00e0 la production en s\u00e9rie, en passant par le service apr\u00e8s-vente, pour garantir \u00e0 nos clients un maximum de qualit\u00e9, fiabilit\u00e9 et performance.<\/strong><\/p>\n","protected":false},"excerpt":{"rendered":"<p>Int\u00e9gration Verticale de la cha\u00eene de Valeur du solaire Photovolta\u00efque : LONGi\u00a0en mati\u00e8re de fabrication de plaquettes, de cellules et<\/p>\n","protected":false},"featured_media":171,"comment_status":"open","ping_status":"closed","template":"","meta":[],"product_brand":[],"product_cat":[22,21],"product_tag":[],"class_list":{"0":"post-638","1":"product","2":"type-product","3":"status-publish","4":"has-post-thumbnail","6":"product_cat-longi","7":"product_cat-panneaux-solaires","9":"first","10":"instock","11":"shipping-taxable","12":"product-type-simple"},"_links":{"self":[{"href":"https:\/\/click.ma\/tecas\/wp-json\/wp\/v2\/product\/638","targetHints":{"allow":["GET"]}}],"collection":[{"href":"https:\/\/click.ma\/tecas\/wp-json\/wp\/v2\/product"}],"about":[{"href":"https:\/\/click.ma\/tecas\/wp-json\/wp\/v2\/types\/product"}],"replies":[{"embeddable":true,"href":"https:\/\/click.ma\/tecas\/wp-json\/wp\/v2\/comments?post=638"}],"wp:featuredmedia":[{"embeddable":true,"href":"https:\/\/click.ma\/tecas\/wp-json\/wp\/v2\/media\/171"}],"wp:attachment":[{"href":"https:\/\/click.ma\/tecas\/wp-json\/wp\/v2\/media?parent=638"}],"wp:term":[{"taxonomy":"product_brand","embeddable":true,"href":"https:\/\/click.ma\/tecas\/wp-json\/wp\/v2\/product_brand?post=638"},{"taxonomy":"product_cat","embeddable":true,"href":"https:\/\/click.ma\/tecas\/wp-json\/wp\/v2\/product_cat?post=638"},{"taxonomy":"product_tag","embeddable":true,"href":"https:\/\/click.ma\/tecas\/wp-json\/wp\/v2\/product_tag?post=638"}],"curies":[{"name":"wp","href":"https:\/\/api.w.org\/{rel}","templated":true}]}}