{"id":636,"date":"2025-12-13T18:27:40","date_gmt":"2025-12-13T18:27:40","guid":{"rendered":"https:\/\/click.ma\/tecas\/?post_type=product&#038;p=636"},"modified":"2026-03-06T11:20:24","modified_gmt":"2026-03-06T11:20:24","slug":"panneau-solaire-canadian-solar-570w","status":"publish","type":"product","link":"https:\/\/click.ma\/tecas\/produit\/panneau-solaire-canadian-solar-570w\/","title":{"rendered":"Panneau Solaire Canadian Solar 570W"},"content":{"rendered":"<p>CanadianSolar HiKu7 Mono PERC HC 660 Wc \/540Wc 21,2% 144M<\/p>\n<p><span class=\"text-900\">\u200b\u00a0<\/span><span class=\"text-900\">Voc<\/span><span class=\"text-900\">\u00a0<\/span>\u00a0\u00a0 \u00a0 \u00a0 \u00a0 \u00a0 \u00a0\u00a0: 45.4V,<\/p>\n<p><span class=\"text-black\">Isc<\/span>\u00a0 \u00a0 \u00a0 \u00a0 \u00a0 \u00a0 \u00a0 \u00a0 : 18.47A,<\/p>\n<p>Poids\u00a0 \u00a0 \u00a0 \u00a0 \u00a0 \u00a0 : 34.4Kg<\/p>\n<p>Dimensions\u00a0 :\u00a02384x1303x35mm,\u00a0<b>Palette de 31 unit\u00e9s<\/b><\/p>\n<p><span class=\"text-900\">Module PERC double cellule \u00e0 haute puissance<\/span>\u200b<span class=\"text-900\">Wafer 210 mm + 132\/120 double cellule + technologie PERC<\/span>\u200b<span class=\"text-900\">Module de puissance jusqu&rsquo;\u00e0 670 W<\/span>\u200b<span class=\"text-900\">0.4% plus d&rsquo;efficacit\u00e9 \u00e9nerg\u00e9tique dans la dur\u00e9e de vie utile du module<\/span>\u200b<span class=\"text-900\">R\u00e9duction du co\u00fbt BOS et du co\u00fbt LCOE<\/span>\u200b<span class=\"text-900\">R\u00e9duire le co\u00fbt du BOS 5.7%<\/span>\u200b<span class=\"text-900\">LCOE le plus bas 3.5%<\/span>\u200b<span class=\"text-900\">Compatible avec les principaux onduleurs<\/span>\u200b<span class=\"text-900\">Module de fiabilit\u00e9 am\u00e9lior\u00e9e<\/span>\u200b<span class=\"text-900\">Technologie compl\u00e8te d&rsquo;att\u00e9nuation LID\/LeTID, jusqu&rsquo;\u00e0 50\u00a0% de d\u00e9gradation en moins<\/span>\u200b<span class=\"text-900\">Excellentes performances des points chauds<\/span>\u200b<span class=\"text-900\">Meilleure tol\u00e9rance \u00e0 l&rsquo;ombr<\/span><\/p>\n","protected":false},"excerpt":{"rendered":"<p>CanadianSolar HiKu7 Mono PERC HC 660 Wc \/540Wc 21,2% 144M \u200b\u00a0Voc\u00a0\u00a0\u00a0 \u00a0 \u00a0 \u00a0 \u00a0 \u00a0\u00a0: 45.4V, Isc\u00a0 \u00a0 \u00a0<\/p>\n","protected":false},"featured_media":225,"comment_status":"open","ping_status":"closed","template":"","meta":[],"product_brand":[],"product_cat":[38,21],"product_tag":[],"class_list":{"0":"post-636","1":"product","2":"type-product","3":"status-publish","4":"has-post-thumbnail","6":"product_cat-canadiansolar","7":"product_cat-panneaux-solaires","9":"first","10":"instock","11":"shipping-taxable","12":"product-type-simple"},"_links":{"self":[{"href":"https:\/\/click.ma\/tecas\/wp-json\/wp\/v2\/product\/636","targetHints":{"allow":["GET"]}}],"collection":[{"href":"https:\/\/click.ma\/tecas\/wp-json\/wp\/v2\/product"}],"about":[{"href":"https:\/\/click.ma\/tecas\/wp-json\/wp\/v2\/types\/product"}],"replies":[{"embeddable":true,"href":"https:\/\/click.ma\/tecas\/wp-json\/wp\/v2\/comments?post=636"}],"wp:featuredmedia":[{"embeddable":true,"href":"https:\/\/click.ma\/tecas\/wp-json\/wp\/v2\/media\/225"}],"wp:attachment":[{"href":"https:\/\/click.ma\/tecas\/wp-json\/wp\/v2\/media?parent=636"}],"wp:term":[{"taxonomy":"product_brand","embeddable":true,"href":"https:\/\/click.ma\/tecas\/wp-json\/wp\/v2\/product_brand?post=636"},{"taxonomy":"product_cat","embeddable":true,"href":"https:\/\/click.ma\/tecas\/wp-json\/wp\/v2\/product_cat?post=636"},{"taxonomy":"product_tag","embeddable":true,"href":"https:\/\/click.ma\/tecas\/wp-json\/wp\/v2\/product_tag?post=636"}],"curies":[{"name":"wp","href":"https:\/\/api.w.org\/{rel}","templated":true}]}}