{"id":630,"date":"2025-12-13T18:27:40","date_gmt":"2025-12-13T18:27:40","guid":{"rendered":"https:\/\/click.ma\/tecas\/?post_type=product&#038;p=630"},"modified":"2026-03-06T11:20:24","modified_gmt":"2026-03-06T11:20:24","slug":"fusion-home-inverter-3kw-monophase","status":"publish","type":"product","link":"https:\/\/click.ma\/tecas\/produit\/fusion-home-inverter-3kw-monophase\/","title":{"rendered":"FUSION HOME INVERTER 3KW MONOPHASE"},"content":{"rendered":"<h2><span class=\"o_animated_text o_animate o_anim_bounce_in o_animate_both_scroll o_visible o_animated\"><span class=\"text-o-color-1\">Rendements &amp; Revenus\u00a0<\/span><span class=\"text-o-color-5\">\u00ab\u00a0HUAWEI\u00a0\u00bb<\/span><\/span><\/h2>\n<ul>\n<li>Minimiser les co\u00fbts d&rsquo;exploitation et d\u2019entretien du photovolta\u00efque et des syst\u00e8mes de stockages<\/li>\n<li>Permettre des rendements photovolta\u00efques plus \u00e9lev\u00e9s et plus d&rsquo;\u00e9nergie de stockage<\/li>\n<\/ul>\n<h2><u><span class=\"o_animated_text o_animate o_anim_bounce_in o_animate_both_scroll\"><span class=\"text-o-color-1\">S\u00e9curit\u00e9 et fiabilit\u00e9<\/span><\/span><\/u><\/h2>\n<ul>\n<li>Garantir une plus grande s\u00e9curit\u00e9 du syst\u00e8me photovolta\u00efque<\/li>\n<li>S\u00e9curit\u00e9 intelligente pour le syst\u00e8me de stockage d&rsquo;\u00e9nergie<\/li>\n<li>Disponibilit\u00e9 accrue de la solution photovolta\u00efque &amp; syst\u00e8me de stockage<\/li>\n<\/ul>\n<h2><span class=\"text-o-color-1\"><u><span class=\"o_animated_text o_animate o_anim_bounce_in o_animate_both_scroll\">Durabilit\u00e9 et r\u00e9silience<\/span><\/u><\/span><\/h2>\n<ul>\n<li>Permet une plus grande p\u00e9n\u00e9tration de l&rsquo;\u00e9nergie photovolta\u00efque avec un fonctionnement stable dans tous les sc\u00e9narios de r\u00e9seau<\/li>\n<\/ul>\n<h2><span class=\"text-o-color-1\"><u><span class=\"o_animated_text o_animate o_anim_bounce_in o_animate_both_scroll\">R\u00e9duisez votre facture d&rsquo;\u00e9lectricit\u00e9<\/span><\/u><\/span><\/h2>\n<ul>\n<li>\u00c9conomisez sur vos factures d&rsquo;\u00e9lectricit\u00e9 et r\u00e9duisez votre d\u00e9pendance au r\u00e9seau.<\/li>\n<\/ul>\n<h2><span class=\"text-o-color-1\"><u><span class=\"o_animated_text o_animate o_anim_bounce_in o_animate_both_scroll\">Toujours plus de s\u00e9curit\u00e9<\/span><\/u><\/span><\/h2>\n<ul>\n<li>Int\u00e9grant les normes de s\u00e9curit\u00e9 les plus \u00e9lev\u00e9es.<\/li>\n<li>Toute la s\u00e9curit\u00e9 de votre habitation et de vos biens.<\/li>\n<\/ul>\n<h2><span class=\"text-o-color-1\"><u><span class=\"o_animated_text o_animate o_anim_bounce_in o_animate_both_scroll\">Votre maison intelligente<\/span><\/u><\/span><\/h2>\n<ul>\n<li>Pr\u00e9voyez la production et la consommation de votre syst\u00e8me pour une meilleure gestion de votre consommation.<\/li>\n<\/ul>\n<h2><span class=\"text-o-color-1\"><u><span class=\"o_animated_text o_animate o_anim_bounce_in o_animate_both_scroll\">Consommation r\u00e9duite capacit\u00e9 accrue<\/span><\/u><\/span><\/h2>\n<p>Un Design fin et \u00e9pur\u00e9 qui s&rsquo;adapte au style de votre maison.<\/p>\n<h2><span class=\"text-o-color-1\"><u><span class=\"o_animated_text o_animate o_anim_bounce_in o_animate_both_scroll\">Batterie de secours Pour la maison<\/span><\/u><\/span><\/h2>\n<ul>\n<li>Profitez de chaque instant, sans vous soucier des coupures de courant.<\/li>\n<\/ul>\n","protected":false},"excerpt":{"rendered":"<p>Optimisez vos ressources solaires avec une technologie de pointe qui maximise les rendements photovolta\u00efques, stocke intelligemment l&rsquo;\u00e9nergie, assure une s\u00e9curit\u00e9 exceptionnelle, et permet des \u00e9conomies substantielles sur les factures d&rsquo;\u00e9lectricit\u00e9.<\/p>\n","protected":false},"featured_media":645,"comment_status":"open","ping_status":"closed","template":"","meta":[],"product_brand":[],"product_cat":[41,27],"product_tag":[],"class_list":{"0":"post-630","1":"product","2":"type-product","3":"status-publish","4":"has-post-thumbnail","6":"product_cat-huawei","7":"product_cat-onduleurs-solaires-on-grid","9":"first","10":"instock","11":"shipping-taxable","12":"product-type-simple"},"_links":{"self":[{"href":"https:\/\/click.ma\/tecas\/wp-json\/wp\/v2\/product\/630","targetHints":{"allow":["GET"]}}],"collection":[{"href":"https:\/\/click.ma\/tecas\/wp-json\/wp\/v2\/product"}],"about":[{"href":"https:\/\/click.ma\/tecas\/wp-json\/wp\/v2\/types\/product"}],"replies":[{"embeddable":true,"href":"https:\/\/click.ma\/tecas\/wp-json\/wp\/v2\/comments?post=630"}],"wp:featuredmedia":[{"embeddable":true,"href":"https:\/\/click.ma\/tecas\/wp-json\/wp\/v2\/media\/645"}],"wp:attachment":[{"href":"https:\/\/click.ma\/tecas\/wp-json\/wp\/v2\/media?parent=630"}],"wp:term":[{"taxonomy":"product_brand","embeddable":true,"href":"https:\/\/click.ma\/tecas\/wp-json\/wp\/v2\/product_brand?post=630"},{"taxonomy":"product_cat","embeddable":true,"href":"https:\/\/click.ma\/tecas\/wp-json\/wp\/v2\/product_cat?post=630"},{"taxonomy":"product_tag","embeddable":true,"href":"https:\/\/click.ma\/tecas\/wp-json\/wp\/v2\/product_tag?post=630"}],"curies":[{"name":"wp","href":"https:\/\/api.w.org\/{rel}","templated":true}]}}