{"id":616,"date":"2025-12-13T18:27:39","date_gmt":"2025-12-13T18:27:39","guid":{"rendered":"https:\/\/click.ma\/tecas\/?post_type=product&#038;p=616"},"modified":"2026-03-06T11:20:23","modified_gmt":"2026-03-06T11:20:23","slug":"variateur-veichi-si23-5-5kw-380v","status":"publish","type":"product","link":"https:\/\/click.ma\/tecas\/produit\/variateur-veichi-si23-5-5kw-380v\/","title":{"rendered":"Variateur VEICHI SI23 5.5KW 380V"},"content":{"rendered":"<p>MPPT avanc\u00e9e avec une efficacit\u00e9 peut atteindre 99%.<br \/>\nPlusieurs mesures de protection.<br \/>\nAlimentation Hybride avec compensation.<br \/>\nMonitoring \u00e0 travers le r\u00e9seau GPRS.<br \/>\nCompatible avec la plupart des pompes de surfaces et immerg\u00e9es.<\/p>\n","protected":false},"excerpt":{"rendered":"<p>MPPT avanc\u00e9e avec une efficacit\u00e9 peut atteindre 99%. Plusieurs mesures de protection. Alimentation Hybride avec compensation. Monitoring \u00e0 travers le<\/p>\n","protected":false},"featured_media":613,"comment_status":"open","ping_status":"closed","template":"","meta":[],"product_brand":[],"product_cat":[47,79],"product_tag":[],"class_list":{"0":"post-616","1":"product","2":"type-product","3":"status-publish","4":"has-post-thumbnail","6":"product_cat-variateur-de-vitesse","7":"product_cat-veichi","9":"first","10":"instock","11":"shipping-taxable","12":"product-type-simple"},"_links":{"self":[{"href":"https:\/\/click.ma\/tecas\/wp-json\/wp\/v2\/product\/616","targetHints":{"allow":["GET"]}}],"collection":[{"href":"https:\/\/click.ma\/tecas\/wp-json\/wp\/v2\/product"}],"about":[{"href":"https:\/\/click.ma\/tecas\/wp-json\/wp\/v2\/types\/product"}],"replies":[{"embeddable":true,"href":"https:\/\/click.ma\/tecas\/wp-json\/wp\/v2\/comments?post=616"}],"wp:featuredmedia":[{"embeddable":true,"href":"https:\/\/click.ma\/tecas\/wp-json\/wp\/v2\/media\/613"}],"wp:attachment":[{"href":"https:\/\/click.ma\/tecas\/wp-json\/wp\/v2\/media?parent=616"}],"wp:term":[{"taxonomy":"product_brand","embeddable":true,"href":"https:\/\/click.ma\/tecas\/wp-json\/wp\/v2\/product_brand?post=616"},{"taxonomy":"product_cat","embeddable":true,"href":"https:\/\/click.ma\/tecas\/wp-json\/wp\/v2\/product_cat?post=616"},{"taxonomy":"product_tag","embeddable":true,"href":"https:\/\/click.ma\/tecas\/wp-json\/wp\/v2\/product_tag?post=616"}],"curies":[{"name":"wp","href":"https:\/\/api.w.org\/{rel}","templated":true}]}}