{"id":597,"date":"2025-12-13T18:27:33","date_gmt":"2025-12-13T18:27:33","guid":{"rendered":"https:\/\/click.ma\/tecas\/?post_type=product&#038;p=597"},"modified":"2026-03-06T11:20:23","modified_gmt":"2026-03-06T11:20:23","slug":"les-projecteurs-solaires-guangdu-100w","status":"publish","type":"product","link":"https:\/\/click.ma\/tecas\/produit\/les-projecteurs-solaires-guangdu-100w\/","title":{"rendered":"Les Projecteurs Solaires GUANGDU 100W"},"content":{"rendered":"<p><strong><span>Les Projecteurs solaires\u00a0<\/span><\/strong>sont compos\u00e9s d\u2019un boitier en aluminium ce qui permet une bonne protection contre l\u2019humidit\u00e9 et une bonne diffusion de chaleur. De plus, les projecteurs sont compos\u00e9 de LED SMD qui leur offre un \u00e9clairage plus diffus et un champ d\u2019\u00e9clairage plus important. Les projecteurs ainsi que les panneaux solaires sont fournis avec leur bras rotatif de fixation et leurs t\u00e9l\u00e9commandes.<\/p>\n","protected":false},"excerpt":{"rendered":"<p>Les Projecteurs solaires\u00a0sont compos\u00e9s d\u2019un boitier en aluminium ce qui permet une bonne protection contre l\u2019humidit\u00e9 et une bonne diffusion<\/p>\n","protected":false},"featured_media":611,"comment_status":"open","ping_status":"closed","template":"","meta":[],"product_brand":[],"product_cat":[74,76,75],"product_tag":[],"class_list":{"0":"post-597","1":"product","2":"type-product","3":"status-publish","4":"has-post-thumbnail","6":"product_cat-eclairage-solaire","7":"product_cat-guangdu","8":"product_cat-projecteur-solaire","10":"first","11":"instock","12":"shipping-taxable","13":"product-type-simple"},"_links":{"self":[{"href":"https:\/\/click.ma\/tecas\/wp-json\/wp\/v2\/product\/597","targetHints":{"allow":["GET"]}}],"collection":[{"href":"https:\/\/click.ma\/tecas\/wp-json\/wp\/v2\/product"}],"about":[{"href":"https:\/\/click.ma\/tecas\/wp-json\/wp\/v2\/types\/product"}],"replies":[{"embeddable":true,"href":"https:\/\/click.ma\/tecas\/wp-json\/wp\/v2\/comments?post=597"}],"wp:featuredmedia":[{"embeddable":true,"href":"https:\/\/click.ma\/tecas\/wp-json\/wp\/v2\/media\/611"}],"wp:attachment":[{"href":"https:\/\/click.ma\/tecas\/wp-json\/wp\/v2\/media?parent=597"}],"wp:term":[{"taxonomy":"product_brand","embeddable":true,"href":"https:\/\/click.ma\/tecas\/wp-json\/wp\/v2\/product_brand?post=597"},{"taxonomy":"product_cat","embeddable":true,"href":"https:\/\/click.ma\/tecas\/wp-json\/wp\/v2\/product_cat?post=597"},{"taxonomy":"product_tag","embeddable":true,"href":"https:\/\/click.ma\/tecas\/wp-json\/wp\/v2\/product_tag?post=597"}],"curies":[{"name":"wp","href":"https:\/\/api.w.org\/{rel}","templated":true}]}}