{"id":592,"date":"2025-12-13T18:27:33","date_gmt":"2025-12-13T18:27:33","guid":{"rendered":"https:\/\/click.ma\/tecas\/?post_type=product&#038;p=592"},"modified":"2026-03-06T11:20:23","modified_gmt":"2026-03-06T11:20:23","slug":"cable-solaire-1500-v-dc-noir-10mm-2","status":"publish","type":"product","link":"https:\/\/click.ma\/tecas\/produit\/cable-solaire-1500-v-dc-noir-10mm-2\/","title":{"rendered":"C\u00e2ble Solaire 1500 V\/DC NOIR 10MM"},"content":{"rendered":"<p><strong>Les Utilisations de C\u00e2ble Solaire<u><\/u><\/strong><\/p>\n<p>Destin\u00e9 \u00e0 \u00eatre utilis\u00e9 dans les syst\u00e8mes d&rsquo;alimentation photovolta\u00efque\u00a0et applications similaires. Convient pour\u00a0installations fixes et mobiles\u00a0(l\u00e9g\u00e8res) \u00e0 la fois int\u00e9rieure et ext\u00e9rieure, sans\u00a0protection. Peut \u00e9galement \u00eatre install\u00e9 dans les canalisations et les conduits<br \/>\nvisible ou couvert.\u00a0Convient \u00e9galement pour une installation directement sous terre,\u00a0ou enterr\u00e9 dans des tubes souterrains selon la norme CEI 11-17<\/p>\n","protected":false},"excerpt":{"rendered":"<p>Les Utilisations de C\u00e2ble Solaire Destin\u00e9 \u00e0 \u00eatre utilis\u00e9 dans les syst\u00e8mes d&rsquo;alimentation photovolta\u00efque\u00a0et applications similaires. Convient pour\u00a0installations fixes et<\/p>\n","protected":false},"featured_media":608,"comment_status":"open","ping_status":"closed","template":"","meta":[],"product_brand":[],"product_cat":[60,64,71],"product_tag":[],"class_list":{"0":"post-592","1":"product","2":"type-product","3":"status-publish","4":"has-post-thumbnail","6":"product_cat-accessoires-solaires","7":"product_cat-cable-solaire","8":"product_cat-top-cable","10":"first","11":"instock","12":"shipping-taxable","13":"product-type-simple"},"_links":{"self":[{"href":"https:\/\/click.ma\/tecas\/wp-json\/wp\/v2\/product\/592","targetHints":{"allow":["GET"]}}],"collection":[{"href":"https:\/\/click.ma\/tecas\/wp-json\/wp\/v2\/product"}],"about":[{"href":"https:\/\/click.ma\/tecas\/wp-json\/wp\/v2\/types\/product"}],"replies":[{"embeddable":true,"href":"https:\/\/click.ma\/tecas\/wp-json\/wp\/v2\/comments?post=592"}],"wp:featuredmedia":[{"embeddable":true,"href":"https:\/\/click.ma\/tecas\/wp-json\/wp\/v2\/media\/608"}],"wp:attachment":[{"href":"https:\/\/click.ma\/tecas\/wp-json\/wp\/v2\/media?parent=592"}],"wp:term":[{"taxonomy":"product_brand","embeddable":true,"href":"https:\/\/click.ma\/tecas\/wp-json\/wp\/v2\/product_brand?post=592"},{"taxonomy":"product_cat","embeddable":true,"href":"https:\/\/click.ma\/tecas\/wp-json\/wp\/v2\/product_cat?post=592"},{"taxonomy":"product_tag","embeddable":true,"href":"https:\/\/click.ma\/tecas\/wp-json\/wp\/v2\/product_tag?post=592"}],"curies":[{"name":"wp","href":"https:\/\/api.w.org\/{rel}","templated":true}]}}