{"id":578,"date":"2025-12-13T18:27:32","date_gmt":"2025-12-13T18:27:32","guid":{"rendered":"https:\/\/click.ma\/tecas\/?post_type=product&#038;p=578"},"modified":"2026-03-06T11:20:23","modified_gmt":"2026-03-06T11:20:23","slug":"connecteur-mc4","status":"publish","type":"product","link":"https:\/\/click.ma\/tecas\/produit\/connecteur-mc4\/","title":{"rendered":"Connecteur MC4"},"content":{"rendered":"<h5><u>Connecteur solaire Connecteurs multi-contacts<\/u><\/h5>\n<p>Le kit Solar connector-2 de Samlex contient 1 connecteur de panneau solaire m\u00e2le et 1 femelle. Connecteur solaire de c\u00e2ble IP67 syst\u00e8me d&rsquo;alimentation solaire connecteurs de c\u00e2ble m\u00e2les et femelles, connecteur de c\u00e2ble solaire IP67 solaire est facile \u00e0 installer et utilise des languettes de verrouillage de s\u00e9curit\u00e9 \u00ab\u00a0encliquetables\u00a0\u00bb pour verrouiller deux accouplements.<\/p>\n<p>connecteurs, \u00e9vitant ainsi une d\u00e9connexion involontaire. \u00c9galement lorsque le c\u00e2ble IP67 connecteur solaire syst\u00e8me d&rsquo;alimentation solaire connecteurs de c\u00e2ble m\u00e2les et femelles, connecteur de c\u00e2ble solaire IP67 solaire verrouill\u00e9, l&rsquo;accouplement les contacts sont scell\u00e9s contre la p\u00e9n\u00e9tration de poussi\u00e8re et d&rsquo;eau.<\/p>\n<h5><u>Les Sp\u00e9cifications sont les suivantes<\/u><\/h5>\n<p>Connecteur solaire de c\u00e2ble IP67 Syst\u00e8me d&rsquo;alimentation solaire connecteurs de c\u00e2ble m\u00e2les et femelles, connecteur de\u00a0 \u00a0 \u00a0 \u00a0 \u00a0 \u00a0 \u00a0c\u00e2ble solaire ip67 solaire .<\/p>\n<p>\u2022 Les connecteurs fournis avec ce kit sont \u00e0 utiliser avec des fils de taille AWG\u00a0#\u00a010 ou AWG\u00a0#\u00a012 avec<\/p>\n<p>diam\u00e8tre ext\u00e9rieur de l&rsquo;isolant de 3 \u00e0 6 mm<\/p>\n<p>\u2022 Diam\u00e8tre des contacts\u00a0&#8211;\u00a04\u00a0mm<\/p>\n<p>\u2022\u00a0Courant nominal maximal\u00a0: 30\u00a0A<\/p>\n<p>\u2022 Tension maximale du syst\u00e8me\u00a0&#8211;\u00a01\u00a0000\u00a0V<\/p>\n<p>\u2022 Degr\u00e9 de protection contre les infiltrations lorsqu&rsquo;il est connect\u00e9 et correctement verrouill\u00e9 &#8211; IP67<\/p>\n<p>\u2022\u00a0Plage de temp\u00e9rature de 40\u00a0\u00b0C \u00e0 +90\u00a0\u00b0C<\/p>\n<p>\u2022 TUV Rheinland \u2013 type approuv\u00e9, r\u00e9pertori\u00e9 UL.<\/p>\n","protected":false},"excerpt":{"rendered":"<p>Connecteur solaire Connecteurs multi-contacts Le kit Solar connector-2 de Samlex contient 1 connecteur de panneau solaire m\u00e2le et 1 femelle.<\/p>\n","protected":false},"featured_media":605,"comment_status":"open","ping_status":"closed","template":"","meta":[],"product_brand":[],"product_cat":[60],"product_tag":[],"class_list":{"0":"post-578","1":"product","2":"type-product","3":"status-publish","4":"has-post-thumbnail","6":"product_cat-accessoires-solaires","8":"first","9":"instock","10":"shipping-taxable","11":"product-type-simple"},"_links":{"self":[{"href":"https:\/\/click.ma\/tecas\/wp-json\/wp\/v2\/product\/578","targetHints":{"allow":["GET"]}}],"collection":[{"href":"https:\/\/click.ma\/tecas\/wp-json\/wp\/v2\/product"}],"about":[{"href":"https:\/\/click.ma\/tecas\/wp-json\/wp\/v2\/types\/product"}],"replies":[{"embeddable":true,"href":"https:\/\/click.ma\/tecas\/wp-json\/wp\/v2\/comments?post=578"}],"wp:featuredmedia":[{"embeddable":true,"href":"https:\/\/click.ma\/tecas\/wp-json\/wp\/v2\/media\/605"}],"wp:attachment":[{"href":"https:\/\/click.ma\/tecas\/wp-json\/wp\/v2\/media?parent=578"}],"wp:term":[{"taxonomy":"product_brand","embeddable":true,"href":"https:\/\/click.ma\/tecas\/wp-json\/wp\/v2\/product_brand?post=578"},{"taxonomy":"product_cat","embeddable":true,"href":"https:\/\/click.ma\/tecas\/wp-json\/wp\/v2\/product_cat?post=578"},{"taxonomy":"product_tag","embeddable":true,"href":"https:\/\/click.ma\/tecas\/wp-json\/wp\/v2\/product_tag?post=578"}],"curies":[{"name":"wp","href":"https:\/\/api.w.org\/{rel}","templated":true}]}}