{"id":477,"date":"2025-12-13T18:27:14","date_gmt":"2025-12-13T18:27:14","guid":{"rendered":"https:\/\/click.ma\/tecas\/?post_type=product&#038;p=477"},"modified":"2026-03-06T11:20:20","modified_gmt":"2026-03-06T11:20:20","slug":"cable-immergee-pour-les-pompes-30-75mm%c2%b2","status":"publish","type":"product","link":"https:\/\/click.ma\/tecas\/produit\/cable-immergee-pour-les-pompes-30-75mm%c2%b2\/","title":{"rendered":"C\u00e2ble Immerg\u00e9e pour les pompes 3*0.75MM\u00b2"},"content":{"rendered":"<p><strong><u>C\u00e2ble Immerg\u00e9e Pour Pompe Immerg\u00e9e :<\/u><\/strong><\/p>\n<ul>\n<li>La section de c\u00e2ble\u00a0ou diam\u00e8tre de\u00a0chaque brins ou conducteur en mm2 se choisit en fonction de 3 param\u00e8tres principaux que sont:<\/li>\n<\/ul>\n<ol>\n<li>La Puissance de la pompe en kilo Watts\u00a0<strong>kW<\/strong><\/li>\n<li>L&rsquo;intensit\u00e9 de la pompe en Amp\u00e8res\u00a0<strong>\u00a0A<\/strong><\/li>\n<li>Et la longueur totale du c\u00e2ble immerg\u00e9 en m\u00e8tres\u00a0<strong>M<\/strong><\/li>\n<\/ol>\n<ul>\n<li><span class=\"text-black\">En r\u00e8gle g\u00e9n\u00e9ral, plus le c\u00e2ble immerg\u00e9 est long, plus la section de c\u00e2ble est importante, de la m\u00eame mani\u00e8re plus la pompe est puissante et plus la section de c\u00e2ble augmente.\u00a0<\/span><\/li>\n<\/ul>\n","protected":false},"excerpt":{"rendered":"<p>C\u00e2ble Immerg\u00e9e Pour Pompe Immerg\u00e9e : La section de c\u00e2ble\u00a0ou diam\u00e8tre de\u00a0chaque brins ou conducteur en mm2 se choisit en<\/p>\n","protected":false},"featured_media":494,"comment_status":"open","ping_status":"closed","template":"","meta":[],"product_brand":[],"product_cat":[60,64],"product_tag":[],"class_list":{"0":"post-477","1":"product","2":"type-product","3":"status-publish","4":"has-post-thumbnail","6":"product_cat-accessoires-solaires","7":"product_cat-cable-solaire","9":"first","10":"instock","11":"shipping-taxable","12":"product-type-simple"},"_links":{"self":[{"href":"https:\/\/click.ma\/tecas\/wp-json\/wp\/v2\/product\/477","targetHints":{"allow":["GET"]}}],"collection":[{"href":"https:\/\/click.ma\/tecas\/wp-json\/wp\/v2\/product"}],"about":[{"href":"https:\/\/click.ma\/tecas\/wp-json\/wp\/v2\/types\/product"}],"replies":[{"embeddable":true,"href":"https:\/\/click.ma\/tecas\/wp-json\/wp\/v2\/comments?post=477"}],"wp:featuredmedia":[{"embeddable":true,"href":"https:\/\/click.ma\/tecas\/wp-json\/wp\/v2\/media\/494"}],"wp:attachment":[{"href":"https:\/\/click.ma\/tecas\/wp-json\/wp\/v2\/media?parent=477"}],"wp:term":[{"taxonomy":"product_brand","embeddable":true,"href":"https:\/\/click.ma\/tecas\/wp-json\/wp\/v2\/product_brand?post=477"},{"taxonomy":"product_cat","embeddable":true,"href":"https:\/\/click.ma\/tecas\/wp-json\/wp\/v2\/product_cat?post=477"},{"taxonomy":"product_tag","embeddable":true,"href":"https:\/\/click.ma\/tecas\/wp-json\/wp\/v2\/product_tag?post=477"}],"curies":[{"name":"wp","href":"https:\/\/api.w.org\/{rel}","templated":true}]}}