{"id":437,"date":"2025-12-13T18:27:08","date_gmt":"2025-12-13T18:27:08","guid":{"rendered":"https:\/\/click.ma\/tecas\/?post_type=product&#038;p=437"},"modified":"2026-03-06T11:20:19","modified_gmt":"2026-03-06T11:20:19","slug":"disjoncteur-de-protection-dc-tosun-2p-20a","status":"publish","type":"product","link":"https:\/\/click.ma\/tecas\/produit\/disjoncteur-de-protection-dc-tosun-2p-20a\/","title":{"rendered":"Disjoncteur de Protection DC TOSUN 2P 20A"},"content":{"rendered":"<p>Le Disjoncteur\u00a0<strong>TSB5-63DC<\/strong>\u00a0est con\u00e7u pour fournir une protection contre les surintensit\u00e9s dans les appareils ou les \u00e9quipements \u00e9lectriques, une protection de circuit de d\u00e9rivation est d\u00e9j\u00e0 fournie ou non requise. L&rsquo;appareil est con\u00e7u pour les applications de circuit de commande \u00e0 courant continu (DC).<\/p>\n","protected":false},"excerpt":{"rendered":"<p>Le Disjoncteur\u00a0TSB5-63DC\u00a0est con\u00e7u pour fournir une protection contre les surintensit\u00e9s dans les appareils ou les \u00e9quipements \u00e9lectriques, une protection de<\/p>\n","protected":false},"featured_media":458,"comment_status":"open","ping_status":"closed","template":"","meta":[],"product_brand":[],"product_cat":[60,62,63],"product_tag":[],"class_list":{"0":"post-437","1":"product","2":"type-product","3":"status-publish","4":"has-post-thumbnail","6":"product_cat-accessoires-solaires","7":"product_cat-protections-dc","8":"product_cat-tosun","10":"first","11":"instock","12":"shipping-taxable","13":"product-type-simple"},"_links":{"self":[{"href":"https:\/\/click.ma\/tecas\/wp-json\/wp\/v2\/product\/437","targetHints":{"allow":["GET"]}}],"collection":[{"href":"https:\/\/click.ma\/tecas\/wp-json\/wp\/v2\/product"}],"about":[{"href":"https:\/\/click.ma\/tecas\/wp-json\/wp\/v2\/types\/product"}],"replies":[{"embeddable":true,"href":"https:\/\/click.ma\/tecas\/wp-json\/wp\/v2\/comments?post=437"}],"wp:featuredmedia":[{"embeddable":true,"href":"https:\/\/click.ma\/tecas\/wp-json\/wp\/v2\/media\/458"}],"wp:attachment":[{"href":"https:\/\/click.ma\/tecas\/wp-json\/wp\/v2\/media?parent=437"}],"wp:term":[{"taxonomy":"product_brand","embeddable":true,"href":"https:\/\/click.ma\/tecas\/wp-json\/wp\/v2\/product_brand?post=437"},{"taxonomy":"product_cat","embeddable":true,"href":"https:\/\/click.ma\/tecas\/wp-json\/wp\/v2\/product_cat?post=437"},{"taxonomy":"product_tag","embeddable":true,"href":"https:\/\/click.ma\/tecas\/wp-json\/wp\/v2\/product_tag?post=437"}],"curies":[{"name":"wp","href":"https:\/\/api.w.org\/{rel}","templated":true}]}}