{"id":415,"date":"2025-12-13T18:27:00","date_gmt":"2025-12-13T18:27:00","guid":{"rendered":"https:\/\/click.ma\/tecas\/?post_type=product&#038;p=415"},"modified":"2026-03-06T11:20:19","modified_gmt":"2026-03-06T11:20:19","slug":"variateur-invt-gd100-4kw-3ph-220v","status":"publish","type":"product","link":"https:\/\/click.ma\/tecas\/produit\/variateur-invt-gd100-4kw-3ph-220v\/","title":{"rendered":"Variateur INVT GD100 4KW 3PH 220V"},"content":{"rendered":"<p>Les variateurs solaires VFD de la s\u00e9rie GD100-PV sont que INVT a r\u00e9cemment lanc\u00e9 sp\u00e9cialement pour les applications de MOTEUR solaire. Bas\u00e9 sur les produits originaux de l&rsquo;onduleur de MOTEUR solaire, ce qui optimise la convivialit\u00e9 et les performances, et \u00e9tend les niveaux de tension applicables et la plage de puissance du produit. Le niveau de tension peut \u00eatre appliqu\u00e9 \u00e0 des pompes monophas\u00e9es \/ triphas\u00e9es 220 V, triphas\u00e9es 380 V, plage de puissance de 0,4 kW \u00e0 110 kW.<\/p>\n","protected":false},"excerpt":{"rendered":"<p>Les variateurs solaires VFD de la s\u00e9rie GD100-PV sont que INVT a r\u00e9cemment lanc\u00e9 sp\u00e9cialement pour les applications de MOTEUR<\/p>\n","protected":false},"featured_media":426,"comment_status":"open","ping_status":"closed","template":"","meta":[],"product_brand":[],"product_cat":[59,47],"product_tag":[],"class_list":{"0":"post-415","1":"product","2":"type-product","3":"status-publish","4":"has-post-thumbnail","6":"product_cat-invt-variateur-de-vitesse","7":"product_cat-variateur-de-vitesse","9":"first","10":"instock","11":"shipping-taxable","12":"product-type-simple"},"_links":{"self":[{"href":"https:\/\/click.ma\/tecas\/wp-json\/wp\/v2\/product\/415","targetHints":{"allow":["GET"]}}],"collection":[{"href":"https:\/\/click.ma\/tecas\/wp-json\/wp\/v2\/product"}],"about":[{"href":"https:\/\/click.ma\/tecas\/wp-json\/wp\/v2\/types\/product"}],"replies":[{"embeddable":true,"href":"https:\/\/click.ma\/tecas\/wp-json\/wp\/v2\/comments?post=415"}],"wp:featuredmedia":[{"embeddable":true,"href":"https:\/\/click.ma\/tecas\/wp-json\/wp\/v2\/media\/426"}],"wp:attachment":[{"href":"https:\/\/click.ma\/tecas\/wp-json\/wp\/v2\/media?parent=415"}],"wp:term":[{"taxonomy":"product_brand","embeddable":true,"href":"https:\/\/click.ma\/tecas\/wp-json\/wp\/v2\/product_brand?post=415"},{"taxonomy":"product_cat","embeddable":true,"href":"https:\/\/click.ma\/tecas\/wp-json\/wp\/v2\/product_cat?post=415"},{"taxonomy":"product_tag","embeddable":true,"href":"https:\/\/click.ma\/tecas\/wp-json\/wp\/v2\/product_tag?post=415"}],"curies":[{"name":"wp","href":"https:\/\/api.w.org\/{rel}","templated":true}]}}