{"id":330,"date":"2025-12-13T18:26:52","date_gmt":"2025-12-13T18:26:52","guid":{"rendered":"https:\/\/click.ma\/tecas\/?post_type=product&#038;p=330"},"modified":"2026-03-06T11:20:16","modified_gmt":"2026-03-06T11:20:16","slug":"panneaux-solaire-peimar-400w","status":"publish","type":"product","link":"https:\/\/click.ma\/tecas\/produit\/panneaux-solaire-peimar-400w\/","title":{"rendered":"Panneaux Solaire PEIMAR 400W"},"content":{"rendered":"<p><span><u>\u200b<\/u><strong><u>Les Panneaux Photovoltaiques PEIMAR<\/u><\/strong><\/span><span class=\"text-black\"><strong><u>\u200b<\/u><\/strong><\/span><u><\/u><span class=\"text-black\">\u200b<\/span><\/p>\n<p><span class=\"text-black\">La s\u00e9lection des mat\u00e9riaux \u00e0 l\u2019assemblage, en Passant par l\u2019emballage, chaque phase du Processus de Production se d\u00e9roule dans l\u2019usine de Brescia, o\u00f9 une \u00e9quipe de techniciens et d\u2019ing\u00e9nieurs sp\u00e9cialis\u00e9s assure le d\u00e9veloppement continu des Produits.<\/span><\/p>\n<ul>\n<li><i><\/i><span class=\"text-black\">Assicurance\u00a0<strong>QBE<\/strong><\/span><\/li>\n<li><i><\/i><span class=\"text-black\">Garantie de production lineaire\u00a0<\/span><\/li>\n<li><i><\/i><span class=\"text-black\">Garantie produits\u00a0<\/span><\/li>\n<li><i><\/i><span class=\"text-black\">Verre\u00a0<\/span><b><span class=\"text-black\">Anti-Reflet<\/span><\/b><\/li>\n<\/ul>\n","protected":false},"excerpt":{"rendered":"<p>\u200bLes Panneaux Photovoltaiques PEIMAR\u200b\u200b La s\u00e9lection des mat\u00e9riaux \u00e0 l\u2019assemblage, en Passant par l\u2019emballage, chaque phase du Processus de Production<\/p>\n","protected":false},"featured_media":359,"comment_status":"open","ping_status":"closed","template":"","meta":[],"product_brand":[],"product_cat":[21,54],"product_tag":[],"class_list":{"0":"post-330","1":"product","2":"type-product","3":"status-publish","4":"has-post-thumbnail","6":"product_cat-panneaux-solaires","7":"product_cat-peimar","9":"first","10":"instock","11":"shipping-taxable","12":"product-type-simple"},"_links":{"self":[{"href":"https:\/\/click.ma\/tecas\/wp-json\/wp\/v2\/product\/330","targetHints":{"allow":["GET"]}}],"collection":[{"href":"https:\/\/click.ma\/tecas\/wp-json\/wp\/v2\/product"}],"about":[{"href":"https:\/\/click.ma\/tecas\/wp-json\/wp\/v2\/types\/product"}],"replies":[{"embeddable":true,"href":"https:\/\/click.ma\/tecas\/wp-json\/wp\/v2\/comments?post=330"}],"wp:featuredmedia":[{"embeddable":true,"href":"https:\/\/click.ma\/tecas\/wp-json\/wp\/v2\/media\/359"}],"wp:attachment":[{"href":"https:\/\/click.ma\/tecas\/wp-json\/wp\/v2\/media?parent=330"}],"wp:term":[{"taxonomy":"product_brand","embeddable":true,"href":"https:\/\/click.ma\/tecas\/wp-json\/wp\/v2\/product_brand?post=330"},{"taxonomy":"product_cat","embeddable":true,"href":"https:\/\/click.ma\/tecas\/wp-json\/wp\/v2\/product_cat?post=330"},{"taxonomy":"product_tag","embeddable":true,"href":"https:\/\/click.ma\/tecas\/wp-json\/wp\/v2\/product_tag?post=330"}],"curies":[{"name":"wp","href":"https:\/\/api.w.org\/{rel}","templated":true}]}}