{"id":310,"date":"2025-12-13T18:26:44","date_gmt":"2025-12-13T18:26:44","guid":{"rendered":"https:\/\/click.ma\/tecas\/?post_type=product&#038;p=310"},"modified":"2026-03-06T11:20:16","modified_gmt":"2026-03-06T11:20:16","slug":"data-manager-m","status":"publish","type":"product","link":"https:\/\/click.ma\/tecas\/produit\/data-manager-m\/","title":{"rendered":"Data Manager M"},"content":{"rendered":"<p>Gr\u00e2ce au SMA Power Plant Manager, les flux d&rsquo;\u00e9nergie sont efficacement g\u00e9r\u00e9s dans les centrales, \u00e9vitant les pics de charge, stockant les exc\u00e9dents et optimisant l&rsquo;utilisation d&rsquo;\u00e9nergie<\/p>\n","protected":false},"excerpt":{"rendered":"<p>Avec le SMA Energy System Home, la consommation d&rsquo;appareils m\u00e9nagers est align\u00e9e sur la disponibilit\u00e9 d&rsquo;\u00e9nergie solaire, augmentant ainsi l&rsquo;autoconsommation.<\/p>\n","protected":false},"featured_media":322,"comment_status":"open","ping_status":"closed","template":"","meta":[],"product_brand":[],"product_cat":[27,51],"product_tag":[],"class_list":{"0":"post-310","1":"product","2":"type-product","3":"status-publish","4":"has-post-thumbnail","6":"product_cat-onduleurs-solaires-on-grid","7":"product_cat-sma","9":"first","10":"instock","11":"shipping-taxable","12":"product-type-simple"},"_links":{"self":[{"href":"https:\/\/click.ma\/tecas\/wp-json\/wp\/v2\/product\/310","targetHints":{"allow":["GET"]}}],"collection":[{"href":"https:\/\/click.ma\/tecas\/wp-json\/wp\/v2\/product"}],"about":[{"href":"https:\/\/click.ma\/tecas\/wp-json\/wp\/v2\/types\/product"}],"replies":[{"embeddable":true,"href":"https:\/\/click.ma\/tecas\/wp-json\/wp\/v2\/comments?post=310"}],"wp:featuredmedia":[{"embeddable":true,"href":"https:\/\/click.ma\/tecas\/wp-json\/wp\/v2\/media\/322"}],"wp:attachment":[{"href":"https:\/\/click.ma\/tecas\/wp-json\/wp\/v2\/media?parent=310"}],"wp:term":[{"taxonomy":"product_brand","embeddable":true,"href":"https:\/\/click.ma\/tecas\/wp-json\/wp\/v2\/product_brand?post=310"},{"taxonomy":"product_cat","embeddable":true,"href":"https:\/\/click.ma\/tecas\/wp-json\/wp\/v2\/product_cat?post=310"},{"taxonomy":"product_tag","embeddable":true,"href":"https:\/\/click.ma\/tecas\/wp-json\/wp\/v2\/product_tag?post=310"}],"curies":[{"name":"wp","href":"https:\/\/api.w.org\/{rel}","templated":true}]}}