{"id":290,"date":"2025-12-13T18:26:43","date_gmt":"2025-12-13T18:26:43","guid":{"rendered":"https:\/\/click.ma\/tecas\/?post_type=product&#038;p=290"},"modified":"2026-03-06T11:20:15","modified_gmt":"2026-03-06T11:20:15","slug":"80kw-mt-triphase-4-mppt","status":"publish","type":"product","link":"https:\/\/click.ma\/tecas\/produit\/80kw-mt-triphase-4-mppt\/","title":{"rendered":"80kW MT | Triphas\u00e9 | 4 MPPT"},"content":{"rendered":"<p>\u00c0 travers des technologies intelligentes, GOODWE d\u00e9veloppe des solutions de stockage \u00e9nerg\u00e9tique pour la r\u00e9sidence, maximisant l&rsquo;autoconsommation et garantissant une alimentation s\u00e9curis\u00e9e en cas de panne<\/p>\n","protected":false},"excerpt":{"rendered":"<p>GOODWE fournit des solutions \u00e9nerg\u00e9tiques avec expertise technique et modules photovolta\u00efques \u00e0 courant \u00e9lev\u00e9 pour augmenter les revenus et la valeur des propri\u00e9t\u00e9s<\/p>\n","protected":false},"featured_media":315,"comment_status":"open","ping_status":"closed","template":"","meta":[],"product_brand":[],"product_cat":[50,27],"product_tag":[],"class_list":{"0":"post-290","1":"product","2":"type-product","3":"status-publish","4":"has-post-thumbnail","6":"product_cat-goodwe","7":"product_cat-onduleurs-solaires-on-grid","9":"first","10":"instock","11":"shipping-taxable","12":"product-type-simple"},"_links":{"self":[{"href":"https:\/\/click.ma\/tecas\/wp-json\/wp\/v2\/product\/290","targetHints":{"allow":["GET"]}}],"collection":[{"href":"https:\/\/click.ma\/tecas\/wp-json\/wp\/v2\/product"}],"about":[{"href":"https:\/\/click.ma\/tecas\/wp-json\/wp\/v2\/types\/product"}],"replies":[{"embeddable":true,"href":"https:\/\/click.ma\/tecas\/wp-json\/wp\/v2\/comments?post=290"}],"wp:featuredmedia":[{"embeddable":true,"href":"https:\/\/click.ma\/tecas\/wp-json\/wp\/v2\/media\/315"}],"wp:attachment":[{"href":"https:\/\/click.ma\/tecas\/wp-json\/wp\/v2\/media?parent=290"}],"wp:term":[{"taxonomy":"product_brand","embeddable":true,"href":"https:\/\/click.ma\/tecas\/wp-json\/wp\/v2\/product_brand?post=290"},{"taxonomy":"product_cat","embeddable":true,"href":"https:\/\/click.ma\/tecas\/wp-json\/wp\/v2\/product_cat?post=290"},{"taxonomy":"product_tag","embeddable":true,"href":"https:\/\/click.ma\/tecas\/wp-json\/wp\/v2\/product_tag?post=290"}],"curies":[{"name":"wp","href":"https:\/\/api.w.org\/{rel}","templated":true}]}}