{"id":223,"date":"2025-12-13T18:26:30","date_gmt":"2025-12-13T18:26:30","guid":{"rendered":"https:\/\/click.ma\/tecas\/?post_type=product&#038;p=223"},"modified":"2026-03-06T11:20:14","modified_gmt":"2026-03-06T11:20:14","slug":"smart-logger-3000a","status":"publish","type":"product","link":"https:\/\/click.ma\/tecas\/produit\/smart-logger-3000a\/","title":{"rendered":"SMART LOGGER 3000A"},"content":{"rendered":"<p>potentiel solaire avec la Solution \u00c9nerg\u00e9tique HUAWEI pour Rendements &amp; Revenus. Cette technologie de pointe maximise les rendements photovolta\u00efques tout en minimisant les co\u00fbts d&rsquo;exploitation et d&rsquo;entretien. Stockez l&rsquo;\u00e9nergie intelligemment, r\u00e9duisez vos factures d&rsquo;\u00e9lectricit\u00e9 et assurez-vous une s\u00e9curit\u00e9 in\u00e9gal\u00e9e avec des normes de s\u00e9curit\u00e9 \u00e9lev\u00e9es.<\/p>\n","protected":false},"excerpt":{"rendered":"<p>optimisez vos ressources solaires avec une technologie de pointe qui maximise les rendements photovolta\u00efques, stocke intelligemment l&rsquo;\u00e9nergie, assure une s\u00e9curit\u00e9 exceptionnelle, et permet des \u00e9conomies substantielles sur les factures d&rsquo;\u00e9lectricit\u00e9<\/p>\n","protected":false},"featured_media":240,"comment_status":"open","ping_status":"closed","template":"","meta":[],"product_brand":[],"product_cat":[41,27],"product_tag":[],"class_list":{"0":"post-223","1":"product","2":"type-product","3":"status-publish","4":"has-post-thumbnail","6":"product_cat-huawei","7":"product_cat-onduleurs-solaires-on-grid","9":"first","10":"instock","11":"shipping-taxable","12":"product-type-simple"},"_links":{"self":[{"href":"https:\/\/click.ma\/tecas\/wp-json\/wp\/v2\/product\/223","targetHints":{"allow":["GET"]}}],"collection":[{"href":"https:\/\/click.ma\/tecas\/wp-json\/wp\/v2\/product"}],"about":[{"href":"https:\/\/click.ma\/tecas\/wp-json\/wp\/v2\/types\/product"}],"replies":[{"embeddable":true,"href":"https:\/\/click.ma\/tecas\/wp-json\/wp\/v2\/comments?post=223"}],"wp:featuredmedia":[{"embeddable":true,"href":"https:\/\/click.ma\/tecas\/wp-json\/wp\/v2\/media\/240"}],"wp:attachment":[{"href":"https:\/\/click.ma\/tecas\/wp-json\/wp\/v2\/media?parent=223"}],"wp:term":[{"taxonomy":"product_brand","embeddable":true,"href":"https:\/\/click.ma\/tecas\/wp-json\/wp\/v2\/product_brand?post=223"},{"taxonomy":"product_cat","embeddable":true,"href":"https:\/\/click.ma\/tecas\/wp-json\/wp\/v2\/product_cat?post=223"},{"taxonomy":"product_tag","embeddable":true,"href":"https:\/\/click.ma\/tecas\/wp-json\/wp\/v2\/product_tag?post=223"}],"curies":[{"name":"wp","href":"https:\/\/api.w.org\/{rel}","templated":true}]}}