{"id":214,"date":"2025-12-13T18:26:30","date_gmt":"2025-12-13T18:26:30","guid":{"rendered":"https:\/\/click.ma\/tecas\/?post_type=product&#038;p=214"},"modified":"2026-03-06T11:20:13","modified_gmt":"2026-03-06T11:20:13","slug":"fusion-home-inverter-5kw-triphase","status":"publish","type":"product","link":"https:\/\/click.ma\/tecas\/produit\/fusion-home-inverter-5kw-triphase\/","title":{"rendered":"FUSION HOME INVERTER 5KW TRIPHASE"},"content":{"rendered":"<p>Les solutions \u00ab\u00a0HUAWEI\u00a0\u00bb en photovolta\u00efque et syst\u00e8mes de stockage visent \u00e0 maximiser les rendements solaires et \u00e0 r\u00e9duire les co\u00fbts. Elles garantissent une haute s\u00e9curit\u00e9, une gestion intelligente de la production et de la consommation d&rsquo;\u00e9nergie, et une int\u00e9gration \u00e9l\u00e9gante dans votre maison. Ces solutions autonomes offrent une \u00e9nergie fiable en cas de coupures de courant, r\u00e9duisant vos factures et augmentant votre ind\u00e9pendance \u00e9nerg\u00e9tique.<\/p>\n","protected":false},"excerpt":{"rendered":"<p>Optimisez vos rendements solaires avec les solutions \u00ab\u00a0HUAWEI\u00a0\u00bb en photovolta\u00efque et syst\u00e8mes de stockage. S\u00e9curit\u00e9 avanc\u00e9e, gestion intelligente, et design harmonieux pour une \u00e9nergie fiable, r\u00e9duisant les co\u00fbts et renfor\u00e7ant votre ind\u00e9pendance \u00e9nerg\u00e9tique.<\/p>\n","protected":false},"featured_media":234,"comment_status":"open","ping_status":"closed","template":"","meta":[],"product_brand":[],"product_cat":[41,27],"product_tag":[],"class_list":{"0":"post-214","1":"product","2":"type-product","3":"status-publish","4":"has-post-thumbnail","6":"product_cat-huawei","7":"product_cat-onduleurs-solaires-on-grid","9":"first","10":"instock","11":"shipping-taxable","12":"product-type-simple"},"_links":{"self":[{"href":"https:\/\/click.ma\/tecas\/wp-json\/wp\/v2\/product\/214","targetHints":{"allow":["GET"]}}],"collection":[{"href":"https:\/\/click.ma\/tecas\/wp-json\/wp\/v2\/product"}],"about":[{"href":"https:\/\/click.ma\/tecas\/wp-json\/wp\/v2\/types\/product"}],"replies":[{"embeddable":true,"href":"https:\/\/click.ma\/tecas\/wp-json\/wp\/v2\/comments?post=214"}],"wp:featuredmedia":[{"embeddable":true,"href":"https:\/\/click.ma\/tecas\/wp-json\/wp\/v2\/media\/234"}],"wp:attachment":[{"href":"https:\/\/click.ma\/tecas\/wp-json\/wp\/v2\/media?parent=214"}],"wp:term":[{"taxonomy":"product_brand","embeddable":true,"href":"https:\/\/click.ma\/tecas\/wp-json\/wp\/v2\/product_brand?post=214"},{"taxonomy":"product_cat","embeddable":true,"href":"https:\/\/click.ma\/tecas\/wp-json\/wp\/v2\/product_cat?post=214"},{"taxonomy":"product_tag","embeddable":true,"href":"https:\/\/click.ma\/tecas\/wp-json\/wp\/v2\/product_tag?post=214"}],"curies":[{"name":"wp","href":"https:\/\/api.w.org\/{rel}","templated":true}]}}