{"id":207,"date":"2025-12-13T18:26:29","date_gmt":"2025-12-13T18:26:29","guid":{"rendered":"https:\/\/click.ma\/tecas\/?post_type=product&#038;p=207"},"modified":"2026-03-06T11:20:13","modified_gmt":"2026-03-06T11:20:13","slug":"panneau-solaire-tesla-325w","status":"publish","type":"product","link":"https:\/\/click.ma\/tecas\/produit\/panneau-solaire-tesla-325w\/","title":{"rendered":"Panneau solaire Tesla 325W"},"content":{"rendered":"<h2 aria-level=\"2\"><span data-contrast=\"none\">Consultation gratuite<\/span><span data-ccp-props=\"{&quot;134245418&quot;:true,&quot;134245529&quot;:true,&quot;201341983&quot;:0,&quot;335559738&quot;:40,&quot;335559739&quot;:0,&quot;335559740&quot;:259}\">\u00a0<\/span><\/h2>\n<p><span data-contrast=\"none\">Profitez d\u00e8s maintenant d\u2019une consultation gratuite avec nos experts ! Obtenez des r\u00e9ponses \u00e0 toutes vos questions et d\u00e9couvrez comment maximiser votre efficacit\u00e9 \u00e9nerg\u00e9tique. Contactez-nous d\u00e8s aujourd\u2019hui pour r\u00e9server votre consultation gratuite.<\/span><span data-ccp-props=\"{&quot;134233117&quot;:false,&quot;201341983&quot;:0,&quot;335551550&quot;:6,&quot;335551620&quot;:6,&quot;335559738&quot;:0,&quot;335559739&quot;:160,&quot;335559740&quot;:259}\">\u00a0<\/span><\/p>\n<h2>Panneau solaire Tesla 325W<\/h2>\n<p><strong>Puissance\u00a0: 325W<\/strong><\/p>\n<p>Type de cellules\u00a0: Mono Perc<\/p>\n<p>Nombre de cellules\u00a0: 60 (6&#215;10)<\/p>\n<p>Longueur\u00a0: 168,5cm<\/p>\n<p>Largeur\u00a0: 99,6cm<\/p>\n<p>Profondeur\u00a0: 3,5cm<\/p>\n<p><strong>Poids\u00a0: 19,5kg<\/strong><\/p>\n<p>Face avant\u00a0: Verre tremp\u00e9 3,5mm<\/p>\n<p>Bo\u00eete de jonction\u00a0: IP 68<\/p>\n<p>C\u00e2ble\u00a0: 4mm\u00b2 \/900mm<\/p>\n<p>Connecteurs\u00a0: Compatible MC4<\/p>\n<h2>Tesla Solar<\/h2>\n<p>Avec les panneaux solaires Tesla, exploitez tout le potentiel des \u00e9nergies renouvelables. Con\u00e7us avec une technologie de pointe et une esth\u00e9tique \u00e9l\u00e9gante, les panneaux solaires Tesla offrent une solution efficace et durable pour alimenter votre maison ou votre entreprise.<\/p>\n<p>Con\u00e7us pour des performances optimales, les panneaux solaires Tesla sont construits pour r\u00e9sister aux diff\u00e9rentes conditions m\u00e9t\u00e9orologiques, garantissant une production d\u2019\u00e9nergie fiable tout au long de l\u2019ann\u00e9e. Avec une efficacit\u00e9 et une durabilit\u00e9 \u00e0 la pointe de l\u2019industrie, vous pouvez faire confiance \u00e0 ces panneaux solaires pour fournir des solutions \u00e9nerg\u00e9tiques durables et rentables. L\u2019engagement de Tesla en faveur de l\u2019innovation s\u2019\u00e9tend \u00e0 la conception de ses panneaux solaires, qui s\u2019int\u00e8grent parfaitement \u00e0 tous les styles architecturaux. Gr\u00e2ce \u00e0 leur esth\u00e9tique \u00e9l\u00e9gante et discr\u00e8te, ces panneaux rehaussent l\u2019attrait visuel de votre propri\u00e9t\u00e9 tout en produisant silencieusement de l\u2019\u00e9lectricit\u00e9 propre.<\/p>\n","protected":false},"excerpt":{"rendered":"<p><strong>Puissance<\/strong><\/p>\n<p>Panneau Solaire TESLA 325W \u2013 1 210,00 DH<\/p>\n<p><strong>Marque:<\/strong>\u00a0Tesla solar<\/p>\n<p><strong>Exp\u00e9dition:<\/strong>\u00a02-3 jours ouvrables<\/p>\n","protected":false},"featured_media":166,"comment_status":"open","ping_status":"closed","template":"","meta":[],"product_brand":[],"product_cat":[40],"product_tag":[],"class_list":{"0":"post-207","1":"product","2":"type-product","3":"status-publish","4":"has-post-thumbnail","6":"product_cat-tesla","8":"first","9":"instock","10":"shipping-taxable","11":"product-type-simple"},"_links":{"self":[{"href":"https:\/\/click.ma\/tecas\/wp-json\/wp\/v2\/product\/207","targetHints":{"allow":["GET"]}}],"collection":[{"href":"https:\/\/click.ma\/tecas\/wp-json\/wp\/v2\/product"}],"about":[{"href":"https:\/\/click.ma\/tecas\/wp-json\/wp\/v2\/types\/product"}],"replies":[{"embeddable":true,"href":"https:\/\/click.ma\/tecas\/wp-json\/wp\/v2\/comments?post=207"}],"wp:featuredmedia":[{"embeddable":true,"href":"https:\/\/click.ma\/tecas\/wp-json\/wp\/v2\/media\/166"}],"wp:attachment":[{"href":"https:\/\/click.ma\/tecas\/wp-json\/wp\/v2\/media?parent=207"}],"wp:term":[{"taxonomy":"product_brand","embeddable":true,"href":"https:\/\/click.ma\/tecas\/wp-json\/wp\/v2\/product_brand?post=207"},{"taxonomy":"product_cat","embeddable":true,"href":"https:\/\/click.ma\/tecas\/wp-json\/wp\/v2\/product_cat?post=207"},{"taxonomy":"product_tag","embeddable":true,"href":"https:\/\/click.ma\/tecas\/wp-json\/wp\/v2\/product_tag?post=207"}],"curies":[{"name":"wp","href":"https:\/\/api.w.org\/{rel}","templated":true}]}}