{"id":854,"date":"2025-12-17T12:05:35","date_gmt":"2025-12-17T12:05:35","guid":{"rendered":"https:\/\/click.ma\/tecas\/?page_id=854"},"modified":"2026-03-26T15:00:09","modified_gmt":"2026-03-26T15:00:09","slug":"chauffe-eau-solaire","status":"publish","type":"page","link":"https:\/\/click.ma\/tecas\/installation-panneau-solaire\/chauffe-eau-solaire\/","title":{"rendered":"Chauffe-eau solaire"},"content":{"rendered":"<div class=\"wpb-content-wrapper\"><p>[vc_row full_width=\u00a0\u00bbstretch_row\u00a0\u00bb woodmart_bg_position=\u00a0\u00bbcenter-center\u00a0\u00bb css=\u00a0\u00bb.vc_custom_1774537205735{margin-top: -40px !important;padding-top: 70px !important;padding-bottom: 70px !important;background-image: url(https:\/\/click.ma\/tecas\/wp-content\/uploads\/2026\/03\/11674-panneau-solaire.jpg?id=1083) !important;background-position: center !important;background-repeat: no-repeat !important;background-size: cover !important;}\u00a0\u00bb woodmart_css_id=\u00a0\u00bb69c549e19efd2&Prime; responsive_spacing=\u00a0\u00bbeyJwYXJhbV90eXBlIjoid29vZG1hcnRfcmVzcG9uc2l2ZV9zcGFjaW5nIiwic2VsZWN0b3JfaWQiOiI2OWM1NDllMTllZmQyIiwic2hvcnRjb2RlIjoidmNfcm93IiwiZGF0YSI6eyJ0YWJsZXQiOnt9LCJtb2JpbGUiOnt9fX0=\u00a0\u00bb mobile_bg_img_hidden=\u00a0\u00bbno\u00a0\u00bb tablet_bg_img_hidden=\u00a0\u00bbno\u00a0\u00bb woodmart_parallax=\u00a0\u00bb0&Prime; woodmart_gradient_switch=\u00a0\u00bbyes\u00a0\u00bb woodmart_box_shadow=\u00a0\u00bbno\u00a0\u00bb wd_z_index=\u00a0\u00bbno\u00a0\u00bb woodmart_disable_overflow=\u00a0\u00bb0&Prime; row_reverse_mobile=\u00a0\u00bb0&Prime; row_reverse_tablet=\u00a0\u00bb0&Prime; woodmart_color_gradient=\u00a0\u00bbrgba(0, 0, 0, 0.5)-0\/rgba(22, 53, 99, 0.1)-100\/|linear-gradient(left , rgba(0, 0, 0, 0.5) , rgba(22, 53, 99, 0.1) 100%)|linear|left\u00a0\u00bb][vc_column width=\u00a0\u00bb2\/3&Prime; woodmart_css_id=\u00a0\u00bb694036b9b3e07&Prime; parallax_scroll=\u00a0\u00bbno\u00a0\u00bb woodmart_sticky_column=\u00a0\u00bbfalse\u00a0\u00bb wd_collapsible_content_switcher=\u00a0\u00bbno\u00a0\u00bb wd_column_role_offcanvas_desktop=\u00a0\u00bbno\u00a0\u00bb wd_column_role_offcanvas_tablet=\u00a0\u00bbno\u00a0\u00bb wd_column_role_offcanvas_mobile=\u00a0\u00bbno\u00a0\u00bb wd_column_role_content_desktop=\u00a0\u00bbno\u00a0\u00bb wd_column_role_content_tablet=\u00a0\u00bbno\u00a0\u00bb wd_column_role_content_mobile=\u00a0\u00bbno\u00a0\u00bb mobile_bg_img_hidden=\u00a0\u00bbno\u00a0\u00bb tablet_bg_img_hidden=\u00a0\u00bbno\u00a0\u00bb woodmart_parallax=\u00a0\u00bb0&Prime; woodmart_box_shadow=\u00a0\u00bbno\u00a0\u00bb responsive_spacing=\u00a0\u00bbeyJwYXJhbV90eXBlIjoid29vZG1hcnRfcmVzcG9uc2l2ZV9zcGFjaW5nIiwic2VsZWN0b3JfaWQiOiI2OTQwMzZiOWIzZTA3Iiwic2hvcnRjb2RlIjoidmNfY29sdW1uIiwiZGF0YSI6eyJ0YWJsZXQiOnt9LCJtb2JpbGUiOnt9fX0=\u00a0\u00bb mobile_reset_margin=\u00a0\u00bbno\u00a0\u00bb tablet_reset_margin=\u00a0\u00bbno\u00a0\u00bb wd_z_index=\u00a0\u00bbno\u00a0\u00bb]\n\t\t<div id=\"wd-694295430f79b\" class=\"title-wrapper wd-wpb wd-set-mb reset-last-child  wd-rs-694295430f79b wd-title-color-default wd-title-style-default text-left  wd-underline-colored\">\n\t\t\t\t\t\t\t\n\t\t\t\t<div class=\"title-subtitle  subtitle-color-default font-default subtitle-style-default wd-font-weight-400 wd-fontsize-m\">Tecas Energie Solaire<\/div>\n\t\t\t\n\t\t\t<div class=\"liner-continer\">\n\t\t\t\t<h1 class=\"woodmart-title-container title  wd-font-weight-500 wd-fontsize-xxxl\" >Chauffe-eau Solaire pour votre Maison<\/h1>\n\t\t\t\t\t\t\t<\/div>\n\t\t\t\n\t\t\t\t\t\t\t<div class=\"title-after_title reset-last-child  wd-fontsize-s\">Installez d\u00e8s maintenant un chauffe-eau solaire dans votre maison, profitez de l\u2019eau chaude en permanence, ainsi que de notre offre sp\u00e9ciale, une consultation gratuite 100% pour r\u00e9pondre \u00e0 toutes vos questions.<\/div>\n\t\t\t\n\t\t\t\n\t\t<\/div>\n\t\t\n\t\t<div id=\"wd-69402d54c5a57\" class=\" wd-rs-69402d54c5a57  wd-button-wrapper text-center inline-element\"><a href=\"https:\/\/click.ma\/tecas\/contact\/\" title=\"Contact\" class=\"btn btn-color-primary btn-style-default btn-shape-semi-round btn-size-default\">Consultation Gratuite<\/a><\/div>[\/vc_column][vc_column width=\u00a0\u00bb1\/3&Prime;][\/vc_column][\/vc_row][vc_row full_width=\u00a0\u00bbstretch_row\u00a0\u00bb css=\u00a0\u00bb.vc_custom_1765800404254{padding-top: 70px !important;padding-bottom: 70px !important;background-color: #F4F5F7 !important;}\u00a0\u00bb woodmart_css_id=\u00a0\u00bb693ff9cc89c22&Prime; responsive_spacing=\u00a0\u00bbeyJwYXJhbV90eXBlIjoid29vZG1hcnRfcmVzcG9uc2l2ZV9zcGFjaW5nIiwic2VsZWN0b3JfaWQiOiI2OTNmZjljYzg5YzIyIiwic2hvcnRjb2RlIjoidmNfcm93IiwiZGF0YSI6eyJ0YWJsZXQiOnt9LCJtb2JpbGUiOnt9fX0=\u00a0\u00bb mobile_bg_img_hidden=\u00a0\u00bbno\u00a0\u00bb tablet_bg_img_hidden=\u00a0\u00bbno\u00a0\u00bb woodmart_parallax=\u00a0\u00bb0&Prime; woodmart_gradient_switch=\u00a0\u00bbno\u00a0\u00bb woodmart_box_shadow=\u00a0\u00bbno\u00a0\u00bb wd_z_index=\u00a0\u00bbno\u00a0\u00bb woodmart_disable_overflow=\u00a0\u00bb0&Prime; row_reverse_mobile=\u00a0\u00bb0&Prime; row_reverse_tablet=\u00a0\u00bb0&Prime;][vc_column]\n\t\t<div id=\"wd-69429cdd89cfb\" class=\"title-wrapper wd-wpb wd-set-mb reset-last-child  wd-rs-69429cdd89cfb wd-title-color-default wd-title-style-default text-center title-style  wd-underline-colored\">\n\t\t\t\n\t\t\t<div class=\"liner-continer\">\n\t\t\t\t<h2 class=\"woodmart-title-container title  wd-font-weight- wd-fontsize-xxxl\" >Pourquoi installer<br \/>\n<u>un chauffe-eau solaire ?<\/u><\/h2>\n\t\t\t\t\t\t\t<\/div>\n\t\t\t\n\t\t\t\t\t\t\t<div class=\"title-after_title reset-last-child  wd-fontsize-s\">Profitez des avantages de l'\u00e9nergie solaire avec une installation de chauffe-eau solaire<\/div>\n\t\t\t\n\t\t\t\n\t\t<\/div>\n\t\t\n\t\t[vc_row_inner el_id=\u00a0\u00bbinfo-row\u00a0\u00bb woodmart_css_id=\u00a0\u00bb69403a9307651&Prime; responsive_spacing=\u00a0\u00bbeyJwYXJhbV90eXBlIjoid29vZG1hcnRfcmVzcG9uc2l2ZV9zcGFjaW5nIiwic2VsZWN0b3JfaWQiOiI2OTQwM2E5MzA3NjUxIiwic2hvcnRjb2RlIjoidmNfcm93X2lubmVyIiwiZGF0YSI6eyJ0YWJsZXQiOnt9LCJtb2JpbGUiOnt9fX0=\u00a0\u00bb mobile_bg_img_hidden=\u00a0\u00bbno\u00a0\u00bb tablet_bg_img_hidden=\u00a0\u00bbno\u00a0\u00bb woodmart_parallax=\u00a0\u00bb0&Prime; woodmart_gradient_switch=\u00a0\u00bbno\u00a0\u00bb woodmart_box_shadow=\u00a0\u00bbno\u00a0\u00bb wd_z_index=\u00a0\u00bbno\u00a0\u00bb woodmart_disable_overflow=\u00a0\u00bb0&Prime; row_reverse_mobile=\u00a0\u00bb0&Prime; row_reverse_tablet=\u00a0\u00bb0&Prime;][vc_column_inner width=\u00a0\u00bb1\/3&Prime;]\t\t\t<div class=\"info-box-wrapper\">\n\t\t\t\t<div id=\"wd-69429569b81dc\" class=\" wd-rs-69429569b81dc wd-info-box wd-wpb text-center box-icon-align-top box-style- color-scheme- wd-bg-none \">\n\t\t\t\t\t\t\t\t\t\t\t<div class=\"box-icon-wrapper  box-with-icon box-icon-simple\">\n\t\t\t\t\t\t\t<div class=\"info-box-icon\">\n\n\t\t\t\t\t\t\t\n\t\t\t\t\t\t\t\t\t\t\t\t\t\t\t\t\t<div class=\"info-svg-wrapper\" style=\"width: 60px;height: 60px;\"><img decoding=\"async\"  src=\"https:\/\/click.ma\/tecas\/wp-content\/uploads\/2025\/12\/calculator-svgrepo-com.svg\" title=\"calculator-svgrepo-com\" loading=\"lazy\" width=\"60\" height=\"60\"><\/div>\t\t\t\t\t\t\t\t\t\t\t\t\t\t\t\n\t\t\t\t\t\t\t<\/div>\n\t\t\t\t\t\t<\/div>\n\t\t\t\t\t\t\t\t\t\t<div class=\"info-box-content\">\n\t\t\t\t\t\t<h3 class=\"info-box-title title wd-font-weight-600 box-title-style-default wd-fontsize-m\">Facture \u00e9nerg\u00e9tique<\/h3>\t\t\t\t\t\t<div class=\"info-box-inner reset-last-child\"><p>\u00e9tant donn\u00e9 que le chauffage solaire est une source d\u2019\u00e9nergie renouvelable vous pouvez consid\u00e9rablement r\u00e9duire votre facture \u00e9nerg\u00e9tique \u00e0 long terme en produisant votre propre \u00e9nergie<\/p>\n<\/div>\n\n\t\t\t\t\t\t\t\t\t\t\t<\/div>\n\n\t\t\t\t\t\n\t\t\t\t\t\t\t\t\t<\/div>\n\t\t\t<\/div>\n\t\t[\/vc_column_inner][vc_column_inner width=\u00a0\u00bb1\/3&Prime;]\t\t\t<div class=\"info-box-wrapper\">\n\t\t\t\t<div id=\"wd-69429650dce8a\" class=\" wd-rs-69429650dce8a wd-info-box wd-wpb text-center box-icon-align-top box-style- color-scheme- wd-bg-none \">\n\t\t\t\t\t\t\t\t\t\t\t<div class=\"box-icon-wrapper  box-with-icon box-icon-simple\">\n\t\t\t\t\t\t\t<div class=\"info-box-icon\">\n\n\t\t\t\t\t\t\t\n\t\t\t\t\t\t\t\t\t\t\t\t\t\t\t\t\t<div class=\"info-svg-wrapper\" style=\"width: 60px;height: 60px;\"><img decoding=\"async\"  src=\"https:\/\/click.ma\/tecas\/wp-content\/uploads\/2025\/12\/tools-svgrepo-com-1.svg\" title=\"tools-svgrepo-com (1)\" loading=\"lazy\" width=\"60\" height=\"60\"><\/div>\t\t\t\t\t\t\t\t\t\t\t\t\t\t\t\n\t\t\t\t\t\t\t<\/div>\n\t\t\t\t\t\t<\/div>\n\t\t\t\t\t\t\t\t\t\t<div class=\"info-box-content\">\n\t\t\t\t\t\t<h3 class=\"info-box-title title wd-font-weight-600 box-title-style-default wd-fontsize-m\">Durabilit\u00e9 et entretien<\/h3>\t\t\t\t\t\t<div class=\"info-box-inner reset-last-child\"><p>Con\u00e7u pour durer plusieurs ann\u00e9es, en moyenne leur dur\u00e9e de vie est estim\u00e9e \u00e0 20 ans et ne n\u00e9cessite qu\u2019un entretien minimal, g\u00e9n\u00e9ralement une fois par an, uniquement pour nettoyer leur surface de la poussi\u00e8re<\/p>\n<\/div>\n\n\t\t\t\t\t\t\t\t\t\t\t<\/div>\n\n\t\t\t\t\t\n\t\t\t\t\t\t\t\t\t<\/div>\n\t\t\t<\/div>\n\t\t[\/vc_column_inner][vc_column_inner width=\u00a0\u00bb1\/3&Prime;]\t\t\t<div class=\"info-box-wrapper\">\n\t\t\t\t<div id=\"wd-694296cf0b696\" class=\" wd-rs-694296cf0b696 wd-info-box wd-wpb text-center box-icon-align-top box-style- color-scheme- wd-bg-none \">\n\t\t\t\t\t\t\t\t\t\t\t<div class=\"box-icon-wrapper  box-with-icon box-icon-simple\">\n\t\t\t\t\t\t\t<div class=\"info-box-icon\">\n\n\t\t\t\t\t\t\t\n\t\t\t\t\t\t\t\t\t\t\t\t\t\t\t\t\t<div class=\"info-svg-wrapper\" style=\"width: 60px;height: 60px;\"><img decoding=\"async\"  src=\"https:\/\/click.ma\/tecas\/wp-content\/uploads\/2025\/12\/gas-water-heater-svgrepo-com.svg\" title=\"gas-water-heater-svgrepo-com\" loading=\"lazy\" width=\"60\" height=\"60\"><\/div>\t\t\t\t\t\t\t\t\t\t\t\t\t\t\t\n\t\t\t\t\t\t\t<\/div>\n\t\t\t\t\t\t<\/div>\n\t\t\t\t\t\t\t\t\t\t<div class=\"info-box-content\">\n\t\t\t\t\t\t<h3 class=\"info-box-title title wd-font-weight-600 box-title-style-default wd-fontsize-m\">Ind\u00e9pendance du gaz<\/h3>\t\t\t\t\t\t<div class=\"info-box-inner reset-last-child\"><p>En optant pour l\u2019\u00e9nergie renouvelable vous n\u2019aurez plus \u00e0 vous soucier de v\u00e9rifier si la bouteille \u00e0 gaz est remplie ou non pour produire de l\u2019eau chaude, et aussi vous serez ind\u00e9pendant des hausses de prix r\u00e9guliers du gaz.<\/p>\n<\/div>\n\n\t\t\t\t\t\t\t\t\t\t\t<\/div>\n\n\t\t\t\t\t\n\t\t\t\t\t\t\t\t\t<\/div>\n\t\t\t<\/div>\n\t\t[\/vc_column_inner][\/vc_row_inner][\/vc_column][\/vc_row][vc_row css=\u00a0\u00bb.vc_custom_1765828775657{margin-top: 70px !important;}\u00a0\u00bb woodmart_css_id=\u00a0\u00bb694068a025299&Prime; responsive_spacing=\u00a0\u00bbeyJwYXJhbV90eXBlIjoid29vZG1hcnRfcmVzcG9uc2l2ZV9zcGFjaW5nIiwic2VsZWN0b3JfaWQiOiI2OTQwNjhhMDI1Mjk5Iiwic2hvcnRjb2RlIjoidmNfcm93IiwiZGF0YSI6eyJ0YWJsZXQiOnt9LCJtb2JpbGUiOnt9fX0=\u00a0\u00bb mobile_bg_img_hidden=\u00a0\u00bbno\u00a0\u00bb tablet_bg_img_hidden=\u00a0\u00bbno\u00a0\u00bb woodmart_parallax=\u00a0\u00bb0&Prime; woodmart_gradient_switch=\u00a0\u00bbno\u00a0\u00bb woodmart_box_shadow=\u00a0\u00bbno\u00a0\u00bb wd_z_index=\u00a0\u00bbno\u00a0\u00bb woodmart_disable_overflow=\u00a0\u00bb0&Prime; row_reverse_mobile=\u00a0\u00bb0&Prime; row_reverse_tablet=\u00a0\u00bb0&Prime;][vc_column]\n\t\t<div id=\"wd-6942997a8f407\" class=\"title-wrapper wd-wpb wd-set-mb reset-last-child  wd-rs-6942997a8f407 wd-title-color-default wd-title-style-default text-center title-style  wd-underline-colored\">\n\t\t\t\n\t\t\t<div class=\"liner-continer\">\n\t\t\t\t<h2 class=\"woodmart-title-container title  wd-font-weight- wd-fontsize-xxxl\" >Installez un chauffe-eau solaire<br \/>\n<u>dans votre maison<\/u><\/h2>\n\t\t\t\t\t\t\t<\/div>\n\t\t\t\n\t\t\t\t\t\t\t<div class=\"title-after_title reset-last-child  wd-fontsize-s\">D\u00e9couvrez comment nos solutions peuvent r\u00e9pondre \u00e0 vos besoins \u00e9nerg\u00e9tiques<\/div>\n\t\t\t\n\t\t\t\n\t\t<\/div>\n\t\t\n\t\t[vc_row_inner content_placement=\u00a0\u00bbmiddle\u00a0\u00bb css=\u00a0\u00bb.vc_custom_1774394673864{margin-top: 50px !important;}\u00a0\u00bb woodmart_css_id=\u00a0\u00bb69c31d2b44518&Prime; responsive_spacing=\u00a0\u00bbeyJwYXJhbV90eXBlIjoid29vZG1hcnRfcmVzcG9uc2l2ZV9zcGFjaW5nIiwic2VsZWN0b3JfaWQiOiI2OWMzMWQyYjQ0NTE4Iiwic2hvcnRjb2RlIjoidmNfcm93X2lubmVyIiwiZGF0YSI6eyJ0YWJsZXQiOnt9LCJtb2JpbGUiOnt9fX0=\u00a0\u00bb mobile_bg_img_hidden=\u00a0\u00bbno\u00a0\u00bb tablet_bg_img_hidden=\u00a0\u00bbno\u00a0\u00bb woodmart_parallax=\u00a0\u00bb0&Prime; woodmart_gradient_switch=\u00a0\u00bbno\u00a0\u00bb woodmart_box_shadow=\u00a0\u00bbno\u00a0\u00bb wd_z_index=\u00a0\u00bbno\u00a0\u00bb woodmart_disable_overflow=\u00a0\u00bb0&Prime; row_reverse_mobile=\u00a0\u00bb0&Prime; row_reverse_tablet=\u00a0\u00bb0&Prime;][vc_column_inner width=\u00a0\u00bb1\/2&Prime;][vc_single_image image=\u00a0\u00bb921&Prime; img_size=\u00a0\u00bbfull\u00a0\u00bb css=\u00a0\u00bb\u00a0\u00bb parallax_scroll=\u00a0\u00bbno\u00a0\u00bb woodmart_inline=\u00a0\u00bbno\u00a0\u00bb][\/vc_column_inner][vc_column_inner width=\u00a0\u00bb1\/2&Prime;]\n\t\t<div id=\"wd-694299c0a5902\" class=\"title-wrapper wd-wpb wd-set-mb reset-last-child  wd-rs-694299c0a5902 wd-title-color-default wd-title-style-default text-left title-style  wd-underline-colored\">\n\t\t\t\n\t\t\t<div class=\"liner-continer\">\n\t\t\t\t<h2 class=\"woodmart-title-container title  wd-font-weight- wd-fontsize-xl\" >Consultation gratuite avec tecas \u00e9nergie solaire<\/h2>\n\t\t\t\t\t\t\t<\/div>\n\t\t\t\n\t\t\t\n\t\t\t\n\t\t<\/div>\n\t\t\n\t\t\t\t<div id=\"wd-694299cf302ca\" class=\"wd-text-block wd-wpb reset-last-child wd-rs-694299cf302ca text-left \">\n\t\t\t<p>Si vous souhaitez installer un systeme de chauffe-eau solaire dans votre maison mais vous ne savez pas par o\u00f9 commencer. Tecas vous offre un consultation gratuite pour vous aider \u00e0 choisir le meilleur chauffe-eau solaire pour votre maison.<br \/>\nnotre \u00e9quipe de professionnel, avec une experience d\u00e9passant une d\u00e9cennie, se chargera de l\u2019ensemble du processus d\u2019installation du chauffe-eau solaire, de l\u2019inspection de votre maison pour d\u00e9terminer le emplacement id\u00e9ale \u00e0 l\u2019installation et la mise en service.<br \/>\nContactez-nous d\u00e8s maintenant pour r\u00e9server votre consultation gratuite !<\/p>\n\t\t<\/div>\n\t\t<div id=\"wd-69402d54c5a57\" class=\" wd-rs-69402d54c5a57  wd-button-wrapper text-center inline-element\"><a href=\"https:\/\/click.ma\/tecas\/contact\/\" title=\"Contact\" class=\"btn btn-color-primary btn-style-default btn-shape-semi-round btn-size-default\">Consultation Gratuite<\/a><\/div>[\/vc_column_inner][\/vc_row_inner][vc_row_inner responsive_tabs_advanced=\u00a0\u00bbmobile\u00a0\u00bb css=\u00a0\u00bb.vc_custom_1765972463241{margin-top: 50px !important;}\u00a0\u00bb woodmart_css_id=\u00a0\u00bb694299e7b9651&Prime; responsive_spacing=\u00a0\u00bbeyJwYXJhbV90eXBlIjoid29vZG1hcnRfcmVzcG9uc2l2ZV9zcGFjaW5nIiwic2VsZWN0b3JfaWQiOiI2OTQyOTllN2I5NjUxIiwic2hvcnRjb2RlIjoidmNfcm93X2lubmVyIiwiZGF0YSI6eyJ0YWJsZXQiOnt9LCJtb2JpbGUiOnt9fX0=\u00a0\u00bb mobile_bg_img_hidden=\u00a0\u00bbno\u00a0\u00bb tablet_bg_img_hidden=\u00a0\u00bbno\u00a0\u00bb woodmart_parallax=\u00a0\u00bb0&Prime; woodmart_gradient_switch=\u00a0\u00bbno\u00a0\u00bb woodmart_box_shadow=\u00a0\u00bbno\u00a0\u00bb wd_z_index=\u00a0\u00bbno\u00a0\u00bb woodmart_disable_overflow=\u00a0\u00bb0&Prime; row_reverse_mobile=\u00a0\u00bb1&Prime; row_reverse_tablet=\u00a0\u00bb0&Prime;][vc_column_inner width=\u00a0\u00bb1\/2&Prime;]\n\t\t<div id=\"wd-694299f16e0e8\" class=\"title-wrapper wd-wpb wd-set-mb reset-last-child  wd-rs-694299f16e0e8 wd-title-color-default wd-title-style-default text-left title-style  wd-underline-colored\">\n\t\t\t\n\t\t\t<div class=\"liner-continer\">\n\t\t\t\t<h2 class=\"woodmart-title-container title  wd-font-weight- wd-fontsize-xl\" >Boutique chauffe-eau solaire<\/h2>\n\t\t\t\t\t\t\t<\/div>\n\t\t\t\n\t\t\t\n\t\t\t\n\t\t<\/div>\n\t\t\n\t\t\t\t<div id=\"wd-69429cd39f3b1\" class=\"wd-text-block wd-wpb reset-last-child wd-rs-69429cd39f3b1 text-left \">\n\t\t\t<p>Nous proposons dans notre boutique solaire une s\u00e9lection de chauffe-eau solaire avec des ballons de stockage d\u2019eau d\u2019une capacit\u00e9 allant de 150 \u00e0 300 litres. Nous offrons \u00e9galement diff\u00e9rents types de chauffe-eau solaires tels que les chauffe-eau solaires \u00e0 thermosiphon, les chauffe-eau solaires \u00e0 circulation forc\u00e9e.<br \/>\nCoupl\u00e9 avec notre service consultation et installation vous pouvez \u00eatre s\u00fbr que votre chauffe-eau solaire sera install\u00e9 correctement pour une efficacit\u00e9 optimale.<br \/>\nProfitez de votre consultation gratuite d\u00e8s aujourd\u2019hui.<\/p>\n\t\t<\/div>\n\t\t<div id=\"wd-69429a91e2635\" class=\" wd-rs-69429a91e2635  wd-button-wrapper text-center inline-element\"><a href=\"https:\/\/click.ma\/tecas\/boutique-energie-solaire\/\" title=\"Contact\" class=\"btn btn-color-primary btn-style-default btn-shape-semi-round btn-size-default\">Notre Boutique<\/a><\/div>[\/vc_column_inner][vc_column_inner width=\u00a0\u00bb1\/2&Prime;][vc_single_image image=\u00a0\u00bb851&Prime; img_size=\u00a0\u00bbfull\u00a0\u00bb css=\u00a0\u00bb\u00a0\u00bb parallax_scroll=\u00a0\u00bbno\u00a0\u00bb woodmart_inline=\u00a0\u00bbno\u00a0\u00bb][\/vc_column_inner][\/vc_row_inner][\/vc_column][\/vc_row][vc_row full_width=\u00a0\u00bbstretch_row\u00a0\u00bb css=\u00a0\u00bb.vc_custom_1765835444474{margin-top: 50px !important;padding-top: 70px !important;padding-bottom: 70px !important;background-color: #F4F5F7 !important;}\u00a0\u00bb woodmart_css_id=\u00a0\u00bb694082aeef9bf\u00a0\u00bb responsive_spacing=\u00a0\u00bbeyJwYXJhbV90eXBlIjoid29vZG1hcnRfcmVzcG9uc2l2ZV9zcGFjaW5nIiwic2VsZWN0b3JfaWQiOiI2OTQwODJhZWVmOWJmIiwic2hvcnRjb2RlIjoidmNfcm93IiwiZGF0YSI6eyJ0YWJsZXQiOnt9LCJtb2JpbGUiOnt9fX0=\u00a0\u00bb mobile_bg_img_hidden=\u00a0\u00bbno\u00a0\u00bb tablet_bg_img_hidden=\u00a0\u00bbno\u00a0\u00bb woodmart_parallax=\u00a0\u00bb0&Prime; woodmart_gradient_switch=\u00a0\u00bbno\u00a0\u00bb woodmart_box_shadow=\u00a0\u00bbno\u00a0\u00bb wd_z_index=\u00a0\u00bbno\u00a0\u00bb woodmart_disable_overflow=\u00a0\u00bb0&Prime; row_reverse_mobile=\u00a0\u00bb0&Prime; row_reverse_tablet=\u00a0\u00bb0&Prime;][vc_column]\n\t\t<div id=\"wd-69429b5ba337f\" class=\"title-wrapper wd-wpb wd-set-mb reset-last-child  wd-rs-69429b5ba337f wd-title-color-default wd-title-style-default text-center title-style  wd-underline-colored\">\n\t\t\t\n\t\t\t<div class=\"liner-continer\">\n\t\t\t\t<h2 class=\"woodmart-title-container title  wd-font-weight- wd-fontsize-xxxl\" >T\u00e9moignages<br \/>\n<u>4.9\/5 Avis Sur Google<\/u><\/h2>\n\t\t\t\t\t\t\t<\/div>\n\t\t\t\n\t\t\t\n\t\t\t\n\t\t<\/div>\n\t\t\n\t\t\t\t\t<div id=\"wd-69429db230d2e\" class=\"testimonials wd-rs-69429db230d2e testimon-style-boxed color-scheme-  testimon-align-center testimon-with-rating  wd-carousel-container\">\n\t\t\t\t\n\t\t\t\t\t\t\t\t\t<div class=\"wd-carousel-inner\">\n\t\t\t\t\t\t\t\t<div class=\" wd-carousel wd-grid\" data-scroll_per_page=\"yes\" style=\"--wd-col-lg:2;--wd-col-md:2;--wd-col-sm:1;--wd-gap-lg:30px;--wd-gap-sm:10px;\">\n\t\t\t\t\t\t\t\t\t\t\t<div class=\"wd-carousel-wrap\">\n\t\t\t\t\t\n\t\t\t\t\t\n<div class=\"testimonial  wd-carousel-item\">\n\t<div class=\"testimonial-inner\">\n\t\t\t\t\t<div class=\"testimonial-avatar\">\n\t\t\t\t<img loading=\"lazy\" decoding=\"async\" width=\"100\" height=\"100\" src=\"https:\/\/click.ma\/tecas\/wp-content\/uploads\/2025\/12\/Sans-titre-100x100.png\" class=\"testimonial-avatar-image\" alt=\"\" srcset=\"https:\/\/click.ma\/tecas\/wp-content\/uploads\/2025\/12\/Sans-titre-100x100.png 100w, https:\/\/click.ma\/tecas\/wp-content\/uploads\/2025\/12\/Sans-titre-150x150.png 150w, https:\/\/click.ma\/tecas\/wp-content\/uploads\/2025\/12\/Sans-titre-300x300.png 300w\" sizes=\"auto, (max-width: 100px) 100vw, 100px\" \/>\t\t\t<\/div>\n\t\t\n\t\t<div class=\"testimonial-content\">\n\t\t\t<div class=\"testimonial-rating\">\n\t\t\t\t<span class=\"star-rating\">\n\t\t\t\t\t<span style=\"width:100%\"><\/span>\n\t\t\t\t<\/span>\n\t\t\t<\/div>\n\n\t\t\tJ\u2019\u00e9tais vraiment satisfait par votre service, au d\u00e9but j\u2019\u00e9tais un peu confus quant \u00e0 la taille et la capacit\u00e9 de stockage du chauffe-eau solaire que je devais installer chez moi. mais avec l\u2019assistance que j\u2019ai re\u00e7ue par votre \u00e9quipe le r\u00e9sultat final est tout simplement incroyable. Merci pour votre professionnalisme et je recommande vivement votre service \u00e0 toute personne souhaitant installer un chauffe-eau solaire chez soi.\n\t\t\t<footer>\n\t\t\t\tNassim\n\t\t\t\t\t\t\t<\/footer>\n\t\t<\/div>\n\t<\/div>\n<\/div>\n<div class=\"testimonial  wd-carousel-item\">\n\t<div class=\"testimonial-inner\">\n\t\t\t\t\t<div class=\"testimonial-avatar\">\n\t\t\t\t<img loading=\"lazy\" decoding=\"async\" width=\"100\" height=\"100\" src=\"https:\/\/click.ma\/tecas\/wp-content\/uploads\/2025\/12\/Sans-titre-100x100.png\" class=\"testimonial-avatar-image\" alt=\"\" srcset=\"https:\/\/click.ma\/tecas\/wp-content\/uploads\/2025\/12\/Sans-titre-100x100.png 100w, https:\/\/click.ma\/tecas\/wp-content\/uploads\/2025\/12\/Sans-titre-150x150.png 150w, https:\/\/click.ma\/tecas\/wp-content\/uploads\/2025\/12\/Sans-titre-300x300.png 300w\" sizes=\"auto, (max-width: 100px) 100vw, 100px\" \/>\t\t\t<\/div>\n\t\t\n\t\t<div class=\"testimonial-content\">\n\t\t\t<div class=\"testimonial-rating\">\n\t\t\t\t<span class=\"star-rating\">\n\t\t\t\t\t<span style=\"width:100%\"><\/span>\n\t\t\t\t<\/span>\n\t\t\t<\/div>\n\n\t\t\tJ&rsquo;ai r\u00e9cemment install\u00e9 un chauffe-eau solaire depuis la soci\u00e9t\u00e9 Tecas et je suis tr\u00e8s satisfait de leur service. Leur \u00e9quipe de support client \u00e9tait excellente, Ils m&rsquo;ont aid\u00e9 \u00e0 choisir le bon mod\u00e8le pour mes et ont r\u00e9pondu \u00e0 toutes mes questions tout au long du processus d&rsquo;installation. Leur service apr\u00e8s-vente est \u00e9galement tr\u00e8s r\u00e9actif et efficace. Je recommande fortement Tecas pour votre installation de chauffe-eau solaire.\n\t\t\t<footer>\n\t\t\t\tBadr\n\t\t\t\t\t\t\t<\/footer>\n\t\t<\/div>\n\t<\/div>\n<\/div>\n\t\t\t\t\t\t\t\t\t\t\t<\/div>\n\t\t\t\t\t\t\t\t\t<\/div>\n\n\t\t\t\t\t\t\t\t\t\n\t\t\t\t\t<\/div>\n\n\t\t\t\t\t\t\t<div class=\"wd-nav-pagin-wrap text-center wd-style-shape wd-hide-md-sm wd-hide-sm\">\n\t\t\t<ul class=\"wd-nav-pagin\"><\/ul>\n\t\t<\/div>\n\t\t\t\t\t\t\t\t\t\t\t\t\t\t<\/div>\n\t\t[\/vc_column][\/vc_row]<\/p>\n<\/div>","protected":false},"excerpt":{"rendered":"<p>[vc_row full_width=\u00a0\u00bbstretch_row\u00a0\u00bb woodmart_bg_position=\u00a0\u00bbcenter-center\u00a0\u00bb css=\u00a0\u00bb.vc_custom_1774537205735{margin-top: -40px !important;padding-top: 70px !important;padding-bottom: 70px !important;background-image: url(https:\/\/click.ma\/tecas\/wp-content\/uploads\/2026\/03\/11674-panneau-solaire.jpg?id=1083) !important;background-position: center !important;background-repeat: no-repeat !important;background-size: cover !important;}\u00a0\u00bb woodmart_css_id=\u00a0\u00bb69c549e19efd2&Prime; responsive_spacing=\u00a0\u00bbeyJwYXJhbV90eXBlIjoid29vZG1hcnRfcmVzcG9uc2l2ZV9zcGFjaW5nIiwic2VsZWN0b3JfaWQiOiI2OWM1NDllMTllZmQyIiwic2hvcnRjb2RlIjoidmNfcm93IiwiZGF0YSI6eyJ0YWJsZXQiOnt9LCJtb2JpbGUiOnt9fX0=\u00a0\u00bb<\/p>\n","protected":false},"author":1,"featured_media":0,"parent":782,"menu_order":0,"comment_status":"closed","ping_status":"closed","template":"","meta":{"footnotes":""},"class_list":["post-854","page","type-page","status-publish","hentry"],"_links":{"self":[{"href":"https:\/\/click.ma\/tecas\/wp-json\/wp\/v2\/pages\/854","targetHints":{"allow":["GET"]}}],"collection":[{"href":"https:\/\/click.ma\/tecas\/wp-json\/wp\/v2\/pages"}],"about":[{"href":"https:\/\/click.ma\/tecas\/wp-json\/wp\/v2\/types\/page"}],"author":[{"embeddable":true,"href":"https:\/\/click.ma\/tecas\/wp-json\/wp\/v2\/users\/1"}],"replies":[{"embeddable":true,"href":"https:\/\/click.ma\/tecas\/wp-json\/wp\/v2\/comments?post=854"}],"version-history":[{"count":10,"href":"https:\/\/click.ma\/tecas\/wp-json\/wp\/v2\/pages\/854\/revisions"}],"predecessor-version":[{"id":1084,"href":"https:\/\/click.ma\/tecas\/wp-json\/wp\/v2\/pages\/854\/revisions\/1084"}],"up":[{"embeddable":true,"href":"https:\/\/click.ma\/tecas\/wp-json\/wp\/v2\/pages\/782"}],"wp:attachment":[{"href":"https:\/\/click.ma\/tecas\/wp-json\/wp\/v2\/media?parent=854"}],"curies":[{"name":"wp","href":"https:\/\/api.w.org\/{rel}","templated":true}]}}