{"id":745,"date":"2025-12-15T15:44:49","date_gmt":"2025-12-15T15:44:49","guid":{"rendered":"https:\/\/click.ma\/tecas\/?page_id=745"},"modified":"2026-05-11T17:20:45","modified_gmt":"2026-05-11T17:20:45","slug":"nos-services","status":"publish","type":"page","link":"https:\/\/click.ma\/tecas\/nos-services\/","title":{"rendered":"Nos services"},"content":{"rendered":"<div class=\"wpb-content-wrapper\"><p>[vc_row full_width=\u00a0\u00bbstretch_row\u00a0\u00bb woodmart_bg_position=\u00a0\u00bbleft-top\u00a0\u00bb css=\u00a0\u00bb.vc_custom_1774536293543{margin-top: -40px !important;padding-top: 70px !important;padding-bottom: 70px !important;background-image: url(https:\/\/click.ma\/tecas\/wp-content\/uploads\/2026\/03\/4e1c0b4109_50189859_record-efficacite-cellule-solaire.jpg?id=991) !important;background-position: center !important;background-repeat: no-repeat !important;background-size: cover !important;}\u00a0\u00bb woodmart_css_id=\u00a0\u00bb69c54659074d1&Prime; responsive_spacing=\u00a0\u00bbeyJwYXJhbV90eXBlIjoid29vZG1hcnRfcmVzcG9uc2l2ZV9zcGFjaW5nIiwic2VsZWN0b3JfaWQiOiI2OWM1NDY1OTA3NGQxIiwic2hvcnRjb2RlIjoidmNfcm93IiwiZGF0YSI6eyJ0YWJsZXQiOnt9LCJtb2JpbGUiOnt9fX0=\u00a0\u00bb mobile_bg_img_hidden=\u00a0\u00bbno\u00a0\u00bb tablet_bg_img_hidden=\u00a0\u00bbno\u00a0\u00bb woodmart_parallax=\u00a0\u00bb0&Prime; woodmart_gradient_switch=\u00a0\u00bbyes\u00a0\u00bb woodmart_box_shadow=\u00a0\u00bbno\u00a0\u00bb wd_z_index=\u00a0\u00bbno\u00a0\u00bb woodmart_disable_overflow=\u00a0\u00bb0&Prime; row_reverse_mobile=\u00a0\u00bb0&Prime; row_reverse_tablet=\u00a0\u00bb0&Prime; woodmart_color_gradient=\u00a0\u00bbrgba(0, 0, 0, 0.5)-0\/rgba(22, 53, 99, 0.1)-100\/|linear-gradient(left , rgba(0, 0, 0, 0.5) , rgba(22, 53, 99, 0.1) 100%)|linear|left\u00a0\u00bb][vc_column width=\u00a0\u00bb2\/3&Prime; woodmart_css_id=\u00a0\u00bb694036b9b3e07&Prime; parallax_scroll=\u00a0\u00bbno\u00a0\u00bb woodmart_sticky_column=\u00a0\u00bbfalse\u00a0\u00bb wd_collapsible_content_switcher=\u00a0\u00bbno\u00a0\u00bb wd_column_role_offcanvas_desktop=\u00a0\u00bbno\u00a0\u00bb wd_column_role_offcanvas_tablet=\u00a0\u00bbno\u00a0\u00bb wd_column_role_offcanvas_mobile=\u00a0\u00bbno\u00a0\u00bb wd_column_role_content_desktop=\u00a0\u00bbno\u00a0\u00bb wd_column_role_content_tablet=\u00a0\u00bbno\u00a0\u00bb wd_column_role_content_mobile=\u00a0\u00bbno\u00a0\u00bb mobile_bg_img_hidden=\u00a0\u00bbno\u00a0\u00bb tablet_bg_img_hidden=\u00a0\u00bbno\u00a0\u00bb woodmart_parallax=\u00a0\u00bb0&Prime; woodmart_box_shadow=\u00a0\u00bbno\u00a0\u00bb responsive_spacing=\u00a0\u00bbeyJwYXJhbV90eXBlIjoid29vZG1hcnRfcmVzcG9uc2l2ZV9zcGFjaW5nIiwic2VsZWN0b3JfaWQiOiI2OTQwMzZiOWIzZTA3Iiwic2hvcnRjb2RlIjoidmNfY29sdW1uIiwiZGF0YSI6eyJ0YWJsZXQiOnt9LCJtb2JpbGUiOnt9fX0=\u00a0\u00bb mobile_reset_margin=\u00a0\u00bbno\u00a0\u00bb tablet_reset_margin=\u00a0\u00bbno\u00a0\u00bb wd_z_index=\u00a0\u00bbno\u00a0\u00bb]\n\t\t<div id=\"wd-69402d15b09d9\" class=\"title-wrapper wd-wpb wd-set-mb reset-last-child  wd-rs-69402d15b09d9 wd-title-color-default wd-title-style-default text-left  wd-underline-colored\">\n\t\t\t\t\t\t\t\n\t\t\t\t<div class=\"title-subtitle  subtitle-color-default font-default subtitle-style-default wd-font-weight-400 wd-fontsize-m\">Tecas Energie Solaire<\/div>\n\t\t\t\n\t\t\t<div class=\"liner-continer\">\n\t\t\t\t<h1 class=\"woodmart-title-container title  wd-font-weight-500 wd-fontsize-xxxl\" >R\u00e9alisez des \u00e9conomies gr\u00e2ce \u00e0 nos services d'\u00e9nergie solaire<\/h1>\n\t\t\t\t\t\t\t<\/div>\n\t\t\t\n\t\t\t\t\t\t\t<div class=\"title-after_title reset-last-child  wd-fontsize-s\">D\u00e9couvrez nos services d\u2019\u00e9nergie solaire pour \u00e9conomiser sur votre facture. B\u00e9n\u00e9ficiez de notre expertise en installation et maintenance de syst\u00e8mes solaires<\/div>\n\t\t\t\n\t\t\t\n\t\t<\/div>\n\t\t\n\t\t<div id=\"wd-69402d54c5a57\" class=\" wd-rs-69402d54c5a57  wd-button-wrapper text-center inline-element\"><a href=\"https:\/\/click.ma\/tecas\/contact\/\" title=\"Contact\" class=\"btn btn-color-primary btn-style-default btn-shape-semi-round btn-size-default\">Consultation Gratuite<\/a><\/div><div id=\"wd-69fbc103c7519\" class=\" wd-rs-69fbc103c7519  wd-button-wrapper text-center inline-element\"><a href=\"https:\/\/wa.me\/212664276055\" title=\"WhatsApp\" target=\"_blank\" style=\"--btn-color:#fff;--btn-color-hover:#fff;\" class=\"btn btn-style-default btn-shape-semi-round btn-size-default btn-icon-pos-left\">WhatsApp<span class=\"wd-btn-icon\"><span class=\"wd-icon fa fa-brands fa-whatsapp\"><\/span><\/span><\/a><\/div>[\/vc_column][vc_column width=\u00a0\u00bb1\/3&Prime;][\/vc_column][\/vc_row][vc_row css=\u00a0\u00bb.vc_custom_1765813928018{margin-top: 70px !important;}\u00a0\u00bb woodmart_css_id=\u00a0\u00bb69402ea35d16b\u00a0\u00bb responsive_spacing=\u00a0\u00bbeyJwYXJhbV90eXBlIjoid29vZG1hcnRfcmVzcG9uc2l2ZV9zcGFjaW5nIiwic2VsZWN0b3JfaWQiOiI2OTQwMmVhMzVkMTZiIiwic2hvcnRjb2RlIjoidmNfcm93IiwiZGF0YSI6eyJ0YWJsZXQiOnt9LCJtb2JpbGUiOnt9fX0=\u00a0\u00bb mobile_bg_img_hidden=\u00a0\u00bbno\u00a0\u00bb tablet_bg_img_hidden=\u00a0\u00bbno\u00a0\u00bb woodmart_parallax=\u00a0\u00bb0&Prime; woodmart_gradient_switch=\u00a0\u00bbno\u00a0\u00bb woodmart_box_shadow=\u00a0\u00bbno\u00a0\u00bb wd_z_index=\u00a0\u00bbno\u00a0\u00bb woodmart_disable_overflow=\u00a0\u00bb0&Prime; row_reverse_mobile=\u00a0\u00bb0&Prime; row_reverse_tablet=\u00a0\u00bb0&Prime;][vc_column width=\u00a0\u00bb1\/2&Prime;]\n\t\t<div id=\"wd-694030b96ac4b\" class=\"title-wrapper wd-wpb wd-set-mb reset-last-child  wd-rs-694030b96ac4b wd-title-color-default wd-title-style-default text-left title-style  wd-underline-colored\">\n\t\t\t\n\t\t\t<div class=\"liner-continer\">\n\t\t\t\t<h2 class=\"woodmart-title-container title  wd-font-weight- wd-fontsize-xxxl\" >Consultation gratuite et<br \/>\n<u>r\u00e9alisation d'\u00e9tudes de faisabilit\u00e9<\/u><\/h2>\n\t\t\t\t\t\t\t<\/div>\n\t\t\t\n\t\t\t\n\t\t\t\n\t\t<\/div>\n\t\t\n\t\t\t\t<div id=\"wd-69402f03c6929\" class=\"wd-text-block wd-wpb reset-last-child wd-rs-69402f03c6929 text-left \">\n\t\t\t<p>Avec notre consultation en \u00e9nergie solaire gratuite, vous pourrez avoir une vision claire des avantages et \u00e9conomies que vous pourrez r\u00e9aliser en passant \u00e0 l\u2019\u00e9nergie solaire. Nos experts utilisent un logiciel innovant pour \u00e9valuer pr\u00e9cis\u00e9ment votre projet solaire et vous proposer les meilleures solutions adapt\u00e9es \u00e0 vos besoins. Ne laissez pas passer cette opportunit\u00e9 de prendre le contr\u00f4le de votre consommation d\u2019\u00e9nergie et \u00e9conomisez sur votre facture d\u2019\u00e9lectricit\u00e9 d\u00e8s maintenant.<\/p>\n\t\t<\/div>\n\t\t<div id=\"wd-69402f30d32a9\" class=\" wd-rs-69402f30d32a9  wd-button-wrapper text-center inline-element\"><a href=\"https:\/\/click.ma\/tecas\/contact\/\" title=\"Contact\" class=\"btn btn-color-primary btn-style-default btn-shape-semi-round btn-size-default\">Contactez-nous<\/a><\/div>[\/vc_column][vc_column width=\u00a0\u00bb1\/2&Prime;]\t\t<div id=\"gallery_673\" class=\"wd-images-gallery wd-wpb wd-rs-6a020f8946687 photoswipe-images\" style=\"--wd-justify-content:center;--wd-align-items:center;\">\n\t\t\t\n\t\t\t<div class=\" wd-grid-g\" style=\"--wd-col-lg:2;--wd-col-md:2;--wd-col-sm:1;--wd-gap-lg:10px;\">\n\t\t\t\t\n\t\t\t\t\t\t\t\t\t\t\t\t\t\t\t<div class=\"wd-gallery-item wd-col\">\n\t\t\t\t\t\t\t\t\t\t\t\t\t\t<a href=\"https:\/\/click.ma\/tecas\/wp-content\/uploads\/2026\/05\/Installation-panneaux-solaires-rabat.webp\" data-elementor-open-lightbox=\"no\" data-index=\"1\" data-width=\"673\" data-height=\"900\" \n\t\t\t\t\t\t\t\t\t\t\t\t >\n\t\t\t\t\t\t\t\t\n\t\t\t\t\t\t\t\t<img loading=\"lazy\" decoding=\"async\" width=\"286\" height=\"422\" src=\"https:\/\/click.ma\/tecas\/wp-content\/uploads\/2026\/05\/Installation-panneaux-solaires-rabat-286x422.webp\" class=\"wd-gallery-image image-1\" alt=\"\" \/>\n\t\t\t\t\t\t\t\t\t\t\t\t\t\t\t<\/a>\n\t\t\t\t\t\t\t\t\t\t\t\t<\/div>\n\t\t\t\t\t\t\t\t\t\t\t<div class=\"wd-gallery-item wd-col\">\n\t\t\t\t\t\t\t\t\t\t\t\t\t\t<a href=\"https:\/\/click.ma\/tecas\/wp-content\/uploads\/2026\/05\/Installation-panneaux-solaires-maroc-casablanca.webp\" data-elementor-open-lightbox=\"no\" data-index=\"2\" data-width=\"610\" data-height=\"900\" \n\t\t\t\t\t\t\t\t\t\t\t\t >\n\t\t\t\t\t\t\t\t\n\t\t\t\t\t\t\t\t<img loading=\"lazy\" decoding=\"async\" width=\"286\" height=\"422\" src=\"https:\/\/click.ma\/tecas\/wp-content\/uploads\/2026\/05\/Installation-panneaux-solaires-maroc-casablanca-286x422.webp\" class=\"wd-gallery-image image-2\" alt=\"\" srcset=\"https:\/\/click.ma\/tecas\/wp-content\/uploads\/2026\/05\/Installation-panneaux-solaires-maroc-casablanca-286x422.webp 286w, https:\/\/click.ma\/tecas\/wp-content\/uploads\/2026\/05\/Installation-panneaux-solaires-maroc-casablanca-203x300.webp 203w, https:\/\/click.ma\/tecas\/wp-content\/uploads\/2026\/05\/Installation-panneaux-solaires-maroc-casablanca-600x885.webp 600w, https:\/\/click.ma\/tecas\/wp-content\/uploads\/2026\/05\/Installation-panneaux-solaires-maroc-casablanca-150x221.webp 150w, https:\/\/click.ma\/tecas\/wp-content\/uploads\/2026\/05\/Installation-panneaux-solaires-maroc-casablanca.webp 610w\" sizes=\"auto, (max-width: 286px) 100vw, 286px\" \/>\n\t\t\t\t\t\t\t\t\t\t\t\t\t\t\t<\/a>\n\t\t\t\t\t\t\t\t\t\t\t\t<\/div>\n\t\t\t\t\t\t\t\t\t\n\t\t\t\t\t\t\t<\/div>\n\n\t\t\t\t\t<\/div>\n\t\t[\/vc_column][\/vc_row][vc_row content_placement=\u00a0\u00bbmiddle\u00a0\u00bb css=\u00a0\u00bb.vc_custom_1765814759225{margin-top: 70px !important;}\u00a0\u00bb woodmart_css_id=\u00a0\u00bb694031e0bb5e6&Prime; responsive_spacing=\u00a0\u00bbeyJwYXJhbV90eXBlIjoid29vZG1hcnRfcmVzcG9uc2l2ZV9zcGFjaW5nIiwic2VsZWN0b3JfaWQiOiI2OTQwMzFlMGJiNWU2Iiwic2hvcnRjb2RlIjoidmNfcm93IiwiZGF0YSI6eyJ0YWJsZXQiOnt9LCJtb2JpbGUiOnt9fX0=\u00a0\u00bb mobile_bg_img_hidden=\u00a0\u00bbno\u00a0\u00bb tablet_bg_img_hidden=\u00a0\u00bbno\u00a0\u00bb woodmart_parallax=\u00a0\u00bb0&Prime; woodmart_gradient_switch=\u00a0\u00bbno\u00a0\u00bb woodmart_box_shadow=\u00a0\u00bbno\u00a0\u00bb wd_z_index=\u00a0\u00bbno\u00a0\u00bb woodmart_disable_overflow=\u00a0\u00bb0&Prime; row_reverse_mobile=\u00a0\u00bb0&Prime; row_reverse_tablet=\u00a0\u00bb0&Prime;][vc_column width=\u00a0\u00bb1\/2&Prime;]\t\t<div id=\"gallery_809\" class=\"wd-images-gallery wd-wpb wd-rs-6a020f8fc2039 photoswipe-images\" style=\"--wd-justify-content:center;--wd-align-items:center;\">\n\t\t\t\n\t\t\t<div class=\" wd-grid-g\" style=\"--wd-col-lg:2;--wd-col-md:2;--wd-col-sm:1;--wd-gap-lg:10px;\">\n\t\t\t\t\n\t\t\t\t\t\t\t\t\t\t\t\t\t\t\t<div class=\"wd-gallery-item wd-col\">\n\t\t\t\t\t\t\t\t\t\t\t\t\t\t<a href=\"https:\/\/click.ma\/tecas\/wp-content\/uploads\/2026\/05\/Installation-panneaux-solaires-off-grid.webp\" data-elementor-open-lightbox=\"no\" data-index=\"1\" data-width=\"402\" data-height=\"900\" \n\t\t\t\t\t\t\t\t\t\t\t\t >\n\t\t\t\t\t\t\t\t\n\t\t\t\t\t\t\t\t<img loading=\"lazy\" decoding=\"async\" width=\"286\" height=\"422\" src=\"https:\/\/click.ma\/tecas\/wp-content\/uploads\/2026\/05\/Installation-panneaux-solaires-off-grid-286x422.webp\" class=\"wd-gallery-image image-1\" alt=\"\" \/>\n\t\t\t\t\t\t\t\t\t\t\t\t\t\t\t<\/a>\n\t\t\t\t\t\t\t\t\t\t\t\t<\/div>\n\t\t\t\t\t\t\t\t\t\t\t<div class=\"wd-gallery-item wd-col\">\n\t\t\t\t\t\t\t\t\t\t\t\t\t\t<a href=\"https:\/\/click.ma\/tecas\/wp-content\/uploads\/2026\/05\/Installation-panneaux-solaires-maroc-pro.webp\" data-elementor-open-lightbox=\"no\" data-index=\"2\" data-width=\"405\" data-height=\"900\" \n\t\t\t\t\t\t\t\t\t\t\t\t >\n\t\t\t\t\t\t\t\t\n\t\t\t\t\t\t\t\t<img loading=\"lazy\" decoding=\"async\" width=\"286\" height=\"422\" src=\"https:\/\/click.ma\/tecas\/wp-content\/uploads\/2026\/05\/Installation-panneaux-solaires-maroc-pro-286x422.webp\" class=\"wd-gallery-image image-2\" alt=\"\" \/>\n\t\t\t\t\t\t\t\t\t\t\t\t\t\t\t<\/a>\n\t\t\t\t\t\t\t\t\t\t\t\t<\/div>\n\t\t\t\t\t\t\t\t\t\n\t\t\t\t\t\t\t<\/div>\n\n\t\t\t\t\t<\/div>\n\t\t[\/vc_column][vc_column width=\u00a0\u00bb1\/2&Prime;]\n\t\t<div id=\"wd-694031bbe28a2\" class=\"title-wrapper wd-wpb wd-set-mb reset-last-child  wd-rs-694031bbe28a2 wd-title-color-default wd-title-style-default text-left title-style  wd-underline-colored\">\n\t\t\t\n\t\t\t<div class=\"liner-continer\">\n\t\t\t\t<h2 class=\"woodmart-title-container title  wd-font-weight- wd-fontsize-xxxl\" >Installation panneaux<br \/>\n<u>solaires<\/u><\/h2>\n\t\t\t\t\t\t\t<\/div>\n\t\t\t\n\t\t\t\n\t\t\t\n\t\t<\/div>\n\t\t\n\t\t\t\t<div id=\"wd-694030fc3d0d5\" class=\"wd-text-block wd-wpb reset-last-child wd-rs-694030fc3d0d5 text-left \">\n\t\t\t<p>Nos sp\u00e9cialistes en \u00e9nergie solaire effectuent une installation de panneaux solaires optimale pour maximiser l\u2019efficacit\u00e9 de votre syst\u00e8me. Gr\u00e2ce \u00e0 des calculs et des mesures d\u00e9taill\u00e9s faites lors des visites techniques et avec notre logiciel solaire innovant, nous sommes en mesure de concevoir et d\u2019installer un syst\u00e8me qui r\u00e9pond parfaitement \u00e0 vos besoins \u00e9nerg\u00e9tiques.<\/p>\n\t\t<\/div>\n\t\t<div id=\"wd-69402f30d32a9\" class=\" wd-rs-69402f30d32a9  wd-button-wrapper text-center inline-element\"><a href=\"https:\/\/click.ma\/tecas\/contact\/\" title=\"Contact\" class=\"btn btn-color-primary btn-style-default btn-shape-semi-round btn-size-default\">Contactez-nous<\/a><\/div>[\/vc_column][\/vc_row][vc_row content_placement=\u00a0\u00bbmiddle\u00a0\u00bb css=\u00a0\u00bb.vc_custom_1765814759225{margin-top: 70px !important;}\u00a0\u00bb woodmart_css_id=\u00a0\u00bb694031e0bb5e6&Prime; responsive_spacing=\u00a0\u00bbeyJwYXJhbV90eXBlIjoid29vZG1hcnRfcmVzcG9uc2l2ZV9zcGFjaW5nIiwic2VsZWN0b3JfaWQiOiI2OTQwMzFlMGJiNWU2Iiwic2hvcnRjb2RlIjoidmNfcm93IiwiZGF0YSI6eyJ0YWJsZXQiOnt9LCJtb2JpbGUiOnt9fX0=\u00a0\u00bb mobile_bg_img_hidden=\u00a0\u00bbno\u00a0\u00bb tablet_bg_img_hidden=\u00a0\u00bbno\u00a0\u00bb woodmart_parallax=\u00a0\u00bb0&Prime; woodmart_gradient_switch=\u00a0\u00bbno\u00a0\u00bb woodmart_box_shadow=\u00a0\u00bbno\u00a0\u00bb wd_z_index=\u00a0\u00bbno\u00a0\u00bb woodmart_disable_overflow=\u00a0\u00bb0&Prime; row_reverse_mobile=\u00a0\u00bb0&Prime; row_reverse_tablet=\u00a0\u00bb0&Prime;][vc_column width=\u00a0\u00bb1\/2&Prime;]\n\t\t<div id=\"wd-694031ef3b3aa\" class=\"title-wrapper wd-wpb wd-set-mb reset-last-child  wd-rs-694031ef3b3aa wd-title-color-default wd-title-style-default text-left title-style  wd-underline-colored\">\n\t\t\t\n\t\t\t<div class=\"liner-continer\">\n\t\t\t\t<h2 class=\"woodmart-title-container title  wd-font-weight- wd-fontsize-xxxl\" >Vente de mat\u00e9riel pour<br \/>\n<u>l'\u00e9nergie solaire<\/u><\/h2>\n\t\t\t\t\t\t\t<\/div>\n\t\t\t\n\t\t\t\n\t\t\t\n\t\t<\/div>\n\t\t\n\t\t\t\t<div id=\"wd-6940322706053\" class=\"wd-text-block wd-wpb reset-last-child wd-rs-6940322706053 text-left \">\n\t\t\t<p>Nous proposons dans notre boutique en ligne une gamme compl\u00e8te de produits d\u2019\u00e9nergie solaire de qualit\u00e9 sup\u00e9rieur \u00e0 un prix attractif, allant des panneaux solaires aux onduleurs On Grid, Off Grid et Hybrid, ainsi que des pompes immerg\u00e9es et des batteries gel. Nous avons s\u00e9lectionn\u00e9 les meilleurs produits du march\u00e9 des marques reconnues tels que Jinko et Huawei pour r\u00e9pondre \u00e0 vos besoins \u00e9nerg\u00e9tiques, que ce soit pour une installation r\u00e9sidentielle ou commerciale.<\/p>\n\t\t<\/div>\n\t\t<div id=\"wd-69402f30d32a9\" class=\" wd-rs-69402f30d32a9  wd-button-wrapper text-center inline-element\"><a href=\"https:\/\/click.ma\/tecas\/contact\/\" title=\"Contact\" class=\"btn btn-color-primary btn-style-default btn-shape-semi-round btn-size-default\">Contactez-nous<\/a><\/div>[\/vc_column][vc_column width=\u00a0\u00bb1\/2&Prime;]\t\t<div id=\"gallery_991\" class=\"wd-images-gallery wd-wpb wd-rs-694032b45817e photoswipe-images\" style=\"--wd-justify-content:center;--wd-align-items:center;\">\n\t\t\t\n\t\t\t<div class=\" wd-grid-g\" style=\"--wd-col-lg:2;--wd-col-md:2;--wd-col-sm:1;--wd-gap-lg:10px;\">\n\t\t\t\t\n\t\t\t\t\t\t\t\t\t\t\t\t\t\t\t<div class=\"wd-gallery-item wd-col\">\n\t\t\t\t\t\t\t\t\t\t\t\t\t\t<a href=\"https:\/\/click.ma\/tecas\/wp-content\/uploads\/2025\/12\/nos-service-page-9.webp\" data-elementor-open-lightbox=\"no\" data-index=\"1\" data-width=\"405\" data-height=\"720\" \n\t\t\t\t\t\t\t\t\t\t\t\t >\n\t\t\t\t\t\t\t\t\n\t\t\t\t\t\t\t\t<img loading=\"lazy\" decoding=\"async\" width=\"286\" height=\"422\" src=\"https:\/\/click.ma\/tecas\/wp-content\/uploads\/2025\/12\/nos-service-page-9-286x422.webp\" class=\"wd-gallery-image image-1\" alt=\"\" \/>\n\t\t\t\t\t\t\t\t\t\t\t\t\t\t\t<\/a>\n\t\t\t\t\t\t\t\t\t\t\t\t<\/div>\n\t\t\t\t\t\t\t\t\t\t\t<div class=\"wd-gallery-item wd-col\">\n\t\t\t\t\t\t\t\t\t\t\t\t\t\t<a href=\"https:\/\/click.ma\/tecas\/wp-content\/uploads\/2025\/12\/nos-service-page-7.jpg\" data-elementor-open-lightbox=\"no\" data-index=\"2\" data-width=\"720\" data-height=\"1280\" \n\t\t\t\t\t\t\t\t\t\t\t\t >\n\t\t\t\t\t\t\t\t\n\t\t\t\t\t\t\t\t<img loading=\"lazy\" decoding=\"async\" width=\"286\" height=\"422\" src=\"https:\/\/click.ma\/tecas\/wp-content\/uploads\/2025\/12\/nos-service-page-7-286x422.jpg\" class=\"wd-gallery-image image-2\" alt=\"\" \/>\n\t\t\t\t\t\t\t\t\t\t\t\t\t\t\t<\/a>\n\t\t\t\t\t\t\t\t\t\t\t\t<\/div>\n\t\t\t\t\t\t\t\t\t\n\t\t\t\t\t\t\t<\/div>\n\n\t\t\t\t\t<\/div>\n\t\t[\/vc_column][\/vc_row][vc_row content_placement=\u00a0\u00bbmiddle\u00a0\u00bb css=\u00a0\u00bb.vc_custom_1765814759225{margin-top: 70px !important;}\u00a0\u00bb woodmart_css_id=\u00a0\u00bb694031e0bb5e6&Prime; responsive_spacing=\u00a0\u00bbeyJwYXJhbV90eXBlIjoid29vZG1hcnRfcmVzcG9uc2l2ZV9zcGFjaW5nIiwic2VsZWN0b3JfaWQiOiI2OTQwMzFlMGJiNWU2Iiwic2hvcnRjb2RlIjoidmNfcm93IiwiZGF0YSI6eyJ0YWJsZXQiOnt9LCJtb2JpbGUiOnt9fX0=\u00a0\u00bb mobile_bg_img_hidden=\u00a0\u00bbno\u00a0\u00bb tablet_bg_img_hidden=\u00a0\u00bbno\u00a0\u00bb woodmart_parallax=\u00a0\u00bb0&Prime; woodmart_gradient_switch=\u00a0\u00bbno\u00a0\u00bb woodmart_box_shadow=\u00a0\u00bbno\u00a0\u00bb wd_z_index=\u00a0\u00bbno\u00a0\u00bb woodmart_disable_overflow=\u00a0\u00bb0&Prime; row_reverse_mobile=\u00a0\u00bb0&Prime; row_reverse_tablet=\u00a0\u00bb0&Prime;][vc_column width=\u00a0\u00bb1\/2&Prime;]\t\t<div id=\"gallery_909\" class=\"wd-images-gallery wd-wpb wd-rs-6a020fd482590 photoswipe-images\" style=\"--wd-justify-content:center;--wd-align-items:center;\">\n\t\t\t\n\t\t\t<div class=\" wd-grid-g\" style=\"--wd-col-lg:2;--wd-col-md:2;--wd-col-sm:1;--wd-gap-lg:10px;\">\n\t\t\t\t\n\t\t\t\t\t\t\t\t\t\t\t\t\t\t\t<div class=\"wd-gallery-item wd-col\">\n\t\t\t\t\t\t\t\t\t\t\t\t\t\t<a href=\"https:\/\/click.ma\/tecas\/wp-content\/uploads\/2026\/05\/Installation-panneaux-solaires-rabat.webp\" data-elementor-open-lightbox=\"no\" data-index=\"1\" data-width=\"673\" data-height=\"900\" \n\t\t\t\t\t\t\t\t\t\t\t\t >\n\t\t\t\t\t\t\t\t\n\t\t\t\t\t\t\t\t<img loading=\"lazy\" decoding=\"async\" width=\"286\" height=\"422\" src=\"https:\/\/click.ma\/tecas\/wp-content\/uploads\/2026\/05\/Installation-panneaux-solaires-rabat-286x422.webp\" class=\"wd-gallery-image image-1\" alt=\"\" \/>\n\t\t\t\t\t\t\t\t\t\t\t\t\t\t\t<\/a>\n\t\t\t\t\t\t\t\t\t\t\t\t<\/div>\n\t\t\t\t\t\t\t\t\t\t\t<div class=\"wd-gallery-item wd-col\">\n\t\t\t\t\t\t\t\t\t\t\t\t\t\t<a href=\"https:\/\/click.ma\/tecas\/wp-content\/uploads\/2026\/05\/Installation-panneaux-solaires-maroc-rabat.webp\" data-elementor-open-lightbox=\"no\" data-index=\"2\" data-width=\"447\" data-height=\"900\" \n\t\t\t\t\t\t\t\t\t\t\t\t >\n\t\t\t\t\t\t\t\t\n\t\t\t\t\t\t\t\t<img loading=\"lazy\" decoding=\"async\" width=\"286\" height=\"422\" src=\"https:\/\/click.ma\/tecas\/wp-content\/uploads\/2026\/05\/Installation-panneaux-solaires-maroc-rabat-286x422.webp\" class=\"wd-gallery-image image-2\" alt=\"\" \/>\n\t\t\t\t\t\t\t\t\t\t\t\t\t\t\t<\/a>\n\t\t\t\t\t\t\t\t\t\t\t\t<\/div>\n\t\t\t\t\t\t\t\t\t\n\t\t\t\t\t\t\t<\/div>\n\n\t\t\t\t\t<\/div>\n\t\t[\/vc_column][vc_column width=\u00a0\u00bb1\/2&Prime;]\n\t\t<div id=\"wd-694032dfce9b7\" class=\"title-wrapper wd-wpb wd-set-mb reset-last-child  wd-rs-694032dfce9b7 wd-title-color-default wd-title-style-default text-left title-style  wd-underline-colored\">\n\t\t\t\n\t\t\t<div class=\"liner-continer\">\n\t\t\t\t<h2 class=\"woodmart-title-container title  wd-font-weight- wd-fontsize-xxxl\" >Maintenance et r\u00e9paration<br \/>\n<u>du syst\u00e8me solaire<\/u><\/h2>\n\t\t\t\t\t\t\t<\/div>\n\t\t\t\n\t\t\t\n\t\t\t\n\t\t<\/div>\n\t\t\n\t\t\t\t<div id=\"wd-69403301a7573\" class=\"wd-text-block wd-wpb reset-last-child wd-rs-69403301a7573 text-left \">\n\t\t\t<p>Chez Tecas, nous savons que votre syst\u00e8me solaire est essentiel pour votre confort et votre \u00e9conomie d\u2019\u00e9nergie. C\u2019est pourquoi nous proposons un service de maintenance et de r\u00e9paration rapide et efficace pour garantir un fonctionnement optimal de votre syst\u00e8me. Nos sp\u00e9cialistes en \u00e9nergie solaire sont \u00e0 votre disposition pour r\u00e9soudre tous les probl\u00e8mes li\u00e9s \u00e0 votre installation solaire.<\/p>\n\t\t<\/div>\n\t\t<div id=\"wd-69402f30d32a9\" class=\" wd-rs-69402f30d32a9  wd-button-wrapper text-center inline-element\"><a href=\"https:\/\/click.ma\/tecas\/contact\/\" title=\"Contact\" class=\"btn btn-color-primary btn-style-default btn-shape-semi-round btn-size-default\">Contactez-nous<\/a><\/div>[\/vc_column][\/vc_row][vc_row content_placement=\u00a0\u00bbmiddle\u00a0\u00bb css=\u00a0\u00bb.vc_custom_1765814759225{margin-top: 70px !important;}\u00a0\u00bb woodmart_css_id=\u00a0\u00bb694031e0bb5e6&Prime; responsive_spacing=\u00a0\u00bbeyJwYXJhbV90eXBlIjoid29vZG1hcnRfcmVzcG9uc2l2ZV9zcGFjaW5nIiwic2VsZWN0b3JfaWQiOiI2OTQwMzFlMGJiNWU2Iiwic2hvcnRjb2RlIjoidmNfcm93IiwiZGF0YSI6eyJ0YWJsZXQiOnt9LCJtb2JpbGUiOnt9fX0=\u00a0\u00bb mobile_bg_img_hidden=\u00a0\u00bbno\u00a0\u00bb tablet_bg_img_hidden=\u00a0\u00bbno\u00a0\u00bb woodmart_parallax=\u00a0\u00bb0&Prime; woodmart_gradient_switch=\u00a0\u00bbno\u00a0\u00bb woodmart_box_shadow=\u00a0\u00bbno\u00a0\u00bb wd_z_index=\u00a0\u00bbno\u00a0\u00bb woodmart_disable_overflow=\u00a0\u00bb0&Prime; row_reverse_mobile=\u00a0\u00bb0&Prime; row_reverse_tablet=\u00a0\u00bb0&Prime;][vc_column width=\u00a0\u00bb1\/2&Prime;]\n\t\t<div id=\"wd-69403420b709e\" class=\"title-wrapper wd-wpb wd-set-mb reset-last-child  wd-rs-69403420b709e wd-title-color-default wd-title-style-default text-left title-style  wd-underline-colored\">\n\t\t\t\n\t\t\t<div class=\"liner-continer\">\n\t\t\t\t<h2 class=\"woodmart-title-container title  wd-font-weight- wd-fontsize-xxxl\" >Formation pour<br \/>\n<u>professionnels du secteur<\/u><\/h2>\n\t\t\t\t\t\t\t<\/div>\n\t\t\t\n\t\t\t\n\t\t\t\n\t\t<\/div>\n\t\t\n\t\t\t\t<div id=\"wd-6940335b80c00\" class=\"wd-text-block wd-wpb reset-last-child wd-rs-6940335b80c00 text-left \">\n\t\t\t<p>Chez Tecas, nous comprenons l\u2019importance de ma\u00eetriser les technologies solaires pour r\u00e9ussir dans un secteur en pleine croissance. C\u2019est pourquoi nous proposons une formation compl\u00e8te pour les professionnels, visant \u00e0 renforcer vos comp\u00e9tences en installation, maintenance et gestion de projets solaires. Nos formateurs experts vous transmettent des connaissances pratiques et th\u00e9oriques pour garantir la ma\u00eetrise des technologies et normes actuelles. Avec Tecas, d\u00e9veloppez votre expertise et contribuez activement \u00e0 l\u2019avenir de l\u2019\u00e9nergie solaire.<\/p>\n\t\t<\/div>\n\t\t<div id=\"wd-69402f30d32a9\" class=\" wd-rs-69402f30d32a9  wd-button-wrapper text-center inline-element\"><a href=\"https:\/\/click.ma\/tecas\/contact\/\" title=\"Contact\" class=\"btn btn-color-primary btn-style-default btn-shape-semi-round btn-size-default\">Contactez-nous<\/a><\/div>[\/vc_column][vc_column width=\u00a0\u00bb1\/2&Prime;]\t\t<div id=\"gallery_452\" class=\"wd-images-gallery wd-wpb wd-rs-694034316d5d9 photoswipe-images\" style=\"--wd-justify-content:center;--wd-align-items:center;\">\n\t\t\t\n\t\t\t<div class=\" wd-grid-g\" style=\"--wd-col-lg:2;--wd-col-md:2;--wd-col-sm:1;--wd-gap-lg:10px;\">\n\t\t\t\t\n\t\t\t\t\t\t\t\t\t\t\t\t\t\t\t<div class=\"wd-gallery-item wd-col\">\n\t\t\t\t\t\t\t\t\t\t\t\t\t\t<a href=\"https:\/\/click.ma\/tecas\/wp-content\/uploads\/2025\/12\/nos-service-page-15.webp\" data-elementor-open-lightbox=\"no\" data-index=\"1\" data-width=\"720\" data-height=\"484\" \n\t\t\t\t\t\t\t\t\t\t\t\t >\n\t\t\t\t\t\t\t\t\n\t\t\t\t\t\t\t\t<img loading=\"lazy\" decoding=\"async\" width=\"286\" height=\"422\" src=\"https:\/\/click.ma\/tecas\/wp-content\/uploads\/2025\/12\/nos-service-page-15-286x422.webp\" class=\"wd-gallery-image image-1\" alt=\"\" \/>\n\t\t\t\t\t\t\t\t\t\t\t\t\t\t\t<\/a>\n\t\t\t\t\t\t\t\t\t\t\t\t<\/div>\n\t\t\t\t\t\t\t\t\t\t\t<div class=\"wd-gallery-item wd-col\">\n\t\t\t\t\t\t\t\t\t\t\t\t\t\t<a href=\"https:\/\/click.ma\/tecas\/wp-content\/uploads\/2025\/12\/two-young-female-colleagues-workk.png\" data-elementor-open-lightbox=\"no\" data-index=\"2\" data-width=\"249\" data-height=\"522\" \n\t\t\t\t\t\t\t\t\t\t\t\t >\n\t\t\t\t\t\t\t\t\n\t\t\t\t\t\t\t\t<img loading=\"lazy\" decoding=\"async\" width=\"201\" height=\"422\" src=\"https:\/\/click.ma\/tecas\/wp-content\/uploads\/2025\/12\/two-young-female-colleagues-workk.png\" class=\"wd-gallery-image image-2\" alt=\"\" srcset=\"https:\/\/click.ma\/tecas\/wp-content\/uploads\/2025\/12\/two-young-female-colleagues-workk.png 249w, https:\/\/click.ma\/tecas\/wp-content\/uploads\/2025\/12\/two-young-female-colleagues-workk-143x300.png 143w, https:\/\/click.ma\/tecas\/wp-content\/uploads\/2025\/12\/two-young-female-colleagues-workk-150x314.png 150w\" sizes=\"auto, (max-width: 201px) 100vw, 201px\" \/>\n\t\t\t\t\t\t\t\t\t\t\t\t\t\t\t<\/a>\n\t\t\t\t\t\t\t\t\t\t\t\t<\/div>\n\t\t\t\t\t\t\t\t\t\n\t\t\t\t\t\t\t<\/div>\n\n\t\t\t\t\t<\/div>\n\t\t[\/vc_column][\/vc_row]<\/p>\n<\/div>","protected":false},"excerpt":{"rendered":"<p>[vc_row full_width=\u00a0\u00bbstretch_row\u00a0\u00bb woodmart_bg_position=\u00a0\u00bbleft-top\u00a0\u00bb css=\u00a0\u00bb.vc_custom_1774536293543{margin-top: -40px !important;padding-top: 70px !important;padding-bottom: 70px !important;background-image: url(https:\/\/click.ma\/tecas\/wp-content\/uploads\/2026\/03\/4e1c0b4109_50189859_record-efficacite-cellule-solaire.jpg?id=991) !important;background-position: center !important;background-repeat: no-repeat !important;background-size: cover !important;}\u00a0\u00bb woodmart_css_id=\u00a0\u00bb69c54659074d1&Prime; responsive_spacing=\u00a0\u00bbeyJwYXJhbV90eXBlIjoid29vZG1hcnRfcmVzcG9uc2l2ZV9zcGFjaW5nIiwic2VsZWN0b3JfaWQiOiI2OWM1NDY1OTA3NGQxIiwic2hvcnRjb2RlIjoidmNfcm93IiwiZGF0YSI6eyJ0YWJsZXQiOnt9LCJtb2JpbGUiOnt9fX0=\u00a0\u00bb<\/p>\n","protected":false},"author":1,"featured_media":0,"parent":0,"menu_order":0,"comment_status":"closed","ping_status":"closed","template":"","meta":{"footnotes":""},"class_list":["post-745","page","type-page","status-publish","hentry"],"_links":{"self":[{"href":"https:\/\/click.ma\/tecas\/wp-json\/wp\/v2\/pages\/745","targetHints":{"allow":["GET"]}}],"collection":[{"href":"https:\/\/click.ma\/tecas\/wp-json\/wp\/v2\/pages"}],"about":[{"href":"https:\/\/click.ma\/tecas\/wp-json\/wp\/v2\/types\/page"}],"author":[{"embeddable":true,"href":"https:\/\/click.ma\/tecas\/wp-json\/wp\/v2\/users\/1"}],"replies":[{"embeddable":true,"href":"https:\/\/click.ma\/tecas\/wp-json\/wp\/v2\/comments?post=745"}],"version-history":[{"count":14,"href":"https:\/\/click.ma\/tecas\/wp-json\/wp\/v2\/pages\/745\/revisions"}],"predecessor-version":[{"id":1318,"href":"https:\/\/click.ma\/tecas\/wp-json\/wp\/v2\/pages\/745\/revisions\/1318"}],"wp:attachment":[{"href":"https:\/\/click.ma\/tecas\/wp-json\/wp\/v2\/media?parent=745"}],"curies":[{"name":"wp","href":"https:\/\/api.w.org\/{rel}","templated":true}]}}