{"id":125,"date":"2025-12-12T21:52:03","date_gmt":"2025-12-12T21:52:03","guid":{"rendered":"https:\/\/click.ma\/tecas\/?page_id=125"},"modified":"2026-04-26T19:49:28","modified_gmt":"2026-04-26T19:49:28","slug":"simulateur","status":"publish","type":"page","link":"https:\/\/click.ma\/tecas\/simulateur\/","title":{"rendered":"Simulateur"},"content":{"rendered":"<div class=\"wpb-content-wrapper\"><p>[vc_row full_width=\u00a0\u00bbstretch_row\u00a0\u00bb full_height=\u00a0\u00bbyes\u00a0\u00bb woodmart_bg_position=\u00a0\u00bbleft-top\u00a0\u00bb css=\u00a0\u00bb.vc_custom_1773323874915{margin-top: -40px !important;padding-top: 50px !important;background-image: url(https:\/\/click.ma\/tecas\/wp-content\/uploads\/2026\/03\/4e1c0b4109_50189859_record-efficacite-cellule-solaire.jpg?id=991) !important;background-position: center !important;background-repeat: no-repeat !important;background-size: cover !important;}\u00a0\u00bb woodmart_css_id=\u00a0\u00bb69b2c640a06e0&Prime; responsive_spacing=\u00a0\u00bbeyJwYXJhbV90eXBlIjoid29vZG1hcnRfcmVzcG9uc2l2ZV9zcGFjaW5nIiwic2VsZWN0b3JfaWQiOiI2OWIyYzY0MGEwNmUwIiwic2hvcnRjb2RlIjoidmNfcm93IiwiZGF0YSI6eyJ0YWJsZXQiOnt9LCJtb2JpbGUiOnt9fX0=\u00a0\u00bb mobile_bg_img_hidden=\u00a0\u00bbno\u00a0\u00bb tablet_bg_img_hidden=\u00a0\u00bbno\u00a0\u00bb woodmart_parallax=\u00a0\u00bb0&Prime; woodmart_gradient_switch=\u00a0\u00bbyes\u00a0\u00bb woodmart_box_shadow=\u00a0\u00bbno\u00a0\u00bb wd_z_index=\u00a0\u00bbno\u00a0\u00bb woodmart_disable_overflow=\u00a0\u00bb0&Prime; row_reverse_mobile=\u00a0\u00bb0&Prime; row_reverse_tablet=\u00a0\u00bb0&Prime; woodmart_color_gradient=\u00a0\u00bbrgba(0, 0, 0, 0.5)-0\/rgba(22, 53, 99, 0.1)-100\/|linear-gradient(left , rgba(0, 0, 0, 0.5) , rgba(22, 53, 99, 0.1) 100%)|linear|left\u00a0\u00bb][vc_column width=\u00a0\u00bb1\/2&Prime;]\n\t\t<div id=\"wd-69b2c959a6af0\" class=\"title-wrapper wd-wpb wd-set-mb reset-last-child  wd-rs-69b2c959a6af0 wd-title-color-default wd-title-style-default text-left  wd-underline-colored\">\n\t\t\t\t\t\t\t\n\t\t\t\t<div class=\"title-subtitle  subtitle-color-default font-default subtitle-style-default wd-font-weight-400 wd-fontsize-m\">Tecas Energie Solaire<\/div>\n\t\t\t\n\t\t\t<div class=\"liner-continer\">\n\t\t\t\t<h1 class=\"woodmart-title-container title  wd-font-weight-500 wd-fontsize-xxxl\" >Simulateur de Panneaux Solaires au Maroc<\/h1>\n\t\t\t\t\t\t\t<\/div>\n\t\t\t\n\t\t\t\t\t\t\t<div class=\"title-after_title reset-last-child  wd-fontsize-s\">D\u00e9couvrez combien vous pouvez \u00e9conomiser avec l\u2019\u00e9nergie solaire. Utilisez notre simulateur pour obtenir une estimation rapide du prix et des performances de votre future installation solaire.<\/div>\n\t\t\t\n\t\t\t\n\t\t<\/div>\n\t\t\n\t\t[\/vc_column][vc_column width=\u00a0\u00bb1\/2&Prime; woodmart_css_id=\u00a0\u00bb694036b9b3e07&Prime; parallax_scroll=\u00a0\u00bbno\u00a0\u00bb woodmart_sticky_column=\u00a0\u00bbfalse\u00a0\u00bb wd_collapsible_content_switcher=\u00a0\u00bbno\u00a0\u00bb wd_column_role_offcanvas_desktop=\u00a0\u00bbno\u00a0\u00bb wd_column_role_offcanvas_tablet=\u00a0\u00bbno\u00a0\u00bb wd_column_role_offcanvas_mobile=\u00a0\u00bbno\u00a0\u00bb wd_column_role_content_desktop=\u00a0\u00bbno\u00a0\u00bb wd_column_role_content_tablet=\u00a0\u00bbno\u00a0\u00bb wd_column_role_content_mobile=\u00a0\u00bbno\u00a0\u00bb mobile_bg_img_hidden=\u00a0\u00bbno\u00a0\u00bb tablet_bg_img_hidden=\u00a0\u00bbno\u00a0\u00bb woodmart_parallax=\u00a0\u00bb0&Prime; woodmart_box_shadow=\u00a0\u00bbno\u00a0\u00bb responsive_spacing=\u00a0\u00bbeyJwYXJhbV90eXBlIjoid29vZG1hcnRfcmVzcG9uc2l2ZV9zcGFjaW5nIiwic2VsZWN0b3JfaWQiOiI2OTQwMzZiOWIzZTA3Iiwic2hvcnRjb2RlIjoidmNfY29sdW1uIiwiZGF0YSI6eyJ0YWJsZXQiOnt9LCJtb2JpbGUiOnt9fX0=\u00a0\u00bb mobile_reset_margin=\u00a0\u00bbno\u00a0\u00bb tablet_reset_margin=\u00a0\u00bbno\u00a0\u00bb wd_z_index=\u00a0\u00bbno\u00a0\u00bb]\t\t<div class=\"wd-el-video wd-wpb wd-rs-69dce42f3a564 wd-action-without wd-video-hosted wd-with-aspect-ratio\">\n\t\t\t\t\t\t\t<video src=\"https:\/\/click.ma\/tecas\/wp-content\/uploads\/2026\/04\/vidio.mp4\" playsinline loop muted autoplay><\/video>\t\t\t\n\t\t\t\n\t\t\t\n\t\t\t\t\t<\/div>\n\t\t[\/vc_column][\/vc_row][vc_row el_id=\u00a0\u00bbsimulateur\u00a0\u00bb woodmart_css_id=\u00a0\u00bb69b2c98599d44&Prime; responsive_spacing=\u00a0\u00bbeyJwYXJhbV90eXBlIjoid29vZG1hcnRfcmVzcG9uc2l2ZV9zcGFjaW5nIiwic2VsZWN0b3JfaWQiOiI2OWIyYzk4NTk5ZDQ0Iiwic2hvcnRjb2RlIjoidmNfcm93IiwiZGF0YSI6eyJ0YWJsZXQiOnt9LCJtb2JpbGUiOnt9fX0=\u00a0\u00bb mobile_bg_img_hidden=\u00a0\u00bbno\u00a0\u00bb tablet_bg_img_hidden=\u00a0\u00bbno\u00a0\u00bb woodmart_parallax=\u00a0\u00bb0&Prime; woodmart_gradient_switch=\u00a0\u00bbno\u00a0\u00bb woodmart_box_shadow=\u00a0\u00bbno\u00a0\u00bb wd_z_index=\u00a0\u00bbno\u00a0\u00bb woodmart_disable_overflow=\u00a0\u00bb0&Prime; row_reverse_mobile=\u00a0\u00bb0&Prime; row_reverse_tablet=\u00a0\u00bb0&Prime;][vc_column][vc_column_text css=\u00a0\u00bb\u00a0\u00bb woodmart_inline=\u00a0\u00bbno\u00a0\u00bb text_larger=\u00a0\u00bbno\u00a0\u00bb]\n<div class=\"tecas-solar-simulator\">\n\t<div class=\"tecas-simulator-container\">\n\t\t<!-- Steps Progress Bar -->\n\t\t<div class=\"tecas-steps-progress\">\n\t\t\t<div class=\"tecas-step-indicator active\" data-step=\"1\">\n\t\t\t\t<span class=\"tecas-step-number\">1<\/span>\n\t\t\t\t<span class=\"tecas-step-label\">B\u00e2timent<\/span>\n\t\t\t<\/div>\n\t\t\t<div class=\"tecas-step-indicator\" data-step=\"2\">\n\t\t\t\t<span class=\"tecas-step-number\">2<\/span>\n\t\t\t\t<span class=\"tecas-step-label\">Alimentation<\/span>\n\t\t\t<\/div>\n\t\t\t<div class=\"tecas-step-indicator\" data-step=\"3\">\n\t\t\t\t<span class=\"tecas-step-number\">3<\/span>\n\t\t\t\t<span class=\"tecas-step-label\">Consommation<\/span>\n\t\t\t<\/div>\n\t\t\t<div class=\"tecas-step-indicator\" data-step=\"4\">\n\t\t\t\t<span class=\"tecas-step-number\">4<\/span>\n\t\t\t\t<span class=\"tecas-step-label\">Fixation<\/span>\n\t\t\t<\/div>\n\t\t\t<div class=\"tecas-step-indicator\" data-step=\"5\">\n\t\t\t\t<span class=\"tecas-step-number\">5<\/span>\n\t\t\t\t<span class=\"tecas-step-label\">Exposition<\/span>\n\t\t\t<\/div>\n\t\t\t<div class=\"tecas-step-indicator\" data-step=\"6\">\n\t\t\t\t<span class=\"tecas-step-number\">6<\/span>\n\t\t\t\t<span class=\"tecas-step-label\">R\u00e9sultat<\/span>\n\t\t\t<\/div>\n\t\t<\/div>\n\n\t\t<!-- Step 1: Type de b\u00e2timent -->\n\t\t<div id=\"tecas-step-1\" class=\"tecas-step active\">\n\t\t\t<h3 class=\"tecas-step-title\">\n\t\t\t\tType de b\u00e2timent\t\t\t<\/h3>\n\t\t\t<p class=\"tecas-step-description\">\n\t\t\t\tS\u00e9lectionnez le type de b\u00e2timent pour lequel vous souhaitez une estimation.\t\t\t<\/p>\n\t\t\t<div class=\"tecas-building-type-options\">\n\t\t\t\t<label class=\"tecas-building-type-option\">\n\t\t\t\t\t<input type=\"radio\" name=\"tecas_building_type\" value=\"maison_individuelle\" required>\n\t\t\t\t\t<span class=\"tecas-option-label\">Maison individuelle<\/span>\n\t\t\t\t<\/label>\n\t\t\t\t<label class=\"tecas-building-type-option\">\n\t\t\t\t\t<input type=\"radio\" name=\"tecas_building_type\" value=\"local_commercial_bureau\">\n\t\t\t\t\t<span class=\"tecas-option-label\">Local commercial \/ bureau<\/span>\n\t\t\t\t<\/label>\n\t\t\t\t<label class=\"tecas-building-type-option\">\n\t\t\t\t\t<input type=\"radio\" name=\"tecas_building_type\" value=\"usine_site_industriel\">\n\t\t\t\t\t<span class=\"tecas-option-label\">Usine \/ site industriel<\/span>\n\t\t\t\t<\/label>\n\t\t\t\t<label class=\"tecas-building-type-option\">\n\t\t\t\t\t<input type=\"radio\" name=\"tecas_building_type\" value=\"ferme_batiment_agricole\">\n\t\t\t\t\t<span class=\"tecas-option-label\">Ferme \/ b\u00e2timent agricole<\/span>\n\t\t\t\t<\/label>\n\t\t\t<\/div>\n\t\t\t<button type=\"button\" class=\"tecas-btn tecas-step-next\">\n\t\t\t\tSuivant\t\t\t<\/button>\n\t\t<\/div>\n\n\t\t<!-- Step 2: Type d'alimentation -->\n\t\t<div id=\"tecas-step-2\" class=\"tecas-step\" style=\"display: none;\">\n\t\t\t<h3 class=\"tecas-step-title\">\n\t\t\t\tVotre maison est-elle \u00e9quip\u00e9e d&#039;une alimentation monophas\u00e9e ou triphas\u00e9e ?\t\t\t<\/h3>\n\t\t\t<p class=\"tecas-step-description\">\n\t\t\t\tS\u00e9lectionnez le type d&#039;alimentation \u00e9lectrique de votre installation.\t\t\t<\/p>\n\t\t\t<div class=\"tecas-power-type-options\">\n\t\t\t\t<label class=\"tecas-power-type-option\">\n\t\t\t\t\t<input type=\"radio\" name=\"tecas_power_type\" value=\"monophase\" required>\n\t\t\t\t\t<div class=\"tecas-power-icon\">\n\t\t\t\t\t\t<img decoding=\"async\" src=\"https:\/\/click.ma\/tecas\/wp-content\/plugins\/tecas-solar-simulator\/assets\/images\/monophase.svg\" alt=\"Monophas\u00e9\">\n\t\t\t\t\t<\/div>\n\t\t\t\t\t<div class=\"tecas-power-details\">\n\t\t\t\t\t\t<span class=\"tecas-option-label\">Monophas\u00e9<\/span>\n\t\t\t\t\t\t<span class=\"tecas-power-voltage\">220 volts<\/span>\n\t\t\t\t\t<\/div>\n\t\t\t\t<\/label>\n\t\t\t\t<label class=\"tecas-power-type-option\">\n\t\t\t\t\t<input type=\"radio\" name=\"tecas_power_type\" value=\"triphase\" required>\n\t\t\t\t\t<div class=\"tecas-power-icon\">\n\t\t\t\t\t\t<img decoding=\"async\" src=\"https:\/\/click.ma\/tecas\/wp-content\/plugins\/tecas-solar-simulator\/assets\/images\/triphase.svg\" alt=\"Triphas\u00e9\">\n\t\t\t\t\t<\/div>\n\t\t\t\t\t<div class=\"tecas-power-details\">\n\t\t\t\t\t\t<span class=\"tecas-option-label\">Triphas\u00e9<\/span>\n\t\t\t\t\t\t<span class=\"tecas-power-voltage\">380 volts<\/span>\n\t\t\t\t\t<\/div>\n\t\t\t\t<\/label>\n\t\t\t<\/div>\n\t\t\t<div class=\"tecas-step-actions\">\n\t\t\t\t<button type=\"button\" class=\"tecas-btn tecas-step-prev\">\n\t\t\t\t\tPr\u00e9c\u00e9dent\t\t\t\t<\/button>\n\t\t\t\t<button type=\"button\" class=\"tecas-btn tecas-step-next\" id=\"tecas-step-2-next\">\n\t\t\t\t\tSuivant\t\t\t\t<\/button>\n\t\t\t<\/div>\n\t\t<\/div>\n\n\t\t<!-- Step 3: Consumption Selection -->\n\t\t<div id=\"tecas-step-3\" class=\"tecas-step\" style=\"display: none;\">\n\t\t\t<h3 class=\"tecas-step-title\">\n\t\t\t\tChoisissez votre m\u00e9thode de calcul\t\t\t<\/h3>\n\t\t\t\n\t\t\t<p class=\"tecas-simulator-description\">\n\t\t\t\tS\u00e9lectionnez comment vous souhaitez calculer votre consommation.\t\t\t<\/p>\n\n\t\t\t<!-- Mode Selection Tabs -->\n\t\t\t<div class=\"tecas-mode-selection\">\n\t\t\t\t<button type=\"button\" class=\"tecas-mode-tab active\" data-mode=\"consumption\">\n\t\t\t\t\tPar consommation (kWh)\t\t\t\t<\/button>\n\t\t\t\t<button type=\"button\" class=\"tecas-mode-tab\" data-mode=\"bill\">\n\t\t\t\t\tPar facture mensuelle (Dhs)\t\t\t\t<\/button>\n\t\t\t<\/div>\n\n\t\t\t<!-- Consumption Mode (max set by JS according to building type) -->\n\t\t\t<div id=\"tecas-consumption-mode\" class=\"tecas-input-mode active\">\n\t\t\t\t<div class=\"tecas-consumption-slider-wrapper\">\n\t\t\t\t\t<label for=\"tecas-consumption-slider\">\n\t\t\t\t\t\tConsommation mensuelle:\t\t\t\t\t\t<span id=\"tecas-consumption-value\">0<\/span> kWh\/mois\n\t\t\t\t\t<\/label>\n\t\t\t\t\t<input \n\t\t\t\t\t\ttype=\"range\" \n\t\t\t\t\t\tid=\"tecas-consumption-slider\" \n\t\t\t\t\t\tname=\"consumption\" \n\t\t\t\t\t\tmin=\"0\" \n\t\t\t\t\t\tmax=\"2000\" \n\t\t\t\t\t\tstep=\"1\" \n\t\t\t\t\t\tvalue=\"0\"\n\t\t\t\t\t\tclass=\"tecas-slider\"\n\t\t\t\t\t\tdata-default-max=\"2000\"\n\t\t\t\t\t>\n\t\t\t\t\t<div class=\"tecas-slider-labels\">\n\t\t\t\t\t\t<span class=\"tecas-slider-min\">0<\/span>\n\t\t\t\t\t\t<span class=\"tecas-slider-mid\">1 000<\/span>\n\t\t\t\t\t\t<span class=\"tecas-slider-max\">2 000<\/span>\n\t\t\t\t\t<\/div>\n\t\t\t\t<\/div>\n\t\t\t<\/div>\n\n\t\t\t<!-- Bill Mode -->\n\t\t\t<div id=\"tecas-bill-mode\" class=\"tecas-input-mode\" style=\"display: none;\">\n\t\t\t\t<div class=\"tecas-bill-input-wrapper\">\n\t\t\t\t\t<label for=\"tecas-monthly-bill\">\n\t\t\t\t\t\tFacture mensuelle:\t\t\t\t\t<\/label>\n\t\t\t\t\t<div class=\"tecas-bill-input-group\">\n\t\t\t\t\t\t<input \n\t\t\t\t\t\t\ttype=\"number\" \n\t\t\t\t\t\t\tid=\"tecas-monthly-bill\" \n\t\t\t\t\t\t\tname=\"monthly_bill\" \n\t\t\t\t\t\t\tmin=\"0\" \n\t\t\t\t\t\t\tstep=\"0.01\" \n\t\t\t\t\t\t\tvalue=\"0\"\n\t\t\t\t\t\t\tclass=\"tecas-bill-input\"\n\t\t\t\t\t\t\tplaceholder=\"Ex: 500\"\n\t\t\t\t\t\t>\n\t\t\t\t\t\t<span class=\"tecas-bill-currency\">Dhs<\/span>\n\t\t\t\t\t<\/div>\n\t\t\t\t\t<p class=\"tecas-bill-description\">\n\t\t\t\t\t\tEntrez le montant de votre facture d&#039;\u00e9lectricit\u00e9 mensuelle.\t\t\t\t\t<\/p>\n\t\t\t\t<\/div>\n\t\t\t<\/div>\n\n\t\t\t<div class=\"tecas-step-actions\">\n\t\t\t\t<button type=\"button\" class=\"tecas-btn tecas-step-prev\">\n\t\t\t\t\tPr\u00e9c\u00e9dent\t\t\t\t<\/button>\n\t\t\t\t<button type=\"button\" id=\"tecas-go-to-fixation-btn\" class=\"tecas-btn tecas-simulate-btn-primary\">\n\t\t\t\t\tSuivant\t\t\t\t<\/button>\n\t\t\t<\/div>\n\t\t<\/div>\n\n\t\t<!-- Step 4: Type de fixation -->\n\t\t<div id=\"tecas-step-4\" class=\"tecas-step\" style=\"display: none;\">\n\t\t\t<h3 class=\"tecas-step-title\">\n\t\t\t\tO\u00f9 souhaitez-vous fixer vos panneaux photovolta\u00efques ?\t\t\t<\/h3>\n\t\t\t<p class=\"tecas-step-description\">\n\t\t\t\tS\u00e9lectionnez le type de fixation pour vos panneaux solaires.\t\t\t<\/p>\n\t\t\t<div class=\"tecas-fixation-type-options\">\n\t\t\t\t<label class=\"tecas-fixation-type-option\">\n\t\t\t\t\t<input type=\"radio\" name=\"tecas_fixation_type\" value=\"toiture_plate\" required>\n\t\t\t\t\t<div class=\"tecas-fixation-icon\">\n\t\t\t\t\t\t<img decoding=\"async\" src=\"https:\/\/click.ma\/tecas\/wp-content\/plugins\/tecas-solar-simulator\/assets\/images\/fixation-toiture-plate.svg\" alt=\"Toiture Plate\">\n\t\t\t\t\t<\/div>\n\t\t\t\t\t<span class=\"tecas-option-label\">Toiture Plate<\/span>\n\t\t\t\t<\/label>\n\t\t\t\t<label class=\"tecas-fixation-type-option\">\n\t\t\t\t\t<input type=\"radio\" name=\"tecas_fixation_type\" value=\"toiture_inclinee\">\n\t\t\t\t\t<div class=\"tecas-fixation-icon\">\n\t\t\t\t\t\t<img decoding=\"async\" src=\"https:\/\/click.ma\/tecas\/wp-content\/plugins\/tecas-solar-simulator\/assets\/images\/fixation-toiture-inclinee.svg\" alt=\"Toiture inclin\u00e9e\">\n\t\t\t\t\t<\/div>\n\t\t\t\t\t<span class=\"tecas-option-label\">Toiture inclin\u00e9e<\/span>\n\t\t\t\t<\/label>\n\t\t\t\t<label class=\"tecas-fixation-type-option\">\n\t\t\t\t\t<input type=\"radio\" name=\"tecas_fixation_type\" value=\"fixation_sol\">\n\t\t\t\t\t<div class=\"tecas-fixation-icon\">\n\t\t\t\t\t\t<img decoding=\"async\" src=\"https:\/\/click.ma\/tecas\/wp-content\/plugins\/tecas-solar-simulator\/assets\/images\/fixation-sol.svg\" alt=\"Fixation au sol\">\n\t\t\t\t\t<\/div>\n\t\t\t\t\t<span class=\"tecas-option-label\">Fixation au sol<\/span>\n\t\t\t\t<\/label>\n\t\t\t\t<label class=\"tecas-fixation-type-option\">\n\t\t\t\t\t<input type=\"radio\" name=\"tecas_fixation_type\" value=\"fixation_facade\">\n\t\t\t\t\t<div class=\"tecas-fixation-icon\">\n\t\t\t\t\t\t<img decoding=\"async\" src=\"https:\/\/click.ma\/tecas\/wp-content\/plugins\/tecas-solar-simulator\/assets\/images\/fixation-facade.svg\" alt=\"Fixation fa\u00e7ade\">\n\t\t\t\t\t<\/div>\n\t\t\t\t\t<span class=\"tecas-option-label\">Fixation fa\u00e7ade<\/span>\n\t\t\t\t<\/label>\n\t\t\t<\/div>\n\t\t\t<div class=\"tecas-step-actions\">\n\t\t\t\t<button type=\"button\" class=\"tecas-btn tecas-step-prev\">\n\t\t\t\t\tPr\u00e9c\u00e9dent\t\t\t\t<\/button>\n\t\t\t\t<button type=\"button\" id=\"tecas-go-to-exposition-btn\" class=\"tecas-btn tecas-simulate-btn-primary\">\n\t\t\t\t\tSuivant\t\t\t\t<\/button>\n\t\t\t<\/div>\n\t\t<\/div>\n\n\t\t<!-- Step 5: Exposition -->\n\t\t<div id=\"tecas-step-5\" class=\"tecas-step\" style=\"display: none;\">\n\t\t\t<h3 class=\"tecas-step-title\">\n\t\t\t\tQuelle est votre exposition ?\t\t\t<\/h3>\n\t\t\t<p class=\"tecas-step-description\">\n\t\t\t\tLa fl\u00e8che orange indique le c\u00f4t\u00e9 de mont\u00e9e de soleil\t\t\t<\/p>\n\t\t\t<div class=\"tecas-exposition-options\">\n\t\t\t\t<label class=\"tecas-exposition-option\">\n\t\t\t\t\t<input type=\"radio\" name=\"tecas_exposition\" value=\"nord\" required>\n\t\t\t\t\t<div class=\"tecas-exposition-icon\">\n\t\t\t\t\t\t<img decoding=\"async\" src=\"https:\/\/click.ma\/tecas\/wp-content\/plugins\/tecas-solar-simulator\/assets\/images\/nord.svg\" alt=\"Nord\">\n\t\t\t\t\t<\/div>\n\t\t\t\t\t<span class=\"tecas-option-label\">Nord<\/span>\n\t\t\t\t<\/label>\n\t\t\t\t<label class=\"tecas-exposition-option\">\n\t\t\t\t\t<input type=\"radio\" name=\"tecas_exposition\" value=\"nordest\">\n\t\t\t\t\t<div class=\"tecas-exposition-icon\">\n\t\t\t\t\t\t<img decoding=\"async\" src=\"https:\/\/click.ma\/tecas\/wp-content\/plugins\/tecas-solar-simulator\/assets\/images\/nordest.svg\" alt=\"Nord-Est\">\n\t\t\t\t\t<\/div>\n\t\t\t\t\t<span class=\"tecas-option-label\">Nord-Est<\/span>\n\t\t\t\t<\/label>\n\t\t\t\t<label class=\"tecas-exposition-option\">\n\t\t\t\t\t<input type=\"radio\" name=\"tecas_exposition\" value=\"est\">\n\t\t\t\t\t<div class=\"tecas-exposition-icon\">\n\t\t\t\t\t\t<img decoding=\"async\" src=\"https:\/\/click.ma\/tecas\/wp-content\/plugins\/tecas-solar-simulator\/assets\/images\/est.svg\" alt=\"Est\">\n\t\t\t\t\t<\/div>\n\t\t\t\t\t<span class=\"tecas-option-label\">Est<\/span>\n\t\t\t\t<\/label>\n\t\t\t\t<label class=\"tecas-exposition-option\">\n\t\t\t\t\t<input type=\"radio\" name=\"tecas_exposition\" value=\"sudest\">\n\t\t\t\t\t<div class=\"tecas-exposition-icon\">\n\t\t\t\t\t\t<img decoding=\"async\" src=\"https:\/\/click.ma\/tecas\/wp-content\/plugins\/tecas-solar-simulator\/assets\/images\/sudest.svg\" alt=\"Sud-Est\">\n\t\t\t\t\t<\/div>\n\t\t\t\t\t<span class=\"tecas-option-label\">Sud-Est<\/span>\n\t\t\t\t<\/label>\n\t\t\t\t<label class=\"tecas-exposition-option\">\n\t\t\t\t\t<input type=\"radio\" name=\"tecas_exposition\" value=\"sud\">\n\t\t\t\t\t<div class=\"tecas-exposition-icon\">\n\t\t\t\t\t\t<img decoding=\"async\" src=\"https:\/\/click.ma\/tecas\/wp-content\/plugins\/tecas-solar-simulator\/assets\/images\/sud.svg\" alt=\"Sud\">\n\t\t\t\t\t<\/div>\n\t\t\t\t\t<span class=\"tecas-option-label\">Sud<\/span>\n\t\t\t\t<\/label>\n\t\t\t\t<label class=\"tecas-exposition-option\">\n\t\t\t\t\t<input type=\"radio\" name=\"tecas_exposition\" value=\"sudouest\">\n\t\t\t\t\t<div class=\"tecas-exposition-icon\">\n\t\t\t\t\t\t<img decoding=\"async\" src=\"https:\/\/click.ma\/tecas\/wp-content\/plugins\/tecas-solar-simulator\/assets\/images\/sudouest.svg\" alt=\"Sud-Ouest\">\n\t\t\t\t\t<\/div>\n\t\t\t\t\t<span class=\"tecas-option-label\">Sud-Ouest<\/span>\n\t\t\t\t<\/label>\n\t\t\t\t<label class=\"tecas-exposition-option\">\n\t\t\t\t\t<input type=\"radio\" name=\"tecas_exposition\" value=\"ouest\">\n\t\t\t\t\t<div class=\"tecas-exposition-icon\">\n\t\t\t\t\t\t<img decoding=\"async\" src=\"https:\/\/click.ma\/tecas\/wp-content\/plugins\/tecas-solar-simulator\/assets\/images\/ouest.svg\" alt=\"Ouest\">\n\t\t\t\t\t<\/div>\n\t\t\t\t\t<span class=\"tecas-option-label\">Ouest<\/span>\n\t\t\t\t<\/label>\n\t\t\t\t<label class=\"tecas-exposition-option\">\n\t\t\t\t\t<input type=\"radio\" name=\"tecas_exposition\" value=\"nordouest\">\n\t\t\t\t\t<div class=\"tecas-exposition-icon\">\n\t\t\t\t\t\t<img decoding=\"async\" src=\"https:\/\/click.ma\/tecas\/wp-content\/plugins\/tecas-solar-simulator\/assets\/images\/nordouest.svg\" alt=\"Nord-Ouest\">\n\t\t\t\t\t<\/div>\n\t\t\t\t\t<span class=\"tecas-option-label\">Nord-Ouest<\/span>\n\t\t\t\t<\/label>\n\t\t\t<\/div>\n\t\t\t<div class=\"tecas-exposition-double-orientation\">\n\t\t\t\t<label class=\"tecas-checkbox-option\">\n\t\t\t\t\t<input type=\"checkbox\" name=\"tecas_double_orientation\" value=\"1\" id=\"tecas-double-orientation\">\n\t\t\t\t\t<span class=\"tecas-checkbox-label\">Double orientation est-ouest ?<\/span>\n\t\t\t\t<\/label>\n\t\t\t<\/div>\n\t\t\t<div class=\"tecas-step-actions\">\n\t\t\t\t<button type=\"button\" class=\"tecas-btn tecas-step-prev\">\n\t\t\t\t\tPr\u00e9c\u00e9dent\t\t\t\t<\/button>\n\t\t\t\t<button type=\"button\" id=\"tecas-simulate-btn\" class=\"tecas-btn tecas-simulate-btn-primary\">\n\t\t\t\t\tVoir ma simulation\t\t\t\t<\/button>\n\t\t\t<\/div>\n\t\t<\/div>\n\n\t\t<!-- Step 6: Client Information & Recap (results shown only after form submit) -->\n\t\t<div id=\"tecas-step-6\" class=\"tecas-step\" style=\"display: none;\">\n\t\t\t<h3 class=\"tecas-step-title\">\n\t\t\t\tR\u00e9sultat de votre simulation\t\t\t<\/h3>\n\t\t\t<p class=\"tecas-step-description\">\n\t\t\t\tRenseignez vos coordonn\u00e9es ci-dessous pour recevoir votre PDF par email et afficher vos packs recommand\u00e9s.\t\t\t<\/p>\n\n\t\t\t<!-- Results Preview (shown after form submit) -->\n\t\t\t<div id=\"tecas-simulation-results\" class=\"tecas-simulation-results\" style=\"display: none;\">\n\t\t\t\t<!-- Recap Section (moved here to show with results) -->\n\t\t\t\t<div id=\"tecas-simulation-recap\" class=\"tecas-simulation-recap\">\n\t\t\t\t\t<h4 class=\"tecas-recap-title\">R\u00e9capitulatif de votre simulation<\/h4>\n\t\t\t\t\t<div id=\"tecas-recap-content\" class=\"tecas-recap-content\">\n\t\t\t\t\t\t<!-- Recap will be populated by JavaScript -->\n\t\t\t\t\t<\/div>\n\t\t\t\t<\/div>\n\t\t\t\t<h4 class=\"tecas-results-title\">Packs recommand\u00e9s pour vous<\/h4>\n\t\t\t\t<div id=\"tecas-offers-container\" class=\"tecas-offers-grid\">\n\t\t\t\t\t<!-- Results will be loaded here via AJAX -->\n\t\t\t\t<\/div>\n\t\t\t<\/div>\n\n\t\t\t<!-- Success block (shown after form submit) -->\n\t\t\t<div id=\"tecas-send-success-block\" class=\"tecas-send-success-block\" style=\"display: none;\">\n\t\t\t\t<div class=\"tecas-send-success-icon\" aria-hidden=\"true\"><\/div>\n\t\t\t\t<h4 class=\"tecas-send-success-title\">Merci !<\/h4>\n\t\t\t\t<p class=\"tecas-send-success-message\">Votre r\u00e9capitulatif a \u00e9t\u00e9 envoy\u00e9 \u00e0 votre adresse email. Consultez votre bo\u00eete de r\u00e9ception et retrouvez ci-dessous le r\u00e9capitulatif de votre simulation et vos packs recommand\u00e9s.<\/p>\n\t\t\t<\/div>\n\n\t\t\t<!-- Simple Form -->\n\t\t\t<div id=\"tecas-send-results-form-wrapper\">\n\t\t\t<form id=\"tecas-send-results-form\" class=\"tecas-email-form\">\n\t\t\t\t<input type=\"hidden\" id=\"tecas-details-hidden\" name=\"details\" value=\"\">\n\t\t\t\t<div class=\"tecas-form-grid\">\n\t\t\t\t\t<div class=\"tecas-form-row\">\n\t\t\t\t\t\t<label for=\"tecas-client-nom\">Nom <span class=\"required\">*<\/span><\/label>\n\t\t\t\t\t\t<input type=\"text\" id=\"tecas-client-nom\" name=\"nom\" required>\n\t\t\t\t\t<\/div>\n\t\t\t\t\t<div class=\"tecas-form-row\">\n\t\t\t\t\t\t<label for=\"tecas-client-prenom\">Pr\u00e9nom <span class=\"required\">*<\/span><\/label>\n\t\t\t\t\t\t<input type=\"text\" id=\"tecas-client-prenom\" name=\"prenom\" required>\n\t\t\t\t\t<\/div>\n\t\t\t\t\t<div class=\"tecas-form-row\">\n\t\t\t\t\t\t<label for=\"tecas-client-email\">Email <span class=\"required\">*<\/span><\/label>\n\t\t\t\t\t\t<input type=\"email\" id=\"tecas-client-email\" name=\"email\" required>\n\t\t\t\t\t<\/div>\n\t\t\t\t\t<div class=\"tecas-form-row\">\n\t\t\t\t\t\t<label for=\"tecas-client-telephone\">T\u00e9l\u00e9phone <span class=\"required\">*<\/span><\/label>\n\t\t\t\t\t\t<input type=\"tel\" id=\"tecas-client-telephone\" name=\"telephone\" required>\n\t\t\t\t\t<\/div>\n\t\t\t\t\t<div class=\"tecas-form-row\">\n\t\t\t\t\t\t<label for=\"tecas-client-ville\">Ville <span class=\"required\">*<\/span><\/label>\n\t\t\t\t\t\t<input type=\"text\" id=\"tecas-client-ville\" name=\"ville\" required>\n\t\t\t\t\t<\/div>\n\t\t\t\t\t<div class=\"tecas-form-row\">\n\t\t\t\t\t\t<label for=\"tecas-client-societe\">Soci\u00e9t\u00e9 \/ Entreprise<\/label>\n\t\t\t\t\t\t<input type=\"text\" id=\"tecas-client-societe\" name=\"societe\">\n\t\t\t\t\t<\/div>\n\t\t\t\t<\/div>\n\t\t\t\t<div class=\"tecas-form-actions\">\n\t\t\t\t\t<button type=\"button\" class=\"tecas-btn tecas-step-prev\">\n\t\t\t\t\t\tPr\u00e9c\u00e9dent\t\t\t\t\t<\/button>\n\t\t\t\t\t<button type=\"submit\" class=\"tecas-btn tecas-simulate-btn-primary\" id=\"tecas-send-email-btn\">\n\t\t\t\t\t\tRecevoir ma simulation\t\t\t\t\t<\/button>\n\t\t\t\t<\/div>\n\t\t\t\t<div id=\"tecas-email-message\" class=\"tecas-email-message\" style=\"display: none;\"><\/div>\n\t\t\t<\/form>\n\t\t\t<\/div>\n\t\t<\/div>\n\n\t\t<div id=\"tecas-loading\" class=\"tecas-loading\" style=\"display: none;\">\n\t\t\tChargement...\t\t<\/div>\n\n\t\t<div id=\"tecas-error\" class=\"tecas-error\" style=\"display: none;\"><\/div>\n\t<\/div>\n<\/div>\n[\/vc_column_text][\/vc_column][\/vc_row]<\/p>\n<\/div>","protected":false},"excerpt":{"rendered":"<p>[vc_row full_width=\u00a0\u00bbstretch_row\u00a0\u00bb full_height=\u00a0\u00bbyes\u00a0\u00bb woodmart_bg_position=\u00a0\u00bbleft-top\u00a0\u00bb css=\u00a0\u00bb.vc_custom_1773323874915{margin-top: -40px !important;padding-top: 50px !important;background-image: url(https:\/\/click.ma\/tecas\/wp-content\/uploads\/2026\/03\/4e1c0b4109_50189859_record-efficacite-cellule-solaire.jpg?id=991) !important;background-position: center !important;background-repeat: no-repeat !important;background-size: cover !important;}\u00a0\u00bb woodmart_css_id=\u00a0\u00bb69b2c640a06e0&Prime; responsive_spacing=\u00a0\u00bbeyJwYXJhbV90eXBlIjoid29vZG1hcnRfcmVzcG9uc2l2ZV9zcGFjaW5nIiwic2VsZWN0b3JfaWQiOiI2OWIyYzY0MGEwNmUwIiwic2hvcnRjb2RlIjoidmNfcm93IiwiZGF0YSI6eyJ0YWJsZXQiOnt9LCJtb2JpbGUiOnt9fX0=\u00a0\u00bb mobile_bg_img_hidden=\u00a0\u00bbno\u00a0\u00bb<\/p>\n","protected":false},"author":1,"featured_media":0,"parent":0,"menu_order":0,"comment_status":"closed","ping_status":"closed","template":"","meta":{"footnotes":""},"class_list":["post-125","page","type-page","status-publish","hentry"],"_links":{"self":[{"href":"https:\/\/click.ma\/tecas\/wp-json\/wp\/v2\/pages\/125","targetHints":{"allow":["GET"]}}],"collection":[{"href":"https:\/\/click.ma\/tecas\/wp-json\/wp\/v2\/pages"}],"about":[{"href":"https:\/\/click.ma\/tecas\/wp-json\/wp\/v2\/types\/page"}],"author":[{"embeddable":true,"href":"https:\/\/click.ma\/tecas\/wp-json\/wp\/v2\/users\/1"}],"replies":[{"embeddable":true,"href":"https:\/\/click.ma\/tecas\/wp-json\/wp\/v2\/comments?post=125"}],"version-history":[{"count":9,"href":"https:\/\/click.ma\/tecas\/wp-json\/wp\/v2\/pages\/125\/revisions"}],"predecessor-version":[{"id":1123,"href":"https:\/\/click.ma\/tecas\/wp-json\/wp\/v2\/pages\/125\/revisions\/1123"}],"wp:attachment":[{"href":"https:\/\/click.ma\/tecas\/wp-json\/wp\/v2\/media?parent=125"}],"curies":[{"name":"wp","href":"https:\/\/api.w.org\/{rel}","templated":true}]}}