{"id":744,"date":"2026-02-28T11:31:57","date_gmt":"2026-02-28T11:31:57","guid":{"rendered":"https:\/\/click.ma\/soraflex\/?post_type=product&#038;p=744"},"modified":"2026-02-28T11:32:26","modified_gmt":"2026-02-28T11:32:26","slug":"male-bsp","status":"publish","type":"product","link":"https:\/\/click.ma\/soraflex\/p\/male-bsp\/","title":{"rendered":"Male BSP"},"content":{"rendered":"<p data-start=\"325\" data-end=\"643\">Le raccord m\u00e2le BSP est fabriqu\u00e9 en <strong data-start=\"361\" data-end=\"395\">acier carbone haute r\u00e9sistance<\/strong>, garantissant solidit\u00e9 m\u00e9canique et durabilit\u00e9 dans les applications hydrauliques et industrielles. Son filetage BSP (British Standard Pipe) assure une compatibilit\u00e9 optimale avec les installations standards utilis\u00e9es dans les circuits de fluides.<\/p>\n<p data-start=\"645\" data-end=\"873\">Il b\u00e9n\u00e9ficie d\u2019un <strong data-start=\"663\" data-end=\"730\">traitement de surface sans chrome hexavalent (Chromium VI Free)<\/strong>, respectueux de l\u2019environnement et conforme \u00e0 la directive <strong data-start=\"790\" data-end=\"798\">RoHS<\/strong>, tout en offrant une excellente protection contre la corrosion et l\u2019usure.<\/p>\n<p data-start=\"875\" data-end=\"1050\">Ce raccord est particuli\u00e8rement adapt\u00e9 aux syst\u00e8mes hydrauliques, pneumatiques et aux installations industrielles n\u00e9cessitant une connexion filet\u00e9e robuste, fiable et durable.<\/p>\n<h2 data-start=\"1057\" data-end=\"1093\"><strong data-start=\"1062\" data-end=\"1093\">CARACT\u00c9RISTIQUES TECHNIQUES<\/strong><\/h2>\n<ul data-start=\"1094\" data-end=\"1467\">\n<li data-start=\"1094\" data-end=\"1132\">\n<p data-start=\"1096\" data-end=\"1132\"><strong data-start=\"1096\" data-end=\"1106\">Type :<\/strong> Raccord filet\u00e9 m\u00e2le BSP<\/p>\n<\/li>\n<li data-start=\"1133\" data-end=\"1165\">\n<p data-start=\"1135\" data-end=\"1165\"><strong data-start=\"1135\" data-end=\"1149\">Mat\u00e9riau :<\/strong> Acier carbone<\/p>\n<\/li>\n<li data-start=\"1166\" data-end=\"1212\">\n<p data-start=\"1168\" data-end=\"1212\"><strong data-start=\"1168\" data-end=\"1182\">Finition :<\/strong> Rev\u00eatement sans Chrome (VI)<\/p>\n<\/li>\n<li data-start=\"1213\" data-end=\"1238\">\n<p data-start=\"1215\" data-end=\"1238\"><strong data-start=\"1215\" data-end=\"1231\">Conformit\u00e9 :<\/strong> RoHS<\/p>\n<\/li>\n<li data-start=\"1239\" data-end=\"1319\">\n<p data-start=\"1241\" data-end=\"1319\"><strong data-start=\"1241\" data-end=\"1259\">Applications :<\/strong> Hydraulique, pneumatique, circuits de fluides industriels<\/p>\n<\/li>\n<li data-start=\"1320\" data-end=\"1467\">\n<p data-start=\"1322\" data-end=\"1340\"><strong data-start=\"1322\" data-end=\"1338\">Propri\u00e9t\u00e9s :<\/strong><\/p>\n<ul data-start=\"1343\" data-end=\"1467\">\n<li data-start=\"1343\" data-end=\"1373\">\n<p data-start=\"1345\" data-end=\"1373\">Haute r\u00e9sistance m\u00e9canique<\/p>\n<\/li>\n<li data-start=\"1376\" data-end=\"1410\">\n<p data-start=\"1378\" data-end=\"1410\">Bonne protection anticorrosion<\/p>\n<\/li>\n<li data-start=\"1413\" data-end=\"1441\">\n<p data-start=\"1415\" data-end=\"1441\">Compatible standards BSP<\/p>\n<\/li>\n<li data-start=\"1444\" data-end=\"1467\">\n<p data-start=\"1446\" data-end=\"1467\">Longue dur\u00e9e de vie<\/p>\n<\/li>\n<\/ul>\n<\/li>\n<\/ul>\n<table width=\"406\">\n<tbody>\n<tr>\n<td width=\"83\">Code<\/td>\n<td width=\"157\">Description<\/td>\n<td width=\"83\">Tuyau (Pouce)<\/td>\n<td width=\"83\">Raccord (Pouce)<\/td>\n<\/tr>\n<tr>\n<td>20.2.01.0203<\/td>\n<td>M- BSP 1\/8\u00a0\u00a0\u00a0\u00a0 TY 3\/16<\/td>\n<td>3\/16&Prime;<\/td>\n<td>1\/8&Prime;<\/td>\n<\/tr>\n<tr>\n<td>20.2.01.0204<\/td>\n<td>M- BSP 1\/8\u00a0\u00a0\u00a0\u00a0 TY 1\/4<\/td>\n<td>1\/4&Prime;<\/td>\n<td>1\/8&Prime;<\/td>\n<\/tr>\n<tr>\n<td>20.2.01.0403<\/td>\n<td>M-BSP\u00a0 1\/4\u00a0\u00a0 TY 3\/16<\/td>\n<td>3\/16&Prime;<\/td>\n<td>1\/4&Prime;<\/td>\n<\/tr>\n<tr>\n<td>20.2.01.0404<\/td>\n<td>M- BSP 1\/4\u00a0\u00a0\u00a0\u00a0 TY 1\/4<\/td>\n<td>1\/4&Prime;<\/td>\n<td>1\/4&Prime;<\/td>\n<\/tr>\n<tr>\n<td>20.2.01.0405<\/td>\n<td>M- BSP 1\/4\u00a0\u00a0\u00a0\u00a0 TY 5\/16<\/td>\n<td>5\/16&Prime;<\/td>\n<td>1\/4&Prime;<\/td>\n<\/tr>\n<tr>\n<td>20.2.01.0406<\/td>\n<td>M- BSP 1\/4\u00a0\u00a0\u00a0\u00a0 TY 3\/8<\/td>\n<td>3\/8&Prime;<\/td>\n<td>1\/4&Prime;<\/td>\n<\/tr>\n<tr>\n<td>20.2.01.0604<\/td>\n<td>M- BSP 3\/8\u00a0\u00a0\u00a0\u00a0 TY 1\/4<\/td>\n<td>1\/4&Prime;<\/td>\n<td>3\/8&Prime;<\/td>\n<\/tr>\n<tr>\n<td>20.2.01.0605<\/td>\n<td>M- BSP 3\/8\u00a0\u00a0\u00a0\u00a0 TY 5\/16<\/td>\n<td>5\/16&Prime;<\/td>\n<td>3\/8&Prime;<\/td>\n<\/tr>\n<tr>\n<td>20.2.01.0606<\/td>\n<td>M- BSP 3\/8\u00a0\u00a0\u00a0\u00a0 TY 3\/8<\/td>\n<td>3\/8&Prime;<\/td>\n<td>3\/8&Prime;<\/td>\n<\/tr>\n<tr>\n<td>20.2.01.0608<\/td>\n<td>M- BSP 3\/8\u00a0\u00a0\u00a0\u00a0 TY 1\/2<\/td>\n<td>1\/2&Prime;<\/td>\n<td>3\/8&Prime;<\/td>\n<\/tr>\n<tr>\n<td>20.2.01.0806<\/td>\n<td>M- BSP 1\/2\u00a0\u00a0\u00a0\u00a0 TY 3\/8<\/td>\n<td>3\/8&Prime;<\/td>\n<td>1\/2&Prime;<\/td>\n<\/tr>\n<tr>\n<td>20.2.01.0808<\/td>\n<td>M- BSP 1\/2\u00a0\u00a0\u00a0\u00a0 TY 1\/2<\/td>\n<td>1\/2&Prime;<\/td>\n<td>1\/2&Prime;<\/td>\n<\/tr>\n<tr>\n<td>20.2.01.1008<\/td>\n<td>M- BSP 5\/8\u00a0\u00a0\u00a0\u00a0 TY 1\/2<\/td>\n<td>1\/2&Prime;<\/td>\n<td>5\/8&Prime;<\/td>\n<\/tr>\n<tr>\n<td>20.2.01.1010<\/td>\n<td>M- BSP 5\/8\u00a0\u00a0\u00a0\u00a0 TY 5\/8<\/td>\n<td>5\/8&Prime;<\/td>\n<td>5\/8&Prime;<\/td>\n<\/tr>\n<tr>\n<td>20.2.01.1208<\/td>\n<td>M- BSP 3\/4\u00a0\u00a0\u00a0\u00a0 TY 1\/2<\/td>\n<td>1\/2&Prime;<\/td>\n<td>3\/4&Prime;<\/td>\n<\/tr>\n<tr>\n<td>20.2.01.1210<\/td>\n<td>M- BSP 3\/4\u00a0\u00a0\u00a0\u00a0 TY 5\/8<\/td>\n<td>5\/8&Prime;<\/td>\n<td>3\/4&Prime;<\/td>\n<\/tr>\n<tr>\n<td>20.2.01.1212<\/td>\n<td>M- BSP 3\/4\u00a0\u00a0\u00a0\u00a0 TY 3\/4<\/td>\n<td>3\/4&Prime;<\/td>\n<td>3\/4&Prime;<\/td>\n<\/tr>\n<tr>\n<td>20.2.01.1612<\/td>\n<td>M- BSP 1\u00a0\u00a0\u00a0\u00a0\u00a0\u00a0\u00a0\u00a0 TY 3\/4<\/td>\n<td>3\/4&Prime;<\/td>\n<td>1&Prime;<\/td>\n<\/tr>\n<tr>\n<td>20.2.01.1616<\/td>\n<td>M- BSP 1\u00a0\u00a0\u00a0\u00a0\u00a0\u00a0\u00a0\u00a0 TY 1<\/td>\n<td>1&Prime;<\/td>\n<td>1&Prime;<\/td>\n<\/tr>\n<tr>\n<td>20.2.01.2016<\/td>\n<td>M- BSP 1 1\/4\u00a0 TY 1<\/td>\n<td>1&Prime;<\/td>\n<td>1&Prime;1\/4<\/td>\n<\/tr>\n<tr>\n<td>20.2.01.2020<\/td>\n<td>M- BSP 1 1\/4\u00a0 TY 1 1\/4<\/td>\n<td>1&Prime;1\/4<\/td>\n<td>1&Prime;1\/4<\/td>\n<\/tr>\n<tr>\n<td>20.2.01.2420<\/td>\n<td>M- BSP 1 1\/2\u00a0 TY 1 1\/4<\/td>\n<td>1&Prime;1\/4<\/td>\n<td>1&Prime;1\/2<\/td>\n<\/tr>\n<tr>\n<td>20.2.01.2424<\/td>\n<td>M- BSP 1 1\/2\u00a0 TY 1 1\/2<\/td>\n<td>1&Prime;1\/2<\/td>\n<td>1&Prime;1\/2<\/td>\n<\/tr>\n<tr>\n<td>20.2.01.3232<\/td>\n<td>M- BSP 2\u00a0\u00a0\u00a0\u00a0\u00a0\u00a0\u00a0\u00a0 TY 2<\/td>\n<td>2&Prime;<\/td>\n<td>2&Prime;<\/td>\n<\/tr>\n<\/tbody>\n<\/table>\n","protected":false},"excerpt":{"rendered":"<p data-start=\"92\" data-end=\"290\">Raccord m\u00e2le BSP en acier carbone avec rev\u00eatement sans chrome (VI), conforme RoHS. Con\u00e7u pour assurer une connexion fiable et r\u00e9sistante \u00e0 la corrosion dans les syst\u00e8mes hydrauliques et industriels.<\/p>\n","protected":false},"featured_media":746,"comment_status":"open","ping_status":"closed","template":"","meta":[],"product_brand":[],"product_cat":[46],"product_tag":[],"class_list":{"0":"post-744","1":"product","2":"type-product","3":"status-publish","4":"has-post-thumbnail","6":"product_cat-raccords-hydrauliques","8":"first","9":"instock","10":"shipping-taxable","11":"product-type-simple"},"_links":{"self":[{"href":"https:\/\/click.ma\/soraflex\/wp-json\/wp\/v2\/product\/744","targetHints":{"allow":["GET"]}}],"collection":[{"href":"https:\/\/click.ma\/soraflex\/wp-json\/wp\/v2\/product"}],"about":[{"href":"https:\/\/click.ma\/soraflex\/wp-json\/wp\/v2\/types\/product"}],"replies":[{"embeddable":true,"href":"https:\/\/click.ma\/soraflex\/wp-json\/wp\/v2\/comments?post=744"}],"wp:featuredmedia":[{"embeddable":true,"href":"https:\/\/click.ma\/soraflex\/wp-json\/wp\/v2\/media\/746"}],"wp:attachment":[{"href":"https:\/\/click.ma\/soraflex\/wp-json\/wp\/v2\/media?parent=744"}],"wp:term":[{"taxonomy":"product_brand","embeddable":true,"href":"https:\/\/click.ma\/soraflex\/wp-json\/wp\/v2\/product_brand?post=744"},{"taxonomy":"product_cat","embeddable":true,"href":"https:\/\/click.ma\/soraflex\/wp-json\/wp\/v2\/product_cat?post=744"},{"taxonomy":"product_tag","embeddable":true,"href":"https:\/\/click.ma\/soraflex\/wp-json\/wp\/v2\/product_tag?post=744"}],"curies":[{"name":"wp","href":"https:\/\/api.w.org\/{rel}","templated":true}]}}