{"id":737,"date":"2026-02-28T09:50:17","date_gmt":"2026-02-28T09:50:17","guid":{"rendered":"https:\/\/click.ma\/soraflex\/?post_type=product&#038;p=737"},"modified":"2026-02-28T09:51:33","modified_gmt":"2026-02-28T09:51:33","slug":"tuyau-ciment","status":"publish","type":"product","link":"https:\/\/click.ma\/soraflex\/p\/tuyau-ciment\/","title":{"rendered":"Tuyau Ciment"},"content":{"rendered":"<p data-start=\"366\" data-end=\"603\">Le tuyau de ciment est un tuyau \u00e0 paroi souple fabriqu\u00e9 en <strong data-start=\"425\" data-end=\"464\">caoutchouc synth\u00e9tique antistatique<\/strong>, sp\u00e9cialement con\u00e7u pour le transport de <strong data-start=\"506\" data-end=\"600\">ciment pulv\u00e9ris\u00e9, chaux, sable, gravier, silice et autres mat\u00e9riaux abrasifs \u00e0 grains fins<\/strong>.<\/p>\n<p data-start=\"605\" data-end=\"829\">Gr\u00e2ce \u00e0 son tube int\u00e9rieur lisse en caoutchouc noir haute r\u00e9sistance, il offre une excellente tenue \u00e0 l\u2019abrasion conforme \u00e0 la norme <strong data-start=\"738\" data-end=\"763\">ISO 4649 (70 \u00b1 5 mm\u00b3)<\/strong>, garantissant une longue dur\u00e9e de vie m\u00eame en conditions s\u00e9v\u00e8res.<\/p>\n<p data-start=\"831\" data-end=\"1219\">Son renforcement par nappes textiles haute r\u00e9sistance assure une tr\u00e8s bonne robustesse m\u00e9canique tout en conservant une flexibilit\u00e9 optimale pour faciliter la manipulation sur chantier. La couche ext\u00e9rieure en caoutchouc synth\u00e9tique noir est r\u00e9sistante au vieillissement, aux intemp\u00e9ries et \u00e0 l\u2019usure, ce qui permet une utilisation fiable en environnements industriels et de construction.<\/p>\n<p data-start=\"1221\" data-end=\"1451\">Ce tuyau est particuli\u00e8rement adapt\u00e9 aux op\u00e9rations de <strong data-start=\"1276\" data-end=\"1372\">chargement et d\u00e9chargement par gravit\u00e9, transfert vers silos de stockage ou camions-citernes<\/strong>, dans les secteurs du BTP, des cimenteries et des installations industrielles.<\/p>\n<h2 data-start=\"1458\" data-end=\"1494\"><strong data-start=\"1463\" data-end=\"1494\">CARACT\u00c9RISTIQUES TECHNIQUES<\/strong><\/h2>\n<ul data-start=\"1495\" data-end=\"2161\">\n<li data-start=\"1495\" data-end=\"1554\">\n<p data-start=\"1497\" data-end=\"1554\"><strong data-start=\"1497\" data-end=\"1507\">Type :<\/strong> Tuyau \u00e0 paroi souple pour mat\u00e9riaux abrasifs<\/p>\n<\/li>\n<li data-start=\"1555\" data-end=\"1637\">\n<p data-start=\"1557\" data-end=\"1637\"><strong data-start=\"1557\" data-end=\"1577\">Tube int\u00e9rieur :<\/strong> Caoutchouc synth\u00e9tique noir lisse, r\u00e9sistant \u00e0 l\u2019abrasion<\/p>\n<\/li>\n<li data-start=\"1638\" data-end=\"1693\">\n<p data-start=\"1640\" data-end=\"1693\"><strong data-start=\"1640\" data-end=\"1658\">Renforcement :<\/strong> Nappes textiles haute r\u00e9sistance<\/p>\n<\/li>\n<li data-start=\"1694\" data-end=\"1797\">\n<p data-start=\"1696\" data-end=\"1797\"><strong data-start=\"1696\" data-end=\"1722\">Rev\u00eatement ext\u00e9rieur :<\/strong> Caoutchouc synth\u00e9tique noir, r\u00e9sistant au vieillissement et \u00e0 l\u2019abrasion<\/p>\n<\/li>\n<li data-start=\"1798\" data-end=\"1844\">\n<p data-start=\"1800\" data-end=\"1844\"><strong data-start=\"1800\" data-end=\"1820\">Norme abrasion :<\/strong> ISO 4649 \u2013 70 \u00b1 5 mm\u00b3<\/p>\n<\/li>\n<li data-start=\"1845\" data-end=\"1894\">\n<p data-start=\"1847\" data-end=\"1894\"><strong data-start=\"1847\" data-end=\"1878\">Temp\u00e9rature d\u2019utilisation :<\/strong> \u201340\u00b0C \u00e0 +70\u00b0C<\/p>\n<\/li>\n<li data-start=\"1895\" data-end=\"1985\">\n<p data-start=\"1897\" data-end=\"1985\"><strong data-start=\"1897\" data-end=\"1915\">Applications :<\/strong> Ciment pulv\u00e9ris\u00e9, chaux, sable, gravier, silice, mat\u00e9riaux abrasifs<\/p>\n<\/li>\n<li data-start=\"1986\" data-end=\"2161\">\n<p data-start=\"1988\" data-end=\"2006\"><strong data-start=\"1988\" data-end=\"2004\">Propri\u00e9t\u00e9s :<\/strong><\/p>\n<ul data-start=\"2009\" data-end=\"2161\">\n<li data-start=\"2009\" data-end=\"2025\">\n<p data-start=\"2011\" data-end=\"2025\">Antistatique<\/p>\n<\/li>\n<li data-start=\"2028\" data-end=\"2058\">\n<p data-start=\"2030\" data-end=\"2058\">Haute r\u00e9sistance \u00e0 l\u2019usure<\/p>\n<\/li>\n<li data-start=\"2061\" data-end=\"2095\">\n<p data-start=\"2063\" data-end=\"2095\">Flexible et facile \u00e0 manipuler<\/p>\n<\/li>\n<li data-start=\"2098\" data-end=\"2161\">\n<p data-start=\"2100\" data-end=\"2161\">Adapt\u00e9 au chargement\/d\u00e9chargement par gravit\u00e9 ou vers silos<\/p>\n<\/li>\n<\/ul>\n<\/li>\n<\/ul>\n<table width=\"582\">\n<tbody>\n<tr>\n<td width=\"140\">Code<\/td>\n<td width=\"193\">Description<\/td>\n<td width=\"83\">Diam\u00e8tre Int\u00e9rieur (mm)<\/td>\n<td width=\"83\">Diam\u00e8tre Ext\u00e9rieur (mm)<\/td>\n<td width=\"83\">Pression de Service (bar)<\/td>\n<\/tr>\n<tr>\n<td>02.3.01.075<\/td>\n<td>Tuyau R\/Ciment 7 bar\u00a0 76&#215;90<\/td>\n<td>76<\/td>\n<td>90<\/td>\n<td>8<\/td>\n<\/tr>\n<tr>\n<td>02.3.01.090<\/td>\n<td>Tuyau R\/Ciment 7 bar\u00a0 90&#215;102<\/td>\n<td>90<\/td>\n<td>102<\/td>\n<td>8<\/td>\n<\/tr>\n<tr>\n<td>02.3.01.100<\/td>\n<td>Tuyau R\/Ciment 7 bar\u00a0 100X110<\/td>\n<td>100<\/td>\n<td>110<\/td>\n<td>8<\/td>\n<\/tr>\n<tr>\n<td>02.3.01.110<\/td>\n<td>Tuyau R\/Ciment 05 bar\u00a0 110&#215;121<\/td>\n<td>110<\/td>\n<td>121<\/td>\n<td>5<\/td>\n<\/tr>\n<tr>\n<td>02.3.02.090<\/td>\n<td>Tuyau R\/Ciment 10 bar\u00a0 90&#215;106<\/td>\n<td>90<\/td>\n<td>106<\/td>\n<td>10<\/td>\n<\/tr>\n<tr>\n<td>02.3.02.090x102Bar10<\/td>\n<td>Tuyau R\/Ciment 10 bar\u00a0 90&#215;102<\/td>\n<td>90<\/td>\n<td>102<\/td>\n<td>10<\/td>\n<\/tr>\n<\/tbody>\n<\/table>\n","protected":false},"excerpt":{"rendered":"<p data-start=\"92\" data-end=\"331\">Tuyau de ciment en caoutchouc synth\u00e9tique antistatique, con\u00e7u pour le transfert de ciment pulv\u00e9ris\u00e9 et de mat\u00e9riaux abrasifs. Flexible et hautement r\u00e9sistant \u00e0 l\u2019abrasion, id\u00e9al pour le chargement et le d\u00e9chargement par gravit\u00e9 ou en silo.<\/p>\n","protected":false},"featured_media":738,"comment_status":"open","ping_status":"closed","template":"","meta":[],"product_brand":[],"product_cat":[69],"product_tag":[],"class_list":{"0":"post-737","1":"product","2":"type-product","3":"status-publish","4":"has-post-thumbnail","6":"product_cat-tuyaux-abbrasives","8":"first","9":"instock","10":"shipping-taxable","11":"product-type-simple"},"_links":{"self":[{"href":"https:\/\/click.ma\/soraflex\/wp-json\/wp\/v2\/product\/737","targetHints":{"allow":["GET"]}}],"collection":[{"href":"https:\/\/click.ma\/soraflex\/wp-json\/wp\/v2\/product"}],"about":[{"href":"https:\/\/click.ma\/soraflex\/wp-json\/wp\/v2\/types\/product"}],"replies":[{"embeddable":true,"href":"https:\/\/click.ma\/soraflex\/wp-json\/wp\/v2\/comments?post=737"}],"wp:featuredmedia":[{"embeddable":true,"href":"https:\/\/click.ma\/soraflex\/wp-json\/wp\/v2\/media\/738"}],"wp:attachment":[{"href":"https:\/\/click.ma\/soraflex\/wp-json\/wp\/v2\/media?parent=737"}],"wp:term":[{"taxonomy":"product_brand","embeddable":true,"href":"https:\/\/click.ma\/soraflex\/wp-json\/wp\/v2\/product_brand?post=737"},{"taxonomy":"product_cat","embeddable":true,"href":"https:\/\/click.ma\/soraflex\/wp-json\/wp\/v2\/product_cat?post=737"},{"taxonomy":"product_tag","embeddable":true,"href":"https:\/\/click.ma\/soraflex\/wp-json\/wp\/v2\/product_tag?post=737"}],"curies":[{"name":"wp","href":"https:\/\/api.w.org\/{rel}","templated":true}]}}