{"id":732,"date":"2026-02-27T15:25:07","date_gmt":"2026-02-27T15:25:07","guid":{"rendered":"https:\/\/click.ma\/soraflex\/?post_type=product&#038;p=732"},"modified":"2026-02-27T15:26:48","modified_gmt":"2026-02-27T15:26:48","slug":"tuyau-de-sablage","status":"publish","type":"product","link":"https:\/\/click.ma\/soraflex\/p\/tuyau-de-sablage\/","title":{"rendered":"Tuyau de Sablage"},"content":{"rendered":"<p data-start=\"357\" data-end=\"720\">Ce tuyau de sablage \u00e0 paroi souple est sp\u00e9cialement con\u00e7u pour le transport et la projection de <strong data-start=\"453\" data-end=\"510\">sable, poussi\u00e8res abrasives et grenailles m\u00e9talliques<\/strong> dans les syst\u00e8mes de sablage industriels. Fabriqu\u00e9 en caoutchouc synth\u00e9tique antistatique haute performance, il garantit une excellente s\u00e9curit\u00e9 d\u2019utilisation en limitant l\u2019accumulation d\u2019\u00e9lectricit\u00e9 statique.<\/p>\n<p data-start=\"722\" data-end=\"1073\">Son tube int\u00e9rieur lisse en caoutchouc noir offre une <strong data-start=\"776\" data-end=\"818\">r\u00e9sistance exceptionnelle \u00e0 l\u2019abrasion<\/strong>, conforme \u00e0 la norme <strong data-start=\"840\" data-end=\"865\">ISO 4649 (70 \u00b1 5 mm\u00b3)<\/strong>, assurant une longue dur\u00e9e de vie m\u00eame dans les conditions les plus s\u00e9v\u00e8res. Le renforcement par nappes textiles haute r\u00e9sistance permet une excellente tenue \u00e0 la pression et une grande robustesse m\u00e9canique.<\/p>\n<p data-start=\"1075\" data-end=\"1301\">La couche ext\u00e9rieure en caoutchouc synth\u00e9tique noir est r\u00e9sistante au vieillissement, aux agressions ext\u00e9rieures et \u00e0 l\u2019usure, tout en conservant une bonne flexibilit\u00e9 pour faciliter la manipulation sur chantier ou en atelier.<\/p>\n<p data-start=\"1303\" data-end=\"1428\">Ce tuyau est id\u00e9al pour les applications de <strong data-start=\"1347\" data-end=\"1427\">sablage industriel, traitement de surface, d\u00e9capage et projection d\u2019abrasifs<\/strong>.<\/p>\n<h2 data-start=\"1435\" data-end=\"1471\"><strong data-start=\"1440\" data-end=\"1471\">CARACT\u00c9RISTIQUES TECHNIQUES<\/strong><\/h2>\n<ul data-start=\"1472\" data-end=\"2089\">\n<li data-start=\"1472\" data-end=\"1518\">\n<p data-start=\"1474\" data-end=\"1518\"><strong data-start=\"1474\" data-end=\"1484\">Type :<\/strong> Tuyau de sablage \u00e0 paroi souple<\/p>\n<\/li>\n<li data-start=\"1519\" data-end=\"1617\">\n<p data-start=\"1521\" data-end=\"1617\"><strong data-start=\"1521\" data-end=\"1541\">Tube int\u00e9rieur :<\/strong> Caoutchouc synth\u00e9tique noir lisse, antistatique et r\u00e9sistant \u00e0 l\u2019abrasion<\/p>\n<\/li>\n<li data-start=\"1618\" data-end=\"1673\">\n<p data-start=\"1620\" data-end=\"1673\"><strong data-start=\"1620\" data-end=\"1638\">Renforcement :<\/strong> Nappes textiles haute r\u00e9sistance<\/p>\n<\/li>\n<li data-start=\"1674\" data-end=\"1777\">\n<p data-start=\"1676\" data-end=\"1777\"><strong data-start=\"1676\" data-end=\"1702\">Rev\u00eatement ext\u00e9rieur :<\/strong> Caoutchouc synth\u00e9tique noir, r\u00e9sistant au vieillissement et \u00e0 l\u2019abrasion<\/p>\n<\/li>\n<li data-start=\"1778\" data-end=\"1824\">\n<p data-start=\"1780\" data-end=\"1824\"><strong data-start=\"1780\" data-end=\"1800\">Norme abrasion :<\/strong> ISO 4649 \u2013 70 \u00b1 5 mm\u00b3<\/p>\n<\/li>\n<li data-start=\"1825\" data-end=\"1874\">\n<p data-start=\"1827\" data-end=\"1874\"><strong data-start=\"1827\" data-end=\"1858\">Temp\u00e9rature d\u2019utilisation :<\/strong> \u201340\u00b0C \u00e0 +70\u00b0C<\/p>\n<\/li>\n<li data-start=\"1875\" data-end=\"1963\">\n<p data-start=\"1877\" data-end=\"1963\"><strong data-start=\"1877\" data-end=\"1895\">Applications :<\/strong> Projection de sable, poussi\u00e8res abrasives, grenailles m\u00e9talliques<\/p>\n<\/li>\n<li data-start=\"1964\" data-end=\"2089\">\n<p data-start=\"1966\" data-end=\"1984\"><strong data-start=\"1966\" data-end=\"1982\">Propri\u00e9t\u00e9s :<\/strong><\/p>\n<ul data-start=\"1987\" data-end=\"2089\">\n<li data-start=\"1987\" data-end=\"2017\">\n<p data-start=\"1989\" data-end=\"2017\">Haute r\u00e9sistance \u00e0 l\u2019usure<\/p>\n<\/li>\n<li data-start=\"2020\" data-end=\"2036\">\n<p data-start=\"2022\" data-end=\"2036\">Antistatique<\/p>\n<\/li>\n<li data-start=\"2039\" data-end=\"2051\">\n<p data-start=\"2041\" data-end=\"2051\">Flexible<\/p>\n<\/li>\n<li data-start=\"2054\" data-end=\"2089\">\n<p data-start=\"2056\" data-end=\"2089\">Durable en environnement s\u00e9v\u00e8re<\/p>\n<\/li>\n<\/ul>\n<\/li>\n<\/ul>\n<table width=\"642\">\n<tbody>\n<tr>\n<td width=\"83\">Code<\/td>\n<td width=\"162\">Description<\/td>\n<td width=\"156\">Diametre Interieur (mm)<\/td>\n<td width=\"158\">Diametre Exterieur (mm)<\/td>\n<td width=\"83\">Pression de Service (bar)<\/td>\n<\/tr>\n<tr>\n<td>02.3.03.19<\/td>\n<td>TUYAU DE SABLAGE 3\/4&Prime;<\/td>\n<td>19<\/td>\n<td>33<\/td>\n<td>10<\/td>\n<\/tr>\n<tr>\n<td>02.3.03.25<\/td>\n<td>TUYAU DE SABLAGE 1&Prime;<\/td>\n<td>25<\/td>\n<td>40<\/td>\n<td>10<\/td>\n<\/tr>\n<tr>\n<td>02.3.03.32<\/td>\n<td>TUYAU DE SABLAGE 1&Prime;1\/4<\/td>\n<td>32<\/td>\n<td>48<\/td>\n<td>10<\/td>\n<\/tr>\n<tr>\n<td>02.3.03.40<\/td>\n<td>TUYAU DE SABLAGE 1&Prime;1\/2<\/td>\n<td>38<\/td>\n<td>51<\/td>\n<td>10<\/td>\n<\/tr>\n<\/tbody>\n<\/table>\n","protected":false},"excerpt":{"rendered":"<p data-start=\"113\" data-end=\"322\">Tuyau de sablage en caoutchouc antistatique haute r\u00e9sistance, con\u00e7u pour le transport de sable, poussi\u00e8res et grenailles m\u00e9talliques. Tr\u00e8s r\u00e9sistant \u00e0 l\u2019abrasion, flexible et adapt\u00e9 aux syst\u00e8mes de projection.<\/p>\n","protected":false},"featured_media":733,"comment_status":"open","ping_status":"closed","template":"","meta":[],"product_brand":[],"product_cat":[69],"product_tag":[],"class_list":{"0":"post-732","1":"product","2":"type-product","3":"status-publish","4":"has-post-thumbnail","6":"product_cat-tuyaux-abbrasives","8":"first","9":"instock","10":"shipping-taxable","11":"product-type-simple"},"_links":{"self":[{"href":"https:\/\/click.ma\/soraflex\/wp-json\/wp\/v2\/product\/732","targetHints":{"allow":["GET"]}}],"collection":[{"href":"https:\/\/click.ma\/soraflex\/wp-json\/wp\/v2\/product"}],"about":[{"href":"https:\/\/click.ma\/soraflex\/wp-json\/wp\/v2\/types\/product"}],"replies":[{"embeddable":true,"href":"https:\/\/click.ma\/soraflex\/wp-json\/wp\/v2\/comments?post=732"}],"wp:featuredmedia":[{"embeddable":true,"href":"https:\/\/click.ma\/soraflex\/wp-json\/wp\/v2\/media\/733"}],"wp:attachment":[{"href":"https:\/\/click.ma\/soraflex\/wp-json\/wp\/v2\/media?parent=732"}],"wp:term":[{"taxonomy":"product_brand","embeddable":true,"href":"https:\/\/click.ma\/soraflex\/wp-json\/wp\/v2\/product_brand?post=732"},{"taxonomy":"product_cat","embeddable":true,"href":"https:\/\/click.ma\/soraflex\/wp-json\/wp\/v2\/product_cat?post=732"},{"taxonomy":"product_tag","embeddable":true,"href":"https:\/\/click.ma\/soraflex\/wp-json\/wp\/v2\/product_tag?post=732"}],"curies":[{"name":"wp","href":"https:\/\/api.w.org\/{rel}","templated":true}]}}