{"id":728,"date":"2026-02-16T18:21:46","date_gmt":"2026-02-16T18:21:46","guid":{"rendered":"https:\/\/click.ma\/soraflex\/?post_type=product&#038;p=728"},"modified":"2026-02-16T18:21:46","modified_gmt":"2026-02-16T18:21:46","slug":"tuyau-calor-125c","status":"publish","type":"product","link":"https:\/\/click.ma\/soraflex\/p\/tuyau-calor-125c\/","title":{"rendered":"Tuyau Calor 125\u00b0C"},"content":{"rendered":"<p data-start=\"429\" data-end=\"813\">Ce tuyau en caoutchouc renforc\u00e9 par une <strong data-start=\"469\" data-end=\"499\">spirale en acier galvanis\u00e9<\/strong> est sp\u00e9cialement con\u00e7u pour l\u2019aspiration et le transport d\u2019air ainsi que de vapeurs acides dans les environnements industriels. Sa structure h\u00e9lico\u00efdale int\u00e9gr\u00e9e assure une excellente r\u00e9sistance \u00e0 l\u2019\u00e9crasement et au vide, tout en maintenant une grande flexibilit\u00e9 pour faciliter l\u2019installation et la manipulation.<\/p>\n<p data-start=\"815\" data-end=\"1109\">Le caoutchouc utilis\u00e9 offre une bonne r\u00e9sistance thermique et chimique, permettant une utilisation continue dans une plage de temp\u00e9rature comprise entre <strong data-start=\"968\" data-end=\"987\">\u201325\u00b0C et +125\u00b0C<\/strong>. La spirale en acier galvanis\u00e9 garantit une solidit\u00e9 accrue et une meilleure tenue m\u00e9canique, m\u00eame en conditions s\u00e9v\u00e8res.<\/p>\n<p data-start=\"1111\" data-end=\"1364\">Ce tuyau est particuli\u00e8rement adapt\u00e9 aux syst\u00e8mes de ventilation industrielle, aux installations d\u2019extraction de fum\u00e9es chimiques, aux laboratoires, ainsi qu\u2019aux applications n\u00e9cessitant l\u2019aspiration de gaz ou de vapeurs corrosives \u00e0 temp\u00e9rature \u00e9lev\u00e9e.<\/p>\n<table width=\"528\">\n<tbody>\n<tr>\n<td width=\"83\">Code<\/td>\n<td width=\"131\">Description<\/td>\n<td width=\"156\">Diametre Interieur (mm)<\/td>\n<td width=\"158\">Diametre Exterieur (mm)<\/td>\n<\/tr>\n<tr>\n<td>04.1.03.040<\/td>\n<td>TY\u00a0 CALOR 125\u00b0C 040<\/td>\n<td>41<\/td>\n<td>46<\/td>\n<\/tr>\n<tr>\n<td>04.1.03.045<\/td>\n<td>TY\u00a0 CALOR 125\u00b0C 045<\/td>\n<td>46<\/td>\n<td>51<\/td>\n<\/tr>\n<tr>\n<td>04.1.03.050<\/td>\n<td>TY\u00a0 CALOR 125\u00b0C 050<\/td>\n<td>51<\/td>\n<td>56<\/td>\n<\/tr>\n<tr>\n<td>04.1.03.060<\/td>\n<td>TY\u00a0 CALOR 125\u00b0C 060<\/td>\n<td>61<\/td>\n<td>66<\/td>\n<\/tr>\n<tr>\n<td>04.1.03.070<\/td>\n<td>TY\u00a0 CALOR 125\u00b0C 070<\/td>\n<td>71<\/td>\n<td>77<\/td>\n<\/tr>\n<tr>\n<td>04.1.03.075<\/td>\n<td>TY\u00a0 CALOR 125\u00b0C 075<\/td>\n<td>76<\/td>\n<td>82<\/td>\n<\/tr>\n<tr>\n<td>04.1.03.080<\/td>\n<td>TY\u00a0 CALOR 125\u00b0C 080<\/td>\n<td>81<\/td>\n<td>87<\/td>\n<\/tr>\n<tr>\n<td>04.1.03.090<\/td>\n<td>TY\u00a0 CALOR 125\u00b0C 090<\/td>\n<td>91<\/td>\n<td>97<\/td>\n<\/tr>\n<tr>\n<td>04.1.03.100<\/td>\n<td>TY\u00a0 CALOR 125\u00b0C 100<\/td>\n<td>101<\/td>\n<td>107<\/td>\n<\/tr>\n<tr>\n<td>04.1.03.110<\/td>\n<td>TY\u00a0 CALOR 125\u00b0C 110<\/td>\n<td>111<\/td>\n<td>117<\/td>\n<\/tr>\n<tr>\n<td>04.1.03.120<\/td>\n<td>TY\u00a0 CALOR 125\u00b0C 120<\/td>\n<td>121<\/td>\n<td>127<\/td>\n<\/tr>\n<tr>\n<td>04.1.03.125<\/td>\n<td>TY\u00a0 CALOR 125\u00b0C 125<\/td>\n<td>126<\/td>\n<td>132<\/td>\n<\/tr>\n<tr>\n<td>04.1.03.130<\/td>\n<td>TY\u00a0 CALOR 125\u00b0C 130<\/td>\n<td>131<\/td>\n<td>137<\/td>\n<\/tr>\n<tr>\n<td>04.1.03.140<\/td>\n<td>TY\u00a0 CALOR 125\u00b0C 140<\/td>\n<td>141<\/td>\n<td>147<\/td>\n<\/tr>\n<tr>\n<td>04.1.03.152<\/td>\n<td>TY\u00a0 CALOR 125\u00b0C 152<\/td>\n<td>151<\/td>\n<td>157<\/td>\n<\/tr>\n<tr>\n<td>04.1.03.160<\/td>\n<td>TY\u00a0 CALOR 125\u00b0C 160<\/td>\n<td>161<\/td>\n<td>167<\/td>\n<\/tr>\n<\/tbody>\n<\/table>\n","protected":false},"excerpt":{"rendered":"<p data-start=\"155\" data-end=\"394\">Tuyau en caoutchouc avec spirale en acier galvanis\u00e9, con\u00e7u pour l\u2019aspiration et le transport d\u2019air et de vapeurs acides. R\u00e9sistant aux temp\u00e9ratures de <strong data-start=\"306\" data-end=\"324\">\u201325\u00b0C \u00e0 +125\u00b0C<\/strong>, il offre flexibilit\u00e9 et robustesse en milieux industriels exigeants.<\/p>\n","protected":false},"featured_media":730,"comment_status":"open","ping_status":"closed","template":"","meta":[],"product_brand":[],"product_cat":[65],"product_tag":[],"class_list":{"0":"post-728","1":"product","2":"type-product","3":"status-publish","4":"has-post-thumbnail","6":"product_cat-tuyaux-air-et-vapeur","8":"first","9":"instock","10":"shipping-taxable","11":"product-type-simple"},"_links":{"self":[{"href":"https:\/\/click.ma\/soraflex\/wp-json\/wp\/v2\/product\/728","targetHints":{"allow":["GET"]}}],"collection":[{"href":"https:\/\/click.ma\/soraflex\/wp-json\/wp\/v2\/product"}],"about":[{"href":"https:\/\/click.ma\/soraflex\/wp-json\/wp\/v2\/types\/product"}],"replies":[{"embeddable":true,"href":"https:\/\/click.ma\/soraflex\/wp-json\/wp\/v2\/comments?post=728"}],"wp:featuredmedia":[{"embeddable":true,"href":"https:\/\/click.ma\/soraflex\/wp-json\/wp\/v2\/media\/730"}],"wp:attachment":[{"href":"https:\/\/click.ma\/soraflex\/wp-json\/wp\/v2\/media?parent=728"}],"wp:term":[{"taxonomy":"product_brand","embeddable":true,"href":"https:\/\/click.ma\/soraflex\/wp-json\/wp\/v2\/product_brand?post=728"},{"taxonomy":"product_cat","embeddable":true,"href":"https:\/\/click.ma\/soraflex\/wp-json\/wp\/v2\/product_cat?post=728"},{"taxonomy":"product_tag","embeddable":true,"href":"https:\/\/click.ma\/soraflex\/wp-json\/wp\/v2\/product_tag?post=728"}],"curies":[{"name":"wp","href":"https:\/\/api.w.org\/{rel}","templated":true}]}}