{"id":710,"date":"2026-01-07T17:32:59","date_gmt":"2026-01-07T17:32:59","guid":{"rendered":"https:\/\/click.ma\/soraflex\/?post_type=product&#038;p=710"},"modified":"2026-01-07T17:33:48","modified_gmt":"2026-01-07T17:33:48","slug":"tecalent-pu-blanc","status":"publish","type":"product","link":"https:\/\/click.ma\/soraflex\/p\/tecalent-pu-blanc\/","title":{"rendered":"Tecalent PU Blanc"},"content":{"rendered":"<p>Le <strong data-start=\"192\" data-end=\"244\">flexible lin\u00e9aire en polyur\u00e9thane \u00e0 base d\u2019\u00e9ther<\/strong> est con\u00e7u pour offrir une excellente flexibilit\u00e9 et une grande s\u00e9curit\u00e9 d\u2019utilisation avec des <strong data-start=\"340\" data-end=\"360\">raccords rapides<\/strong>, gr\u00e2ce \u00e0 sa duret\u00e9 adapt\u00e9e. Il pr\u00e9sente une tr\u00e8s bonne r\u00e9sistance m\u00e9canique et une stabilit\u00e9 accrue face aux agressions ext\u00e9rieures.<br data-start=\"493\" data-end=\"496\" \/>Fabriqu\u00e9 \u00e0 partir de <strong data-start=\"517\" data-end=\"562\">polyur\u00e9thane \u00e9ther stabilis\u00e9 \u00e0 la lumi\u00e8re<\/strong>, ce tube se distingue par sa <strong data-start=\"592\" data-end=\"608\">transparence<\/strong>, permettant une visualisation directe du passage des fluides, un avantage essentiel pour les applications impliquant des liquides. Disponible dans une <strong data-start=\"760\" data-end=\"795\">gamme de couleurs transparentes<\/strong>, il convient parfaitement aux usages industriels n\u00e9cessitant fiabilit\u00e9, contr\u00f4le visuel et durabilit\u00e9.<\/p>\n<table width=\"508\">\n<tbody>\n<tr>\n<td width=\"83\">Code<\/td>\n<td width=\"176\">Description<\/td>\n<td width=\"83\">Diametre Interieur (mm)<\/td>\n<td width=\"83\">Diametre Exterieur (mm)<\/td>\n<td width=\"83\">Pression (bar)<\/td>\n<\/tr>\n<tr>\n<td>35.2.02.0204<\/td>\n<td>TECALENT PU BLANC 2,5X04<\/td>\n<td>2,5<\/td>\n<td>4<\/td>\n<td>12<\/td>\n<\/tr>\n<tr>\n<td>35.2.02.0406<\/td>\n<td>TECALENT PU BLANC 04X06<\/td>\n<td>3,8<\/td>\n<td>6<\/td>\n<td>11<\/td>\n<\/tr>\n<tr>\n<td>35.2.02.0508<\/td>\n<td>TECALENT PU BLANC 05X08<\/td>\n<td>5<\/td>\n<td>8<\/td>\n<td>12<\/td>\n<\/tr>\n<tr>\n<td>35.2.02.0610<\/td>\n<td>TECALENT PU BLANC 6.5X10<\/td>\n<td>6,5<\/td>\n<td>10<\/td>\n<td>11<\/td>\n<\/tr>\n<tr>\n<td>35.2.02.0912<\/td>\n<td>TECALENT PU BLANC 09X12<\/td>\n<td>9<\/td>\n<td>12<\/td>\n<td>7<\/td>\n<\/tr>\n<\/tbody>\n<\/table>\n","protected":false},"excerpt":{"rendered":"<p data-start=\"932\" data-end=\"1101\">Tube flexible en <strong data-start=\"949\" data-end=\"971\">polyur\u00e9thane \u00e9ther<\/strong>, transparent, stabilis\u00e9 \u00e0 la lumi\u00e8re, compatible avec les raccords rapides et id\u00e9al pour la visualisation du passage des fluides.<\/p>\n","protected":false},"featured_media":708,"comment_status":"open","ping_status":"closed","template":"","meta":[],"product_brand":[],"product_cat":[60],"product_tag":[],"class_list":{"0":"post-710","1":"product","2":"type-product","3":"status-publish","4":"has-post-thumbnail","6":"product_cat-tuyaux-pneumatiques","8":"first","9":"instock","10":"shipping-taxable","11":"product-type-simple"},"_links":{"self":[{"href":"https:\/\/click.ma\/soraflex\/wp-json\/wp\/v2\/product\/710","targetHints":{"allow":["GET"]}}],"collection":[{"href":"https:\/\/click.ma\/soraflex\/wp-json\/wp\/v2\/product"}],"about":[{"href":"https:\/\/click.ma\/soraflex\/wp-json\/wp\/v2\/types\/product"}],"replies":[{"embeddable":true,"href":"https:\/\/click.ma\/soraflex\/wp-json\/wp\/v2\/comments?post=710"}],"wp:featuredmedia":[{"embeddable":true,"href":"https:\/\/click.ma\/soraflex\/wp-json\/wp\/v2\/media\/708"}],"wp:attachment":[{"href":"https:\/\/click.ma\/soraflex\/wp-json\/wp\/v2\/media?parent=710"}],"wp:term":[{"taxonomy":"product_brand","embeddable":true,"href":"https:\/\/click.ma\/soraflex\/wp-json\/wp\/v2\/product_brand?post=710"},{"taxonomy":"product_cat","embeddable":true,"href":"https:\/\/click.ma\/soraflex\/wp-json\/wp\/v2\/product_cat?post=710"},{"taxonomy":"product_tag","embeddable":true,"href":"https:\/\/click.ma\/soraflex\/wp-json\/wp\/v2\/product_tag?post=710"}],"curies":[{"name":"wp","href":"https:\/\/api.w.org\/{rel}","templated":true}]}}