{"id":706,"date":"2026-01-07T17:06:13","date_gmt":"2026-01-07T17:06:13","guid":{"rendered":"https:\/\/click.ma\/soraflex\/?post_type=product&#038;p=706"},"modified":"2026-01-07T17:10:45","modified_gmt":"2026-01-07T17:10:45","slug":"tube-polyamide-bleu","status":"publish","type":"product","link":"https:\/\/click.ma\/soraflex\/p\/tube-polyamide-bleu\/","title":{"rendered":"Tube Polyamide Bleu"},"content":{"rendered":"<p>Les tuyaux p\u00e9trochimiques flexibles lin\u00e9aires <strong data-start=\"209\" data-end=\"224\">PA 12 HIPHL<\/strong> sont con\u00e7us pour r\u00e9pondre aux applications exigeant une grande flexibilit\u00e9 ainsi qu\u2019une excellente r\u00e9sistance aux temp\u00e9ratures \u00e9lev\u00e9es, aux agents atmosph\u00e9riques, aux huiles et \u00e0 l\u2019hydrolyse. Gr\u00e2ce \u00e0 leurs remarquables propri\u00e9t\u00e9s m\u00e9caniques et chimiques, ils conviennent parfaitement \u00e0 de nombreuses applications industrielles et automobiles.<br data-start=\"567\" data-end=\"570\" \/>Faisant partie int\u00e9grante de la gamme <strong data-start=\"608\" data-end=\"624\">MB-LONGLIFE\u00ae<\/strong>, ces tuyaux ont \u00e9t\u00e9 s\u00e9lectionn\u00e9s par <strong data-start=\"662\" data-end=\"671\">MEBRA<\/strong> afin de couvrir la majorit\u00e9 des besoins industriels courants. Ils sont fabriqu\u00e9s en <strong data-start=\"756\" data-end=\"797\">polyamide 12 plastifi\u00e9 flexible HIPHL<\/strong>, stabilis\u00e9 contre la lumi\u00e8re et la chaleur, et conformes aux normes <strong data-start=\"866\" data-end=\"891\">DIN 73378 \/ DIN 74324<\/strong>, garantissant fiabilit\u00e9, durabilit\u00e9 et performance \u00e0 long terme.<\/p>\n<table width=\"538\">\n<tbody>\n<tr>\n<td width=\"94\">Code<\/td>\n<td width=\"195\">Description<\/td>\n<td width=\"83\">Diametre Interieur (mm)<\/td>\n<td width=\"83\">Diametre Exterieur (mm)<\/td>\n<td width=\"83\">Pression (bar)<\/td>\n<\/tr>\n<tr>\n<td>35.1.03.0204<\/td>\n<td>TUBE POLYAMIDE BLEU 02X04<\/td>\n<td>2<\/td>\n<td>4<\/td>\n<td>49<\/td>\n<\/tr>\n<tr>\n<td>35.1.03.0406<\/td>\n<td>TUBE POLYAMIDE BLEU 04X06<\/td>\n<td>4<\/td>\n<td>6<\/td>\n<td>29<\/td>\n<\/tr>\n<tr>\n<td>35.1.03.0608<\/td>\n<td>TUBE POLYAMIDE BLEU 06X08<\/td>\n<td>6<\/td>\n<td>8<\/td>\n<td>21<\/td>\n<\/tr>\n<tr>\n<td>35.1.03.0810<\/td>\n<td>TUBE POLYAMIDE BLEU 08X10<\/td>\n<td>8<\/td>\n<td>10<\/td>\n<td>16<\/td>\n<\/tr>\n<tr>\n<td>35.1.03.1012<\/td>\n<td>TUBE POLYAMIDE BLEU 10X12<\/td>\n<td>10<\/td>\n<td>12<\/td>\n<td>12<\/td>\n<\/tr>\n<tr>\n<td>35.1.03.1214<\/td>\n<td>TUBE POLYAMIDE BLEU 12X14<\/td>\n<td>12<\/td>\n<td>14<\/td>\n<td>10<\/td>\n<\/tr>\n<tr>\n<td>35.1.03.1215<\/td>\n<td>TUBE POLYAMIDE BLEU 12X15<\/td>\n<td>12<\/td>\n<td>15<\/td>\n<td>16<\/td>\n<\/tr>\n<tr>\n<td>35.1.03.1216<\/td>\n<td>TUBE POLYAMIDE BLEU 12X16<\/td>\n<td>12<\/td>\n<td>16<\/td>\n<td>21<\/td>\n<\/tr>\n<\/tbody>\n<\/table>\n","protected":false},"excerpt":{"rendered":"<p data-start=\"990\" data-end=\"1244\">Tuyau flexible en <strong data-start=\"1008\" data-end=\"1023\">PA 12 HIPHL<\/strong>, r\u00e9sistant aux temp\u00e9ratures, aux huiles, aux agents atmosph\u00e9riques et \u00e0 l\u2019hydrolyse. Id\u00e9al pour les applications industrielles et automobiles, conforme aux normes <strong data-start=\"1187\" data-end=\"1206\">DIN 73378\/74324<\/strong> et issu de la gamme <strong data-start=\"1227\" data-end=\"1243\">MB-LONGLIFE\u00ae<\/strong>.<\/p>\n","protected":false},"featured_media":698,"comment_status":"open","ping_status":"closed","template":"","meta":[],"product_brand":[],"product_cat":[60],"product_tag":[],"class_list":{"0":"post-706","1":"product","2":"type-product","3":"status-publish","4":"has-post-thumbnail","6":"product_cat-tuyaux-pneumatiques","8":"first","9":"instock","10":"shipping-taxable","11":"product-type-simple"},"_links":{"self":[{"href":"https:\/\/click.ma\/soraflex\/wp-json\/wp\/v2\/product\/706","targetHints":{"allow":["GET"]}}],"collection":[{"href":"https:\/\/click.ma\/soraflex\/wp-json\/wp\/v2\/product"}],"about":[{"href":"https:\/\/click.ma\/soraflex\/wp-json\/wp\/v2\/types\/product"}],"replies":[{"embeddable":true,"href":"https:\/\/click.ma\/soraflex\/wp-json\/wp\/v2\/comments?post=706"}],"wp:featuredmedia":[{"embeddable":true,"href":"https:\/\/click.ma\/soraflex\/wp-json\/wp\/v2\/media\/698"}],"wp:attachment":[{"href":"https:\/\/click.ma\/soraflex\/wp-json\/wp\/v2\/media?parent=706"}],"wp:term":[{"taxonomy":"product_brand","embeddable":true,"href":"https:\/\/click.ma\/soraflex\/wp-json\/wp\/v2\/product_brand?post=706"},{"taxonomy":"product_cat","embeddable":true,"href":"https:\/\/click.ma\/soraflex\/wp-json\/wp\/v2\/product_cat?post=706"},{"taxonomy":"product_tag","embeddable":true,"href":"https:\/\/click.ma\/soraflex\/wp-json\/wp\/v2\/product_tag?post=706"}],"curies":[{"name":"wp","href":"https:\/\/api.w.org\/{rel}","templated":true}]}}