{"id":604,"date":"2025-11-23T10:03:07","date_gmt":"2025-11-23T10:03:07","guid":{"rendered":"https:\/\/click.ma\/soraflex\/?post_type=product&#038;p=604"},"modified":"2025-11-23T10:03:07","modified_gmt":"2025-11-23T10:03:07","slug":"tuyau-composite-sst","status":"publish","type":"product","link":"https:\/\/click.ma\/soraflex\/p\/tuyau-composite-sst\/","title":{"rendered":"Tuyau Composite SST"},"content":{"rendered":"<p data-start=\"570\" data-end=\"1067\">Le <strong data-start=\"573\" data-end=\"590\">Gassoflex SST<\/strong> est un tuyau composite hautes performances sp\u00e9cialement d\u00e9velopp\u00e9 pour le transfert, l\u2019aspiration et la livraison d\u2019une large gamme de produits <strong data-start=\"735\" data-end=\"758\">hautement corrosifs<\/strong>, notamment l\u2019acide phosphorique, le naphta ou encore l\u2019acide nitrique \u00e0 faible concentration. Sa conception bas\u00e9e sur un rev\u00eatement interne en <strong data-start=\"902\" data-end=\"914\">PTFE (T)<\/strong> et une structure compatible avec l\u2019acier inoxydable lui conf\u00e8re une r\u00e9sistance chimique exceptionnelle, m\u00eame dans les environnements les plus agressifs.<\/p>\n<p data-start=\"1069\" data-end=\"1466\">Il est id\u00e9al pour les op\u00e9rations industrielles exigeantes telles que le <strong data-start=\"1141\" data-end=\"1255\">chargement et le d\u00e9chargement de camions-citernes, wagons, installations de production et applications marines<\/strong>, o\u00f9 s\u00e9curit\u00e9, fiabilit\u00e9 et long\u00e9vit\u00e9 sont essentielles. Sa couverture ext\u00e9rieure en tissu polyester enduit PVC assure une excellente protection m\u00e9canique et une bonne r\u00e9sistance \u00e0 l\u2019abrasion et aux intemp\u00e9ries.<\/p>\n<p data-start=\"1468\" data-end=\"1847\">Le tuyau Gassoflex SST r\u00e9pond aux normes strictes <strong data-start=\"1518\" data-end=\"1535\">EN 13765:2018<\/strong> et garantit un niveau \u00e9lev\u00e9 de s\u00e9curit\u00e9 gr\u00e2ce \u00e0 un facteur de s\u00e9curit\u00e9 de 5:1 pour les diam\u00e8tres de 1&Prime; \u00e0 10&Prime; et 4:1 pour le diam\u00e8tre 12&Prime;. Il fonctionne dans une plage de temp\u00e9rature allant de <strong data-start=\"1728\" data-end=\"1746\">\u201330\u00b0C \u00e0 +100\u00b0C<\/strong> et offre une capacit\u00e9 de d\u00e9pression jusqu\u2019\u00e0 <strong data-start=\"1791\" data-end=\"1802\">0,9 bar<\/strong>, adapt\u00e9e aux applications sous vide partiel.<\/p>\n<p data-start=\"1854\" data-end=\"1890\"><strong data-start=\"1859\" data-end=\"1890\">CARACT\u00c9RISTIQUES TECHNIQUES<\/strong><\/p>\n<ul data-start=\"1891\" data-end=\"2365\">\n<li data-start=\"1891\" data-end=\"1920\">\n<p data-start=\"1893\" data-end=\"1920\"><strong data-start=\"1893\" data-end=\"1904\">Norme :<\/strong> EN 13765:2018<\/p>\n<\/li>\n<li data-start=\"1921\" data-end=\"2000\">\n<p data-start=\"1923\" data-end=\"2000\"><strong data-start=\"1923\" data-end=\"1940\">Application :<\/strong> aspiration et refoulement de produits hautement corrosifs<\/p>\n<\/li>\n<li data-start=\"2001\" data-end=\"2040\">\n<p data-start=\"2003\" data-end=\"2040\"><strong data-start=\"2003\" data-end=\"2029\">Rev\u00eatement int\u00e9rieur :<\/strong> PTFE (T)<\/p>\n<\/li>\n<li data-start=\"2041\" data-end=\"2094\">\n<p data-start=\"2043\" data-end=\"2094\"><strong data-start=\"2043\" data-end=\"2065\">Gaine ext\u00e9rieure :<\/strong> tissu polyester enduit PVC<\/p>\n<\/li>\n<li data-start=\"2095\" data-end=\"2136\">\n<p data-start=\"2097\" data-end=\"2136\"><strong data-start=\"2097\" data-end=\"2116\">Compatibilit\u00e9 :<\/strong> PTFE &amp; acier inox<\/p>\n<\/li>\n<li data-start=\"2137\" data-end=\"2187\">\n<p data-start=\"2139\" data-end=\"2187\"><strong data-start=\"2139\" data-end=\"2170\">Temp\u00e9rature d\u2019utilisation :<\/strong> \u201330\u00b0C \u00e0 +100\u00b0C<\/p>\n<\/li>\n<li data-start=\"2188\" data-end=\"2258\">\n<p data-start=\"2190\" data-end=\"2217\"><strong data-start=\"2190\" data-end=\"2215\">Facteur de s\u00e9curit\u00e9 :<\/strong><\/p>\n<ul data-start=\"2220\" data-end=\"2258\">\n<li data-start=\"2220\" data-end=\"2240\">\n<p data-start=\"2222\" data-end=\"2240\">5:1 (\u00d8 1&Prime; \u00e0 10&Prime;)<\/p>\n<\/li>\n<li data-start=\"2243\" data-end=\"2258\">\n<p data-start=\"2245\" data-end=\"2258\">4:1 (\u00d8 12&Prime;)<\/p>\n<\/li>\n<\/ul>\n<\/li>\n<li data-start=\"2259\" data-end=\"2298\">\n<p data-start=\"2261\" data-end=\"2298\"><strong data-start=\"2261\" data-end=\"2288\">D\u00e9pression admissible :<\/strong> 0,9 bar<\/p>\n<\/li>\n<li data-start=\"2299\" data-end=\"2365\">\n<p data-start=\"2301\" data-end=\"2365\"><strong data-start=\"2301\" data-end=\"2329\">Longueur des couronnes :<\/strong> 30 m<\/p>\n<\/li>\n<\/ul>\n<table width=\"303\">\n<tbody>\n<tr>\n<td width=\"83\">Code<\/td>\n<td width=\"175\">Description<\/td>\n<td width=\"45\">Pouce<\/td>\n<\/tr>\n<tr>\n<td>02.2.02.051<\/td>\n<td>COMPOSITE TEFLON SST\u00a0\u00a0 2&Prime;<\/td>\n<td>2&Prime;<\/td>\n<\/tr>\n<tr>\n<td>02.2.02.080<\/td>\n<td>COMPOSITE TEFLON SST\u00a0\u00a0 3&Prime;<\/td>\n<td>3&Prime;<\/td>\n<\/tr>\n<\/tbody>\n<\/table>\n","protected":false},"excerpt":{"rendered":"<p data-start=\"200\" data-end=\"535\">Tuyau composite Gassoflex SST con\u00e7u pour l\u2019aspiration et le refoulement de produits chimiques tr\u00e8s corrosifs. Compatible avec le PTFE et l\u2019inox, il offre une excellente r\u00e9sistance aux acides forts et solvants. Id\u00e9al pour le chargement\/d\u00e9chargement en industrie, transport et applications marines. Conforme \u00e0 la norme <strong data-start=\"517\" data-end=\"534\">EN 13765:2018<\/strong>.<\/p>\n","protected":false},"featured_media":605,"comment_status":"open","ping_status":"closed","template":"","meta":[],"product_brand":[],"product_cat":[63],"product_tag":[],"class_list":{"0":"post-604","1":"product","2":"type-product","3":"status-publish","4":"has-post-thumbnail","6":"product_cat-tuyaux-chimiques","8":"first","9":"instock","10":"shipping-taxable","11":"product-type-simple"},"_links":{"self":[{"href":"https:\/\/click.ma\/soraflex\/wp-json\/wp\/v2\/product\/604","targetHints":{"allow":["GET"]}}],"collection":[{"href":"https:\/\/click.ma\/soraflex\/wp-json\/wp\/v2\/product"}],"about":[{"href":"https:\/\/click.ma\/soraflex\/wp-json\/wp\/v2\/types\/product"}],"replies":[{"embeddable":true,"href":"https:\/\/click.ma\/soraflex\/wp-json\/wp\/v2\/comments?post=604"}],"wp:featuredmedia":[{"embeddable":true,"href":"https:\/\/click.ma\/soraflex\/wp-json\/wp\/v2\/media\/605"}],"wp:attachment":[{"href":"https:\/\/click.ma\/soraflex\/wp-json\/wp\/v2\/media?parent=604"}],"wp:term":[{"taxonomy":"product_brand","embeddable":true,"href":"https:\/\/click.ma\/soraflex\/wp-json\/wp\/v2\/product_brand?post=604"},{"taxonomy":"product_cat","embeddable":true,"href":"https:\/\/click.ma\/soraflex\/wp-json\/wp\/v2\/product_cat?post=604"},{"taxonomy":"product_tag","embeddable":true,"href":"https:\/\/click.ma\/soraflex\/wp-json\/wp\/v2\/product_tag?post=604"}],"curies":[{"name":"wp","href":"https:\/\/api.w.org\/{rel}","templated":true}]}}