{"id":601,"date":"2025-11-23T09:29:23","date_gmt":"2025-11-23T09:29:23","guid":{"rendered":"https:\/\/click.ma\/soraflex\/?post_type=product&#038;p=601"},"modified":"2025-11-23T10:19:21","modified_gmt":"2025-11-23T10:19:21","slug":"tuyau-composite-ege","status":"publish","type":"product","link":"https:\/\/click.ma\/soraflex\/p\/tuyau-composite-ege\/","title":{"rendered":"Tuyau Composite EGE"},"content":{"rendered":"<p data-start=\"549\" data-end=\"830\">Le tuyau composite <strong data-start=\"568\" data-end=\"585\">Gassoflex EGE<\/strong> est sp\u00e9cialement con\u00e7u pour l\u2019aspiration et la livraison d\u2019une grande vari\u00e9t\u00e9 de produits chimiques pr\u00e9sentant une bonne compatibilit\u00e9 avec le polypropyl\u00e8ne (PP), tels que les acides, alcalis et solvants, dans des environnements non corrosifs.<\/p>\n<p data-start=\"832\" data-end=\"1178\">Gr\u00e2ce \u00e0 sa construction composite avanc\u00e9e, il offre une excellente flexibilit\u00e9, une haute r\u00e9sistance m\u00e9canique et une dur\u00e9e de vie prolong\u00e9e m\u00eame dans les applications intensives. Il est particuli\u00e8rement adapt\u00e9 pour les op\u00e9rations de <strong data-start=\"1066\" data-end=\"1177\">chargement et d\u00e9chargement de camions-citernes, wagons, installations industrielles et applications marines<\/strong>.<\/p>\n<p data-start=\"1180\" data-end=\"1501\">Sa structure repose sur une spirale interne en acier rev\u00eatu PP, une spirale externe en acier galvanis\u00e9, une \u00e2me interne en polypropyl\u00e8ne PP et une couverture ext\u00e9rieure en tissu polyester enduit PVC. Cette conception garantit une s\u00e9curit\u00e9 maximale, une r\u00e9sistance chimique optimale et une bonne tenue sous vide (0,9 bar).<\/p>\n<p data-start=\"1503\" data-end=\"1744\">Conforme \u00e0 la norme <strong data-start=\"1523\" data-end=\"1540\">EN 13765:2018<\/strong>, le Gassoflex EGE assure des performances fiables dans une plage de temp\u00e9rature allant de <strong data-start=\"1631\" data-end=\"1649\">\u201330\u00b0C \u00e0 +100\u00b0C<\/strong>, avec un facteur de s\u00e9curit\u00e9 de <strong data-start=\"1682\" data-end=\"1689\">5:1<\/strong> pour les diam\u00e8tres de 1\u201d \u00e0 10\u201d et <strong data-start=\"1724\" data-end=\"1731\">4:1<\/strong> pour le 12\u201d.<\/p>\n<p data-start=\"1751\" data-end=\"1787\"><strong data-start=\"1756\" data-end=\"1787\">CARACT\u00c9RISTIQUES TECHNIQUES<\/strong><\/p>\n<ul data-start=\"1788\" data-end=\"2424\">\n<li data-start=\"1788\" data-end=\"1817\">\n<p data-start=\"1790\" data-end=\"1817\"><strong data-start=\"1790\" data-end=\"1801\">Norme :<\/strong> EN 13765:2018<\/p>\n<\/li>\n<li data-start=\"1818\" data-end=\"1913\">\n<p data-start=\"1820\" data-end=\"1913\"><strong data-start=\"1820\" data-end=\"1837\">Application :<\/strong> aspiration et refoulement de produits chimiques (acides, bases, solvants)<\/p>\n<\/li>\n<li data-start=\"1914\" data-end=\"2012\">\n<p data-start=\"1916\" data-end=\"2012\"><strong data-start=\"1916\" data-end=\"1927\">Usage :<\/strong> chargement\/d\u00e9chargement de camions, wagons, installations industrielles et marines<\/p>\n<\/li>\n<li data-start=\"2013\" data-end=\"2054\">\n<p data-start=\"2015\" data-end=\"2054\"><strong data-start=\"2015\" data-end=\"2036\">Spirale interne :<\/strong> acier rev\u00eatu PP<\/p>\n<\/li>\n<li data-start=\"2055\" data-end=\"2096\">\n<p data-start=\"2057\" data-end=\"2096\"><strong data-start=\"2057\" data-end=\"2078\">Spirale externe :<\/strong> acier galvanis\u00e9<\/p>\n<\/li>\n<li data-start=\"2097\" data-end=\"2146\">\n<p data-start=\"2099\" data-end=\"2146\"><strong data-start=\"2099\" data-end=\"2125\">Rev\u00eatement int\u00e9rieur :<\/strong> polypropyl\u00e8ne (PP)<\/p>\n<\/li>\n<li data-start=\"2147\" data-end=\"2200\">\n<p data-start=\"2149\" data-end=\"2200\"><strong data-start=\"2149\" data-end=\"2171\">Gaine ext\u00e9rieure :<\/strong> tissu polyester enduit PVC<\/p>\n<\/li>\n<li data-start=\"2201\" data-end=\"2246\">\n<p data-start=\"2203\" data-end=\"2246\"><strong data-start=\"2203\" data-end=\"2229\">Plage de temp\u00e9rature :<\/strong> \u201330\u00b0C \u00e0 +100\u00b0C<\/p>\n<\/li>\n<li data-start=\"2247\" data-end=\"2317\">\n<p data-start=\"2249\" data-end=\"2276\"><strong data-start=\"2249\" data-end=\"2274\">Facteur de s\u00e9curit\u00e9 :<\/strong><\/p>\n<ul data-start=\"2279\" data-end=\"2317\">\n<li data-start=\"2279\" data-end=\"2299\">\n<p data-start=\"2281\" data-end=\"2299\">5:1 (\u00d8 1&Prime; \u00e0 10&Prime;)<\/p>\n<\/li>\n<li data-start=\"2302\" data-end=\"2317\">\n<p data-start=\"2304\" data-end=\"2317\">4:1 (\u00d8 12&Prime;)<\/p>\n<\/li>\n<\/ul>\n<\/li>\n<li data-start=\"2318\" data-end=\"2357\">\n<p data-start=\"2320\" data-end=\"2357\"><strong data-start=\"2320\" data-end=\"2347\">D\u00e9pression admissible :<\/strong> 0,9 bar<\/p>\n<\/li>\n<li data-start=\"2358\" data-end=\"2424\">\n<p data-start=\"2360\" data-end=\"2424\"><strong data-start=\"2360\" data-end=\"2388\">Longueur des couronnes :<\/strong> 30 m<\/p>\n<\/li>\n<\/ul>\n<table width=\"322\">\n<tbody>\n<tr>\n<td width=\"83\">Code<\/td>\n<td width=\"194\">Description<\/td>\n<td width=\"45\">Pouce<\/td>\n<\/tr>\n<tr>\n<td>02.6.04.040<\/td>\n<td>TUYAU COMPOSITE\u00a0 EGE\u00a0 1&Prime;1\/2<\/td>\n<td>1.1\/2&Prime;<\/td>\n<\/tr>\n<tr>\n<td>02.6.04.050E<\/td>\n<td>TUYAU COMPOSITE\u00a0 EGE\u00a0 2&Prime;<\/td>\n<td>2&Prime;<\/td>\n<\/tr>\n<tr>\n<td>02.6.04.065E<\/td>\n<td>TUYAU COMPOSITE\u00a0 EGE\u00a0 2&Prime;1\/2<\/td>\n<td>2.1\/2&Prime;<\/td>\n<\/tr>\n<tr>\n<td>02.6.04.080E<\/td>\n<td>TUYAU COMPOSITE\u00a0 EGE\u00a0 3&Prime;<\/td>\n<td>3&Prime;<\/td>\n<\/tr>\n<tr>\n<td>02.6.04.100E<\/td>\n<td>TUYAU COMPOSITE\u00a0 EGE\u00a0 4&Prime;<\/td>\n<td>4&Prime;<\/td>\n<\/tr>\n<\/tbody>\n<\/table>\n","protected":false},"excerpt":{"rendered":"<p data-start=\"210\" data-end=\"514\">Tuyau composite Gassoflex EGE con\u00e7u pour l\u2019aspiration et le refoulement d\u2019une large gamme de produits chimiques. R\u00e9sistant aux acides, bases et solvants, il est id\u00e9al pour les op\u00e9rations de chargement et d\u00e9chargement en industrie, transport et applications marines. Conforme \u00e0 la norme <strong data-start=\"496\" data-end=\"513\">EN 13765:2018<\/strong>.<\/p>\n","protected":false},"featured_media":603,"comment_status":"open","ping_status":"closed","template":"","meta":[],"product_brand":[],"product_cat":[63],"product_tag":[],"class_list":{"0":"post-601","1":"product","2":"type-product","3":"status-publish","4":"has-post-thumbnail","6":"product_cat-tuyaux-chimiques","8":"first","9":"instock","10":"shipping-taxable","11":"product-type-simple"},"_links":{"self":[{"href":"https:\/\/click.ma\/soraflex\/wp-json\/wp\/v2\/product\/601","targetHints":{"allow":["GET"]}}],"collection":[{"href":"https:\/\/click.ma\/soraflex\/wp-json\/wp\/v2\/product"}],"about":[{"href":"https:\/\/click.ma\/soraflex\/wp-json\/wp\/v2\/types\/product"}],"replies":[{"embeddable":true,"href":"https:\/\/click.ma\/soraflex\/wp-json\/wp\/v2\/comments?post=601"}],"wp:featuredmedia":[{"embeddable":true,"href":"https:\/\/click.ma\/soraflex\/wp-json\/wp\/v2\/media\/603"}],"wp:attachment":[{"href":"https:\/\/click.ma\/soraflex\/wp-json\/wp\/v2\/media?parent=601"}],"wp:term":[{"taxonomy":"product_brand","embeddable":true,"href":"https:\/\/click.ma\/soraflex\/wp-json\/wp\/v2\/product_brand?post=601"},{"taxonomy":"product_cat","embeddable":true,"href":"https:\/\/click.ma\/soraflex\/wp-json\/wp\/v2\/product_cat?post=601"},{"taxonomy":"product_tag","embeddable":true,"href":"https:\/\/click.ma\/soraflex\/wp-json\/wp\/v2\/product_tag?post=601"}],"curies":[{"name":"wp","href":"https:\/\/api.w.org\/{rel}","templated":true}]}}