{"id":598,"date":"2025-11-23T08:48:03","date_gmt":"2025-11-23T08:48:03","guid":{"rendered":"https:\/\/click.ma\/soraflex\/?post_type=product&#038;p=598"},"modified":"2025-11-23T08:48:03","modified_gmt":"2025-11-23T08:48:03","slug":"tuyaux-dechappement","status":"publish","type":"product","link":"https:\/\/click.ma\/soraflex\/p\/tuyaux-dechappement\/","title":{"rendered":"Tuyaux d\u2019\u00c9chappement"},"content":{"rendered":"<p data-start=\"429\" data-end=\"793\">Ce tube d\u2019\u00e9chappement est r\u00e9alis\u00e9 en <strong data-start=\"466\" data-end=\"513\">bande d\u2019acier galvanis\u00e9 enroul\u00e9e polygonale<\/strong>, avec verrouillage et pas interm\u00e9diaire, garantissant flexibilit\u00e9, solidit\u00e9 et durabilit\u00e9. Sa construction en acier galvanis\u00e9 assure une excellente protection contre la corrosion et une r\u00e9sistance optimale aux vibrations, aux temp\u00e9ratures \u00e9lev\u00e9es et aux environnements exigeants.<\/p>\n<p data-start=\"795\" data-end=\"1169\">Gr\u00e2ce \u00e0 sa conception en profil polygonal interlock\u00e9, il est adapt\u00e9 pour le transport ou l\u2019\u00e9vacuation de <strong data-start=\"900\" data-end=\"947\">fum\u00e9es, air chaud, vapeur et gaz techniques<\/strong>. Sa large plage de temp\u00e9rature, allant de <strong data-start=\"990\" data-end=\"1008\">\u201350\u00b0C \u00e0 +250\u00b0C<\/strong>, en fait un choix id\u00e9al pour les syst\u00e8mes d\u2019\u00e9chappement industriels, la ventilation d\u2019air chaud, les machines, groupes \u00e9lectrog\u00e8nes ou installations thermiques.<\/p>\n<p data-start=\"1171\" data-end=\"1318\">Robuste, fiable et polyvalent, ce tube est con\u00e7u pour garantir des performances constantes dans les applications industrielles les plus exigeantes.<\/p>\n<p data-start=\"1325\" data-end=\"1361\"><strong data-start=\"1330\" data-end=\"1361\">CARACT\u00c9RISTIQUES TECHNIQUES<\/strong><\/p>\n<ul data-start=\"1362\" data-end=\"1800\">\n<li data-start=\"1362\" data-end=\"1406\">\n<p data-start=\"1364\" data-end=\"1406\"><strong data-start=\"1364\" data-end=\"1388\">Mat\u00e9riau int\u00e9rieur :<\/strong> acier galvanis\u00e9<\/p>\n<\/li>\n<li data-start=\"1407\" data-end=\"1484\">\n<p data-start=\"1409\" data-end=\"1484\"><strong data-start=\"1409\" data-end=\"1424\">Structure :<\/strong> bande polygonale enroul\u00e9e, verrouill\u00e9e, pas interm\u00e9diaire<\/p>\n<\/li>\n<li data-start=\"1485\" data-end=\"1535\">\n<p data-start=\"1487\" data-end=\"1535\"><strong data-start=\"1487\" data-end=\"1518\">Temp\u00e9rature d\u2019utilisation :<\/strong> \u201350\u00b0C \u00e0 +250\u00b0C<\/p>\n<\/li>\n<li data-start=\"1536\" data-end=\"1587\">\n<p data-start=\"1538\" data-end=\"1587\"><strong data-start=\"1538\" data-end=\"1554\">R\u00e9sistance :<\/strong> corrosion, chaleur, vibrations<\/p>\n<\/li>\n<li data-start=\"1588\" data-end=\"1800\">\n<p data-start=\"1590\" data-end=\"1610\"><strong data-start=\"1590\" data-end=\"1608\">Applications :<\/strong><\/p>\n<ul data-start=\"1613\" data-end=\"1800\">\n<li data-start=\"1613\" data-end=\"1646\">\n<p data-start=\"1615\" data-end=\"1646\">\u00c9chappement de fum\u00e9es chaudes<\/p>\n<\/li>\n<li data-start=\"1649\" data-end=\"1670\">\n<p data-start=\"1651\" data-end=\"1670\">Vapeur, air chaud<\/p>\n<\/li>\n<li data-start=\"1673\" data-end=\"1706\">\n<p data-start=\"1675\" data-end=\"1706\">Circulation de gaz techniques<\/p>\n<\/li>\n<li data-start=\"1709\" data-end=\"1769\">\n<p data-start=\"1711\" data-end=\"1769\">Installations thermiques, machines, groupes \u00e9lectrog\u00e8nes<\/p>\n<\/li>\n<li data-start=\"1772\" data-end=\"1800\">\n<p data-start=\"1774\" data-end=\"1800\">Ventilation industrielle<\/p>\n<\/li>\n<\/ul>\n<\/li>\n<\/ul>\n<table width=\"635\">\n<tbody>\n<tr>\n<td width=\"83\">Code<\/td>\n<td width=\"187\">Description<\/td>\n<td width=\"51\">Pouce<\/td>\n<td width=\"156\">Diametre Interieur (mm)<\/td>\n<td width=\"158\">Diametre Exterieur (mm)<\/td>\n<\/tr>\n<tr>\n<td>03.3.01.032<\/td>\n<td>TUYAUX D&rsquo;ECHAPPEMENT 032<\/td>\n<td>1.1\/4&Prime;<\/td>\n<td>32,0<\/td>\n<td>35,0<\/td>\n<\/tr>\n<tr>\n<td>03.3.01.035<\/td>\n<td>TUYAUX D&rsquo;ECHAPPEMENT 035<\/td>\n<td>1.3\/8&Prime;<\/td>\n<td>35,0<\/td>\n<td>38,0<\/td>\n<\/tr>\n<tr>\n<td>03.3.01.040<\/td>\n<td>TUYAUX D&rsquo;ECHAPPEMENT 040<\/td>\n<td>1&Prime;1\/2<\/td>\n<td>40,0<\/td>\n<td>43,5<\/td>\n<\/tr>\n<tr>\n<td>03.3.01.045<\/td>\n<td>TUYAUX D&rsquo;ECHAPPEMENT 045<\/td>\n<td>1.3\/4&Prime;<\/td>\n<td>45,0<\/td>\n<td>48,0<\/td>\n<\/tr>\n<tr>\n<td>03.3.01.050<\/td>\n<td>TUYAUX D&rsquo;ECHAPPEMENT 050<\/td>\n<td>2&Prime;<\/td>\n<td>50,0<\/td>\n<td>54,5<\/td>\n<\/tr>\n<tr>\n<td>03.3.01.055<\/td>\n<td>TUYAUX D&rsquo;ECHAPPEMENT 055<\/td>\n<td>2.3\/16&Prime;<\/td>\n<td>55,0<\/td>\n<td>59,5<\/td>\n<\/tr>\n<tr>\n<td>03.3.01.060<\/td>\n<td>TUYAUX D&rsquo;ECHAPPEMENT 060<\/td>\n<td>2.3\/8&Prime;<\/td>\n<td>60,0<\/td>\n<td>64,5<\/td>\n<\/tr>\n<tr>\n<td>03.3.01.065<\/td>\n<td>TUYAUX D&rsquo;ECHAPPEMENT 065<\/td>\n<td>2.1\/2&Prime;<\/td>\n<td>65,0<\/td>\n<td>69,5<\/td>\n<\/tr>\n<tr>\n<td>03.3.01.070<\/td>\n<td>TUYAUX D&rsquo;ECHAPPEMENT 070<\/td>\n<td>2.3\/4&Prime;<\/td>\n<td>70,0<\/td>\n<td>74,5<\/td>\n<\/tr>\n<tr>\n<td>03.3.01.075<\/td>\n<td>TUYAUX D&rsquo;ECHAPPEMENT 075<\/td>\n<td>3&Prime;<\/td>\n<td>75,0<\/td>\n<td>78,5<\/td>\n<\/tr>\n<tr>\n<td>03.3.01.080<\/td>\n<td>TUYAUX D&rsquo;ECHAPPEMENT 080<\/td>\n<td>3.3\/16&Prime;<\/td>\n<td>80,0<\/td>\n<td>83,5<\/td>\n<\/tr>\n<tr>\n<td>03.3.01.085<\/td>\n<td>TUYAUX D&rsquo;ECHAPPEMENT 085<\/td>\n<td>3.3\/8&Prime;<\/td>\n<td>85,0<\/td>\n<td>89,5<\/td>\n<\/tr>\n<tr>\n<td>03.3.01.090<\/td>\n<td>TUYAUX D&rsquo;ECHAPPEMENT 090<\/td>\n<td>3.5\/8&Prime;<\/td>\n<td>90,0<\/td>\n<td>94,5<\/td>\n<\/tr>\n<tr>\n<td>03.3.01.100<\/td>\n<td>TUYAUX D&rsquo;ECHAPPEMENT 100<\/td>\n<td>4&Prime;<\/td>\n<td>100,0<\/td>\n<td>105,0<\/td>\n<\/tr>\n<tr>\n<td>03.3.01.110<\/td>\n<td>TUYAUX D&rsquo;ECHAPPEMENT 110<\/td>\n<td>4.3\/8&Prime;<\/td>\n<td>110,0<\/td>\n<td>115,0<\/td>\n<\/tr>\n<tr>\n<td>03.3.01.115<\/td>\n<td>TUYAUX D&rsquo;ECHAPPEMENT 115<\/td>\n<td>4.5\/8&Prime;<\/td>\n<td>115,0<\/td>\n<td>120,0<\/td>\n<\/tr>\n<tr>\n<td>03.3.01.120<\/td>\n<td>TUYAUX D&rsquo;ECHAPPEMENT 120<\/td>\n<td>4.3\/4&Prime;<\/td>\n<td>120,0<\/td>\n<td>125,0<\/td>\n<\/tr>\n<tr>\n<td>03.3.01.125<\/td>\n<td>TUYAUX D&rsquo;ECHAPPEMENT 125<\/td>\n<td>5&Prime;<\/td>\n<td>125,0<\/td>\n<td>130,0<\/td>\n<\/tr>\n<tr>\n<td>03.3.01.130<\/td>\n<td>TUYAUX D&rsquo;ECHAPPEMENT 130<\/td>\n<td>5.3\/16&Prime;<\/td>\n<td>130,0<\/td>\n<td>135,0<\/td>\n<\/tr>\n<tr>\n<td>03.3.01.150<\/td>\n<td>TUYAUX D&rsquo;ECHAPPEMENT 150<\/td>\n<td>6&Prime;<\/td>\n<td>150,0<\/td>\n<td>155,0<\/td>\n<\/tr>\n<\/tbody>\n<\/table>\n","protected":false},"excerpt":{"rendered":"<p data-start=\"129\" data-end=\"394\">Tube d\u2019\u00e9chappement flexible en acier galvanis\u00e9, fabriqu\u00e9 en bande polygonale enroul\u00e9e avec pas interm\u00e9diaire. Con\u00e7u pour l\u2019aspiration et l\u2019\u00e9vacuation de fum\u00e9es chaudes, il offre une bonne r\u00e9sistance m\u00e9canique et une tol\u00e9rance thermique allant de <strong data-start=\"375\" data-end=\"393\">\u201350\u00b0C \u00e0 +250\u00b0C<\/strong>.<\/p>\n","protected":false},"featured_media":599,"comment_status":"open","ping_status":"closed","template":"","meta":[],"product_brand":[],"product_cat":[65],"product_tag":[],"class_list":{"0":"post-598","1":"product","2":"type-product","3":"status-publish","4":"has-post-thumbnail","6":"product_cat-tuyaux-air-et-vapeur","8":"first","9":"instock","10":"shipping-taxable","11":"product-type-simple"},"_links":{"self":[{"href":"https:\/\/click.ma\/soraflex\/wp-json\/wp\/v2\/product\/598","targetHints":{"allow":["GET"]}}],"collection":[{"href":"https:\/\/click.ma\/soraflex\/wp-json\/wp\/v2\/product"}],"about":[{"href":"https:\/\/click.ma\/soraflex\/wp-json\/wp\/v2\/types\/product"}],"replies":[{"embeddable":true,"href":"https:\/\/click.ma\/soraflex\/wp-json\/wp\/v2\/comments?post=598"}],"wp:featuredmedia":[{"embeddable":true,"href":"https:\/\/click.ma\/soraflex\/wp-json\/wp\/v2\/media\/599"}],"wp:attachment":[{"href":"https:\/\/click.ma\/soraflex\/wp-json\/wp\/v2\/media?parent=598"}],"wp:term":[{"taxonomy":"product_brand","embeddable":true,"href":"https:\/\/click.ma\/soraflex\/wp-json\/wp\/v2\/product_brand?post=598"},{"taxonomy":"product_cat","embeddable":true,"href":"https:\/\/click.ma\/soraflex\/wp-json\/wp\/v2\/product_cat?post=598"},{"taxonomy":"product_tag","embeddable":true,"href":"https:\/\/click.ma\/soraflex\/wp-json\/wp\/v2\/product_tag?post=598"}],"curies":[{"name":"wp","href":"https:\/\/api.w.org\/{rel}","templated":true}]}}