{"id":593,"date":"2025-11-22T15:39:13","date_gmt":"2025-11-22T15:39:13","guid":{"rendered":"https:\/\/click.ma\/soraflex\/?post_type=product&#038;p=593"},"modified":"2025-11-22T15:39:13","modified_gmt":"2025-11-22T15:39:13","slug":"jonction-femelle-sans-verrou-aluminium","status":"publish","type":"product","link":"https:\/\/click.ma\/soraflex\/p\/jonction-femelle-sans-verrou-aluminium\/","title":{"rendered":"Jonction Femelle Sans Verrou &#8211; Aluminium"},"content":{"rendered":"<p data-start=\"433\" data-end=\"743\">Le demi-raccord sans verrou \u00e0 douille filet\u00e9e femelle en aluminium est con\u00e7u pour permettre une connexion rapide et fiable entre un flexible et un \u00e9quipement filet\u00e9. D\u00e9pourvu de verrouillage m\u00e9canique, il offre une manipulation plus simple tout en assurant une \u00e9tanch\u00e9it\u00e9 efficace pour les circuits de fluides.<\/p>\n<p data-start=\"745\" data-end=\"1103\">Sa douille filet\u00e9e femelle garantit une compatibilit\u00e9 avec un large \u00e9ventail d\u2019accessoires, de vannes et de machines. L\u2019aluminium utilis\u00e9 offre une excellente r\u00e9sistance \u00e0 la corrosion, une grande l\u00e9g\u00e8ret\u00e9 et une durabilit\u00e9 accrue, le rendant id\u00e9al pour les milieux exigeants tels que l\u2019industrie, l\u2019agriculture, les syst\u00e8mes de pompage ou les r\u00e9seaux d\u2019eau.<\/p>\n<p data-start=\"1105\" data-end=\"1295\">Ce raccord est recommand\u00e9 pour le transport d\u2019eau, d\u2019air et de fluides non agressifs, et constitue une solution fiable pour les applications n\u00e9cessitant un assemblage ou un d\u00e9montage rapide.<\/p>\n<p data-start=\"1302\" data-end=\"1338\"><strong data-start=\"1307\" data-end=\"1338\">Caract\u00e9ristiques techniques<\/strong><\/p>\n<ul data-start=\"1339\" data-end=\"1789\">\n<li data-start=\"1339\" data-end=\"1390\">\n<p data-start=\"1341\" data-end=\"1390\"><strong data-start=\"1341\" data-end=\"1355\">Mat\u00e9riau :<\/strong> Aluminium l\u00e9ger et anticorrosion<\/p>\n<\/li>\n<li data-start=\"1391\" data-end=\"1441\">\n<p data-start=\"1393\" data-end=\"1441\"><strong data-start=\"1393\" data-end=\"1414\">Type de raccord :<\/strong> Demi-raccord sans verrou<\/p>\n<\/li>\n<li data-start=\"1442\" data-end=\"1486\">\n<p data-start=\"1444\" data-end=\"1486\"><strong data-start=\"1444\" data-end=\"1458\">Filetage :<\/strong> Femelle (douille filet\u00e9e)<\/p>\n<\/li>\n<li data-start=\"1487\" data-end=\"1534\">\n<p data-start=\"1489\" data-end=\"1534\"><strong data-start=\"1489\" data-end=\"1506\">Application :<\/strong> Eau, air, fluides neutres<\/p>\n<\/li>\n<li data-start=\"1535\" data-end=\"1618\">\n<p data-start=\"1537\" data-end=\"1618\"><strong data-start=\"1537\" data-end=\"1554\">Utilisation :<\/strong> Pompage, irrigation, installations industrielles et agricoles<\/p>\n<\/li>\n<li data-start=\"1619\" data-end=\"1789\">\n<p data-start=\"1621\" data-end=\"1638\"><strong data-start=\"1621\" data-end=\"1636\">Avantages :<\/strong><\/p>\n<ul data-start=\"1641\" data-end=\"1789\">\n<li data-start=\"1641\" data-end=\"1659\">\n<p data-start=\"1643\" data-end=\"1659\">Montage rapide<\/p>\n<\/li>\n<li data-start=\"1662\" data-end=\"1690\">\n<p data-start=\"1664\" data-end=\"1690\">R\u00e9sistant \u00e0 la corrosion<\/p>\n<\/li>\n<li data-start=\"1693\" data-end=\"1707\">\n<p data-start=\"1695\" data-end=\"1707\">Tr\u00e8s l\u00e9ger<\/p>\n<\/li>\n<li data-start=\"1710\" data-end=\"1735\">\n<p data-start=\"1712\" data-end=\"1735\">Bonne tenue m\u00e9canique<\/p>\n<\/li>\n<li data-start=\"1738\" data-end=\"1789\">\n<p data-start=\"1740\" data-end=\"1789\">Compatible avec de nombreux accessoires filet\u00e9s<\/p>\n<\/li>\n<\/ul>\n<\/li>\n<\/ul>\n<table width=\"368\">\n<tbody>\n<tr>\n<td width=\"106\">Code<\/td>\n<td width=\"188\">Description<\/td>\n<td width=\"45\">Pouce<\/td>\n<td width=\"29\">DN<\/td>\n<\/tr>\n<tr>\n<td>11.3.01A.050<\/td>\n<td>A-JONCTION\u00a0 SV\u00a0\u00a0 F\u00a0\u00a0\u00a0 2&Prime;<\/td>\n<td>2&Prime;<\/td>\n<td>50<\/td>\n<\/tr>\n<tr>\n<td>11.3.01A.065<\/td>\n<td>A-JONCTION\u00a0 SV\u00a0\u00a0 F\u00a0\u00a0\u00a0 2&Prime;1\/2<\/td>\n<td>2&Prime;1\/2<\/td>\n<td>65<\/td>\n<\/tr>\n<tr>\n<td>11.3.01A.080<\/td>\n<td>A-JONCTION\u00a0 SV\u00a0\u00a0 F\u00a0\u00a0\u00a0\u00a0 3&Prime;<\/td>\n<td>3&Prime;<\/td>\n<td>80<\/td>\n<\/tr>\n<tr>\n<td>11.3.01A.100<\/td>\n<td>A-JONCTION\u00a0 SV\u00a0\u00a0 F\u00a0\u00a0\u00a0\u00a0 4&Prime;<\/td>\n<td>4&Prime;<\/td>\n<td>100<\/td>\n<\/tr>\n<\/tbody>\n<\/table>\n","protected":false},"excerpt":{"rendered":"<p data-start=\"188\" data-end=\"398\">Demi-raccord femelle en aluminium, sans verrou, avec douille filet\u00e9e pour un raccordement simple et rapide des flexibles sur installations industrielles ou agricoles. L\u00e9ger, robuste et r\u00e9sistant \u00e0 la corrosion.<\/p>\n","protected":false},"featured_media":594,"comment_status":"open","ping_status":"closed","template":"","meta":[],"product_brand":[],"product_cat":[58],"product_tag":[],"class_list":{"0":"post-593","1":"product","2":"type-product","3":"status-publish","4":"has-post-thumbnail","6":"product_cat-raccords-industriels","8":"first","9":"instock","10":"shipping-taxable","11":"product-type-simple"},"_links":{"self":[{"href":"https:\/\/click.ma\/soraflex\/wp-json\/wp\/v2\/product\/593","targetHints":{"allow":["GET"]}}],"collection":[{"href":"https:\/\/click.ma\/soraflex\/wp-json\/wp\/v2\/product"}],"about":[{"href":"https:\/\/click.ma\/soraflex\/wp-json\/wp\/v2\/types\/product"}],"replies":[{"embeddable":true,"href":"https:\/\/click.ma\/soraflex\/wp-json\/wp\/v2\/comments?post=593"}],"wp:featuredmedia":[{"embeddable":true,"href":"https:\/\/click.ma\/soraflex\/wp-json\/wp\/v2\/media\/594"}],"wp:attachment":[{"href":"https:\/\/click.ma\/soraflex\/wp-json\/wp\/v2\/media?parent=593"}],"wp:term":[{"taxonomy":"product_brand","embeddable":true,"href":"https:\/\/click.ma\/soraflex\/wp-json\/wp\/v2\/product_brand?post=593"},{"taxonomy":"product_cat","embeddable":true,"href":"https:\/\/click.ma\/soraflex\/wp-json\/wp\/v2\/product_cat?post=593"},{"taxonomy":"product_tag","embeddable":true,"href":"https:\/\/click.ma\/soraflex\/wp-json\/wp\/v2\/product_tag?post=593"}],"curies":[{"name":"wp","href":"https:\/\/api.w.org\/{rel}","templated":true}]}}