{"id":591,"date":"2025-11-22T15:24:36","date_gmt":"2025-11-22T15:24:36","guid":{"rendered":"https:\/\/click.ma\/soraflex\/?post_type=product&#038;p=591"},"modified":"2025-11-22T15:24:36","modified_gmt":"2025-11-22T15:24:36","slug":"raccord-symetrique-serti-male-aluminium","status":"publish","type":"product","link":"https:\/\/click.ma\/soraflex\/p\/raccord-symetrique-serti-male-aluminium\/","title":{"rendered":"Raccord Sym\u00e9trique Serti Male &#8211; Aluminium"},"content":{"rendered":"<p data-start=\"386\" data-end=\"695\">Le raccord filet\u00e9 m\u00e2le \u00e0 douille h\u00e9lico\u00efdale en aluminium est con\u00e7u pour garantir une connexion m\u00e9canique s\u00fbre entre un flexible et un syst\u00e8me filet\u00e9. La douille h\u00e9lico\u00efdale offre un ancrage renforc\u00e9 sur le tuyau, assurant une excellente tenue face aux vibrations, \u00e0 la pression et aux manipulations r\u00e9p\u00e9t\u00e9es.<\/p>\n<p data-start=\"697\" data-end=\"1061\">Fabriqu\u00e9 en aluminium, ce raccord combine l\u00e9g\u00e8ret\u00e9 et durabilit\u00e9 tout en offrant une tr\u00e8s bonne r\u00e9sistance \u00e0 la corrosion, ce qui le rend id\u00e9al pour une utilisation en milieux industriels, agricoles ou dans les syst\u00e8mes de pompage. Son filetage m\u00e2le permet un raccordement rapide \u00e0 tout \u00e9quipement compatible (vannes, pompes, collecteurs, machines industrielles\u2026).<\/p>\n<p data-start=\"1063\" data-end=\"1248\">Ce produit est recommand\u00e9 pour le transport d\u2019eau, d\u2019air et de fluides neutres, et convient parfaitement aux environnements o\u00f9 la robustesse et la facilit\u00e9 de montage sont essentielles.<\/p>\n<p data-start=\"1255\" data-end=\"1291\"><strong data-start=\"1260\" data-end=\"1291\">Caract\u00e9ristiques techniques<\/strong><\/p>\n<ul data-start=\"1292\" data-end=\"1763\">\n<li data-start=\"1292\" data-end=\"1334\">\n<p data-start=\"1294\" data-end=\"1334\"><strong data-start=\"1294\" data-end=\"1308\">Mat\u00e9riau :<\/strong> Aluminium anticorrosion<\/p>\n<\/li>\n<li data-start=\"1335\" data-end=\"1394\">\n<p data-start=\"1337\" data-end=\"1394\"><strong data-start=\"1337\" data-end=\"1358\">Type de raccord :<\/strong> Filet\u00e9 m\u00e2le + douille h\u00e9lico\u00efdale<\/p>\n<\/li>\n<li data-start=\"1395\" data-end=\"1456\">\n<p data-start=\"1397\" data-end=\"1456\"><strong data-start=\"1397\" data-end=\"1423\">Fixation du flexible :<\/strong> Syst\u00e8me h\u00e9lico\u00efdal haute tenue<\/p>\n<\/li>\n<li data-start=\"1457\" data-end=\"1544\">\n<p data-start=\"1459\" data-end=\"1544\"><strong data-start=\"1459\" data-end=\"1478\">Compatibilit\u00e9 :<\/strong> Pompes, vannes, installations industrielles, machines agricoles<\/p>\n<\/li>\n<li data-start=\"1545\" data-end=\"1593\">\n<p data-start=\"1547\" data-end=\"1593\"><strong data-start=\"1547\" data-end=\"1565\">Applications :<\/strong> Eau, air, fluides neutres<\/p>\n<\/li>\n<li data-start=\"1594\" data-end=\"1763\">\n<p data-start=\"1596\" data-end=\"1613\"><strong data-start=\"1596\" data-end=\"1611\">Avantages :<\/strong><\/p>\n<ul data-start=\"1616\" data-end=\"1763\">\n<li data-start=\"1616\" data-end=\"1630\">\n<p data-start=\"1618\" data-end=\"1630\">Tr\u00e8s l\u00e9ger<\/p>\n<\/li>\n<li data-start=\"1633\" data-end=\"1673\">\n<p data-start=\"1635\" data-end=\"1673\">Excellente r\u00e9sistance \u00e0 la corrosion<\/p>\n<\/li>\n<li data-start=\"1676\" data-end=\"1706\">\n<p data-start=\"1678\" data-end=\"1706\">Montage rapide et s\u00e9curis\u00e9<\/p>\n<\/li>\n<li data-start=\"1709\" data-end=\"1739\">\n<p data-start=\"1711\" data-end=\"1739\">Bonne tenue aux vibrations<\/p>\n<\/li>\n<li data-start=\"1742\" data-end=\"1763\">\n<p data-start=\"1744\" data-end=\"1763\">Durabilit\u00e9 \u00e9lev\u00e9e<\/p>\n<\/li>\n<\/ul>\n<\/li>\n<\/ul>\n<table width=\"368\">\n<tbody>\n<tr>\n<td width=\"83\">Code<\/td>\n<td width=\"191\">Description<\/td>\n<td width=\"45\">Pouce<\/td>\n<td width=\"49\">Douille<\/td>\n<\/tr>\n<tr>\n<td>11.1.01A.038<\/td>\n<td>A-M SYMETRIQUE SERTI\u00a0 1&Prime;1\/2<\/td>\n<td>1&Prime;1\/2<\/td>\n<td>42,8<\/td>\n<\/tr>\n<tr>\n<td>11.1.01A.050<\/td>\n<td>A-M\u00a0 SYMETRIQUE SERTI 2&Prime;<\/td>\n<td>2&Prime;<\/td>\n<td>53<\/td>\n<\/tr>\n<tr>\n<td>11.1.01A.065<\/td>\n<td>A-M\u00a0 SYMETRIQUE SERTI\u00a0 2&Prime;1\/2<\/td>\n<td>2&Prime;1\/2<\/td>\n<td>67,5<\/td>\n<\/tr>\n<tr>\n<td>11.1.01A.080<\/td>\n<td>A-M\u00a0 SYMETRIQUE\u00a0 SERTI 3&Prime;<\/td>\n<td>3&Prime;<\/td>\n<td>83<\/td>\n<\/tr>\n<tr>\n<td>11.1.01A.100<\/td>\n<td>A-M\u00a0 SYMETRIQUE SERTI\u00a0 4&Prime;<\/td>\n<td>4&Prime;<\/td>\n<td>106<\/td>\n<\/tr>\n<\/tbody>\n<\/table>\n","protected":false},"excerpt":{"rendered":"<p data-start=\"176\" data-end=\"351\">Raccord filet\u00e9 m\u00e2le en aluminium avec douille h\u00e9lico\u00efdale, con\u00e7u pour assurer un vissage fiable et une fixation solide du flexible. L\u00e9ger, robuste et r\u00e9sistant \u00e0 la corrosion.<\/p>\n","protected":false},"featured_media":592,"comment_status":"open","ping_status":"closed","template":"","meta":[],"product_brand":[],"product_cat":[58],"product_tag":[],"class_list":{"0":"post-591","1":"product","2":"type-product","3":"status-publish","4":"has-post-thumbnail","6":"product_cat-raccords-industriels","8":"first","9":"instock","10":"shipping-taxable","11":"product-type-simple"},"_links":{"self":[{"href":"https:\/\/click.ma\/soraflex\/wp-json\/wp\/v2\/product\/591","targetHints":{"allow":["GET"]}}],"collection":[{"href":"https:\/\/click.ma\/soraflex\/wp-json\/wp\/v2\/product"}],"about":[{"href":"https:\/\/click.ma\/soraflex\/wp-json\/wp\/v2\/types\/product"}],"replies":[{"embeddable":true,"href":"https:\/\/click.ma\/soraflex\/wp-json\/wp\/v2\/comments?post=591"}],"wp:featuredmedia":[{"embeddable":true,"href":"https:\/\/click.ma\/soraflex\/wp-json\/wp\/v2\/media\/592"}],"wp:attachment":[{"href":"https:\/\/click.ma\/soraflex\/wp-json\/wp\/v2\/media?parent=591"}],"wp:term":[{"taxonomy":"product_brand","embeddable":true,"href":"https:\/\/click.ma\/soraflex\/wp-json\/wp\/v2\/product_brand?post=591"},{"taxonomy":"product_cat","embeddable":true,"href":"https:\/\/click.ma\/soraflex\/wp-json\/wp\/v2\/product_cat?post=591"},{"taxonomy":"product_tag","embeddable":true,"href":"https:\/\/click.ma\/soraflex\/wp-json\/wp\/v2\/product_tag?post=591"}],"curies":[{"name":"wp","href":"https:\/\/api.w.org\/{rel}","templated":true}]}}