{"id":589,"date":"2025-11-22T15:12:44","date_gmt":"2025-11-22T15:12:44","guid":{"rendered":"https:\/\/click.ma\/soraflex\/?post_type=product&#038;p=589"},"modified":"2025-11-22T15:12:44","modified_gmt":"2025-11-22T15:12:44","slug":"demi-raccord-symmetrique-serti-aluminium","status":"publish","type":"product","link":"https:\/\/click.ma\/soraflex\/p\/demi-raccord-symmetrique-serti-aluminium\/","title":{"rendered":"Demi-Raccord Symmetrique Serti &#8211; Aluminium"},"content":{"rendered":"<p data-start=\"349\" data-end=\"666\">Le demi-raccord sym\u00e9trique \u00e0 douille h\u00e9lico\u00efdale en aluminium est con\u00e7u pour offrir une connexion rapide, fiable et universelle entre deux flexibles. Sa conception sym\u00e9trique permet l\u2019interchangeabilit\u00e9 totale entre raccords du m\u00eame diam\u00e8tre, facilitant les op\u00e9rations de montage et de d\u00e9montage, m\u00eame sur le terrain.<\/p>\n<p data-start=\"668\" data-end=\"1038\">La douille h\u00e9lico\u00efdale assure un ancrage solide sur le flexible, garantissant une excellente tenue m\u00e9canique face aux vibrations, aux variations de pression et aux manipulations r\u00e9p\u00e9t\u00e9es.<br data-start=\"855\" data-end=\"858\" \/>Fabriqu\u00e9 en aluminium, ce raccord se distingue par sa l\u00e9g\u00e8ret\u00e9, sa r\u00e9sistance \u00e0 la corrosion et sa durabilit\u00e9, ce qui en fait une solution id\u00e9ale pour les environnements exigeants.<\/p>\n<p data-start=\"1040\" data-end=\"1251\">Ce raccord est utilis\u00e9 pour le transfert d\u2019eau, d\u2019air, de fluides neutres, dans les syst\u00e8mes de pompage, le BTP, l\u2019agriculture et les installations industrielles n\u00e9cessitant des raccordements rapides et fiables.<\/p>\n<p data-start=\"1258\" data-end=\"1294\"><strong data-start=\"1263\" data-end=\"1294\">Caract\u00e9ristiques techniques<\/strong><\/p>\n<ul data-start=\"1295\" data-end=\"1844\">\n<li data-start=\"1295\" data-end=\"1346\">\n<p data-start=\"1297\" data-end=\"1346\"><strong data-start=\"1297\" data-end=\"1311\">Mat\u00e9riau :<\/strong> Aluminium l\u00e9ger et anticorrosion<\/p>\n<\/li>\n<li data-start=\"1347\" data-end=\"1385\">\n<p data-start=\"1349\" data-end=\"1385\"><strong data-start=\"1349\" data-end=\"1359\">Type :<\/strong> Demi-raccord sym\u00e9trique<\/p>\n<\/li>\n<li data-start=\"1386\" data-end=\"1446\">\n<p data-start=\"1388\" data-end=\"1446\"><strong data-start=\"1388\" data-end=\"1401\">Syst\u00e8me :<\/strong> Douille h\u00e9lico\u00efdale pour maintien renforc\u00e9<\/p>\n<\/li>\n<li data-start=\"1447\" data-end=\"1526\">\n<p data-start=\"1449\" data-end=\"1526\"><strong data-start=\"1449\" data-end=\"1464\">Connexion :<\/strong> Sym\u00e9trique \u2014 compatible avec tout raccord de m\u00eame dimension<\/p>\n<\/li>\n<li data-start=\"1527\" data-end=\"1613\">\n<p data-start=\"1529\" data-end=\"1613\"><strong data-start=\"1529\" data-end=\"1547\">Applications :<\/strong> Eau, air, fluides neutres, pompage, BTP, agriculture, industrie<\/p>\n<\/li>\n<li data-start=\"1614\" data-end=\"1774\">\n<p data-start=\"1616\" data-end=\"1633\"><strong data-start=\"1616\" data-end=\"1631\">Avantages :<\/strong><\/p>\n<ul data-start=\"1636\" data-end=\"1774\">\n<li data-start=\"1636\" data-end=\"1681\">\n<p data-start=\"1638\" data-end=\"1681\">Montage rapide et sans outils sp\u00e9cifiques<\/p>\n<\/li>\n<li data-start=\"1684\" data-end=\"1720\">\n<p data-start=\"1686\" data-end=\"1720\">Grande r\u00e9sistance aux vibrations<\/p>\n<\/li>\n<li data-start=\"1723\" data-end=\"1743\">\n<p data-start=\"1725\" data-end=\"1743\">L\u00e9ger et durable<\/p>\n<\/li>\n<li data-start=\"1746\" data-end=\"1774\">\n<p data-start=\"1748\" data-end=\"1774\">R\u00e9sistant \u00e0 la corrosion<\/p>\n<\/li>\n<\/ul>\n<\/li>\n<li data-start=\"1775\" data-end=\"1844\">\n<p data-start=\"1777\" data-end=\"1844\"><strong data-start=\"1777\" data-end=\"1794\">Utilisation :<\/strong> Assemblage de flexibles pour transfert de fluides<\/p>\n<\/li>\n<\/ul>\n<table width=\"374\">\n<tbody>\n<tr>\n<td width=\"86\">Code<\/td>\n<td width=\"194\">Description<\/td>\n<td width=\"45\">Pouce<\/td>\n<td width=\"49\">Douille<\/td>\n<\/tr>\n<tr>\n<td>11.1.02A.050<\/td>\n<td>A-RAC SYMETRIQUE SERTI 2&Prime;<\/td>\n<td>2&Prime;<\/td>\n<td>53<\/td>\n<\/tr>\n<tr>\n<td>11.1.02A.065<\/td>\n<td>A-RAC SYMETRIQUE SERTI 2&Prime;1\/2<\/td>\n<td>2&Prime;1\/2<\/td>\n<td>67,5<\/td>\n<\/tr>\n<tr>\n<td>11.1.02A.080<\/td>\n<td>A-RAC SYMETRIQUE SERTI 3&Prime;<\/td>\n<td>3&Prime;<\/td>\n<td>83<\/td>\n<\/tr>\n<tr>\n<td>11.1.02A.100<\/td>\n<td>A-RAC SYMETRIQUE SERTI\u00a0 4&Prime;<\/td>\n<td>4&Prime;<\/td>\n<td>106<\/td>\n<\/tr>\n<\/tbody>\n<\/table>\n","protected":false},"excerpt":{"rendered":"<p data-start=\"112\" data-end=\"314\">Demi-raccord sym\u00e9trique en aluminium avec douille h\u00e9lico\u00efdale, con\u00e7u pour un montage rapide, s\u00e9curis\u00e9 et durable. L\u00e9ger, r\u00e9sistant \u00e0 la corrosion et id\u00e9al pour les applications industrielles exigeantes.<\/p>\n","protected":false},"featured_media":590,"comment_status":"open","ping_status":"closed","template":"","meta":[],"product_brand":[],"product_cat":[58],"product_tag":[],"class_list":{"0":"post-589","1":"product","2":"type-product","3":"status-publish","4":"has-post-thumbnail","6":"product_cat-raccords-industriels","8":"first","9":"instock","10":"shipping-taxable","11":"product-type-simple"},"_links":{"self":[{"href":"https:\/\/click.ma\/soraflex\/wp-json\/wp\/v2\/product\/589","targetHints":{"allow":["GET"]}}],"collection":[{"href":"https:\/\/click.ma\/soraflex\/wp-json\/wp\/v2\/product"}],"about":[{"href":"https:\/\/click.ma\/soraflex\/wp-json\/wp\/v2\/types\/product"}],"replies":[{"embeddable":true,"href":"https:\/\/click.ma\/soraflex\/wp-json\/wp\/v2\/comments?post=589"}],"wp:featuredmedia":[{"embeddable":true,"href":"https:\/\/click.ma\/soraflex\/wp-json\/wp\/v2\/media\/590"}],"wp:attachment":[{"href":"https:\/\/click.ma\/soraflex\/wp-json\/wp\/v2\/media?parent=589"}],"wp:term":[{"taxonomy":"product_brand","embeddable":true,"href":"https:\/\/click.ma\/soraflex\/wp-json\/wp\/v2\/product_brand?post=589"},{"taxonomy":"product_cat","embeddable":true,"href":"https:\/\/click.ma\/soraflex\/wp-json\/wp\/v2\/product_cat?post=589"},{"taxonomy":"product_tag","embeddable":true,"href":"https:\/\/click.ma\/soraflex\/wp-json\/wp\/v2\/product_tag?post=589"}],"curies":[{"name":"wp","href":"https:\/\/api.w.org\/{rel}","templated":true}]}}