{"id":587,"date":"2025-11-22T15:08:27","date_gmt":"2025-11-22T15:08:27","guid":{"rendered":"https:\/\/click.ma\/soraflex\/?post_type=product&#038;p=587"},"modified":"2025-11-22T15:08:27","modified_gmt":"2025-11-22T15:08:27","slug":"jonction-male-sans-verrou-aluminium","status":"publish","type":"product","link":"https:\/\/click.ma\/soraflex\/p\/jonction-male-sans-verrou-aluminium\/","title":{"rendered":"Jonction Male Sans Verrou &#8211; Aluminium"},"content":{"rendered":"<p data-start=\"442\" data-end=\"825\">Le demi-raccord sans verrou \u00e0 douille filet\u00e9e m\u00e2le est un composant essentiel pour les r\u00e9seaux industriels n\u00e9cessitant des raccordements simples, s\u00fbrs et rapides.<br data-start=\"604\" data-end=\"607\" \/>Sa conception sans verrou assure une manipulation fluide et un assemblage rapide, tandis que sa douille filet\u00e9e m\u00e2le garantit une compatibilit\u00e9 optimale avec une large gamme de flexibles et de syst\u00e8mes de distribution.<\/p>\n<p data-start=\"827\" data-end=\"1168\">Fabriqu\u00e9 en aluminium, il b\u00e9n\u00e9ficie d\u2019une excellente r\u00e9sistance \u00e0 la corrosion, d\u2019une grande durabilit\u00e9 et d\u2019une l\u00e9g\u00e8ret\u00e9 id\u00e9ale pour les applications mobiles ou n\u00e9cessitant des manipulations fr\u00e9quentes.<br data-start=\"1030\" data-end=\"1033\" \/>Ce raccord est particuli\u00e8rement adapt\u00e9 aux installations d\u2019air comprim\u00e9, d\u2019eau, de fluides neutres et \u00e0 divers \u00e9quipements industriels.<\/p>\n<p data-start=\"1175\" data-end=\"1211\"><strong data-start=\"1180\" data-end=\"1211\">Caract\u00e9ristiques techniques<\/strong><\/p>\n<ul data-start=\"1212\" data-end=\"1531\">\n<li data-start=\"1212\" data-end=\"1251\">\n<p data-start=\"1214\" data-end=\"1251\"><strong data-start=\"1214\" data-end=\"1224\">Type :<\/strong> demi-raccord sans verrou<\/p>\n<\/li>\n<li data-start=\"1252\" data-end=\"1292\">\n<p data-start=\"1254\" data-end=\"1292\"><strong data-start=\"1254\" data-end=\"1269\">Connexion :<\/strong> douille filet\u00e9e m\u00e2le<\/p>\n<\/li>\n<li data-start=\"1293\" data-end=\"1320\">\n<p data-start=\"1295\" data-end=\"1320\"><strong data-start=\"1295\" data-end=\"1308\">Mati\u00e8re :<\/strong> aluminium<\/p>\n<\/li>\n<li data-start=\"1321\" data-end=\"1378\">\n<p data-start=\"1323\" data-end=\"1378\"><strong data-start=\"1323\" data-end=\"1335\">Atouts :<\/strong> l\u00e9ger, robuste, r\u00e9sistant \u00e0 la corrosion<\/p>\n<\/li>\n<li data-start=\"1379\" data-end=\"1464\">\n<p data-start=\"1381\" data-end=\"1464\"><strong data-start=\"1381\" data-end=\"1398\">Utilisation :<\/strong> r\u00e9seaux d\u2019air, eau, fluides neutres, applications industrielles<\/p>\n<\/li>\n<li data-start=\"1465\" data-end=\"1531\">\n<p data-start=\"1467\" data-end=\"1531\"><strong data-start=\"1467\" data-end=\"1480\">Montage :<\/strong> rapide et simple, sans m\u00e9canisme de verrouillage<\/p>\n<\/li>\n<\/ul>\n<table width=\"341\">\n<tbody>\n<tr>\n<td width=\"83\">Code<\/td>\n<td width=\"159\">Description<\/td>\n<td width=\"45\">Pouce<\/td>\n<td width=\"54\">DN<\/td>\n<\/tr>\n<tr>\n<td>11.2.01A.038<\/td>\n<td>A-JONCTION SV\u00a0 M 1&Prime;1\/2<\/td>\n<td>1&Prime;1\/2<\/td>\n<td>40<\/td>\n<\/tr>\n<tr>\n<td>11.2.01A.050<\/td>\n<td>A-JONCTION SV\u00a0 M 2&Prime;<\/td>\n<td>2&Prime;<\/td>\n<td>50<\/td>\n<\/tr>\n<tr>\n<td>11.2.01A.065<\/td>\n<td>A-JONCTION SV\u00a0 M 2&Prime;1\/2<\/td>\n<td>2&Prime;1\/2<\/td>\n<td>65<\/td>\n<\/tr>\n<tr>\n<td>11.2.01A.080<\/td>\n<td>A-JONCTION SV\u00a0 M 3&Prime;<\/td>\n<td>3&Prime;<\/td>\n<td>80<\/td>\n<\/tr>\n<tr>\n<td>11.2.01A.100<\/td>\n<td>A-JONCTION SV\u00a0 M 4&Prime;<\/td>\n<td>4&Prime;<\/td>\n<td>100<\/td>\n<\/tr>\n<\/tbody>\n<\/table>\n","protected":false},"excerpt":{"rendered":"<p data-start=\"172\" data-end=\"407\">Demi-raccord sans verrou \u00e0 douille filet\u00e9e m\u00e2le, con\u00e7u pour assurer une connexion rapide et fiable sur les installations d\u2019air, d\u2019eau ou d\u2019huiles. Fabriqu\u00e9 en aluminium, il offre l\u00e9g\u00e8ret\u00e9, r\u00e9sistance et excellente tenue \u00e0 la corrosion.<\/p>\n","protected":false},"featured_media":588,"comment_status":"open","ping_status":"closed","template":"","meta":[],"product_brand":[],"product_cat":[58],"product_tag":[],"class_list":{"0":"post-587","1":"product","2":"type-product","3":"status-publish","4":"has-post-thumbnail","6":"product_cat-raccords-industriels","8":"first","9":"instock","10":"shipping-taxable","11":"product-type-simple"},"_links":{"self":[{"href":"https:\/\/click.ma\/soraflex\/wp-json\/wp\/v2\/product\/587","targetHints":{"allow":["GET"]}}],"collection":[{"href":"https:\/\/click.ma\/soraflex\/wp-json\/wp\/v2\/product"}],"about":[{"href":"https:\/\/click.ma\/soraflex\/wp-json\/wp\/v2\/types\/product"}],"replies":[{"embeddable":true,"href":"https:\/\/click.ma\/soraflex\/wp-json\/wp\/v2\/comments?post=587"}],"wp:featuredmedia":[{"embeddable":true,"href":"https:\/\/click.ma\/soraflex\/wp-json\/wp\/v2\/media\/588"}],"wp:attachment":[{"href":"https:\/\/click.ma\/soraflex\/wp-json\/wp\/v2\/media?parent=587"}],"wp:term":[{"taxonomy":"product_brand","embeddable":true,"href":"https:\/\/click.ma\/soraflex\/wp-json\/wp\/v2\/product_brand?post=587"},{"taxonomy":"product_cat","embeddable":true,"href":"https:\/\/click.ma\/soraflex\/wp-json\/wp\/v2\/product_cat?post=587"},{"taxonomy":"product_tag","embeddable":true,"href":"https:\/\/click.ma\/soraflex\/wp-json\/wp\/v2\/product_tag?post=587"}],"curies":[{"name":"wp","href":"https:\/\/api.w.org\/{rel}","templated":true}]}}