{"id":585,"date":"2025-11-22T14:43:01","date_gmt":"2025-11-22T14:43:01","guid":{"rendered":"https:\/\/click.ma\/soraflex\/?post_type=product&#038;p=585"},"modified":"2025-11-22T14:55:52","modified_gmt":"2025-11-22T14:55:52","slug":"jonction-male-a-verrou-aluminium","status":"publish","type":"product","link":"https:\/\/click.ma\/soraflex\/p\/jonction-male-a-verrou-aluminium\/","title":{"rendered":"Jonction Male A Verrou &#8211; Aluminium"},"content":{"rendered":"<p data-start=\"408\" data-end=\"739\">Ce demi-raccord \u00e0 verrou, fabriqu\u00e9 enti\u00e8rement en <strong data-start=\"458\" data-end=\"471\">aluminium<\/strong>, offre une solution de connexion rapide, fiable et durable pour tous types d\u2019installations. Gr\u00e2ce \u00e0 son syst\u00e8me de verrouillage s\u00e9curis\u00e9, il permet un accouplement simple et efficace, garantissant une excellente \u00e9tanch\u00e9it\u00e9 m\u00eame en conditions d\u2019utilisation intensives.<\/p>\n<p data-start=\"741\" data-end=\"1098\">L\u2019aluminium conf\u00e8re au raccord une grande l\u00e9g\u00e8ret\u00e9 tout en assurant une r\u00e9sistance m\u00e9canique \u00e9lev\u00e9e et une tr\u00e8s bonne tenue \u00e0 la corrosion. Son filetage m\u00e2le permet une compatibilit\u00e9 avec de nombreux \u00e9quipements, facilitant l\u2019int\u00e9gration dans les circuits d\u2019eau, d\u2019air comprim\u00e9, de fluides industriels ou dans les applications agricoles et de pulv\u00e9risation.<\/p>\n<p data-start=\"1100\" data-end=\"1247\">Id\u00e9al pour les professionnels qui recherchent un raccord solide, durable et facile \u00e0 manipuler dans leurs syst\u00e8mes de distribution ou d\u2019aspiration.<\/p>\n<p data-start=\"1080\" data-end=\"1116\"><strong data-start=\"1085\" data-end=\"1116\">Caract\u00e9ristiques techniques:<\/strong><\/p>\n<ul data-start=\"1117\" data-end=\"1457\">\n<li data-start=\"1117\" data-end=\"1144\">\n<p data-start=\"1119\" data-end=\"1144\"><strong data-start=\"1119\" data-end=\"1132\">Mati\u00e8re :<\/strong> Aluminium<\/p>\n<\/li>\n<li data-start=\"1145\" data-end=\"1184\">\n<p data-start=\"1147\" data-end=\"1184\"><strong data-start=\"1147\" data-end=\"1157\">Type :<\/strong> Demi-raccord sans verrou<\/p>\n<\/li>\n<li data-start=\"1185\" data-end=\"1228\">\n<p data-start=\"1187\" data-end=\"1228\"><strong data-start=\"1187\" data-end=\"1205\">Raccordement :<\/strong> Douille filet\u00e9e m\u00e2le<\/p>\n<\/li>\n<li data-start=\"1229\" data-end=\"1283\">\n<p data-start=\"1231\" data-end=\"1283\"><strong data-start=\"1231\" data-end=\"1242\">Usage :<\/strong> Air comprim\u00e9, eau, fluides industriels<\/p>\n<\/li>\n<li data-start=\"1284\" data-end=\"1372\">\n<p data-start=\"1286\" data-end=\"1372\"><strong data-start=\"1286\" data-end=\"1301\">Avantages :<\/strong> L\u00e9ger, robuste, installation rapide, haute r\u00e9sistance \u00e0 la corrosion<\/p>\n<\/li>\n<li data-start=\"1373\" data-end=\"1457\">\n<p data-start=\"1375\" data-end=\"1457\"><strong data-start=\"1375\" data-end=\"1394\">Compatibilit\u00e9 :<\/strong> S\u2019adapte \u00e0 la plupart des syst\u00e8mes de raccordement standards<\/p>\n<\/li>\n<\/ul>\n<table width=\"349\">\n<tbody>\n<tr>\n<td width=\"83\">Code<\/td>\n<td width=\"192\">Description<\/td>\n<td width=\"45\">Pouce<\/td>\n<td width=\"29\">DN<\/td>\n<\/tr>\n<tr>\n<td>11.2.02A.038<\/td>\n<td>A-JONCTION\u00a0 A\/V\u00a0 M\u00a0 1&Prime;1\/2<\/td>\n<td>1&Prime;1\/2<\/td>\n<td>40<\/td>\n<\/tr>\n<tr>\n<td>11.2.02A.050<\/td>\n<td>A-JONCTION\u00a0 A\/V\u00a0 M\u00a0\u00a0\u00a0\u00a0 2&Prime;<\/td>\n<td>2&Prime;<\/td>\n<td>50<\/td>\n<\/tr>\n<tr>\n<td>11.2.02A.065<\/td>\n<td>A-JONCTION\u00a0 A\/V\u00a0 M\u00a0\u00a0\u00a0\u00a0 2&Prime;1\/2<\/td>\n<td>2&Prime;1\/2<\/td>\n<td>65<\/td>\n<\/tr>\n<tr>\n<td>11.2.02A.080<\/td>\n<td>A-JONCTION\u00a0 A\/V\u00a0 M\u00a0\u00a0\u00a0\u00a0 3&Prime;<\/td>\n<td>3&Prime;<\/td>\n<td>100<\/td>\n<\/tr>\n<tr>\n<td>11.2.02A.100<\/td>\n<td>A-JONCTION\u00a0 A\/V\u00a0 M\u00a0\u00a0\u00a0\u00a0 4&Prime;<\/td>\n<td>4&Prime;<\/td>\n<td>100<\/td>\n<\/tr>\n<\/tbody>\n<\/table>\n","protected":false},"excerpt":{"rendered":"<p>Demi-raccord \u00e0 verrou en aluminium avec douille filet\u00e9e m\u00e2le. L\u00e9ger, robuste et r\u00e9sistant \u00e0 la corrosion, il assure un raccordement rapide et parfaitement \u00e9tanche pour les installations industrielles, agricoles et de transfert de fluides.<\/p>\n","protected":false},"featured_media":586,"comment_status":"open","ping_status":"closed","template":"","meta":[],"product_brand":[],"product_cat":[58],"product_tag":[],"class_list":{"0":"post-585","1":"product","2":"type-product","3":"status-publish","4":"has-post-thumbnail","6":"product_cat-raccords-industriels","8":"first","9":"instock","10":"shipping-taxable","11":"product-type-simple"},"_links":{"self":[{"href":"https:\/\/click.ma\/soraflex\/wp-json\/wp\/v2\/product\/585","targetHints":{"allow":["GET"]}}],"collection":[{"href":"https:\/\/click.ma\/soraflex\/wp-json\/wp\/v2\/product"}],"about":[{"href":"https:\/\/click.ma\/soraflex\/wp-json\/wp\/v2\/types\/product"}],"replies":[{"embeddable":true,"href":"https:\/\/click.ma\/soraflex\/wp-json\/wp\/v2\/comments?post=585"}],"wp:featuredmedia":[{"embeddable":true,"href":"https:\/\/click.ma\/soraflex\/wp-json\/wp\/v2\/media\/586"}],"wp:attachment":[{"href":"https:\/\/click.ma\/soraflex\/wp-json\/wp\/v2\/media?parent=585"}],"wp:term":[{"taxonomy":"product_brand","embeddable":true,"href":"https:\/\/click.ma\/soraflex\/wp-json\/wp\/v2\/product_brand?post=585"},{"taxonomy":"product_cat","embeddable":true,"href":"https:\/\/click.ma\/soraflex\/wp-json\/wp\/v2\/product_cat?post=585"},{"taxonomy":"product_tag","embeddable":true,"href":"https:\/\/click.ma\/soraflex\/wp-json\/wp\/v2\/product_tag?post=585"}],"curies":[{"name":"wp","href":"https:\/\/api.w.org\/{rel}","templated":true}]}}