{"id":545,"date":"2025-11-13T17:23:10","date_gmt":"2025-11-13T17:23:10","guid":{"rendered":"https:\/\/click.ma\/soraflex\/?post_type=product&#038;p=545"},"modified":"2025-11-13T17:23:10","modified_gmt":"2025-11-13T17:23:10","slug":"tuyau-air-20b","status":"publish","type":"product","link":"https:\/\/click.ma\/soraflex\/p\/tuyau-air-20b\/","title":{"rendered":"Tuyau AIR 20B"},"content":{"rendered":"<p>Tuyau flexible en PVC renforc\u00e9 par une tresse textile en polyester et une couche interm\u00e9diaire adh\u00e9sive en polyur\u00e9thane (PU), offrant une excellente coh\u00e9sion et une grande r\u00e9sistance \u00e0 la pression. Con\u00e7u pour la pulv\u00e9risation sous pression d\u2019insecticides, de pesticides et de liquides divers, il assure fiabilit\u00e9, flexibilit\u00e9 et durabilit\u00e9. Sa conception multicouche garantit une tenue parfaite jusqu\u2019\u00e0 20 bar, tout en restant l\u00e9g\u00e8re et maniable.<br data-start=\"666\" data-end=\"669\" \/>Id\u00e9al pour les applications agricoles, industrielles et de jardinage n\u00e9cessitant une alimentation fluide r\u00e9guli\u00e8re sous haute pression.<\/p>\n<p data-start=\"997\" data-end=\"1035\">Caract\u00e9ristiques techniques :<\/p>\n<ul data-start=\"1036\" data-end=\"1601\">\n<li data-start=\"1036\" data-end=\"1073\">\n<p data-start=\"1038\" data-end=\"1073\">Mat\u00e9riau du tube : PVC souple<\/p>\n<\/li>\n<li data-start=\"1074\" data-end=\"1137\">\n<p data-start=\"1076\" data-end=\"1137\">Renforcement : Tresse en polyester haute r\u00e9sistance<\/p>\n<\/li>\n<li data-start=\"1138\" data-end=\"1219\">\n<p data-start=\"1140\" data-end=\"1219\">Couche interm\u00e9diaire : Polyur\u00e9thane (PU) adh\u00e9sive pour meilleure coh\u00e9sion<\/p>\n<\/li>\n<li data-start=\"1220\" data-end=\"1268\">\n<p data-start=\"1222\" data-end=\"1268\">Pression de service : Jusqu\u2019\u00e0 20 bar<\/p>\n<\/li>\n<li data-start=\"1269\" data-end=\"1358\">\n<p data-start=\"1271\" data-end=\"1358\">Applications : Pulv\u00e9risation sous pression d\u2019insecticides, pesticides et liquides<\/p>\n<\/li>\n<li data-start=\"1359\" data-end=\"1436\">\n<p data-start=\"1361\" data-end=\"1436\">Propri\u00e9t\u00e9s : Flexible, l\u00e9ger, r\u00e9sistant \u00e0 la pression et \u00e0 l\u2019abrasion<\/p>\n<\/li>\n<li data-start=\"1437\" data-end=\"1533\">\n<p data-start=\"1439\" data-end=\"1533\">Temp\u00e9rature d\u2019utilisation : &#8211; 5 \u00b0C \u00e0 +60 \u00b0C)<\/p>\n<\/li>\n<\/ul>\n","protected":false},"excerpt":{"rendered":"<p data-start=\"811\" data-end=\"990\">Tuyau PVC renforc\u00e9 20 bar avec tresse polyester et couche PU, con\u00e7u pour la pulv\u00e9risation d\u2019insecticides, de pesticides et de liquides sous pression.<\/p>\n","protected":false},"featured_media":547,"comment_status":"open","ping_status":"closed","template":"","meta":[],"product_brand":[],"product_cat":[65],"product_tag":[],"class_list":{"0":"post-545","1":"product","2":"type-product","3":"status-publish","4":"has-post-thumbnail","6":"product_cat-tuyaux-air-et-vapeur","8":"first","9":"instock","10":"shipping-taxable","11":"product-type-simple"},"_links":{"self":[{"href":"https:\/\/click.ma\/soraflex\/wp-json\/wp\/v2\/product\/545","targetHints":{"allow":["GET"]}}],"collection":[{"href":"https:\/\/click.ma\/soraflex\/wp-json\/wp\/v2\/product"}],"about":[{"href":"https:\/\/click.ma\/soraflex\/wp-json\/wp\/v2\/types\/product"}],"replies":[{"embeddable":true,"href":"https:\/\/click.ma\/soraflex\/wp-json\/wp\/v2\/comments?post=545"}],"wp:featuredmedia":[{"embeddable":true,"href":"https:\/\/click.ma\/soraflex\/wp-json\/wp\/v2\/media\/547"}],"wp:attachment":[{"href":"https:\/\/click.ma\/soraflex\/wp-json\/wp\/v2\/media?parent=545"}],"wp:term":[{"taxonomy":"product_brand","embeddable":true,"href":"https:\/\/click.ma\/soraflex\/wp-json\/wp\/v2\/product_brand?post=545"},{"taxonomy":"product_cat","embeddable":true,"href":"https:\/\/click.ma\/soraflex\/wp-json\/wp\/v2\/product_cat?post=545"},{"taxonomy":"product_tag","embeddable":true,"href":"https:\/\/click.ma\/soraflex\/wp-json\/wp\/v2\/product_tag?post=545"}],"curies":[{"name":"wp","href":"https:\/\/api.w.org\/{rel}","templated":true}]}}