{"id":542,"date":"2025-11-13T16:47:42","date_gmt":"2025-11-13T16:47:42","guid":{"rendered":"https:\/\/click.ma\/soraflex\/?post_type=product&#038;p=542"},"modified":"2025-11-13T16:47:42","modified_gmt":"2025-11-13T16:47:42","slug":"tuyau-transparent-armorvin-hna","status":"publish","type":"product","link":"https:\/\/click.ma\/soraflex\/p\/tuyau-transparent-armorvin-hna\/","title":{"rendered":"Tuyau Transparent Armorvin HNA"},"content":{"rendered":"<p>Tuyau flexible en PVC plastifi\u00e9 renforc\u00e9 par une spirale en acier galvanis\u00e9 int\u00e9gr\u00e9e dans la paroi. Con\u00e7u pour l\u2019aspiration et le refoulement de liquides ainsi que de produits alimentaires liquides, il offre une excellente r\u00e9sistance \u00e0 la pression et au vide. Sa surface int\u00e9rieure lisse garantit un bon d\u00e9bit et emp\u00eache l\u2019accumulation de r\u00e9sidus. Conforme aux r\u00e9glementations EU et FDA, ce tuyau est parfaitement adapt\u00e9 au contact alimentaire. Il reste flexible m\u00eame \u00e0 basse temp\u00e9rature et r\u00e9siste aux intemp\u00e9ries et \u00e0 l\u2019abrasion.<\/p>\n<p data-start=\"1128\" data-end=\"1166\">Caract\u00e9ristiques techniques :<\/p>\n<ul data-start=\"1167\" data-end=\"1706\">\n<li data-start=\"1167\" data-end=\"1234\">\n<p data-start=\"1169\" data-end=\"1234\">Mat\u00e9riau du tube : PVC plastifi\u00e9 lisse, qualit\u00e9 alimentaire<\/p>\n<\/li>\n<li data-start=\"1235\" data-end=\"1293\">\n<p data-start=\"1237\" data-end=\"1293\">Renforcement : Spirale en acier galvanis\u00e9 int\u00e9gr\u00e9e<\/p>\n<\/li>\n<li data-start=\"1294\" data-end=\"1373\">\n<p data-start=\"1296\" data-end=\"1373\">Propri\u00e9t\u00e9s : Flexible, r\u00e9sistant au vide, \u00e0 la pression et \u00e0 l\u2019abrasion<\/p>\n<\/li>\n<li data-start=\"1374\" data-end=\"1468\">\n<p data-start=\"1376\" data-end=\"1468\">Applications : Aspiration et refoulement de liquides et produits alimentaires liquides<\/p>\n<\/li>\n<li data-start=\"1469\" data-end=\"1545\">\n<p data-start=\"1471\" data-end=\"1545\">Conformit\u00e9 : Contact alimentaire selon r\u00e9glementations EU et FDA<\/p>\n<\/li>\n<li data-start=\"1546\" data-end=\"1599\">\n<p data-start=\"1548\" data-end=\"1599\">Temp\u00e9rature d\u2019utilisation : de -5 \u00b0C \u00e0 +65 \u00b0C<\/p>\n<\/li>\n<li data-start=\"1600\" data-end=\"1629\">\n<p data-start=\"1602\" data-end=\"1629\">Couleur : Transparent<\/p>\n<\/li>\n<\/ul>\n<table width=\"595\">\n<tbody>\n<tr>\n<td width=\"83\">Code<\/td>\n<td width=\"198\">Description<\/td>\n<td width=\"156\">Diametre Interieur (mm)<\/td>\n<td width=\"158\">Diametre Exterieur (mm)<\/td>\n<\/tr>\n<tr>\n<td>04.4.01.010<\/td>\n<td>TY TRANSP ARMORVIN HNA 10<\/td>\n<td>10<\/td>\n<td>16<\/td>\n<\/tr>\n<tr>\n<td>04.4.01.012<\/td>\n<td>TY TRANSP ARMORVIN HNA 12<\/td>\n<td>12<\/td>\n<td>18<\/td>\n<\/tr>\n<tr>\n<td>04.4.01.014<\/td>\n<td>TY TRANSP ARMORVIN HNA 14<\/td>\n<td>14<\/td>\n<td>20<\/td>\n<\/tr>\n<tr>\n<td>04.4.01.016<\/td>\n<td>TY TRANSP ARMORVIN HNA 16<\/td>\n<td>16<\/td>\n<td>22<\/td>\n<\/tr>\n<tr>\n<td>04.4.01.018<\/td>\n<td>TY TRANSP ARMORVIN HNA 18<\/td>\n<td>18<\/td>\n<td>24,5<\/td>\n<\/tr>\n<tr>\n<td>04.4.01.020<\/td>\n<td>TY TRANSP ARMORVIN HNA 20<\/td>\n<td>20<\/td>\n<td>27<\/td>\n<\/tr>\n<tr>\n<td>04.4.01.022<\/td>\n<td>TY TRANSP ARMORVIN HNA 22<\/td>\n<td>22<\/td>\n<td>29<\/td>\n<\/tr>\n<tr>\n<td>04.4.01.025<\/td>\n<td>TY TRANSP ARMORVIN HNA 25<\/td>\n<td>25<\/td>\n<td>33<\/td>\n<\/tr>\n<tr>\n<td>04.4.01.030<\/td>\n<td>TY TRANSP ARMORVIN HNA 30<\/td>\n<td>30<\/td>\n<td>39<\/td>\n<\/tr>\n<tr>\n<td>04.4.01.032<\/td>\n<td>TY TRANSP ARMORVIN HNA 32<\/td>\n<td>32<\/td>\n<td>41<\/td>\n<\/tr>\n<tr>\n<td>04.4.01.035<\/td>\n<td>TY TRANSP ARMORVIN HNA 35<\/td>\n<td>35<\/td>\n<td>44<\/td>\n<\/tr>\n<tr>\n<td>04.4.01.038<\/td>\n<td>TY TRANSP ARMORVIN HNA 38<\/td>\n<td>38<\/td>\n<td>47<\/td>\n<\/tr>\n<tr>\n<td>04.4.01.040<\/td>\n<td>TY TRANSP ARMORVIN HNA 40<\/td>\n<td>40<\/td>\n<td>49,5<\/td>\n<\/tr>\n<tr>\n<td>04.4.01.045<\/td>\n<td>TY TRANSP ARMORVIN HNA 45<\/td>\n<td>45<\/td>\n<td>55<\/td>\n<\/tr>\n<tr>\n<td>04.4.01.050<\/td>\n<td>TY TRANSP ARMORVIN HNA 50<\/td>\n<td>50<\/td>\n<td>60<\/td>\n<\/tr>\n<tr>\n<td>04.4.01.060<\/td>\n<td>TY TRANSP ARMORVIN HNA 60<\/td>\n<td>60<\/td>\n<td>72<\/td>\n<\/tr>\n<tr>\n<td>04.4.01.063<\/td>\n<td>TY TRANSP ARMORVIN HNA 63<\/td>\n<td>63<\/td>\n<td>75<\/td>\n<\/tr>\n<tr>\n<td>04.4.01.070<\/td>\n<td>TY TRANSP ARMORVIN HNA 70<\/td>\n<td>70<\/td>\n<td>83<\/td>\n<\/tr>\n<tr>\n<td>04.4.01.075<\/td>\n<td>TY TRANSP ARMORVIN HNA 75<\/td>\n<td>75<\/td>\n<td>89<\/td>\n<\/tr>\n<tr>\n<td>04.4.01.080<\/td>\n<td>TY TRANSP ARMORVIN HNA 80<\/td>\n<td>80<\/td>\n<td>94<\/td>\n<\/tr>\n<tr>\n<td>04.4.01.090<\/td>\n<td>TY TRANSP ARMORVIN HNA 90<\/td>\n<td>90<\/td>\n<td>104<\/td>\n<\/tr>\n<tr>\n<td>04.4.01.100<\/td>\n<td>TY TRANSP ARMORVIN HNA 100<\/td>\n<td>100<\/td>\n<td>114<\/td>\n<\/tr>\n<\/tbody>\n<\/table>\n","protected":false},"excerpt":{"rendered":"<p data-start=\"917\" data-end=\"1121\">Tuyau PVC alimentaire renforc\u00e9 par spirale acier galvanis\u00e9, id\u00e9al pour l\u2019aspiration et le refoulement de liquides. Conforme aux normes <strong data-start=\"1082\" data-end=\"1092\">EU\/FDA<\/strong> pour le contact alimentaire.<\/p>\n","protected":false},"featured_media":544,"comment_status":"open","ping_status":"closed","template":"","meta":[],"product_brand":[],"product_cat":[62],"product_tag":[],"class_list":{"0":"post-542","1":"product","2":"type-product","3":"status-publish","4":"has-post-thumbnail","6":"product_cat-tuyaux-alimentaires","8":"first","9":"instock","10":"shipping-taxable","11":"product-type-simple"},"_links":{"self":[{"href":"https:\/\/click.ma\/soraflex\/wp-json\/wp\/v2\/product\/542","targetHints":{"allow":["GET"]}}],"collection":[{"href":"https:\/\/click.ma\/soraflex\/wp-json\/wp\/v2\/product"}],"about":[{"href":"https:\/\/click.ma\/soraflex\/wp-json\/wp\/v2\/types\/product"}],"replies":[{"embeddable":true,"href":"https:\/\/click.ma\/soraflex\/wp-json\/wp\/v2\/comments?post=542"}],"wp:featuredmedia":[{"embeddable":true,"href":"https:\/\/click.ma\/soraflex\/wp-json\/wp\/v2\/media\/544"}],"wp:attachment":[{"href":"https:\/\/click.ma\/soraflex\/wp-json\/wp\/v2\/media?parent=542"}],"wp:term":[{"taxonomy":"product_brand","embeddable":true,"href":"https:\/\/click.ma\/soraflex\/wp-json\/wp\/v2\/product_brand?post=542"},{"taxonomy":"product_cat","embeddable":true,"href":"https:\/\/click.ma\/soraflex\/wp-json\/wp\/v2\/product_cat?post=542"},{"taxonomy":"product_tag","embeddable":true,"href":"https:\/\/click.ma\/soraflex\/wp-json\/wp\/v2\/product_tag?post=542"}],"curies":[{"name":"wp","href":"https:\/\/api.w.org\/{rel}","templated":true}]}}