{"id":539,"date":"2025-11-13T16:20:15","date_gmt":"2025-11-13T16:20:15","guid":{"rendered":"https:\/\/click.ma\/soraflex\/?post_type=product&#038;p=539"},"modified":"2025-11-13T16:20:16","modified_gmt":"2025-11-13T16:20:16","slug":"tuyau-oregon","status":"publish","type":"product","link":"https:\/\/click.ma\/soraflex\/p\/tuyau-oregon\/","title":{"rendered":"Tuyau Oregon"},"content":{"rendered":"<p data-start=\"303\" data-end=\"926\">Le tuyau en PVC avec spirale rigide est con\u00e7u pour l\u2019aspiration et le transport d\u2019air, de fum\u00e9es, de poussi\u00e8res, de copeaux ou de filaments textiles. Fabriqu\u00e9 en PVC souple avec une spirale rigide en PVC, il offre une excellente flexibilit\u00e9, une bonne r\u00e9sistance \u00e0 l\u2019abrasion et un maintien de forme durable. Sa conception autoextinguible, conforme \u00e0 la norme UL 94 V2, garantit une s\u00e9curit\u00e9 accrue dans les environnements industriels. L\u00e9ger et maniable, il est id\u00e9al pour les syst\u00e8mes de ventilation, d\u2019extraction de fum\u00e9es et de d\u00e9poussi\u00e9rage. Temp\u00e9rature d\u2019utilisation : de -10 \u00b0C \u00e0 +60 \u00b0C.<\/p>\n<p data-start=\"303\" data-end=\"926\">Caract\u00e9ristiques techniques :<\/p>\n<ul>\n<li data-start=\"1149\" data-end=\"1186\">\n<p data-start=\"1151\" data-end=\"1186\">Mat\u00e9riau du tube : PVC souple<\/p>\n<\/li>\n<li data-start=\"1187\" data-end=\"1239\">\n<p data-start=\"1189\" data-end=\"1239\">Renforcement : Spirale rigide en PVC int\u00e9gr\u00e9<\/p>\n<\/li>\n<li data-start=\"1240\" data-end=\"1323\">\n<p data-start=\"1242\" data-end=\"1323\">Propri\u00e9t\u00e9s : Flexible, r\u00e9sistant \u00e0 l\u2019abrasion et autoextinguible (UL 94 V2)<\/p>\n<\/li>\n<li data-start=\"1324\" data-end=\"1451\">\n<p data-start=\"1326\" data-end=\"1451\">Application : Aspiration et transport d\u2019air, fum\u00e9es, poussi\u00e8res, copeaux, filaments textiles et syst\u00e8mes de ventilation<\/p>\n<\/li>\n<li data-start=\"1452\" data-end=\"1503\">\n<p data-start=\"1454\" data-end=\"1503\">Temp\u00e9rature d\u2019utilisation : -10 \u00b0C \u00e0 +60 \u00b0C<\/p>\n<\/li>\n<\/ul>\n","protected":false},"excerpt":{"rendered":"<p data-start=\"933\" data-end=\"1103\">Tuyau PVC flexible avec spirale rigide, autoextinguible UL 94 V2, id\u00e9al pour l\u2019aspiration d\u2019air, de fum\u00e9es, de poussi\u00e8res et la ventilation.<\/p>\n","protected":false},"featured_media":540,"comment_status":"open","ping_status":"closed","template":"","meta":[],"product_brand":[],"product_cat":[65],"product_tag":[],"class_list":{"0":"post-539","1":"product","2":"type-product","3":"status-publish","4":"has-post-thumbnail","6":"product_cat-tuyaux-air-et-vapeur","8":"first","9":"instock","10":"shipping-taxable","11":"product-type-simple"},"_links":{"self":[{"href":"https:\/\/click.ma\/soraflex\/wp-json\/wp\/v2\/product\/539","targetHints":{"allow":["GET"]}}],"collection":[{"href":"https:\/\/click.ma\/soraflex\/wp-json\/wp\/v2\/product"}],"about":[{"href":"https:\/\/click.ma\/soraflex\/wp-json\/wp\/v2\/types\/product"}],"replies":[{"embeddable":true,"href":"https:\/\/click.ma\/soraflex\/wp-json\/wp\/v2\/comments?post=539"}],"wp:featuredmedia":[{"embeddable":true,"href":"https:\/\/click.ma\/soraflex\/wp-json\/wp\/v2\/media\/540"}],"wp:attachment":[{"href":"https:\/\/click.ma\/soraflex\/wp-json\/wp\/v2\/media?parent=539"}],"wp:term":[{"taxonomy":"product_brand","embeddable":true,"href":"https:\/\/click.ma\/soraflex\/wp-json\/wp\/v2\/product_brand?post=539"},{"taxonomy":"product_cat","embeddable":true,"href":"https:\/\/click.ma\/soraflex\/wp-json\/wp\/v2\/product_cat?post=539"},{"taxonomy":"product_tag","embeddable":true,"href":"https:\/\/click.ma\/soraflex\/wp-json\/wp\/v2\/product_tag?post=539"}],"curies":[{"name":"wp","href":"https:\/\/api.w.org\/{rel}","templated":true}]}}