{"id":536,"date":"2025-11-13T15:57:41","date_gmt":"2025-11-13T15:57:41","guid":{"rendered":"https:\/\/click.ma\/soraflex\/?post_type=product&#038;p=536"},"modified":"2025-11-13T15:57:42","modified_gmt":"2025-11-13T15:57:42","slug":"tuyau-termoresistente","status":"publish","type":"product","link":"https:\/\/click.ma\/soraflex\/p\/tuyau-termoresistente\/","title":{"rendered":"Tuyau Termoresistente"},"content":{"rendered":"<p data-start=\"155\" data-end=\"449\">Tuyau fabriqu\u00e9 en textile polyester enduit de PVC, renforc\u00e9 par une spirale en acier galvanis\u00e9 int\u00e9gr\u00e9e entre deux couches de textile. Con\u00e7u pour les applications de climatisation, aspiration de fum\u00e9es et d\u2019air chaud, il offre une bonne flexibilit\u00e9 et une r\u00e9sistance au feu.<\/p>\n<p data-start=\"456\" data-end=\"491\">Caract\u00e9ristiques techniques<\/p>\n<ul data-start=\"492\" data-end=\"739\">\n<li data-start=\"492\" data-end=\"543\">\n<p data-start=\"494\" data-end=\"543\">Structure : textile polyester enduit de PVC<\/p>\n<\/li>\n<li data-start=\"544\" data-end=\"631\">\n<p data-start=\"546\" data-end=\"631\">Renforcement : spirale en acier galvanis\u00e9 ins\u00e9r\u00e9e entre deux couches de textile<\/p>\n<\/li>\n<li data-start=\"632\" data-end=\"682\">\n<p data-start=\"634\" data-end=\"682\">Plage de temp\u00e9rature : de \u20135\u00b0C \u00e0 +80\u00b0C<\/p>\n<\/li>\n<li data-start=\"683\" data-end=\"739\">\n<p data-start=\"685\" data-end=\"739\">Propri\u00e9t\u00e9 : ignifug\u00e9 \/ retardateur de flamme<\/p>\n<\/li>\n<\/ul>\n<table width=\"614\">\n<tbody>\n<tr>\n<td width=\"83\">Code<\/td>\n<td width=\"217\">Description<\/td>\n<td width=\"156\">Diametre Interieur (mm)<\/td>\n<td width=\"158\">Diametre Exterieur (mm)<\/td>\n<\/tr>\n<tr>\n<td>04.1.02.040<\/td>\n<td>TY TERMORESISTENTE KLL\/125 40<\/td>\n<td>41<\/td>\n<td>44<\/td>\n<\/tr>\n<tr>\n<td>04.1.02.050<\/td>\n<td>TY TERMORESISTENTE KLL\/125 50<\/td>\n<td>51<\/td>\n<td>54<\/td>\n<\/tr>\n<tr>\n<td>04.1.02.063<\/td>\n<td>TY TERMORESISTENTE KLL\/125 63<\/td>\n<td>63<\/td>\n<td>66<\/td>\n<\/tr>\n<tr>\n<td>04.1.02.070<\/td>\n<td>TY TERMORESISTENTE KLL\/125 70<\/td>\n<td>70<\/td>\n<td>73<\/td>\n<\/tr>\n<tr>\n<td>04.1.02.076<\/td>\n<td>TY TERMORESISTENTE KLL\/125 76<\/td>\n<td>76<\/td>\n<td>79<\/td>\n<\/tr>\n<tr>\n<td>04.1.02.082<\/td>\n<td>TY TERMORESISTENTE KLL\/125 82<\/td>\n<td>82<\/td>\n<td>85<\/td>\n<\/tr>\n<tr>\n<td>04.1.02.090<\/td>\n<td>TY TERMORESISTENTE KLL\/125 90<\/td>\n<td>89<\/td>\n<td>92<\/td>\n<\/tr>\n<tr>\n<td>04.1.02.102<\/td>\n<td>TY TERMORESISTENTE KLL\/125 102<\/td>\n<td>102<\/td>\n<td>105<\/td>\n<\/tr>\n<tr>\n<td>04.1.02.114<\/td>\n<td>TY TERMORESISTENTE KLL\/125 114<\/td>\n<td>114<\/td>\n<td>117<\/td>\n<\/tr>\n<tr>\n<td>04.1.02.120<\/td>\n<td>TY TERMORESISTENTE KLL\/125 120<\/td>\n<td>121<\/td>\n<td>124<\/td>\n<\/tr>\n<tr>\n<td>04.1.02.127<\/td>\n<td>TY TERMORESISTENTE KLL\/125 127<\/td>\n<td>127<\/td>\n<td>130<\/td>\n<\/tr>\n<tr>\n<td>04.1.02.130<\/td>\n<td>TY TERMORESISTENTE KLL\/125 130<\/td>\n<td>133<\/td>\n<td>136<\/td>\n<\/tr>\n<tr>\n<td>04.1.02.140<\/td>\n<td>TY TERMORESISTENTE KLL\/125 140<\/td>\n<td>140<\/td>\n<td>143<\/td>\n<\/tr>\n<tr>\n<td>04.1.02.152<\/td>\n<td>TY TERMORESISTENTE KLL\/125 152<\/td>\n<td>152<\/td>\n<td>156<\/td>\n<\/tr>\n<tr>\n<td>04.1.02.160<\/td>\n<td>TY TERMORESISTENTE KLL\/125 160<\/td>\n<td>161<\/td>\n<td>165<\/td>\n<\/tr>\n<tr>\n<td>04.1.02.165<\/td>\n<td>TY TERMORESISTENTE KLL\/125 165<\/td>\n<td>165<\/td>\n<td>169<\/td>\n<\/tr>\n<tr>\n<td>04.1.02.178<\/td>\n<td>TY TERMORESISTENTE KLL\/125 178<\/td>\n<td>178<\/td>\n<td>182<\/td>\n<\/tr>\n<tr>\n<td>04.1.02.203<\/td>\n<td>TY TERMORESISTENTE KLL\/125 203<\/td>\n<td>203<\/td>\n<td>207<\/td>\n<\/tr>\n<tr>\n<td>04.1.02.300<\/td>\n<td>TY TERMORESISTENTE KLL\/125 300<\/td>\n<td>304<\/td>\n<td>308<\/td>\n<\/tr>\n<tr>\n<td>04.1.02.400<\/td>\n<td>TY TERMORESISTENTE KLL\/125 400<\/td>\n<td>406<\/td>\n<td>410<\/td>\n<\/tr>\n<\/tbody>\n<\/table>\n<p data-start=\"6529\" data-end=\"6658\">\n","protected":false},"excerpt":{"rendered":"<p data-start=\"6529\" data-end=\"6658\">Tuyau PVC renforc\u00e9 pour aspiration d\u2019air chaud et de fum\u00e9es. L\u00e9ger, flexible et retardateur de flamme.<\/p>\n","protected":false},"featured_media":537,"comment_status":"open","ping_status":"closed","template":"","meta":[],"product_brand":[],"product_cat":[65],"product_tag":[],"class_list":{"0":"post-536","1":"product","2":"type-product","3":"status-publish","4":"has-post-thumbnail","6":"product_cat-tuyaux-air-et-vapeur","8":"first","9":"instock","10":"shipping-taxable","11":"product-type-simple"},"_links":{"self":[{"href":"https:\/\/click.ma\/soraflex\/wp-json\/wp\/v2\/product\/536","targetHints":{"allow":["GET"]}}],"collection":[{"href":"https:\/\/click.ma\/soraflex\/wp-json\/wp\/v2\/product"}],"about":[{"href":"https:\/\/click.ma\/soraflex\/wp-json\/wp\/v2\/types\/product"}],"replies":[{"embeddable":true,"href":"https:\/\/click.ma\/soraflex\/wp-json\/wp\/v2\/comments?post=536"}],"wp:featuredmedia":[{"embeddable":true,"href":"https:\/\/click.ma\/soraflex\/wp-json\/wp\/v2\/media\/537"}],"wp:attachment":[{"href":"https:\/\/click.ma\/soraflex\/wp-json\/wp\/v2\/media?parent=536"}],"wp:term":[{"taxonomy":"product_brand","embeddable":true,"href":"https:\/\/click.ma\/soraflex\/wp-json\/wp\/v2\/product_brand?post=536"},{"taxonomy":"product_cat","embeddable":true,"href":"https:\/\/click.ma\/soraflex\/wp-json\/wp\/v2\/product_cat?post=536"},{"taxonomy":"product_tag","embeddable":true,"href":"https:\/\/click.ma\/soraflex\/wp-json\/wp\/v2\/product_tag?post=536"}],"curies":[{"name":"wp","href":"https:\/\/api.w.org\/{rel}","templated":true}]}}