{"id":471,"date":"2025-10-22T16:28:56","date_gmt":"2025-10-22T16:28:56","guid":{"rendered":"https:\/\/click.ma\/soraflex\/?post_type=product&#038;p=471"},"modified":"2025-10-22T16:28:56","modified_gmt":"2025-10-22T16:28:56","slug":"gaine-anti-feu","status":"publish","type":"product","link":"https:\/\/click.ma\/soraflex\/p\/gaine-anti-feu\/","title":{"rendered":"Gaine Anti-Feu"},"content":{"rendered":"<p data-start=\"387\" data-end=\"716\">Cette <strong data-start=\"393\" data-end=\"411\">gaine isolante<\/strong> est tress\u00e9e en <strong data-start=\"427\" data-end=\"458\">fibre de verre non alcaline<\/strong> et recouverte d\u2019un <strong data-start=\"478\" data-end=\"501\">caoutchouc silicone<\/strong> de haute qualit\u00e9.<br data-start=\"519\" data-end=\"522\" \/>Elle garantit une excellente <strong data-start=\"551\" data-end=\"575\">protection thermique<\/strong>, une <strong data-start=\"581\" data-end=\"601\">isolation fiable<\/strong> et une <strong data-start=\"609\" data-end=\"634\">r\u00e9sistance sup\u00e9rieure<\/strong> aux \u00e9claboussures de m\u00e9tal en fusion, \u00e0 l\u2019huile, \u00e0 l\u2019eau et aux agents chimiques.<\/p>\n<p data-start=\"718\" data-end=\"735\"><strong data-start=\"718\" data-end=\"733\">Structure :<\/strong><\/p>\n<ul data-start=\"736\" data-end=\"835\">\n<li data-start=\"736\" data-end=\"779\">\n<p data-start=\"738\" data-end=\"779\">Tressage en fibre de verre non alcaline<\/p>\n<\/li>\n<li data-start=\"780\" data-end=\"835\">\n<p data-start=\"782\" data-end=\"835\">Rev\u00eatement en caoutchouc silicone haute temp\u00e9rature<\/p>\n<\/li>\n<\/ul>\n<p data-start=\"837\" data-end=\"872\"><strong data-start=\"837\" data-end=\"870\">R\u00e9sistance aux temp\u00e9ratures :<\/strong><\/p>\n<ul data-start=\"873\" data-end=\"1022\">\n<li data-start=\"873\" data-end=\"908\">\n<p data-start=\"875\" data-end=\"908\">En continu : <strong data-start=\"888\" data-end=\"906\">\u201360\u00b0C \u00e0 +260\u00b0C<\/strong><\/p>\n<\/li>\n<li data-start=\"909\" data-end=\"1022\">\n<p data-start=\"911\" data-end=\"924\">En pointe :<\/p>\n<ul data-start=\"927\" data-end=\"1022\">\n<li data-start=\"927\" data-end=\"949\">\n<p data-start=\"929\" data-end=\"949\">30 min \u00e0 <strong data-start=\"938\" data-end=\"947\">800\u00b0C<\/strong><\/p>\n<\/li>\n<li data-start=\"952\" data-end=\"975\">\n<p data-start=\"954\" data-end=\"975\">15 min \u00e0 <strong data-start=\"963\" data-end=\"973\">1100\u00b0C<\/strong><\/p>\n<\/li>\n<li data-start=\"978\" data-end=\"1000\">\n<p data-start=\"980\" data-end=\"1000\">1 min \u00e0 <strong data-start=\"988\" data-end=\"998\">1500\u00b0C<\/strong><\/p>\n<\/li>\n<li data-start=\"1003\" data-end=\"1022\">\n<p data-start=\"1005\" data-end=\"1022\">30 s \u00e0 <strong data-start=\"1012\" data-end=\"1022\">1650\u00b0C<\/strong><\/p>\n<\/li>\n<\/ul>\n<\/li>\n<\/ul>\n<h3 data-start=\"1029\" data-end=\"1056\">\u00a0<strong data-start=\"1036\" data-end=\"1056\">Caract\u00e9ristiques<\/strong><\/h3>\n<ul data-start=\"1057\" data-end=\"1359\">\n<li data-start=\"1057\" data-end=\"1094\">\n<p data-start=\"1059\" data-end=\"1094\">Ignifuge et retardateur de flamme<\/p>\n<\/li>\n<li data-start=\"1095\" data-end=\"1138\">\n<p data-start=\"1097\" data-end=\"1138\">R\u00e9sistante aux tr\u00e8s hautes temp\u00e9ratures<\/p>\n<\/li>\n<li data-start=\"1139\" data-end=\"1185\">\n<p data-start=\"1141\" data-end=\"1185\">Isolation thermique et \u00e9lectrique efficace<\/p>\n<\/li>\n<li data-start=\"1186\" data-end=\"1257\">\n<p data-start=\"1188\" data-end=\"1257\">\u00c9tanche, r\u00e9sistante \u00e0 l\u2019huile, aux acides et aux produits chimiques<\/p>\n<\/li>\n<li data-start=\"1258\" data-end=\"1302\">\n<p data-start=\"1260\" data-end=\"1302\">Flexible, durable et anti-vieillissement<\/p>\n<\/li>\n<li data-start=\"1303\" data-end=\"1359\">\n<p data-start=\"1305\" data-end=\"1359\">Protection contre les projections de m\u00e9tal en fusion<\/p>\n<\/li>\n<\/ul>\n<h3 data-start=\"1366\" data-end=\"1389\"><strong data-start=\"1373\" data-end=\"1389\">Applications<\/strong><\/h3>\n<ul data-start=\"1390\" data-end=\"1671\">\n<li data-start=\"1390\" data-end=\"1448\">\n<p data-start=\"1392\" data-end=\"1448\">Protection de c\u00e2bles, flexibles et tuyaux hydrauliques<\/p>\n<\/li>\n<li data-start=\"1449\" data-end=\"1503\">\n<p data-start=\"1451\" data-end=\"1503\">Conduits d\u2019air comprim\u00e9 et de fluides hydrauliques<\/p>\n<\/li>\n<li data-start=\"1504\" data-end=\"1552\">\n<p data-start=\"1506\" data-end=\"1552\">Industrie sid\u00e9rurgique, fonderies, verreries<\/p>\n<\/li>\n<li data-start=\"1553\" data-end=\"1592\">\n<p data-start=\"1555\" data-end=\"1592\">Industrie chimique et p\u00e9trochimique<\/p>\n<\/li>\n<li data-start=\"1593\" data-end=\"1643\">\n<p data-start=\"1595\" data-end=\"1643\">Construction navale, ferroviaire et automobile<\/p>\n<\/li>\n<li data-start=\"1644\" data-end=\"1671\">\n<p data-start=\"1646\" data-end=\"1671\">A\u00e9ronautique et spatial<\/p>\n<\/li>\n<\/ul>\n<table width=\"573\">\n<tbody>\n<tr>\n<td width=\"83\">Code<\/td>\n<td width=\"181\">Description<\/td>\n<td width=\"163\">Diametre Interieure (mm)<\/td>\n<td width=\"45\">Pouce<\/td>\n<td width=\"101\">Epaisseur (mm)<\/td>\n<\/tr>\n<tr>\n<td>02.5.05.013<\/td>\n<td>GAINE ANTI-FEU\u00a0\u00a0 1200\u00b0C-13<\/td>\n<td>13<\/td>\n<td>1\/2&Prime;<\/td>\n<td>1,9<\/td>\n<\/tr>\n<tr>\n<td>02.5.05.020<\/td>\n<td>GAINE ANTI-FEU\u00a0\u00a0 1200\u00b0C-20<\/td>\n<td>20<\/td>\n<td>3\/4&Prime;<\/td>\n<td>2,4<\/td>\n<\/tr>\n<tr>\n<td>02.5.05.025<\/td>\n<td>GAINE ANTI-FEU\u00a0\u00a0 1200\u00b0C-25<\/td>\n<td>25<\/td>\n<td>1&Prime;<\/td>\n<td>2,6<\/td>\n<\/tr>\n<tr>\n<td>02.5.05.032<\/td>\n<td>GAINE ANTI-FEU\u00a0\u00a0 1200\u00b0C-32<\/td>\n<td>32<\/td>\n<td>1 1\/4&Prime;<\/td>\n<td>3,0<\/td>\n<\/tr>\n<tr>\n<td>02.5.05.040<\/td>\n<td>GAINE ANTI-FEU\u00a0\u00a0 1200\u00b0C-40<\/td>\n<td>40<\/td>\n<td>15\/8&Prime;<\/td>\n<td>3,4<\/td>\n<\/tr>\n<tr>\n<td>02.5.05.045<\/td>\n<td>GAINE ANTI-FEU\u00a0\u00a0 1200\u00b0C-45<\/td>\n<td>45<\/td>\n<td>13\/4&Prime;<\/td>\n<td>3,4<\/td>\n<\/tr>\n<tr>\n<td>02.5.05.050<\/td>\n<td>GAINE ANTI-FEU\u00a0\u00a0 1200\u00b0C-50<\/td>\n<td>50<\/td>\n<td>2&Prime;<\/td>\n<td>3,6<\/td>\n<\/tr>\n<tr>\n<td>02.5.05.055<\/td>\n<td>GAINE ANTI-FEU\u00a0\u00a0 1200\u00b0C-55<\/td>\n<td>55<\/td>\n<td>2 1\/4&Prime;<\/td>\n<td>3,7<\/td>\n<\/tr>\n<tr>\n<td>02.5.05.060<\/td>\n<td>GAINE ANTI-FEU\u00a0\u00a0 1200\u00b0C-60<\/td>\n<td>60<\/td>\n<td>2 3\/8&Prime;<\/td>\n<td>3,8<\/td>\n<\/tr>\n<tr>\n<td>02.5.05.065<\/td>\n<td>GAINE ANTI-FEU\u00a0\u00a0 1200\u00b0C-65<\/td>\n<td>65<\/td>\n<td>2 1\/2&Prime;<\/td>\n<td>3,8<\/td>\n<\/tr>\n<tr>\n<td>02.5.05.075<\/td>\n<td>GAINE ANTI-FEU\u00a0\u00a0 1200\u00b0C-75<\/td>\n<td>75<\/td>\n<td>3&Prime;<\/td>\n<td>4,1<\/td>\n<\/tr>\n<tr>\n<td>02.5.05.100<\/td>\n<td>GAINE ANTI-FEU\u00a0 1200\u00b0C-100<\/td>\n<td>100<\/td>\n<td>4&Prime;<\/td>\n<td>4,6<\/td>\n<\/tr>\n<\/tbody>\n<\/table>\n","protected":false},"excerpt":{"rendered":"<p data-start=\"116\" data-end=\"347\">Gaine en <strong data-start=\"125\" data-end=\"143\">fibre de verre<\/strong> enduite de <strong data-start=\"155\" data-end=\"178\">caoutchouc silicone<\/strong>, r\u00e9sistante au <strong data-start=\"194\" data-end=\"201\">feu<\/strong> et aux <strong data-start=\"209\" data-end=\"232\">hautes temp\u00e9ratures<\/strong>. Elle offre une protection efficace des c\u00e2bles, tuyaux et flexibles dans les environnements industriels exigeants.<\/p>\n","protected":false},"featured_media":472,"comment_status":"open","ping_status":"closed","template":"","meta":[],"product_brand":[],"product_cat":[57],"product_tag":[],"class_list":{"0":"post-471","1":"product","2":"type-product","3":"status-publish","4":"has-post-thumbnail","6":"product_cat-protections-et-accessoires","8":"first","9":"instock","10":"shipping-taxable","11":"product-type-simple"},"_links":{"self":[{"href":"https:\/\/click.ma\/soraflex\/wp-json\/wp\/v2\/product\/471","targetHints":{"allow":["GET"]}}],"collection":[{"href":"https:\/\/click.ma\/soraflex\/wp-json\/wp\/v2\/product"}],"about":[{"href":"https:\/\/click.ma\/soraflex\/wp-json\/wp\/v2\/types\/product"}],"replies":[{"embeddable":true,"href":"https:\/\/click.ma\/soraflex\/wp-json\/wp\/v2\/comments?post=471"}],"wp:featuredmedia":[{"embeddable":true,"href":"https:\/\/click.ma\/soraflex\/wp-json\/wp\/v2\/media\/472"}],"wp:attachment":[{"href":"https:\/\/click.ma\/soraflex\/wp-json\/wp\/v2\/media?parent=471"}],"wp:term":[{"taxonomy":"product_brand","embeddable":true,"href":"https:\/\/click.ma\/soraflex\/wp-json\/wp\/v2\/product_brand?post=471"},{"taxonomy":"product_cat","embeddable":true,"href":"https:\/\/click.ma\/soraflex\/wp-json\/wp\/v2\/product_cat?post=471"},{"taxonomy":"product_tag","embeddable":true,"href":"https:\/\/click.ma\/soraflex\/wp-json\/wp\/v2\/product_tag?post=471"}],"curies":[{"name":"wp","href":"https:\/\/api.w.org\/{rel}","templated":true}]}}