{"id":398,"date":"2025-10-20T17:32:22","date_gmt":"2025-10-20T17:32:22","guid":{"rendered":"https:\/\/click.ma\/soraflex\/?post_type=product&#038;p=398"},"modified":"2025-11-22T15:59:37","modified_gmt":"2025-11-22T15:59:37","slug":"bague-r1","status":"publish","type":"product","link":"https:\/\/click.ma\/soraflex\/p\/bague-r1\/","title":{"rendered":"Bague R1"},"content":{"rendered":"<article class=\"text-token-text-primary w-full focus:outline-none [--shadow-height:45px] has-data-writing-block:pointer-events-none has-data-writing-block:-mt-(--shadow-height) has-data-writing-block:pt-(--shadow-height) [&amp;:has([data-writing-block])&gt;*]:pointer-events-auto scroll-mt-[calc(var(--header-height)+min(200px,max(70px,20svh)))]\" dir=\"auto\" data-turn-id=\"request-68ea241a-7480-8326-adf2-536e90ef79be-1\" data-testid=\"conversation-turn-30\" data-scroll-anchor=\"true\" data-turn=\"assistant\">\n<div class=\"text-base my-auto mx-auto pb-10 [--thread-content-margin:--spacing(4)] thread-sm:[--thread-content-margin:--spacing(6)] thread-lg:[--thread-content-margin:--spacing(16)] px-(--thread-content-margin)\">\n<div class=\"[--thread-content-max-width:40rem] thread-lg:[--thread-content-max-width:48rem] mx-auto max-w-(--thread-content-max-width) flex-1 group\/turn-messages focus-visible:outline-hidden relative flex w-full min-w-0 flex-col agent-turn\">\n<div class=\"flex max-w-full flex-col grow\">\n<div class=\"min-h-8 text-message relative flex w-full flex-col items-end gap-2 text-start break-words whitespace-normal [.text-message+&amp;]:mt-1\" dir=\"auto\" data-message-author-role=\"assistant\" data-message-id=\"a91368a5-470e-498b-a062-ffee555199f3\" data-message-model-slug=\"gpt-5\">\n<div class=\"flex w-full flex-col gap-1 empty:hidden first:pt-[1px]\">\n<div class=\"markdown prose dark:prose-invert w-full break-words light markdown-new-styling\">\n<p data-start=\"235\" data-end=\"446\">La <strong data-start=\"268\" data-end=\"280\">bague R1<\/strong> est fabriqu\u00e9e en <strong data-start=\"298\" data-end=\"315\">acier carbone<\/strong> et b\u00e9n\u00e9ficie d\u2019un <strong data-start=\"334\" data-end=\"376\" data-is-only-node=\"\">rev\u00eatement sans chrome hexavalent (VI)<\/strong>, respectueux de l\u2019environnement et conforme aux exigences <strong data-start=\"435\" data-end=\"443\">RoHS<\/strong>.<\/p>\n<p data-start=\"448\" data-end=\"564\"><strong data-start=\"448\" data-end=\"459\">Mati\u00e8re<\/strong> : acier carbone.<br data-start=\"476\" data-end=\"479\" \/><strong data-start=\"479\" data-end=\"493\">Rev\u00eatement<\/strong> : sans chrome (VI), anticorrosion, conforme RoHS.<br data-start=\"543\" data-end=\"546\" \/><strong data-start=\"546\" data-end=\"560\" data-is-only-node=\"\">Propri\u00e9t\u00e9s<\/strong> :<\/p>\n<ul data-start=\"565\" data-end=\"742\">\n<li data-start=\"565\" data-end=\"600\">\n<p data-start=\"567\" data-end=\"600\">Haute r\u00e9sistance \u00e0 la corrosion<\/p>\n<\/li>\n<li data-start=\"601\" data-end=\"637\">\n<p data-start=\"603\" data-end=\"637\">Excellente solidit\u00e9 et fiabilit\u00e9<\/p>\n<\/li>\n<li data-start=\"638\" data-end=\"673\">\n<p data-start=\"640\" data-end=\"673\">Respectueuse de l\u2019environnement<\/p>\n<\/li>\n<li data-start=\"674\" data-end=\"742\">\n<p data-start=\"676\" data-end=\"742\">Durabilit\u00e9 accrue dans les environnements hydrauliques exigeants<\/p>\n<\/li>\n<\/ul>\n<p data-start=\"744\" data-end=\"881\" data-is-last-node=\"\" data-is-only-node=\"\"><strong data-start=\"744\" data-end=\"760\">Applications<\/strong> : utilis\u00e9e dans les <strong data-start=\"781\" data-end=\"806\">syst\u00e8mes hydrauliques<\/strong> pour assurer une connexion s\u00fbre et durable, m\u00eame en conditions difficiles.<\/p>\n<\/div>\n<\/div>\n<\/div>\n<\/div>\n<div class=\"z-0 flex min-h-[46px] justify-start\">\n<table width=\"476\">\n<tbody>\n<tr>\n<td width=\"83\">Code<\/td>\n<td width=\"182\">Description<\/td>\n<td width=\"45\">DN<\/td>\n<td width=\"83\">Pouce<\/td>\n<td width=\"83\">Diametre (mm)<\/td>\n<\/tr>\n<tr>\n<td>20.1.01.03<\/td>\n<td>BAGUE R1AT S&amp;D 3\/16 DN4<\/td>\n<td>4<\/td>\n<td>3\/16&Prime;<\/td>\n<td>4,8<\/td>\n<\/tr>\n<tr>\n<td>20.1.01.04<\/td>\n<td>BAGUE R1AT S&amp;D 1\/4 DN6<\/td>\n<td>6<\/td>\n<td>1\/4&Prime;<\/td>\n<td>6,3<\/td>\n<\/tr>\n<tr>\n<td>20.1.01.05<\/td>\n<td>BAGUE R1AT S&amp;D 5\/16 DN8<\/td>\n<td>8<\/td>\n<td>5\/16&Prime;<\/td>\n<td>8,0<\/td>\n<\/tr>\n<tr>\n<td>20.1.01.06<\/td>\n<td>BAGUE R1AT S&amp;D 3\/8 DN10<\/td>\n<td>10<\/td>\n<td>3\/8&Prime;<\/td>\n<td>9,5<\/td>\n<\/tr>\n<tr>\n<td>20.1.01.08<\/td>\n<td>BAGUE R1AT S&amp;D &#8211; 1\/2 DN12<\/td>\n<td>12<\/td>\n<td>1\/2&Prime;<\/td>\n<td>12,7<\/td>\n<\/tr>\n<tr>\n<td>20.1.01.10<\/td>\n<td>BAGUE R1AT S&amp;D &#8211; 5\/8 DN16<\/td>\n<td>16<\/td>\n<td>5\/8&Prime;<\/td>\n<td>16<\/td>\n<\/tr>\n<tr>\n<td>20.1.01.12<\/td>\n<td>BAGUE R1AT S&amp;D &#8211; 3\/4 DN20<\/td>\n<td>20<\/td>\n<td>3\/4&Prime;<\/td>\n<td>19<\/td>\n<\/tr>\n<tr>\n<td>20.1.01.16<\/td>\n<td>BAGUE R1AT S&amp;D 1 DN25<\/td>\n<td>25<\/td>\n<td>1&Prime;<\/td>\n<td>25,4<\/td>\n<\/tr>\n<tr>\n<td>20.1.01.20<\/td>\n<td>BAGUE R1AT S&amp;D 1.1\/4 DN32<\/td>\n<td>32<\/td>\n<td>1.1\/4&Prime;<\/td>\n<td>32,0<\/td>\n<\/tr>\n<tr>\n<td>20.1.01.24<\/td>\n<td>BAGUE R1AT S&amp;D 1.1\/2 DN38<\/td>\n<td>38<\/td>\n<td>1.1\/2&Prime;<\/td>\n<td>38,0<\/td>\n<\/tr>\n<tr>\n<td>20.1.01.32<\/td>\n<td>BAGUE R1AT S&amp;D 2 DN50<\/td>\n<td>50<\/td>\n<td>2&Prime;<\/td>\n<td>50,8<\/td>\n<\/tr>\n<\/tbody>\n<\/table>\n<\/div>\n<\/div>\n<\/div>\n<\/article>\n","protected":false},"excerpt":{"rendered":"<p data-start=\"0\" data-end=\"233\">Bague hydraulique <strong data-start=\"45\" data-end=\"51\">R1<\/strong> en acier carbone, dot\u00e9e d\u2019un rev\u00eatement <strong data-start=\"92\" data-end=\"112\">sans chrome (VI)<\/strong> conforme \u00e0 la directive <strong data-start=\"137\" data-end=\"145\" data-is-only-node=\"\">RoHS<\/strong>. Con\u00e7ue pour offrir une excellente r\u00e9sistance \u00e0 la corrosion et une grande fiabilit\u00e9.<\/p>\n<p data-start=\"235\" data-end=\"446\">\n","protected":false},"featured_media":595,"comment_status":"open","ping_status":"closed","template":"","meta":[],"product_brand":[],"product_cat":[54],"product_tag":[],"class_list":{"0":"post-398","1":"product","2":"type-product","3":"status-publish","4":"has-post-thumbnail","6":"product_cat-bagues-hydrauliques","8":"first","9":"instock","10":"shipping-taxable","11":"product-type-simple"},"_links":{"self":[{"href":"https:\/\/click.ma\/soraflex\/wp-json\/wp\/v2\/product\/398","targetHints":{"allow":["GET"]}}],"collection":[{"href":"https:\/\/click.ma\/soraflex\/wp-json\/wp\/v2\/product"}],"about":[{"href":"https:\/\/click.ma\/soraflex\/wp-json\/wp\/v2\/types\/product"}],"replies":[{"embeddable":true,"href":"https:\/\/click.ma\/soraflex\/wp-json\/wp\/v2\/comments?post=398"}],"wp:featuredmedia":[{"embeddable":true,"href":"https:\/\/click.ma\/soraflex\/wp-json\/wp\/v2\/media\/595"}],"wp:attachment":[{"href":"https:\/\/click.ma\/soraflex\/wp-json\/wp\/v2\/media?parent=398"}],"wp:term":[{"taxonomy":"product_brand","embeddable":true,"href":"https:\/\/click.ma\/soraflex\/wp-json\/wp\/v2\/product_brand?post=398"},{"taxonomy":"product_cat","embeddable":true,"href":"https:\/\/click.ma\/soraflex\/wp-json\/wp\/v2\/product_cat?post=398"},{"taxonomy":"product_tag","embeddable":true,"href":"https:\/\/click.ma\/soraflex\/wp-json\/wp\/v2\/product_tag?post=398"}],"curies":[{"name":"wp","href":"https:\/\/api.w.org\/{rel}","templated":true}]}}