{"id":397,"date":"2025-10-20T16:59:22","date_gmt":"2025-10-20T16:59:22","guid":{"rendered":"https:\/\/click.ma\/soraflex\/?post_type=product&#038;p=397"},"modified":"2025-10-20T16:59:22","modified_gmt":"2025-10-20T16:59:22","slug":"gaine-spiral","status":"publish","type":"product","link":"https:\/\/click.ma\/soraflex\/p\/gaine-spiral\/","title":{"rendered":"Gaine Spiral"},"content":{"rendered":"<p data-start=\"191\" data-end=\"459\">La <strong data-start=\"224\" data-end=\"287\">protection spiral\u00e9e pour tuyaux hydrauliques et industriels<\/strong> est fabriqu\u00e9e en <strong data-start=\"305\" data-end=\"342\">poly\u00e9thyl\u00e8ne haute densit\u00e9 (HDPE)<\/strong> de haute qualit\u00e9, con\u00e7ue pour prolonger la dur\u00e9e de vie des flexibles en les prot\u00e9geant contre l\u2019usure pr\u00e9matur\u00e9e.<\/p>\n<p data-start=\"461\" data-end=\"560\"><strong data-start=\"461\" data-end=\"481\">Mati\u00e8re premi\u00e8re<\/strong> : poly\u00e9thyl\u00e8ne haute densit\u00e9 (HDPE) r\u00e9sistant \u00e0 l\u2019abrasion et aux rayons UV.<\/p>\n<p data-start=\"562\" data-end=\"583\"><strong data-start=\"562\" data-end=\"573\">Couleur<\/strong> : noir.<\/p>\n<p data-start=\"585\" data-end=\"635\"><strong data-start=\"585\" data-end=\"609\">Plage de temp\u00e9rature<\/strong> : de <strong data-start=\"615\" data-end=\"632\">-20\u00b0C \u00e0 +95\u00b0C<\/strong>.<\/p>\n<p data-start=\"637\" data-end=\"814\"><strong data-start=\"637\" data-end=\"652\">Application<\/strong> : protection de la couche ext\u00e9rieure des tuyaux hydrauliques et industriels contre l\u2019usure due au frottement, \u00e0 l\u2019abrasion ou aux conditions environnementales.<\/p>\n<p data-start=\"816\" data-end=\"852\"><strong data-start=\"816\" data-end=\"848\">Caract\u00e9ristiques principales<\/strong> :<\/p>\n<ul data-start=\"853\" data-end=\"1041\" data-is-last-node=\"\" data-is-only-node=\"\">\n<li data-start=\"853\" data-end=\"896\">\n<p data-start=\"855\" data-end=\"896\">Haute r\u00e9sistance \u00e0 l\u2019abrasion et aux UV<\/p>\n<\/li>\n<li data-start=\"897\" data-end=\"923\">\n<p data-start=\"899\" data-end=\"923\">Excellente flexibilit\u00e9<\/p>\n<\/li>\n<li data-start=\"924\" data-end=\"975\">\n<p data-start=\"926\" data-end=\"975\">Installation facile sur les flexibles existants<\/p>\n<\/li>\n<li data-start=\"976\" data-end=\"1041\" data-is-last-node=\"\">\n<p data-start=\"978\" data-end=\"1041\" data-is-last-node=\"\">Prolonge la dur\u00e9e de vie des tuyaux hydrauliques et industriels<\/p>\n<\/li>\n<\/ul>\n<table width=\"531\">\n<tbody>\n<tr>\n<td width=\"83\">Code<\/td>\n<td width=\"120\">Description<\/td>\n<td width=\"163\">Diametre Interieure (mm)<\/td>\n<td width=\"165\">Diametre Exterieure (mm)<\/td>\n<\/tr>\n<tr>\n<td>02.5.08.012<\/td>\n<td>GAINE SPIRAL D.12<\/td>\n<td>9,6<\/td>\n<td>12<\/td>\n<\/tr>\n<tr>\n<td>02.5.08.016<\/td>\n<td>GAINE SPIRAL D.16<\/td>\n<td>13,4<\/td>\n<td>16<\/td>\n<\/tr>\n<tr>\n<td>02.5.08.020<\/td>\n<td>GAINE SPIRAL D.20<\/td>\n<td>16<\/td>\n<td>20<\/td>\n<\/tr>\n<tr>\n<td>02.5.08.025<\/td>\n<td>GAINE SPIRAL D.25<\/td>\n<td>20,6<\/td>\n<td>25<\/td>\n<\/tr>\n<tr>\n<td>02.5.08.032<\/td>\n<td>GAINE SPIRAL D.32<\/td>\n<td>27<\/td>\n<td>32<\/td>\n<\/tr>\n<tr>\n<td>02.5.08.040<\/td>\n<td>GAINE SPIRAL D.40<\/td>\n<td>34,6<\/td>\n<td>40<\/td>\n<\/tr>\n<tr>\n<td>02.5.08.050<\/td>\n<td>GAINE SPIRAL D.50<\/td>\n<td>43<\/td>\n<td>50<\/td>\n<\/tr>\n<tr>\n<td>02.5.08.063<\/td>\n<td>GAINE SPIRAL D.63<\/td>\n<td>55,6<\/td>\n<td>63<\/td>\n<\/tr>\n<\/tbody>\n<\/table>\n","protected":false},"excerpt":{"rendered":"<p data-start=\"0\" data-end=\"189\">Protection spiral\u00e9e noire en <strong data-start=\"56\" data-end=\"93\">poly\u00e9thyl\u00e8ne haute densit\u00e9 (HDPE)<\/strong> pour tuyaux hydrauliques et industriels. Excellente r\u00e9sistance \u00e0 l\u2019abrasion et aux rayons UV.<\/p>\n<p data-start=\"191\" data-end=\"459\">\n","protected":false},"featured_media":395,"comment_status":"open","ping_status":"closed","template":"","meta":[],"product_brand":[],"product_cat":[57],"product_tag":[],"class_list":{"0":"post-397","1":"product","2":"type-product","3":"status-publish","4":"has-post-thumbnail","6":"product_cat-protections-et-accessoires","8":"first","9":"instock","10":"shipping-taxable","11":"product-type-simple"},"_links":{"self":[{"href":"https:\/\/click.ma\/soraflex\/wp-json\/wp\/v2\/product\/397","targetHints":{"allow":["GET"]}}],"collection":[{"href":"https:\/\/click.ma\/soraflex\/wp-json\/wp\/v2\/product"}],"about":[{"href":"https:\/\/click.ma\/soraflex\/wp-json\/wp\/v2\/types\/product"}],"replies":[{"embeddable":true,"href":"https:\/\/click.ma\/soraflex\/wp-json\/wp\/v2\/comments?post=397"}],"wp:featuredmedia":[{"embeddable":true,"href":"https:\/\/click.ma\/soraflex\/wp-json\/wp\/v2\/media\/395"}],"wp:attachment":[{"href":"https:\/\/click.ma\/soraflex\/wp-json\/wp\/v2\/media?parent=397"}],"wp:term":[{"taxonomy":"product_brand","embeddable":true,"href":"https:\/\/click.ma\/soraflex\/wp-json\/wp\/v2\/product_brand?post=397"},{"taxonomy":"product_cat","embeddable":true,"href":"https:\/\/click.ma\/soraflex\/wp-json\/wp\/v2\/product_cat?post=397"},{"taxonomy":"product_tag","embeddable":true,"href":"https:\/\/click.ma\/soraflex\/wp-json\/wp\/v2\/product_tag?post=397"}],"curies":[{"name":"wp","href":"https:\/\/api.w.org\/{rel}","templated":true}]}}