{"id":388,"date":"2025-10-15T17:05:15","date_gmt":"2025-10-15T17:05:15","guid":{"rendered":"https:\/\/click.ma\/soraflex\/?post_type=product&#038;p=388"},"modified":"2025-10-15T17:10:31","modified_gmt":"2025-10-15T17:10:31","slug":"tube-hydraulique","status":"publish","type":"product","link":"https:\/\/click.ma\/soraflex\/p\/tube-hydraulique\/","title":{"rendered":"Tube Hydraulique"},"content":{"rendered":"<p data-start=\"215\" data-end=\"455\">Le <strong data-start=\"248\" data-end=\"295\">tube hydraulique sans soudure \u00e9tir\u00e9 \u00e0 froid<\/strong> est fabriqu\u00e9 selon la norme <strong data-start=\"324\" data-end=\"338\">EN 10305-4<\/strong>, en acier <strong data-start=\"349\" data-end=\"359\">E235+N<\/strong>, et destin\u00e9 aux <strong data-start=\"376\" data-end=\"417\">syst\u00e8mes hydrauliques et pneumatiques<\/strong> n\u00e9cessitant fiabilit\u00e9 et pr\u00e9cision.<\/p>\n<ul>\n<li data-start=\"457\" data-end=\"543\"><strong data-start=\"457\" data-end=\"468\">Mati\u00e8re<\/strong> : acier E235+N, normalis\u00e9 en atmosph\u00e8re contr\u00f4l\u00e9e apr\u00e8s \u00e9tirage \u00e0 froid.<\/li>\n<li data-start=\"545\" data-end=\"702\"><strong data-start=\"545\" data-end=\"573\">Processus de fabrication<\/strong> : tube \u00e9tir\u00e9 \u00e0 froid puis normalis\u00e9, offrant une structure \u00e0 grain fin et une excellente d\u00e9formabilit\u00e9 \u00e0 temp\u00e9rature ambiante.<\/li>\n<li data-start=\"704\" data-end=\"774\"><strong data-start=\"704\" data-end=\"730\">Dimensions disponibles<\/strong> : diam\u00e8tre ext\u00e9rieur de <strong data-start=\"755\" data-end=\"771\">6 mm \u00e0 80 mm<\/strong>.<\/li>\n<li data-start=\"776\" data-end=\"817\"><strong data-start=\"776\" data-end=\"797\">\u00c9tat de livraison<\/strong> : normalis\u00e9 (+N).<\/li>\n<li data-start=\"819\" data-end=\"848\"><strong data-start=\"819\" data-end=\"828\">Norme<\/strong> : <strong data-start=\"831\" data-end=\"845\">EN 10305-4<\/strong>.<\/li>\n<li data-start=\"850\" data-end=\"880\"><strong data-start=\"850\" data-end=\"876\">Propri\u00e9t\u00e9s principales<\/strong> :\n<ul>\n<li data-start=\"881\" data-end=\"911\">\n<p data-start=\"883\" data-end=\"911\">Bonne r\u00e9sistance m\u00e9canique<\/p>\n<\/li>\n<li data-start=\"912\" data-end=\"946\">\n<p data-start=\"914\" data-end=\"946\">Haute pr\u00e9cision dimensionnelle<\/p>\n<\/li>\n<li data-start=\"947\" data-end=\"994\">\n<p data-start=\"949\" data-end=\"994\">Surface int\u00e9rieure et ext\u00e9rieure de qualit\u00e9<\/p>\n<\/li>\n<li data-start=\"995\" data-end=\"1050\">\n<p data-start=\"997\" data-end=\"1050\">Excellente aptitude \u00e0 la d\u00e9formation et au cintrage<\/p>\n<\/li>\n<\/ul>\n<\/li>\n<li data-start=\"1052\" data-end=\"1247\"><strong data-start=\"1052\" data-end=\"1068\">Applications<\/strong> : principalement utilis\u00e9 dans les <strong data-start=\"1103\" data-end=\"1144\">syst\u00e8mes hydrauliques et pneumatiques<\/strong> pour le passage de <strong data-start=\"1164\" data-end=\"1189\">fluides sous pression<\/strong> ou de <strong data-start=\"1196\" data-end=\"1213\">gaz comprim\u00e9s<\/strong> dans les \u00e9quipements industriels.<\/li>\n<\/ul>\n<table width=\"740\">\n<tbody>\n<tr>\n<td width=\"83\">Code<\/td>\n<td width=\"376\">Description<\/td>\n<td width=\"139\">Diam\u00e8tre Int\u00e9rieure (mm)<\/td>\n<td width=\"142\">Diam\u00e8tre Ext\u00e9rieure (mm)<\/td>\n<\/tr>\n<tr>\n<td>07.1.01.0204<\/td>\n<td>TUBE HYDRAULIQUE 02X04 \u00e9paisseur 1 mm<\/td>\n<td>2<\/td>\n<td>4<\/td>\n<\/tr>\n<tr>\n<td>07.1.01.0206<\/td>\n<td>TUBE HYDRAULIQUE 02X06 \u00e9paisseur 2 mm<\/td>\n<td>2<\/td>\n<td>6<\/td>\n<\/tr>\n<tr>\n<td>07.1.01.0406<\/td>\n<td>TUBE HYDRAULIQUE 04X06 \u00e9paisseur 1 mm<\/td>\n<td>4<\/td>\n<td>6<\/td>\n<\/tr>\n<tr>\n<td>07.1.01.0508<\/td>\n<td>TUBE HYDRAULIQUE 05X08 \u00e9paisseur 1,5 mm<\/td>\n<td>5<\/td>\n<td>8<\/td>\n<\/tr>\n<tr>\n<td>07.1.01.0608<\/td>\n<td>TUBE HYDRAULIQUE 06X08 \u00e9paisseur 1 mm<\/td>\n<td>6<\/td>\n<td>8<\/td>\n<\/tr>\n<tr>\n<td>07.1.01.0610<\/td>\n<td>TUBE HYDRAULIQUE 06X10 \u00e9paisseur 2 mm<\/td>\n<td>6<\/td>\n<td>10<\/td>\n<\/tr>\n<tr>\n<td>07.1.01.0810<\/td>\n<td>TUBE HYDRAULIQUE 08X10 \u00e9paisseur 1 mm<\/td>\n<td>8<\/td>\n<td>10<\/td>\n<\/tr>\n<tr>\n<td>07.1.01.0812<\/td>\n<td>TUBE HYDRAULIQUE 08X12 \u00e9paisseur 2 mm<\/td>\n<td>8<\/td>\n<td>12<\/td>\n<\/tr>\n<tr>\n<td>07.1.01.0813<\/td>\n<td>TUBE HYDRAULIQUE 7,45X13,25 s\u00e9rie gaz \u00e9paisseur 2,9 mm<\/td>\n<td>7,45<\/td>\n<td>13,25<\/td>\n<\/tr>\n<tr>\n<td>07.1.01.0912<\/td>\n<td>TUBE HYDRAULIQUE 09X12 \u00e9paisseur 1,5 mm<\/td>\n<td>9<\/td>\n<td>12<\/td>\n<\/tr>\n<tr>\n<td>07.1.01.1012<\/td>\n<td>TUBE HYDRAULIQUE 10X12 \u00e9paisseur 1 mm<\/td>\n<td>10<\/td>\n<td>12<\/td>\n<\/tr>\n<tr>\n<td>07.1.01.1014<\/td>\n<td>TUBE HYDRAULIQUE 10X14 \u00e9paisseur 2 mm<\/td>\n<td>10<\/td>\n<td>14<\/td>\n<\/tr>\n<tr>\n<td>07.1.01.1016<\/td>\n<td>TUBE HYDRAULIQUE 10X16 \u00e9paisseur 3 mm<\/td>\n<td>10<\/td>\n<td>16<\/td>\n<\/tr>\n<tr>\n<td>07.1.01.1215<\/td>\n<td>TUBE HYDRAULIQUE 12X15 \u00e9paisseur 1,5 mm<\/td>\n<td>12<\/td>\n<td>15<\/td>\n<\/tr>\n<tr>\n<td>07.1.01.1216<\/td>\n<td>TUBE HYDRAULIQUE 12X16 \u00e9paisseur 2 mm<\/td>\n<td>12<\/td>\n<td>16<\/td>\n<\/tr>\n<tr>\n<td>07.1.01.1217<\/td>\n<td>TUBE HYDRAULIQUE 12,25X16,75 s\u00e9rie gaz \u00e9paisseur 2,25 mm<\/td>\n<td>12,25<\/td>\n<td>16,75<\/td>\n<\/tr>\n<tr>\n<td>07.1.01.1416<\/td>\n<td>TUBE HYDRAULIQUE 14X16 \u00e9paisseur 1 mm<\/td>\n<td>14<\/td>\n<td>16<\/td>\n<\/tr>\n<tr>\n<td>07.1.01.1518<\/td>\n<td>TUBE HYDRAULIQUE 15X18 \u00e9paisseur 1,5 mm<\/td>\n<td>15<\/td>\n<td>18<\/td>\n<\/tr>\n<tr>\n<td>07.1.01.1521<\/td>\n<td>TUBE HYDRAULIQUE 14,8X21,25 s\u00e9rie gaz \u00e9paisseur 3,25 mm<\/td>\n<td>14,8<\/td>\n<td>21,25<\/td>\n<\/tr>\n<tr>\n<td>07.1.01.1618<\/td>\n<td>TUBE HYDRAULIQUE 16X18 \u00e9paisseur 1 mm<\/td>\n<td>16<\/td>\n<td>18<\/td>\n<\/tr>\n<tr>\n<td>07.1.01.1620<\/td>\n<td>TUBE HYDRAULIQUE 16X20 \u00e9paisseur 2 mm<\/td>\n<td>16<\/td>\n<td>20<\/td>\n<\/tr>\n<tr>\n<td>07.1.01.1722<\/td>\n<td>TUBE HYDRAULIQUE 17X22 \u00e9paisseur 2,5 mm<\/td>\n<td>17<\/td>\n<td>22<\/td>\n<\/tr>\n<tr>\n<td>07.1.01.1820<\/td>\n<td>TUBE HYDRAULIQUE 18X20 \u00e9paisseur 1 mm<\/td>\n<td>18<\/td>\n<td>20<\/td>\n<\/tr>\n<tr>\n<td>07.1.01.1822<\/td>\n<td>TUBE HYDRAULIQUE 18X22 \u00e9paisseur 2 mm<\/td>\n<td>18<\/td>\n<td>22<\/td>\n<\/tr>\n<tr>\n<td>07.1.01.2025<\/td>\n<td>TUBE HYDRAULIQUE 20X25 \u00e9paisseur 2,5 mm<\/td>\n<td>20<\/td>\n<td>25<\/td>\n<\/tr>\n<tr>\n<td>07.1.01.2027<\/td>\n<td>TUBE HYDRAULIQUE 20,25X26,75 s\u00e9rie gaz \u00e9paisseur 3,25 mm<\/td>\n<td>20,25<\/td>\n<td>26,75<\/td>\n<\/tr>\n<tr>\n<td>07.1.01.2230<\/td>\n<td>TUBE HYDRAULIQUE 22X30 \u00e9paisseur 4 mm<\/td>\n<td>22<\/td>\n<td>30<\/td>\n<\/tr>\n<tr>\n<td>07.1.01.2428<\/td>\n<td>TUBE HYDRAULIQUE 24X28 \u00e9paisseur 2 mm<\/td>\n<td>24<\/td>\n<td>28<\/td>\n<\/tr>\n<tr>\n<td>07.1.01.2530<\/td>\n<td>TUBE HYDRAULIQUE 25X30 \u00e9paisseur 2,5 mm<\/td>\n<td>25<\/td>\n<td>30<\/td>\n<\/tr>\n<tr>\n<td>07.1.01.2633<\/td>\n<td>TUBE HYDRAULIQUE 27X33,5 s\u00e9rie gaz \u00e9paisseur 3,25 mm<\/td>\n<td>27<\/td>\n<td>33,5<\/td>\n<\/tr>\n<tr>\n<td>07.1.01.3035<\/td>\n<td>TUBE HYDRAULIQUE 30X35 \u00e9paisseur 2,5 mm<\/td>\n<td>30<\/td>\n<td>35<\/td>\n<\/tr>\n<tr>\n<td>07.1.01.3238<\/td>\n<td>TUBE HYDRAULIQUE 32X38 \u00e9paisseur 3 mm<\/td>\n<td>32<\/td>\n<td>38<\/td>\n<\/tr>\n<tr>\n<td>07.1.01.3642<\/td>\n<td>TUBE HYDRAULIQUE 35,75X42,25 s\u00e9rie gaz \u00e9paisseur 3,25 mm<\/td>\n<td>35,75<\/td>\n<td>42,25<\/td>\n<\/tr>\n<tr>\n<td>07.1.01.4049<\/td>\n<td>TUBE HYDRAULIQUE 40,15X48,25 s\u00e9rie gaz \u00e9paisseur 4,05 mm<\/td>\n<td>40,15<\/td>\n<td>48,25<\/td>\n<\/tr>\n<tr>\n<td>07.1.01.5460<\/td>\n<td>TUBE HYDRAULIQUE 54X60 \u00e9paisseur 3 mm<\/td>\n<td>54<\/td>\n<td>60<\/td>\n<\/tr>\n<tr>\n<td>07.1.01.6070<\/td>\n<td>TUBE HYDRAULIQUE 60X70 \u00e9paisseur 5 mm<\/td>\n<td>60<\/td>\n<td>70<\/td>\n<\/tr>\n<tr>\n<td>07.1.01.6075<\/td>\n<td>TUBE HYDRAULIQUE 60X75 \u00e9paisseur 7,5 mm<\/td>\n<td>60<\/td>\n<td>75<\/td>\n<\/tr>\n<\/tbody>\n<\/table>\n","protected":false},"excerpt":{"rendered":"<p data-start=\"0\" data-end=\"213\">Tube sans soudure \u00e0 froid <strong data-start=\"53\" data-end=\"76\">E235+N \u2013 EN 10305-4<\/strong>, id\u00e9al pour les syst\u00e8mes hydrauliques et pneumatiques. Excellente qualit\u00e9 de surface, bonne d\u00e9formabilit\u00e9 et r\u00e9sistance \u00e0 la pression.<\/p>\n<p data-start=\"215\" data-end=\"455\">\n","protected":false},"featured_media":389,"comment_status":"open","ping_status":"closed","template":"","meta":[],"product_brand":[],"product_cat":[45],"product_tag":[],"class_list":{"0":"post-388","1":"product","2":"type-product","3":"status-publish","4":"has-post-thumbnail","6":"product_cat-tube-hydrauliques","8":"first","9":"instock","10":"shipping-taxable","11":"product-type-simple"},"_links":{"self":[{"href":"https:\/\/click.ma\/soraflex\/wp-json\/wp\/v2\/product\/388","targetHints":{"allow":["GET"]}}],"collection":[{"href":"https:\/\/click.ma\/soraflex\/wp-json\/wp\/v2\/product"}],"about":[{"href":"https:\/\/click.ma\/soraflex\/wp-json\/wp\/v2\/types\/product"}],"replies":[{"embeddable":true,"href":"https:\/\/click.ma\/soraflex\/wp-json\/wp\/v2\/comments?post=388"}],"wp:featuredmedia":[{"embeddable":true,"href":"https:\/\/click.ma\/soraflex\/wp-json\/wp\/v2\/media\/389"}],"wp:attachment":[{"href":"https:\/\/click.ma\/soraflex\/wp-json\/wp\/v2\/media?parent=388"}],"wp:term":[{"taxonomy":"product_brand","embeddable":true,"href":"https:\/\/click.ma\/soraflex\/wp-json\/wp\/v2\/product_brand?post=388"},{"taxonomy":"product_cat","embeddable":true,"href":"https:\/\/click.ma\/soraflex\/wp-json\/wp\/v2\/product_cat?post=388"},{"taxonomy":"product_tag","embeddable":true,"href":"https:\/\/click.ma\/soraflex\/wp-json\/wp\/v2\/product_tag?post=388"}],"curies":[{"name":"wp","href":"https:\/\/api.w.org\/{rel}","templated":true}]}}