{"id":386,"date":"2025-10-13T08:48:54","date_gmt":"2025-10-13T08:48:54","guid":{"rendered":"https:\/\/click.ma\/soraflex\/?post_type=product&#038;p=386"},"modified":"2025-10-13T08:56:52","modified_gmt":"2025-10-13T08:56:52","slug":"tuyau-hydraulique-r15","status":"publish","type":"product","link":"https:\/\/click.ma\/soraflex\/p\/tuyau-hydraulique-r15\/","title":{"rendered":"Tuyau Hydraulique R15"},"content":{"rendered":"<p data-start=\"259\" data-end=\"487\">Le tuyau hydraulique <strong data-start=\"310\" data-end=\"335\">SAE 100R15 \/ ISO 3862<\/strong> est con\u00e7u pour des applications \u00e0 <strong data-start=\"370\" data-end=\"393\">tr\u00e8s haute pression<\/strong>, o\u00f9 la <strong data-start=\"401\" data-end=\"416\">performance<\/strong>, la <strong data-start=\"421\" data-end=\"435\">durabilit\u00e9<\/strong> et la <strong data-start=\"442\" data-end=\"466\">r\u00e9sistance m\u00e9canique<\/strong> sont primordiales.<\/p>\n<ul>\n<li data-start=\"489\" data-end=\"583\"><strong data-start=\"489\" data-end=\"507\">Tube int\u00e9rieur<\/strong> : caoutchouc synth\u00e9tique sans soudure, r\u00e9sistant aux huiles hydrauliques.<\/li>\n<li data-start=\"489\" data-end=\"583\"><strong data-start=\"585\" data-end=\"601\">Renforcement<\/strong> : quatre ou six spirales de fils d\u2019acier \u00e0 haute r\u00e9sistance \u00e0 la traction, garantissant une tenue exceptionnelle \u00e0 la pression et une longue dur\u00e9e de vie.<\/li>\n<li data-start=\"489\" data-end=\"583\"><strong data-start=\"760\" data-end=\"780\">Gaine ext\u00e9rieure<\/strong> : caoutchouc synth\u00e9tique noir \u00e0 finition envelopp\u00e9e, formul\u00e9 pour offrir une r\u00e9sistance optimale \u00e0 l\u2019huile, aux intemp\u00e9ries et \u00e0 l\u2019abrasion.<\/li>\n<li data-start=\"489\" data-end=\"583\"><strong data-start=\"925\" data-end=\"948\">Facteur de s\u00e9curit\u00e9<\/strong> : 4:1.<\/li>\n<li data-start=\"489\" data-end=\"583\"><strong data-start=\"959\" data-end=\"980\">Fluide compatible<\/strong> : fluides hydrauliques \u00e0 base de p\u00e9trole.<\/li>\n<li data-start=\"489\" data-end=\"583\"><strong data-start=\"1026\" data-end=\"1052\">Temp\u00e9rature de service<\/strong> :\n<ul>\n<li data-start=\"489\" data-end=\"583\">De -40 \u00b0C \u00e0 +100 \u00b0C (jusqu\u2019\u00e0 +120 \u00b0C en service intermittent)<\/li>\n<li data-start=\"489\" data-end=\"583\">Jusqu\u2019\u00e0 +70 \u00b0C pour les fluides hydrauliques \u00e0 base d\u2019eau<\/li>\n<li data-start=\"489\" data-end=\"583\">Jusqu\u2019\u00e0 +60 \u00b0C pour l\u2019air<\/li>\n<\/ul>\n<\/li>\n<\/ul>\n<ul>\n<li data-start=\"1216\" data-end=\"1422\"><strong data-start=\"1216\" data-end=\"1232\">Applications<\/strong> : id\u00e9al pour les syst\u00e8mes hydrauliques tr\u00e8s haute pression utilis\u00e9s dans les engins lourds, les machines industrielles et les \u00e9quipements de construction n\u00e9cessitant puissance et fiabilit\u00e9.<\/li>\n<\/ul>\n<table width=\"795\">\n<tbody>\n<tr>\n<td width=\"83\">Code<\/td>\n<td width=\"357\">Description<\/td>\n<td width=\"45\">DN<\/td>\n<td width=\"61\">Pouce<\/td>\n<td width=\"83\">Diametre Interieur (mm)<\/td>\n<td width=\"83\">Diametre Exterieur (mm)<\/td>\n<td width=\"83\">Pression (bar)<\/td>\n<\/tr>\n<tr>\n<td>01.1.15.06<\/td>\n<td>TUYAU\u00a0SAE R15 &#8211; DN10 &#8211; 3\/8 &#8211; WP 42 MPA<\/td>\n<td>10<\/td>\n<td>3\/8&Prime;<\/td>\n<td>9,7<\/td>\n<td>22<\/td>\n<td>420<\/td>\n<\/tr>\n<tr>\n<td>01.1.15.12<\/td>\n<td>TUYAU SAE R15 &#8211; DN19 &#8211; 3\/4\u00a0 &#8211; WP 42 MPA<\/td>\n<td>19<\/td>\n<td>3\/4&Prime;<\/td>\n<td>19,2<\/td>\n<td>31,5<\/td>\n<td>420<\/td>\n<\/tr>\n<tr>\n<td>01.1.15.16<\/td>\n<td>TUYAU\u00a0SAE R15 &#8211; DN25 &#8211; 1\u00a0 &#8211; WP 42 MPA<\/td>\n<td>25<\/td>\n<td>1&Prime;<\/td>\n<td>25,6<\/td>\n<td>38,4<\/td>\n<td>420<\/td>\n<\/tr>\n<tr>\n<td>01.1.15.20<\/td>\n<td>TUYAU\u00a0SAE R15 &#8211; DN31 &#8211; 1.1\/4\u00a0 &#8211; WP 42 MPA<\/td>\n<td>31<\/td>\n<td>1.1\/4&Prime;<\/td>\n<td>32,1<\/td>\n<td>50,2<\/td>\n<td>420<\/td>\n<\/tr>\n<tr>\n<td>01.1.15.24<\/td>\n<td>TUYAU SAE R15 &#8211; DN38 &#8211; 1.1\/2\u00a0 &#8211; WP 42 MPA<\/td>\n<td>38<\/td>\n<td>1.1\/2&Prime;<\/td>\n<td>38,3<\/td>\n<td>56,8<\/td>\n<td>420<\/td>\n<\/tr>\n<tr>\n<td>01.1.15.32<\/td>\n<td>TUYAU SAE R15 &#8211; DN51 &#8211; 2 &#8211; WP 42 MPA<\/td>\n<td>51<\/td>\n<td>2&Prime;<\/td>\n<td>51<\/td>\n<td>71,5<\/td>\n<td>420<\/td>\n<\/tr>\n<\/tbody>\n<\/table>\n","protected":false},"excerpt":{"rendered":"<p data-start=\"0\" data-end=\"257\">Tuyau hydraulique tr\u00e8s haute pression conforme aux normes <strong data-start=\"85\" data-end=\"110\">SAE 100R15 \/ ISO 3862<\/strong>, offrant une r\u00e9sistance m\u00e9canique et une flexibilit\u00e9 exceptionnelles. Id\u00e9al pour les syst\u00e8mes hydrauliques puissants et les conditions extr\u00eames.<\/p>\n<p data-start=\"259\" data-end=\"487\">\n<p data-start=\"260\" data-end=\"467\">\n","protected":false},"featured_media":387,"comment_status":"open","ping_status":"closed","template":"","meta":[],"product_brand":[],"product_cat":[44],"product_tag":[],"class_list":{"0":"post-386","1":"product","2":"type-product","3":"status-publish","4":"has-post-thumbnail","6":"product_cat-flexibles-hydrauliques","8":"first","9":"instock","10":"shipping-taxable","11":"product-type-simple"},"_links":{"self":[{"href":"https:\/\/click.ma\/soraflex\/wp-json\/wp\/v2\/product\/386","targetHints":{"allow":["GET"]}}],"collection":[{"href":"https:\/\/click.ma\/soraflex\/wp-json\/wp\/v2\/product"}],"about":[{"href":"https:\/\/click.ma\/soraflex\/wp-json\/wp\/v2\/types\/product"}],"replies":[{"embeddable":true,"href":"https:\/\/click.ma\/soraflex\/wp-json\/wp\/v2\/comments?post=386"}],"wp:featuredmedia":[{"embeddable":true,"href":"https:\/\/click.ma\/soraflex\/wp-json\/wp\/v2\/media\/387"}],"wp:attachment":[{"href":"https:\/\/click.ma\/soraflex\/wp-json\/wp\/v2\/media?parent=386"}],"wp:term":[{"taxonomy":"product_brand","embeddable":true,"href":"https:\/\/click.ma\/soraflex\/wp-json\/wp\/v2\/product_brand?post=386"},{"taxonomy":"product_cat","embeddable":true,"href":"https:\/\/click.ma\/soraflex\/wp-json\/wp\/v2\/product_cat?post=386"},{"taxonomy":"product_tag","embeddable":true,"href":"https:\/\/click.ma\/soraflex\/wp-json\/wp\/v2\/product_tag?post=386"}],"curies":[{"name":"wp","href":"https:\/\/api.w.org\/{rel}","templated":true}]}}