{"id":384,"date":"2025-10-11T10:49:07","date_gmt":"2025-10-11T10:49:07","guid":{"rendered":"https:\/\/click.ma\/soraflex\/?post_type=product&#038;p=384"},"modified":"2025-10-11T10:58:57","modified_gmt":"2025-10-11T10:58:57","slug":"tuyau-hydraulique-r13","status":"publish","type":"product","link":"https:\/\/click.ma\/soraflex\/p\/tuyau-hydraulique-r13\/","title":{"rendered":"Tuyau Hydraulique R13"},"content":{"rendered":"<p data-start=\"260\" data-end=\"467\">Le tuyau hydraulique <strong data-start=\"311\" data-end=\"353\">SAE 100R13 \/ DIN EN 856 R13 \/ ISO 3862<\/strong> est con\u00e7u pour des applications \u00e0 <strong data-start=\"388\" data-end=\"411\">tr\u00e8s haute pression<\/strong>, combinant <strong data-start=\"423\" data-end=\"464\">flexibilit\u00e9, robustesse et durabilit\u00e9<\/strong>.<\/p>\n<ul>\n<li data-start=\"469\" data-end=\"563\"><strong data-start=\"469\" data-end=\"487\">Tube int\u00e9rieur<\/strong> : caoutchouc synth\u00e9tique sans soudure, r\u00e9sistant aux huiles hydrauliques.<\/li>\n<li data-start=\"565\" data-end=\"730\"><strong data-start=\"565\" data-end=\"581\">Renforcement<\/strong> : quatre ou six spirales de fils d\u2019acier \u00e0 haute r\u00e9sistance \u00e0 la traction, assurant une excellente tenue \u00e0 la pression et une performance durable.<\/li>\n<li data-start=\"732\" data-end=\"886\"><strong data-start=\"732\" data-end=\"752\">Gaine ext\u00e9rieure<\/strong> : caoutchouc synth\u00e9tique noir \u00e0 finition envelopp\u00e9e, offrant une protection maximale contre l\u2019huile, les intemp\u00e9ries et l\u2019abrasion.<\/li>\n<li data-start=\"888\" data-end=\"920\"><strong data-start=\"888\" data-end=\"911\">Facteur de s\u00e9curit\u00e9<\/strong> : 4:1.<\/li>\n<li data-start=\"922\" data-end=\"987\"><strong data-start=\"922\" data-end=\"943\">Fluide compatible<\/strong> : fluides hydrauliques \u00e0 base de p\u00e9trole.<\/li>\n<li data-start=\"989\" data-end=\"1019\"><strong data-start=\"989\" data-end=\"1015\">Temp\u00e9rature de service<\/strong> :\n<ul>\n<li data-start=\"1020\" data-end=\"1085\">\n<p data-start=\"1022\" data-end=\"1085\">De -40 \u00b0C \u00e0 +100 \u00b0C (jusqu\u2019\u00e0 +120 \u00b0C en service intermittent)<\/p>\n<\/li>\n<li data-start=\"1086\" data-end=\"1147\">\n<p data-start=\"1088\" data-end=\"1147\">Jusqu\u2019\u00e0 +70 \u00b0C pour les fluides hydrauliques \u00e0 base d\u2019eau<\/p>\n<\/li>\n<li data-start=\"1148\" data-end=\"1177\">\n<p data-start=\"1150\" data-end=\"1177\">Jusqu\u2019\u00e0 +60 \u00b0C pour l\u2019air<\/p>\n<\/li>\n<\/ul>\n<\/li>\n<li data-start=\"1179\" data-end=\"1382\"><strong data-start=\"1179\" data-end=\"1195\">Applications<\/strong> : id\u00e9al pour les syst\u00e8mes hydrauliques tr\u00e8s haute pression dans les secteurs de la construction, de l\u2019agriculture et de l\u2019industrie, o\u00f9 la flexibilit\u00e9 et la r\u00e9sistance sont essentielles.<\/li>\n<\/ul>\n<table width=\"710\">\n<tbody>\n<tr>\n<td width=\"83\">Code<\/td>\n<td width=\"272\">Description<\/td>\n<td width=\"45\">DN<\/td>\n<td width=\"61\">Pouce<\/td>\n<td width=\"83\">Diametre Interieur (mm)<\/td>\n<td width=\"83\">Diametre Exterieur (mm)<\/td>\n<td width=\"83\">Pression (bar)<\/td>\n<\/tr>\n<tr>\n<td>01.1.13.12<\/td>\n<td>TUYAUX\u00a0 SAE R13 &#8211; DN19 &#8211; 3\/4 &#8211; WP42 MPA<\/td>\n<td>19<\/td>\n<td>3\/4&Prime;<\/td>\n<td>19,2<\/td>\n<td>30,8<\/td>\n<td>420<\/td>\n<\/tr>\n<tr>\n<td>01.1.13.16<\/td>\n<td>TUYAUX\u00a0 SAE R13 &#8211; DN25 &#8211; 1 &#8211; WP42 MPA<\/td>\n<td>25<\/td>\n<td>1&Prime;<\/td>\n<td>25,6<\/td>\n<td>37,6<\/td>\n<td>420<\/td>\n<\/tr>\n<tr>\n<td>01.1.13.20<\/td>\n<td>TUYAU\u00a0 SAE R13 &#8211; DN31 &#8211; 1.1\/4 &#8211;\u00a0 WP35 MPA<\/td>\n<td>31<\/td>\n<td>1.1\/4&Prime;<\/td>\n<td>32,1<\/td>\n<td>49,4<\/td>\n<td>350<\/td>\n<\/tr>\n<tr>\n<td>01.1.13.24<\/td>\n<td>TUYAU\u00a0 SAE R13 &#8211; DN38 &#8211; 1.1\/2 &#8211;\u00a0 WP35 MPA<\/td>\n<td>38<\/td>\n<td>1.1\/2&Prime;<\/td>\n<td>38,3<\/td>\n<td>56,9<\/td>\n<td>350<\/td>\n<\/tr>\n<tr>\n<td>01.1.13.32<\/td>\n<td>TUYAU\u00a0 SAE R13 &#8211; DN51 &#8211; 2 &#8211;\u00a0 WP35 MPA<\/td>\n<td>51<\/td>\n<td>2&Prime;<\/td>\n<td>51<\/td>\n<td>70,9<\/td>\n<td>350<\/td>\n<\/tr>\n<\/tbody>\n<\/table>\n","protected":false},"excerpt":{"rendered":"<p data-start=\"0\" data-end=\"258\">Tuyau hydraulique tr\u00e8s haute pression conforme aux normes <strong data-start=\"85\" data-end=\"127\">SAE 100R13 \/ DIN EN 856 R13 \/ ISO 3862<\/strong>, offrant flexibilit\u00e9 et r\u00e9sistance exceptionnelle. Id\u00e9al pour les syst\u00e8mes hydrauliques exigeants et les environnements s\u00e9v\u00e8res.<\/p>\n<p data-start=\"260\" data-end=\"467\">\n","protected":false},"featured_media":385,"comment_status":"open","ping_status":"closed","template":"","meta":[],"product_brand":[],"product_cat":[44],"product_tag":[],"class_list":{"0":"post-384","1":"product","2":"type-product","3":"status-publish","4":"has-post-thumbnail","6":"product_cat-flexibles-hydrauliques","8":"first","9":"instock","10":"shipping-taxable","11":"product-type-simple"},"_links":{"self":[{"href":"https:\/\/click.ma\/soraflex\/wp-json\/wp\/v2\/product\/384","targetHints":{"allow":["GET"]}}],"collection":[{"href":"https:\/\/click.ma\/soraflex\/wp-json\/wp\/v2\/product"}],"about":[{"href":"https:\/\/click.ma\/soraflex\/wp-json\/wp\/v2\/types\/product"}],"replies":[{"embeddable":true,"href":"https:\/\/click.ma\/soraflex\/wp-json\/wp\/v2\/comments?post=384"}],"wp:featuredmedia":[{"embeddable":true,"href":"https:\/\/click.ma\/soraflex\/wp-json\/wp\/v2\/media\/385"}],"wp:attachment":[{"href":"https:\/\/click.ma\/soraflex\/wp-json\/wp\/v2\/media?parent=384"}],"wp:term":[{"taxonomy":"product_brand","embeddable":true,"href":"https:\/\/click.ma\/soraflex\/wp-json\/wp\/v2\/product_brand?post=384"},{"taxonomy":"product_cat","embeddable":true,"href":"https:\/\/click.ma\/soraflex\/wp-json\/wp\/v2\/product_cat?post=384"},{"taxonomy":"product_tag","embeddable":true,"href":"https:\/\/click.ma\/soraflex\/wp-json\/wp\/v2\/product_tag?post=384"}],"curies":[{"name":"wp","href":"https:\/\/api.w.org\/{rel}","templated":true}]}}