{"id":381,"date":"2025-10-11T10:24:14","date_gmt":"2025-10-11T10:24:14","guid":{"rendered":"https:\/\/click.ma\/soraflex\/?post_type=product&#038;p=381"},"modified":"2025-10-11T10:30:12","modified_gmt":"2025-10-11T10:30:12","slug":"tuyau-4sp","status":"publish","type":"product","link":"https:\/\/click.ma\/soraflex\/p\/tuyau-4sp\/","title":{"rendered":"Tuyau 4SP"},"content":{"rendered":"<article class=\"text-token-text-primary w-full focus:outline-none [--shadow-height:45px] has-data-writing-block:pointer-events-none has-data-writing-block:-mt-(--shadow-height) has-data-writing-block:pt-(--shadow-height) [&amp;:has([data-writing-block])&gt;*]:pointer-events-auto scroll-mt-[calc(var(--header-height)+min(200px,max(70px,20svh)))]\" dir=\"auto\" data-turn-id=\"request-WEB:04243757-1a80-48f3-8213-9d03c5bd4e58-8\" data-testid=\"conversation-turn-18\" data-scroll-anchor=\"true\" data-turn=\"assistant\">\n<div class=\"text-base my-auto mx-auto pb-10 [--thread-content-margin:--spacing(4)] thread-sm:[--thread-content-margin:--spacing(6)] thread-lg:[--thread-content-margin:--spacing(16)] px-(--thread-content-margin)\">\n<div class=\"[--thread-content-max-width:40rem] thread-lg:[--thread-content-max-width:48rem] mx-auto max-w-(--thread-content-max-width) flex-1 group\/turn-messages focus-visible:outline-hidden relative flex w-full min-w-0 flex-col agent-turn\">\n<div class=\"flex max-w-full flex-col grow\">\n<div class=\"min-h-8 text-message relative flex w-full flex-col items-end gap-2 text-start break-words whitespace-normal [.text-message+&amp;]:mt-1\" dir=\"auto\" data-message-author-role=\"assistant\" data-message-id=\"923bea7e-feac-40da-844c-459175e53683\" data-message-model-slug=\"gpt-5\">\n<div class=\"flex w-full flex-col gap-1 empty:hidden first:pt-[1px]\">\n<div class=\"markdown prose dark:prose-invert w-full break-words light markdown-new-styling\">\n<p data-start=\"284\" data-end=\"498\">Le tuyau hydraulique <strong data-start=\"335\" data-end=\"364\">DIN EN 856 4SP \/ ISO 3862<\/strong> est con\u00e7u pour des applications \u00e0 <strong data-start=\"399\" data-end=\"422\">tr\u00e8s haute pression<\/strong> n\u00e9cessitant une grande <strong data-start=\"446\" data-end=\"461\">flexibilit\u00e9<\/strong> et une <strong data-start=\"469\" data-end=\"495\">dur\u00e9e de vie prolong\u00e9e<\/strong>.<\/p>\n<ul>\n<li data-start=\"500\" data-end=\"594\"><strong data-start=\"500\" data-end=\"518\">Tube int\u00e9rieur<\/strong> : caoutchouc synth\u00e9tique sans soudure, r\u00e9sistant aux huiles hydrauliques.<\/li>\n<li data-start=\"596\" data-end=\"735\"><strong data-start=\"596\" data-end=\"612\">Renforcement<\/strong> : quatre spirales de fils d\u2019acier \u00e0 haute r\u00e9sistance \u00e0 la traction, garantissant une tenue exceptionnelle \u00e0 la pression.<\/li>\n<li data-start=\"737\" data-end=\"886\"><strong data-start=\"737\" data-end=\"757\">Gaine ext\u00e9rieure<\/strong> : caoutchouc synth\u00e9tique noir \u00e0 finition envelopp\u00e9e, offrant une r\u00e9sistance \u00e9lev\u00e9e \u00e0 l\u2019huile, aux intemp\u00e9ries et \u00e0 l\u2019abrasion.<\/li>\n<li data-start=\"888\" data-end=\"920\"><strong data-start=\"888\" data-end=\"911\">Facteur de s\u00e9curit\u00e9<\/strong> : 4:1.<\/li>\n<li data-start=\"922\" data-end=\"987\"><strong data-start=\"922\" data-end=\"943\">Fluide compatible<\/strong> : fluides hydrauliques \u00e0 base de p\u00e9trole.<\/li>\n<li data-start=\"989\" data-end=\"1019\"><strong data-start=\"989\" data-end=\"1015\">Temp\u00e9rature de service<\/strong> :\n<ul>\n<li data-start=\"1020\" data-end=\"1085\">\n<p data-start=\"1022\" data-end=\"1085\">De -40 \u00b0C \u00e0 +100 \u00b0C (jusqu\u2019\u00e0 +120 \u00b0C en service intermittent)<\/p>\n<\/li>\n<li data-start=\"1086\" data-end=\"1147\">\n<p data-start=\"1088\" data-end=\"1147\">Jusqu\u2019\u00e0 +70 \u00b0C pour les fluides hydrauliques \u00e0 base d\u2019eau<\/p>\n<\/li>\n<li data-start=\"1148\" data-end=\"1177\">\n<p data-start=\"1150\" data-end=\"1177\">Jusqu\u2019\u00e0 +60 \u00b0C pour l\u2019air<\/p>\n<\/li>\n<\/ul>\n<\/li>\n<li data-start=\"1179\" data-end=\"1372\"><strong data-start=\"1179\" data-end=\"1195\">Applications<\/strong> : id\u00e9al pour les syst\u00e8mes hydrauliques tr\u00e8s haute pression utilis\u00e9s dans les \u00e9quipements de construction, agricoles et industriels n\u00e9cessitant puissance, s\u00e9curit\u00e9 et fiabilit\u00e9.<\/li>\n<\/ul>\n<\/div>\n<\/div>\n<\/div>\n<\/div>\n<div class=\"z-0 flex min-h-[46px] justify-start\"><\/div>\n<div class=\"mt-3 w-full empty:hidden\">\n<div class=\"text-center\">\n<table width=\"768\">\n<tbody>\n<tr>\n<td width=\"83\">Code<\/td>\n<td width=\"330\">Description<\/td>\n<td width=\"45\">DN<\/td>\n<td width=\"61\">Pouce<\/td>\n<td width=\"83\">Diametre Interieur (mm)<\/td>\n<td width=\"83\">Diametre Exterieur (mm)<\/td>\n<td width=\"83\">Pression (bar)<\/td>\n<\/tr>\n<tr>\n<td>01.1.09.04<\/td>\n<td>TUYAU\u00a0 4SP \/ SAE 100R15 &#8211; DN6 &#8211; 1\/4\u00a0 &#8211;\u00a0 WP45\u00b0 MPA<\/td>\n<td>6<\/td>\n<td>1\/4&Prime;<\/td>\n<td>6,5<\/td>\n<td>17,4<\/td>\n<td>450<\/td>\n<\/tr>\n<tr>\n<td>01.1.09.06<\/td>\n<td>TUYAU\u00a0 4SP \/ SAE 100R15 &#8211; DN10 &#8211; 3\/8\u00a0 &#8211;\u00a0 WP44.5 MPA<\/td>\n<td>10<\/td>\n<td>3\/8&Prime;<\/td>\n<td>9,6<\/td>\n<td>19,9<\/td>\n<td>445<\/td>\n<\/tr>\n<tr>\n<td>01.1.09.08<\/td>\n<td>TUYAU\u00a0 4SP \/ SAE 100R15 &#8211; DN12 &#8211; 1\/2\u00a0 &#8211;\u00a0 WP41.5 MPA<\/td>\n<td>12<\/td>\n<td>1\/2&Prime;<\/td>\n<td>12,9<\/td>\n<td>22,8<\/td>\n<td>415<\/td>\n<\/tr>\n<tr>\n<td>01.1.09.10<\/td>\n<td>TUYAU\u00a0 4SP \/ SAE 100R15 &#8211; DN16 &#8211; 5\/8\u00a0 &#8211;\u00a0 WP35 MPA<\/td>\n<td>16<\/td>\n<td>5\/8&Prime;<\/td>\n<td>16<\/td>\n<td>26,4<\/td>\n<td>420<\/td>\n<\/tr>\n<\/tbody>\n<\/table>\n<\/div>\n<\/div>\n<\/div>\n<\/div>\n<\/article>\n<div class=\"pointer-events-none h-px w-px\" aria-hidden=\"true\" data-edge=\"true\"><\/div>\n","protected":false},"excerpt":{"rendered":"<p data-start=\"0\" data-end=\"282\">Tuyau hydraulique tr\u00e8s haute pression conforme aux normes <strong data-start=\"85\" data-end=\"114\">DIN EN 856 4SP \/ ISO 3862<\/strong>, offrant une excellente r\u00e9sistance \u00e0 la pression, \u00e0 l\u2019huile et \u00e0 l\u2019abrasion. Id\u00e9al pour les applications hydrauliques intensives n\u00e9cessitant puissance et durabilit\u00e9.<\/p>\n<p data-start=\"284\" data-end=\"498\">\n","protected":false},"featured_media":328,"comment_status":"open","ping_status":"closed","template":"","meta":[],"product_brand":[],"product_cat":[44],"product_tag":[],"class_list":{"0":"post-381","1":"product","2":"type-product","3":"status-publish","4":"has-post-thumbnail","6":"product_cat-flexibles-hydrauliques","8":"first","9":"instock","10":"shipping-taxable","11":"product-type-simple"},"_links":{"self":[{"href":"https:\/\/click.ma\/soraflex\/wp-json\/wp\/v2\/product\/381","targetHints":{"allow":["GET"]}}],"collection":[{"href":"https:\/\/click.ma\/soraflex\/wp-json\/wp\/v2\/product"}],"about":[{"href":"https:\/\/click.ma\/soraflex\/wp-json\/wp\/v2\/types\/product"}],"replies":[{"embeddable":true,"href":"https:\/\/click.ma\/soraflex\/wp-json\/wp\/v2\/comments?post=381"}],"wp:featuredmedia":[{"embeddable":true,"href":"https:\/\/click.ma\/soraflex\/wp-json\/wp\/v2\/media\/328"}],"wp:attachment":[{"href":"https:\/\/click.ma\/soraflex\/wp-json\/wp\/v2\/media?parent=381"}],"wp:term":[{"taxonomy":"product_brand","embeddable":true,"href":"https:\/\/click.ma\/soraflex\/wp-json\/wp\/v2\/product_brand?post=381"},{"taxonomy":"product_cat","embeddable":true,"href":"https:\/\/click.ma\/soraflex\/wp-json\/wp\/v2\/product_cat?post=381"},{"taxonomy":"product_tag","embeddable":true,"href":"https:\/\/click.ma\/soraflex\/wp-json\/wp\/v2\/product_tag?post=381"}],"curies":[{"name":"wp","href":"https:\/\/api.w.org\/{rel}","templated":true}]}}